{"id":9928,"date":"2021-10-04T15:11:47","date_gmt":"2021-10-04T19:11:47","guid":{"rendered":"https:\/\/cannexus.ceric.ca\/?page_id=9928"},"modified":"2021-10-04T15:12:19","modified_gmt":"2021-10-04T19:12:19","slug":"transformer-ladversite-en-objectif-professionnel-grace-a-une-attitude-de-croissance","status":"publish","type":"page","link":"https:\/\/cannexus.ceric.ca\/fr\/transformer-ladversite-en-objectif-professionnel-grace-a-une-attitude-de-croissance\/","title":{"rendered":"Transformer l\u2019adversit\u00e9 en objectif professionnel gr\u00e2ce \u00e0 une attitude de croissance"},"content":{"rendered":"\t\t<div data-elementor-type=\"wp-page\" data-elementor-id=\"9928\" class=\"elementor elementor-9928 elementor-9787\" data-elementor-post-type=\"page\">\n\t\t\t\t\t\t<section class=\"elementor-section elementor-top-section elementor-element elementor-element-60f224f elementor-section-boxed elementor-section-height-default elementor-section-height-default\" data-id=\"60f224f\" data-element_type=\"section\" data-e-type=\"section\">\n\t\t\t\t\t\t<div class=\"elementor-container elementor-column-gap-default\">\n\t\t\t\t\t<div class=\"elementor-column elementor-col-100 elementor-top-column elementor-element elementor-element-493a3b8\" data-id=\"493a3b8\" data-element_type=\"column\" data-e-type=\"column\">\n\t\t\t<div class=\"elementor-widget-wrap elementor-element-populated\">\n\t\t\t\t\t\t<div class=\"elementor-element elementor-element-0b330c4 elementor-invisible elementor-widget elementor-widget-exhibz-title\" data-id=\"0b330c4\" data-element_type=\"widget\" data-e-type=\"widget\" data-settings=\"{&quot;_animation&quot;:&quot;fadeInUp&quot;,&quot;_animation_delay&quot;:350,&quot;ekit_we_effect_on&quot;:&quot;none&quot;}\" data-widget_type=\"exhibz-title.default\">\n\t\t\t\t<div class=\"elementor-widget-container\">\n\t\t\t\t\t\n    <div class=\"title-section-area\">\n        <h2 class=\"section-title\">\n            <span class=\"sub-title\">Transformer l\u2019adversit\u00e9 en objectif professionnel gr\u00e2ce \u00e0 une attitude de croissance<\/span>\n\t\t\tConf\u00e9rencier d'honneur : Randell Adjei <br>\nLe mercredi 26 janvier 2022, 11h - 12h HE        <\/h2>\n\t\t\t\t\t<div class=\"title-desc\"><p>Dans la vie, l\u2019adversit\u00e9 ne discrimine personne. L\u2019adversit\u00e9 ne se soucie pas de savoir si nous sommes \u00ab\u00a0bons\u00a0\u00bb ou \u00ab\u00a0mauvais\u00a0\u00bb. Elle finira par nous tomber dessus \u00e0 un moment ou \u00e0 un autre. Elle est l\u00e0 pour nous mettre des b\u00e2tons dans les roues et nous aider \u00e0 grandir. On ne peut rien faire pour \u00e9viter l\u2019adversit\u00e9, mais on peut s\u2019en servir comme un puissant levier pour cr\u00e9er des occasions. On dit que les personnes intelligentes apprennent de leurs erreurs, tandis que les personnes sages apprennent des autres. Nous avons tous la possibilit\u00e9 de tirer des le\u00e7ons des obstacles qui se trouvent sur notre chemin et d\u2019en faire profiter les autres. Je crois que nos d\u00e9cisions de carri\u00e8re ont le pouvoir de contribuer \u00e0 un monde meilleur. Nos exp\u00e9riences et les apprentissages que nous en tirons peuvent \u00eatre des pistes de solutions pour les autres. Ils peuvent \u00e9galement nous aider \u00e0 trouver un sens \u00e0 notre vie. En s\u2019appuyant sur les principes de la pens\u00e9e conceptuelle et de l\u2019attitude de croissance, cette pr\u00e9sentation fournira des id\u00e9es, des outils et des approches pour transformer nos adversit\u00e9s en d\u00e9cisions de carri\u00e8re utiles.<\/p><\/div>\n\t\t                    <\/div><!-- Section title -->\n    \n    \n\n    \t\t\t\t<\/div>\n\t\t\t\t<\/div>\n\t\t\t\t\t<\/div>\n\t\t<\/div>\n\t\t\t\t\t<\/div>\n\t\t<\/section>\n\t\t\t\t<\/div>\n\t\t","protected":false},"excerpt":{"rendered":"<p>Transformer l\u2019adversit\u00e9 en objectif professionnel gr\u00e2ce \u00e0 une attitude de croissance Conf\u00e9rencier d&#8217;honneur : Randell Adjei Le mercredi 26 janvier 2022, 11h &#8211; 12h HE Dans la vie, l\u2019adversit\u00e9 ne discrimine personne. L\u2019adversit\u00e9 ne se soucie pas de savoir si nous sommes \u00ab\u00a0bons\u00a0\u00bb ou \u00ab\u00a0mauvais\u00a0\u00bb. Elle finira par nous tomber dessus \u00e0 un moment ou [&hellip;]<\/p>\n","protected":false},"author":9,"featured_media":0,"parent":0,"menu_order":0,"comment_status":"closed","ping_status":"closed","template":"template\/full-width-template.php","meta":{"wp_social_preview_title":"","wp_social_preview_description":"","wp_social_preview_image":0,"footnotes":""},"class_list":["post-9928","page","type-page","status-publish","hentry"],"yoast_head":"<!-- This site is optimized with the Yoast SEO Premium plugin v26.0 (Yoast SEO v26.0) - https:\/\/yoast.com\/wordpress\/plugins\/seo\/ -->\n<title>Transformer l\u2019adversit\u00e9 en objectif professionnel gr\u00e2ce \u00e0 une attitude de croissance - Cannexus26<\/title>\n<meta name=\"robots\" content=\"index, follow, max-snippet:-1, max-image-preview:large, max-video-preview:-1\" \/>\n<link rel=\"canonical\" href=\"https:\/\/cannexus.ceric.ca\/fr\/transformer-ladversite-en-objectif-professionnel-grace-a-une-attitude-de-croissance\/\" \/>\n<meta property=\"og:locale\" content=\"fr_FR\" \/>\n<meta property=\"og:type\" content=\"article\" \/>\n<meta property=\"og:title\" content=\"Transformer l\u2019adversit\u00e9 en objectif professionnel gr\u00e2ce \u00e0 une attitude de croissance\" \/>\n<meta property=\"og:description\" content=\"Transformer l\u2019adversit\u00e9 en objectif professionnel gr\u00e2ce \u00e0 une attitude de croissance Conf\u00e9rencier d&#8217;honneur : Randell Adjei Le mercredi 26 janvier 2022, 11h &#8211; 12h HE Dans la vie, l\u2019adversit\u00e9 ne discrimine personne. L\u2019adversit\u00e9 ne se soucie pas de savoir si nous sommes \u00ab\u00a0bons\u00a0\u00bb ou \u00ab\u00a0mauvais\u00a0\u00bb. Elle finira par nous tomber dessus \u00e0 un moment ou [&hellip;]\" \/>\n<meta property=\"og:url\" content=\"https:\/\/cannexus.ceric.ca\/fr\/transformer-ladversite-en-objectif-professionnel-grace-a-une-attitude-de-croissance\/\" \/>\n<meta property=\"og:site_name\" content=\"Cannexus26\" \/>\n<meta property=\"article:modified_time\" content=\"2021-10-04T19:12:19+00:00\" \/>\n<meta property=\"og:image\" content=\"https:\/\/cannexus.ceric.ca\/wp-content\/uploads\/2024\/04\/CX25-v1-5.png\" \/>\n\t<meta property=\"og:image:width\" content=\"1200\" \/>\n\t<meta property=\"og:image:height\" content=\"300\" \/>\n\t<meta property=\"og:image:type\" content=\"image\/png\" \/>\n<meta name=\"twitter:card\" content=\"summary_large_image\" \/>\n<meta name=\"twitter:label1\" content=\"Dur\u00e9e de lecture estim\u00e9e\" \/>\n\t<meta name=\"twitter:data1\" content=\"1 minute\" \/>\n<script type=\"application\/ld+json\" class=\"yoast-schema-graph\">{\"@context\":\"https:\/\/schema.org\",\"@graph\":[{\"@type\":\"WebPage\",\"@id\":\"https:\/\/cannexus.ceric.ca\/fr\/transformer-ladversite-en-objectif-professionnel-grace-a-une-attitude-de-croissance\/\",\"url\":\"https:\/\/cannexus.ceric.ca\/fr\/transformer-ladversite-en-objectif-professionnel-grace-a-une-attitude-de-croissance\/\",\"name\":\"Transformer l\u2019adversit\u00e9 en objectif professionnel gr\u00e2ce \u00e0 une attitude de croissance - Cannexus26\",\"isPartOf\":{\"@id\":\"https:\/\/cannexus.ceric.ca\/fr\/#website\"},\"datePublished\":\"2021-10-04T19:11:47+00:00\",\"dateModified\":\"2021-10-04T19:12:19+00:00\",\"breadcrumb\":{\"@id\":\"https:\/\/cannexus.ceric.ca\/fr\/transformer-ladversite-en-objectif-professionnel-grace-a-une-attitude-de-croissance\/#breadcrumb\"},\"inLanguage\":\"fr-FR\",\"potentialAction\":[{\"@type\":\"ReadAction\",\"target\":[\"https:\/\/cannexus.ceric.ca\/fr\/transformer-ladversite-en-objectif-professionnel-grace-a-une-attitude-de-croissance\/\"]}]},{\"@type\":\"BreadcrumbList\",\"@id\":\"https:\/\/cannexus.ceric.ca\/fr\/transformer-ladversite-en-objectif-professionnel-grace-a-une-attitude-de-croissance\/#breadcrumb\",\"itemListElement\":[{\"@type\":\"ListItem\",\"position\":1,\"name\":\"Home\",\"item\":\"https:\/\/cannexus.ceric.ca\/fr\/\"},{\"@type\":\"ListItem\",\"position\":2,\"name\":\"Transformer l\u2019adversit\u00e9 en objectif professionnel gr\u00e2ce \u00e0 une attitude de croissance\"}]},{\"@type\":\"WebSite\",\"@id\":\"https:\/\/cannexus.ceric.ca\/fr\/#website\",\"url\":\"https:\/\/cannexus.ceric.ca\/fr\/\",\"name\":\"Cannexus26: Canada\u2019s Career Development Conference\",\"description\":\"Canada\u2019s Career Development Conference\",\"publisher\":{\"@id\":\"https:\/\/cannexus.ceric.ca\/fr\/#organization\"},\"alternateName\":\"Cannexus26\",\"potentialAction\":[{\"@type\":\"SearchAction\",\"target\":{\"@type\":\"EntryPoint\",\"urlTemplate\":\"https:\/\/cannexus.ceric.ca\/fr\/?s={search_term_string}\"},\"query-input\":{\"@type\":\"PropertyValueSpecification\",\"valueRequired\":true,\"valueName\":\"search_term_string\"}}],\"inLanguage\":\"fr-FR\"},{\"@type\":\"Organization\",\"@id\":\"https:\/\/cannexus.ceric.ca\/fr\/#organization\",\"name\":\"Cannexus26\",\"url\":\"https:\/\/cannexus.ceric.ca\/fr\/\",\"logo\":{\"@type\":\"ImageObject\",\"inLanguage\":\"fr-FR\",\"@id\":\"https:\/\/cannexus.ceric.ca\/fr\/#\/schema\/logo\/image\/\",\"url\":\"https:\/\/cannexus.ceric.ca\/wp-content\/uploads\/2025\/04\/CX-seal.png\",\"contentUrl\":\"https:\/\/cannexus.ceric.ca\/wp-content\/uploads\/2025\/04\/CX-seal.png\",\"width\":2000,\"height\":1574,\"caption\":\"Cannexus26\"},\"image\":{\"@id\":\"https:\/\/cannexus.ceric.ca\/fr\/#\/schema\/logo\/image\/\"}}]}<\/script>\n<!-- \/ Yoast SEO Premium plugin. -->","yoast_head_json":{"title":"Transformer l\u2019adversit\u00e9 en objectif professionnel gr\u00e2ce \u00e0 une attitude de croissance - Cannexus26","robots":{"index":"index","follow":"follow","max-snippet":"max-snippet:-1","max-image-preview":"max-image-preview:large","max-video-preview":"max-video-preview:-1"},"canonical":"https:\/\/cannexus.ceric.ca\/fr\/transformer-ladversite-en-objectif-professionnel-grace-a-une-attitude-de-croissance\/","og_locale":"fr_FR","og_type":"article","og_title":"Transformer l\u2019adversit\u00e9 en objectif professionnel gr\u00e2ce \u00e0 une attitude de croissance","og_description":"Transformer l\u2019adversit\u00e9 en objectif professionnel gr\u00e2ce \u00e0 une attitude de croissance Conf\u00e9rencier d&#8217;honneur : Randell Adjei Le mercredi 26 janvier 2022, 11h &#8211; 12h HE Dans la vie, l\u2019adversit\u00e9 ne discrimine personne. L\u2019adversit\u00e9 ne se soucie pas de savoir si nous sommes \u00ab\u00a0bons\u00a0\u00bb ou \u00ab\u00a0mauvais\u00a0\u00bb. Elle finira par nous tomber dessus \u00e0 un moment ou [&hellip;]","og_url":"https:\/\/cannexus.ceric.ca\/fr\/transformer-ladversite-en-objectif-professionnel-grace-a-une-attitude-de-croissance\/","og_site_name":"Cannexus26","article_modified_time":"2021-10-04T19:12:19+00:00","og_image":[{"width":1200,"height":300,"url":"https:\/\/cannexus.ceric.ca\/wp-content\/uploads\/2024\/04\/CX25-v1-5.png","type":"image\/png"}],"twitter_card":"summary_large_image","twitter_misc":{"Dur\u00e9e de lecture estim\u00e9e":"1 minute"},"schema":{"@context":"https:\/\/schema.org","@graph":[{"@type":"WebPage","@id":"https:\/\/cannexus.ceric.ca\/fr\/transformer-ladversite-en-objectif-professionnel-grace-a-une-attitude-de-croissance\/","url":"https:\/\/cannexus.ceric.ca\/fr\/transformer-ladversite-en-objectif-professionnel-grace-a-une-attitude-de-croissance\/","name":"Transformer l\u2019adversit\u00e9 en objectif professionnel gr\u00e2ce \u00e0 une attitude de croissance - Cannexus26","isPartOf":{"@id":"https:\/\/cannexus.ceric.ca\/fr\/#website"},"datePublished":"2021-10-04T19:11:47+00:00","dateModified":"2021-10-04T19:12:19+00:00","breadcrumb":{"@id":"https:\/\/cannexus.ceric.ca\/fr\/transformer-ladversite-en-objectif-professionnel-grace-a-une-attitude-de-croissance\/#breadcrumb"},"inLanguage":"fr-FR","potentialAction":[{"@type":"ReadAction","target":["https:\/\/cannexus.ceric.ca\/fr\/transformer-ladversite-en-objectif-professionnel-grace-a-une-attitude-de-croissance\/"]}]},{"@type":"BreadcrumbList","@id":"https:\/\/cannexus.ceric.ca\/fr\/transformer-ladversite-en-objectif-professionnel-grace-a-une-attitude-de-croissance\/#breadcrumb","itemListElement":[{"@type":"ListItem","position":1,"name":"Home","item":"https:\/\/cannexus.ceric.ca\/fr\/"},{"@type":"ListItem","position":2,"name":"Transformer l\u2019adversit\u00e9 en objectif professionnel gr\u00e2ce \u00e0 une attitude de croissance"}]},{"@type":"WebSite","@id":"https:\/\/cannexus.ceric.ca\/fr\/#website","url":"https:\/\/cannexus.ceric.ca\/fr\/","name":"Cannexus26: Canada\u2019s Career Development Conference","description":"Canada\u2019s Career Development Conference","publisher":{"@id":"https:\/\/cannexus.ceric.ca\/fr\/#organization"},"alternateName":"Cannexus26","potentialAction":[{"@type":"SearchAction","target":{"@type":"EntryPoint","urlTemplate":"https:\/\/cannexus.ceric.ca\/fr\/?s={search_term_string}"},"query-input":{"@type":"PropertyValueSpecification","valueRequired":true,"valueName":"search_term_string"}}],"inLanguage":"fr-FR"},{"@type":"Organization","@id":"https:\/\/cannexus.ceric.ca\/fr\/#organization","name":"Cannexus26","url":"https:\/\/cannexus.ceric.ca\/fr\/","logo":{"@type":"ImageObject","inLanguage":"fr-FR","@id":"https:\/\/cannexus.ceric.ca\/fr\/#\/schema\/logo\/image\/","url":"https:\/\/cannexus.ceric.ca\/wp-content\/uploads\/2025\/04\/CX-seal.png","contentUrl":"https:\/\/cannexus.ceric.ca\/wp-content\/uploads\/2025\/04\/CX-seal.png","width":2000,"height":1574,"caption":"Cannexus26"},"image":{"@id":"https:\/\/cannexus.ceric.ca\/fr\/#\/schema\/logo\/image\/"}}]}},"_links":{"self":[{"href":"https:\/\/cannexus.ceric.ca\/fr\/wp-json\/wp\/v2\/pages\/9928","targetHints":{"allow":["GET"]}}],"collection":[{"href":"https:\/\/cannexus.ceric.ca\/fr\/wp-json\/wp\/v2\/pages"}],"about":[{"href":"https:\/\/cannexus.ceric.ca\/fr\/wp-json\/wp\/v2\/types\/page"}],"author":[{"embeddable":true,"href":"https:\/\/cannexus.ceric.ca\/fr\/wp-json\/wp\/v2\/users\/9"}],"replies":[{"embeddable":true,"href":"https:\/\/cannexus.ceric.ca\/fr\/wp-json\/wp\/v2\/comments?post=9928"}],"version-history":[{"count":0,"href":"https:\/\/cannexus.ceric.ca\/fr\/wp-json\/wp\/v2\/pages\/9928\/revisions"}],"wp:attachment":[{"href":"https:\/\/cannexus.ceric.ca\/fr\/wp-json\/wp\/v2\/media?parent=9928"}],"curies":[{"name":"wp","href":"https:\/\/api.w.org\/{rel}","templated":true}]}}