{"id":9780,"date":"2021-09-07T16:35:31","date_gmt":"2021-09-07T20:35:31","guid":{"rendered":"https:\/\/cannexus.ceric.ca\/athletics-to-activism-resilience-to-reconciliation\/"},"modified":"2021-09-22T12:22:38","modified_gmt":"2021-09-22T16:22:38","slug":"de-lathletisme-au-militantisme-de-la-resilience-a-la-reconciliation","status":"publish","type":"page","link":"https:\/\/cannexus.ceric.ca\/fr\/de-lathletisme-au-militantisme-de-la-resilience-a-la-reconciliation\/","title":{"rendered":"De l\u2019athl\u00e9tisme au militantisme; de la r\u00e9silience \u00e0 la r\u00e9conciliation"},"content":{"rendered":"\t\t<div data-elementor-type=\"wp-page\" data-elementor-id=\"9780\" class=\"elementor elementor-9780 elementor-9632\" data-elementor-post-type=\"page\">\n\t\t\t\t\t\t<section class=\"elementor-section elementor-top-section elementor-element elementor-element-60f224f elementor-section-boxed elementor-section-height-default elementor-section-height-default\" data-id=\"60f224f\" data-element_type=\"section\" data-e-type=\"section\">\n\t\t\t\t\t\t<div class=\"elementor-container elementor-column-gap-default\">\n\t\t\t\t\t<div class=\"elementor-column elementor-col-100 elementor-top-column elementor-element elementor-element-493a3b8\" data-id=\"493a3b8\" data-element_type=\"column\" data-e-type=\"column\">\n\t\t\t<div class=\"elementor-widget-wrap elementor-element-populated\">\n\t\t\t\t\t\t<div class=\"elementor-element elementor-element-0b330c4 elementor-invisible elementor-widget elementor-widget-exhibz-title\" data-id=\"0b330c4\" data-element_type=\"widget\" data-e-type=\"widget\" data-settings=\"{&quot;_animation&quot;:&quot;fadeInUp&quot;,&quot;_animation_delay&quot;:350,&quot;ekit_we_effect_on&quot;:&quot;none&quot;}\" data-widget_type=\"exhibz-title.default\">\n\t\t\t\t<div class=\"elementor-widget-container\">\n\t\t\t\t\t\n    <div class=\"title-section-area\">\n        <h2 class=\"section-title\">\n            <span class=\"sub-title\">De l\u2019athl\u00e9tisme au militantisme; de la r\u00e9silience \u00e0 la r\u00e9conciliation<\/span>\n\t\t\tConf\u00e9renci\u00e8re d\u2019honneur : Waneek Horn-Miller  <br>\nLe lundi 24 janvier 2022, 12h - 13h HE \u200b        <\/h2>\n\t\t\t\t\t<div class=\"title-desc\"><p>L\u2019histoire de Waneek Horn-Miller n\u2019a pas commenc\u00e9 et ne s\u2019est pas termin\u00e9e par le fait d\u2019\u00eatre la premi\u00e8re femme mohawk \u00e0 devenir une athl\u00e8te olympique; elle a commenc\u00e9 par les difficult\u00e9s que sa m\u00e8re a d\u00fb surmonter pour \u00e9lever ses quatre filles et leur inculquer l\u2019espoir et la r\u00e9silience n\u00e9cessaires pour se frayer un chemin dans la vie. Cette r\u00e9silience lui a permis de se remettre d\u2019une exp\u00e9rience de mort imminente apr\u00e8s avoir \u00e9t\u00e9 poignard\u00e9e par un soldat pendant la crise d\u2019Oka et de devenir cocapitaine de l\u2019\u00e9quipe olympique canadienne de water-polo. Elle l\u2019a \u00e9galement pouss\u00e9e \u00e0 devenir une entrepreneuse et une militante, et \u00e0 jeter des ponts entre les Autochtones et les non-Autochtones; elle s\u2019efforce en outre de faciliter l\u2019autonomisation des femmes autochtones et la r\u00e9conciliation \u00e9conomique : \u00ab si nous voulons la r\u00e9conciliation, pour nous-m\u00eames et pour nos enfants, nous devons oser dire des choses difficiles, trouver un terrain d\u2019entente et vraiment \u00eatre \u00e0 l\u2019\u00e9coute des autres. \u00bb<\/p><\/div>\n\t\t                    <\/div><!-- Section title -->\n    \n    \n\n    \t\t\t\t<\/div>\n\t\t\t\t<\/div>\n\t\t\t\t\t<\/div>\n\t\t<\/div>\n\t\t\t\t\t<\/div>\n\t\t<\/section>\n\t\t\t\t<\/div>\n\t\t","protected":false},"excerpt":{"rendered":"<p>De l\u2019athl\u00e9tisme au militantisme; de la r\u00e9silience \u00e0 la r\u00e9conciliation Conf\u00e9renci\u00e8re d\u2019honneur : Waneek Horn-Miller Le lundi 24 janvier 2022, 12h &#8211; 13h HE \u200b L\u2019histoire de Waneek Horn-Miller n\u2019a pas commenc\u00e9 et ne s\u2019est pas termin\u00e9e par le fait d\u2019\u00eatre la premi\u00e8re femme mohawk \u00e0 devenir une athl\u00e8te olympique; elle a commenc\u00e9 par les [&hellip;]<\/p>\n","protected":false},"author":9,"featured_media":0,"parent":0,"menu_order":0,"comment_status":"closed","ping_status":"closed","template":"template\/full-width-template.php","meta":{"wp_social_preview_title":"","wp_social_preview_description":"","wp_social_preview_image":0,"footnotes":""},"class_list":["post-9780","page","type-page","status-publish","hentry"],"yoast_head":"<!-- This site is optimized with the Yoast SEO Premium plugin v26.0 (Yoast SEO v26.0) - https:\/\/yoast.com\/wordpress\/plugins\/seo\/ -->\n<title>De l\u2019athl\u00e9tisme au militantisme; de la r\u00e9silience \u00e0 la r\u00e9conciliation - Cannexus27<\/title>\n<meta name=\"robots\" content=\"index, follow, max-snippet:-1, max-image-preview:large, max-video-preview:-1\" \/>\n<link rel=\"canonical\" href=\"https:\/\/cannexus.ceric.ca\/fr\/de-lathletisme-au-militantisme-de-la-resilience-a-la-reconciliation\/\" \/>\n<meta property=\"og:locale\" content=\"fr_FR\" \/>\n<meta property=\"og:type\" content=\"article\" \/>\n<meta property=\"og:title\" content=\"De l\u2019athl\u00e9tisme au militantisme; de la r\u00e9silience \u00e0 la r\u00e9conciliation\" \/>\n<meta property=\"og:description\" content=\"De l\u2019athl\u00e9tisme au militantisme; de la r\u00e9silience \u00e0 la r\u00e9conciliation Conf\u00e9renci\u00e8re d\u2019honneur : Waneek Horn-Miller Le lundi 24 janvier 2022, 12h &#8211; 13h HE \u200b L\u2019histoire de Waneek Horn-Miller n\u2019a pas commenc\u00e9 et ne s\u2019est pas termin\u00e9e par le fait d\u2019\u00eatre la premi\u00e8re femme mohawk \u00e0 devenir une athl\u00e8te olympique; elle a commenc\u00e9 par les [&hellip;]\" \/>\n<meta property=\"og:url\" content=\"https:\/\/cannexus.ceric.ca\/fr\/de-lathletisme-au-militantisme-de-la-resilience-a-la-reconciliation\/\" \/>\n<meta property=\"og:site_name\" content=\"Cannexus27\" \/>\n<meta property=\"article:modified_time\" content=\"2021-09-22T16:22:38+00:00\" \/>\n<meta property=\"og:image\" content=\"https:\/\/cannexus.ceric.ca\/wp-content\/uploads\/2024\/04\/CX25-v1-5.png\" \/>\n\t<meta property=\"og:image:width\" content=\"1200\" \/>\n\t<meta property=\"og:image:height\" content=\"300\" \/>\n\t<meta property=\"og:image:type\" content=\"image\/png\" \/>\n<meta name=\"twitter:card\" content=\"summary_large_image\" \/>\n<meta name=\"twitter:label1\" content=\"Dur\u00e9e de lecture estim\u00e9e\" \/>\n\t<meta name=\"twitter:data1\" content=\"1 minute\" \/>\n<script type=\"application\/ld+json\" class=\"yoast-schema-graph\">{\"@context\":\"https:\/\/schema.org\",\"@graph\":[{\"@type\":\"WebPage\",\"@id\":\"https:\/\/cannexus.ceric.ca\/fr\/de-lathletisme-au-militantisme-de-la-resilience-a-la-reconciliation\/\",\"url\":\"https:\/\/cannexus.ceric.ca\/fr\/de-lathletisme-au-militantisme-de-la-resilience-a-la-reconciliation\/\",\"name\":\"De l\u2019athl\u00e9tisme au militantisme; de la r\u00e9silience \u00e0 la r\u00e9conciliation - Cannexus27\",\"isPartOf\":{\"@id\":\"https:\/\/cannexus.ceric.ca\/fr\/#website\"},\"datePublished\":\"2021-09-07T20:35:31+00:00\",\"dateModified\":\"2021-09-22T16:22:38+00:00\",\"breadcrumb\":{\"@id\":\"https:\/\/cannexus.ceric.ca\/fr\/de-lathletisme-au-militantisme-de-la-resilience-a-la-reconciliation\/#breadcrumb\"},\"inLanguage\":\"fr-FR\",\"potentialAction\":[{\"@type\":\"ReadAction\",\"target\":[\"https:\/\/cannexus.ceric.ca\/fr\/de-lathletisme-au-militantisme-de-la-resilience-a-la-reconciliation\/\"]}]},{\"@type\":\"BreadcrumbList\",\"@id\":\"https:\/\/cannexus.ceric.ca\/fr\/de-lathletisme-au-militantisme-de-la-resilience-a-la-reconciliation\/#breadcrumb\",\"itemListElement\":[{\"@type\":\"ListItem\",\"position\":1,\"name\":\"Home\",\"item\":\"https:\/\/cannexus.ceric.ca\/fr\/\"},{\"@type\":\"ListItem\",\"position\":2,\"name\":\"De l\u2019athl\u00e9tisme au militantisme; de la r\u00e9silience \u00e0 la r\u00e9conciliation\"}]},{\"@type\":\"WebSite\",\"@id\":\"https:\/\/cannexus.ceric.ca\/fr\/#website\",\"url\":\"https:\/\/cannexus.ceric.ca\/fr\/\",\"name\":\"Cannexus26: Canada\u2019s Career Development Conference\",\"description\":\"Canada\u2019s Career Development Conference\",\"publisher\":{\"@id\":\"https:\/\/cannexus.ceric.ca\/fr\/#organization\"},\"alternateName\":\"Cannexus26\",\"potentialAction\":[{\"@type\":\"SearchAction\",\"target\":{\"@type\":\"EntryPoint\",\"urlTemplate\":\"https:\/\/cannexus.ceric.ca\/fr\/?s={search_term_string}\"},\"query-input\":{\"@type\":\"PropertyValueSpecification\",\"valueRequired\":true,\"valueName\":\"search_term_string\"}}],\"inLanguage\":\"fr-FR\"},{\"@type\":\"Organization\",\"@id\":\"https:\/\/cannexus.ceric.ca\/fr\/#organization\",\"name\":\"Cannexus26\",\"url\":\"https:\/\/cannexus.ceric.ca\/fr\/\",\"logo\":{\"@type\":\"ImageObject\",\"inLanguage\":\"fr-FR\",\"@id\":\"https:\/\/cannexus.ceric.ca\/fr\/#\/schema\/logo\/image\/\",\"url\":\"https:\/\/cannexus.ceric.ca\/wp-content\/uploads\/2025\/04\/CX-seal.png\",\"contentUrl\":\"https:\/\/cannexus.ceric.ca\/wp-content\/uploads\/2025\/04\/CX-seal.png\",\"width\":2000,\"height\":1574,\"caption\":\"Cannexus26\"},\"image\":{\"@id\":\"https:\/\/cannexus.ceric.ca\/fr\/#\/schema\/logo\/image\/\"}}]}<\/script>\n<!-- \/ Yoast SEO Premium plugin. -->","yoast_head_json":{"title":"De l\u2019athl\u00e9tisme au militantisme; de la r\u00e9silience \u00e0 la r\u00e9conciliation - Cannexus27","robots":{"index":"index","follow":"follow","max-snippet":"max-snippet:-1","max-image-preview":"max-image-preview:large","max-video-preview":"max-video-preview:-1"},"canonical":"https:\/\/cannexus.ceric.ca\/fr\/de-lathletisme-au-militantisme-de-la-resilience-a-la-reconciliation\/","og_locale":"fr_FR","og_type":"article","og_title":"De l\u2019athl\u00e9tisme au militantisme; de la r\u00e9silience \u00e0 la r\u00e9conciliation","og_description":"De l\u2019athl\u00e9tisme au militantisme; de la r\u00e9silience \u00e0 la r\u00e9conciliation Conf\u00e9renci\u00e8re d\u2019honneur : Waneek Horn-Miller Le lundi 24 janvier 2022, 12h &#8211; 13h HE \u200b L\u2019histoire de Waneek Horn-Miller n\u2019a pas commenc\u00e9 et ne s\u2019est pas termin\u00e9e par le fait d\u2019\u00eatre la premi\u00e8re femme mohawk \u00e0 devenir une athl\u00e8te olympique; elle a commenc\u00e9 par les [&hellip;]","og_url":"https:\/\/cannexus.ceric.ca\/fr\/de-lathletisme-au-militantisme-de-la-resilience-a-la-reconciliation\/","og_site_name":"Cannexus27","article_modified_time":"2021-09-22T16:22:38+00:00","og_image":[{"width":1200,"height":300,"url":"https:\/\/cannexus.ceric.ca\/wp-content\/uploads\/2024\/04\/CX25-v1-5.png","type":"image\/png"}],"twitter_card":"summary_large_image","twitter_misc":{"Dur\u00e9e de lecture estim\u00e9e":"1 minute"},"schema":{"@context":"https:\/\/schema.org","@graph":[{"@type":"WebPage","@id":"https:\/\/cannexus.ceric.ca\/fr\/de-lathletisme-au-militantisme-de-la-resilience-a-la-reconciliation\/","url":"https:\/\/cannexus.ceric.ca\/fr\/de-lathletisme-au-militantisme-de-la-resilience-a-la-reconciliation\/","name":"De l\u2019athl\u00e9tisme au militantisme; de la r\u00e9silience \u00e0 la r\u00e9conciliation - Cannexus27","isPartOf":{"@id":"https:\/\/cannexus.ceric.ca\/fr\/#website"},"datePublished":"2021-09-07T20:35:31+00:00","dateModified":"2021-09-22T16:22:38+00:00","breadcrumb":{"@id":"https:\/\/cannexus.ceric.ca\/fr\/de-lathletisme-au-militantisme-de-la-resilience-a-la-reconciliation\/#breadcrumb"},"inLanguage":"fr-FR","potentialAction":[{"@type":"ReadAction","target":["https:\/\/cannexus.ceric.ca\/fr\/de-lathletisme-au-militantisme-de-la-resilience-a-la-reconciliation\/"]}]},{"@type":"BreadcrumbList","@id":"https:\/\/cannexus.ceric.ca\/fr\/de-lathletisme-au-militantisme-de-la-resilience-a-la-reconciliation\/#breadcrumb","itemListElement":[{"@type":"ListItem","position":1,"name":"Home","item":"https:\/\/cannexus.ceric.ca\/fr\/"},{"@type":"ListItem","position":2,"name":"De l\u2019athl\u00e9tisme au militantisme; de la r\u00e9silience \u00e0 la r\u00e9conciliation"}]},{"@type":"WebSite","@id":"https:\/\/cannexus.ceric.ca\/fr\/#website","url":"https:\/\/cannexus.ceric.ca\/fr\/","name":"Cannexus26: Canada\u2019s Career Development Conference","description":"Canada\u2019s Career Development Conference","publisher":{"@id":"https:\/\/cannexus.ceric.ca\/fr\/#organization"},"alternateName":"Cannexus26","potentialAction":[{"@type":"SearchAction","target":{"@type":"EntryPoint","urlTemplate":"https:\/\/cannexus.ceric.ca\/fr\/?s={search_term_string}"},"query-input":{"@type":"PropertyValueSpecification","valueRequired":true,"valueName":"search_term_string"}}],"inLanguage":"fr-FR"},{"@type":"Organization","@id":"https:\/\/cannexus.ceric.ca\/fr\/#organization","name":"Cannexus26","url":"https:\/\/cannexus.ceric.ca\/fr\/","logo":{"@type":"ImageObject","inLanguage":"fr-FR","@id":"https:\/\/cannexus.ceric.ca\/fr\/#\/schema\/logo\/image\/","url":"https:\/\/cannexus.ceric.ca\/wp-content\/uploads\/2025\/04\/CX-seal.png","contentUrl":"https:\/\/cannexus.ceric.ca\/wp-content\/uploads\/2025\/04\/CX-seal.png","width":2000,"height":1574,"caption":"Cannexus26"},"image":{"@id":"https:\/\/cannexus.ceric.ca\/fr\/#\/schema\/logo\/image\/"}}]}},"_links":{"self":[{"href":"https:\/\/cannexus.ceric.ca\/fr\/wp-json\/wp\/v2\/pages\/9780","targetHints":{"allow":["GET"]}}],"collection":[{"href":"https:\/\/cannexus.ceric.ca\/fr\/wp-json\/wp\/v2\/pages"}],"about":[{"href":"https:\/\/cannexus.ceric.ca\/fr\/wp-json\/wp\/v2\/types\/page"}],"author":[{"embeddable":true,"href":"https:\/\/cannexus.ceric.ca\/fr\/wp-json\/wp\/v2\/users\/9"}],"replies":[{"embeddable":true,"href":"https:\/\/cannexus.ceric.ca\/fr\/wp-json\/wp\/v2\/comments?post=9780"}],"version-history":[{"count":0,"href":"https:\/\/cannexus.ceric.ca\/fr\/wp-json\/wp\/v2\/pages\/9780\/revisions"}],"wp:attachment":[{"href":"https:\/\/cannexus.ceric.ca\/fr\/wp-json\/wp\/v2\/media?parent=9780"}],"curies":[{"name":"wp","href":"https:\/\/api.w.org\/{rel}","templated":true}]}}