{"id":8089,"date":"2021-07-14T13:33:00","date_gmt":"2021-07-14T17:33:00","guid":{"rendered":"https:\/\/cannexus.ceric.ca\/?page_id=8089"},"modified":"2021-12-17T14:34:18","modified_gmt":"2021-12-17T19:34:18","slug":"la-joie-dans-votre-quotidien","status":"publish","type":"page","link":"https:\/\/cannexus.ceric.ca\/fr\/la-joie-dans-votre-quotidien\/","title":{"rendered":"La joie dans votre quotidien!"},"content":{"rendered":"\t\t<div data-elementor-type=\"wp-page\" data-elementor-id=\"8089\" class=\"elementor elementor-8089 elementor-7924\" data-elementor-post-type=\"page\">\n\t\t\t\t\t\t<section class=\"elementor-section elementor-top-section elementor-element elementor-element-60f224f elementor-section-boxed elementor-section-height-default elementor-section-height-default\" data-id=\"60f224f\" data-element_type=\"section\" data-e-type=\"section\">\n\t\t\t\t\t\t<div class=\"elementor-container elementor-column-gap-default\">\n\t\t\t\t\t<div class=\"elementor-column elementor-col-100 elementor-top-column elementor-element elementor-element-493a3b8\" data-id=\"493a3b8\" data-element_type=\"column\" data-e-type=\"column\">\n\t\t\t<div class=\"elementor-widget-wrap elementor-element-populated\">\n\t\t\t\t\t\t<div class=\"elementor-element elementor-element-0b330c4 elementor-invisible elementor-widget elementor-widget-exhibz-title\" data-id=\"0b330c4\" data-element_type=\"widget\" data-e-type=\"widget\" data-settings=\"{&quot;_animation&quot;:&quot;fadeInUp&quot;,&quot;_animation_delay&quot;:350,&quot;ekit_we_effect_on&quot;:&quot;none&quot;}\" data-widget_type=\"exhibz-title.default\">\n\t\t\t\t<div class=\"elementor-widget-container\">\n\t\t\t\t\t\n    <div class=\"title-section-area\">\n        <h2 class=\"section-title\">\n            <span class=\"sub-title\">La joie dans votre quotidien!<\/span>\n\t\t\tConf\u00e9renci\u00e8re d\u2019honneur : Yvonne Rodney  <br>\nLe mardi 24 janvier 2022, 15h - 16h HE \u200b\u200b        <\/h2>\n\t\t\t\t\t<div class=\"title-desc\"><p>Quelle est votre relation avec la joie? Est-ce un \u00e9tat d\u2019esprit que la chance n\u2019accorde qu\u2019\u00e0 quelques personnes? Beaucoup d\u2019entre nous se sont identifi\u00e9s \u00e0 ce terme utilis\u00e9 pour d\u00e9crire notre \u00e9tat \u00e9motionnel alors que nous endurions la pand\u00e9mie et les multiples confinements. Langueur : \u00e9tat prolong\u00e9 qui lentement \u00e9puise nos ressources internes, o\u00f9 chaque jour nous tra\u00eenons un pied devant l\u2019autre, sans entrain. Mais pourquoi se morfondre quand on peut choisir la joie! Joignez-vous \u00e0 Yvonne Rodney pour une pr\u00e9sentation pratique, personnelle et essentielle sur l\u2019exp\u00e9rience de la joie maintenant \u2013 pendant et malgr\u00e9 les situations difficiles que nous vivons.<\/p><\/div>\n\t\t                    <\/div><!-- Section title -->\n    \n    \n\n    \t\t\t\t<\/div>\n\t\t\t\t<\/div>\n\t\t\t\t\t<\/div>\n\t\t<\/div>\n\t\t\t\t\t<\/div>\n\t\t<\/section>\n\t\t\t\t<\/div>\n\t\t","protected":false},"excerpt":{"rendered":"<p>La joie dans votre quotidien! Conf\u00e9renci\u00e8re d\u2019honneur : Yvonne Rodney Le mardi 24 janvier 2022, 15h &#8211; 16h HE \u200b\u200b Quelle est votre relation avec la joie? Est-ce un \u00e9tat d\u2019esprit que la chance n\u2019accorde qu\u2019\u00e0 quelques personnes? Beaucoup d\u2019entre nous se sont identifi\u00e9s \u00e0 ce terme utilis\u00e9 pour d\u00e9crire notre \u00e9tat \u00e9motionnel alors que [&hellip;]<\/p>\n","protected":false},"author":9,"featured_media":0,"parent":0,"menu_order":0,"comment_status":"closed","ping_status":"closed","template":"template\/full-width-template.php","meta":{"wp_social_preview_title":"","wp_social_preview_description":"","wp_social_preview_image":0,"footnotes":""},"class_list":["post-8089","page","type-page","status-publish","hentry"],"yoast_head":"<!-- This site is optimized with the Yoast SEO Premium plugin v26.0 (Yoast SEO v26.0) - https:\/\/yoast.com\/wordpress\/plugins\/seo\/ -->\n<title>La joie dans votre quotidien! - Cannexus26<\/title>\n<meta name=\"robots\" content=\"index, follow, max-snippet:-1, max-image-preview:large, max-video-preview:-1\" \/>\n<link rel=\"canonical\" href=\"https:\/\/cannexus.ceric.ca\/fr\/la-joie-dans-votre-quotidien\/\" \/>\n<meta property=\"og:locale\" content=\"fr_FR\" \/>\n<meta property=\"og:type\" content=\"article\" \/>\n<meta property=\"og:title\" content=\"La joie dans votre quotidien!\" \/>\n<meta property=\"og:description\" content=\"La joie dans votre quotidien! Conf\u00e9renci\u00e8re d\u2019honneur : Yvonne Rodney Le mardi 24 janvier 2022, 15h &#8211; 16h HE \u200b\u200b Quelle est votre relation avec la joie? Est-ce un \u00e9tat d\u2019esprit que la chance n\u2019accorde qu\u2019\u00e0 quelques personnes? Beaucoup d\u2019entre nous se sont identifi\u00e9s \u00e0 ce terme utilis\u00e9 pour d\u00e9crire notre \u00e9tat \u00e9motionnel alors que [&hellip;]\" \/>\n<meta property=\"og:url\" content=\"https:\/\/cannexus.ceric.ca\/fr\/la-joie-dans-votre-quotidien\/\" \/>\n<meta property=\"og:site_name\" content=\"Cannexus26\" \/>\n<meta property=\"article:modified_time\" content=\"2021-12-17T19:34:18+00:00\" \/>\n<meta property=\"og:image\" content=\"https:\/\/cannexus.ceric.ca\/wp-content\/uploads\/2024\/04\/CX25-v1-5.png\" \/>\n\t<meta property=\"og:image:width\" content=\"1200\" \/>\n\t<meta property=\"og:image:height\" content=\"300\" \/>\n\t<meta property=\"og:image:type\" content=\"image\/png\" \/>\n<meta name=\"twitter:card\" content=\"summary_large_image\" \/>\n<meta name=\"twitter:label1\" content=\"Dur\u00e9e de lecture estim\u00e9e\" \/>\n\t<meta name=\"twitter:data1\" content=\"1 minute\" \/>\n<script type=\"application\/ld+json\" class=\"yoast-schema-graph\">{\"@context\":\"https:\/\/schema.org\",\"@graph\":[{\"@type\":\"WebPage\",\"@id\":\"https:\/\/cannexus.ceric.ca\/fr\/la-joie-dans-votre-quotidien\/\",\"url\":\"https:\/\/cannexus.ceric.ca\/fr\/la-joie-dans-votre-quotidien\/\",\"name\":\"La joie dans votre quotidien! - Cannexus26\",\"isPartOf\":{\"@id\":\"https:\/\/cannexus.ceric.ca\/fr\/#website\"},\"datePublished\":\"2021-07-14T17:33:00+00:00\",\"dateModified\":\"2021-12-17T19:34:18+00:00\",\"breadcrumb\":{\"@id\":\"https:\/\/cannexus.ceric.ca\/fr\/la-joie-dans-votre-quotidien\/#breadcrumb\"},\"inLanguage\":\"fr-FR\",\"potentialAction\":[{\"@type\":\"ReadAction\",\"target\":[\"https:\/\/cannexus.ceric.ca\/fr\/la-joie-dans-votre-quotidien\/\"]}]},{\"@type\":\"BreadcrumbList\",\"@id\":\"https:\/\/cannexus.ceric.ca\/fr\/la-joie-dans-votre-quotidien\/#breadcrumb\",\"itemListElement\":[{\"@type\":\"ListItem\",\"position\":1,\"name\":\"Home\",\"item\":\"https:\/\/cannexus.ceric.ca\/fr\/\"},{\"@type\":\"ListItem\",\"position\":2,\"name\":\"La joie dans votre quotidien!\"}]},{\"@type\":\"WebSite\",\"@id\":\"https:\/\/cannexus.ceric.ca\/fr\/#website\",\"url\":\"https:\/\/cannexus.ceric.ca\/fr\/\",\"name\":\"Cannexus26: Canada\u2019s Career Development Conference\",\"description\":\"Canada\u2019s Career Development Conference\",\"publisher\":{\"@id\":\"https:\/\/cannexus.ceric.ca\/fr\/#organization\"},\"alternateName\":\"Cannexus26\",\"potentialAction\":[{\"@type\":\"SearchAction\",\"target\":{\"@type\":\"EntryPoint\",\"urlTemplate\":\"https:\/\/cannexus.ceric.ca\/fr\/?s={search_term_string}\"},\"query-input\":{\"@type\":\"PropertyValueSpecification\",\"valueRequired\":true,\"valueName\":\"search_term_string\"}}],\"inLanguage\":\"fr-FR\"},{\"@type\":\"Organization\",\"@id\":\"https:\/\/cannexus.ceric.ca\/fr\/#organization\",\"name\":\"Cannexus26\",\"url\":\"https:\/\/cannexus.ceric.ca\/fr\/\",\"logo\":{\"@type\":\"ImageObject\",\"inLanguage\":\"fr-FR\",\"@id\":\"https:\/\/cannexus.ceric.ca\/fr\/#\/schema\/logo\/image\/\",\"url\":\"https:\/\/cannexus.ceric.ca\/wp-content\/uploads\/2025\/04\/CX-seal.png\",\"contentUrl\":\"https:\/\/cannexus.ceric.ca\/wp-content\/uploads\/2025\/04\/CX-seal.png\",\"width\":2000,\"height\":1574,\"caption\":\"Cannexus26\"},\"image\":{\"@id\":\"https:\/\/cannexus.ceric.ca\/fr\/#\/schema\/logo\/image\/\"}}]}<\/script>\n<!-- \/ Yoast SEO Premium plugin. -->","yoast_head_json":{"title":"La joie dans votre quotidien! - Cannexus26","robots":{"index":"index","follow":"follow","max-snippet":"max-snippet:-1","max-image-preview":"max-image-preview:large","max-video-preview":"max-video-preview:-1"},"canonical":"https:\/\/cannexus.ceric.ca\/fr\/la-joie-dans-votre-quotidien\/","og_locale":"fr_FR","og_type":"article","og_title":"La joie dans votre quotidien!","og_description":"La joie dans votre quotidien! Conf\u00e9renci\u00e8re d\u2019honneur : Yvonne Rodney Le mardi 24 janvier 2022, 15h &#8211; 16h HE \u200b\u200b Quelle est votre relation avec la joie? Est-ce un \u00e9tat d\u2019esprit que la chance n\u2019accorde qu\u2019\u00e0 quelques personnes? Beaucoup d\u2019entre nous se sont identifi\u00e9s \u00e0 ce terme utilis\u00e9 pour d\u00e9crire notre \u00e9tat \u00e9motionnel alors que [&hellip;]","og_url":"https:\/\/cannexus.ceric.ca\/fr\/la-joie-dans-votre-quotidien\/","og_site_name":"Cannexus26","article_modified_time":"2021-12-17T19:34:18+00:00","og_image":[{"width":1200,"height":300,"url":"https:\/\/cannexus.ceric.ca\/wp-content\/uploads\/2024\/04\/CX25-v1-5.png","type":"image\/png"}],"twitter_card":"summary_large_image","twitter_misc":{"Dur\u00e9e de lecture estim\u00e9e":"1 minute"},"schema":{"@context":"https:\/\/schema.org","@graph":[{"@type":"WebPage","@id":"https:\/\/cannexus.ceric.ca\/fr\/la-joie-dans-votre-quotidien\/","url":"https:\/\/cannexus.ceric.ca\/fr\/la-joie-dans-votre-quotidien\/","name":"La joie dans votre quotidien! - Cannexus26","isPartOf":{"@id":"https:\/\/cannexus.ceric.ca\/fr\/#website"},"datePublished":"2021-07-14T17:33:00+00:00","dateModified":"2021-12-17T19:34:18+00:00","breadcrumb":{"@id":"https:\/\/cannexus.ceric.ca\/fr\/la-joie-dans-votre-quotidien\/#breadcrumb"},"inLanguage":"fr-FR","potentialAction":[{"@type":"ReadAction","target":["https:\/\/cannexus.ceric.ca\/fr\/la-joie-dans-votre-quotidien\/"]}]},{"@type":"BreadcrumbList","@id":"https:\/\/cannexus.ceric.ca\/fr\/la-joie-dans-votre-quotidien\/#breadcrumb","itemListElement":[{"@type":"ListItem","position":1,"name":"Home","item":"https:\/\/cannexus.ceric.ca\/fr\/"},{"@type":"ListItem","position":2,"name":"La joie dans votre quotidien!"}]},{"@type":"WebSite","@id":"https:\/\/cannexus.ceric.ca\/fr\/#website","url":"https:\/\/cannexus.ceric.ca\/fr\/","name":"Cannexus26: Canada\u2019s Career Development Conference","description":"Canada\u2019s Career Development Conference","publisher":{"@id":"https:\/\/cannexus.ceric.ca\/fr\/#organization"},"alternateName":"Cannexus26","potentialAction":[{"@type":"SearchAction","target":{"@type":"EntryPoint","urlTemplate":"https:\/\/cannexus.ceric.ca\/fr\/?s={search_term_string}"},"query-input":{"@type":"PropertyValueSpecification","valueRequired":true,"valueName":"search_term_string"}}],"inLanguage":"fr-FR"},{"@type":"Organization","@id":"https:\/\/cannexus.ceric.ca\/fr\/#organization","name":"Cannexus26","url":"https:\/\/cannexus.ceric.ca\/fr\/","logo":{"@type":"ImageObject","inLanguage":"fr-FR","@id":"https:\/\/cannexus.ceric.ca\/fr\/#\/schema\/logo\/image\/","url":"https:\/\/cannexus.ceric.ca\/wp-content\/uploads\/2025\/04\/CX-seal.png","contentUrl":"https:\/\/cannexus.ceric.ca\/wp-content\/uploads\/2025\/04\/CX-seal.png","width":2000,"height":1574,"caption":"Cannexus26"},"image":{"@id":"https:\/\/cannexus.ceric.ca\/fr\/#\/schema\/logo\/image\/"}}]}},"_links":{"self":[{"href":"https:\/\/cannexus.ceric.ca\/fr\/wp-json\/wp\/v2\/pages\/8089","targetHints":{"allow":["GET"]}}],"collection":[{"href":"https:\/\/cannexus.ceric.ca\/fr\/wp-json\/wp\/v2\/pages"}],"about":[{"href":"https:\/\/cannexus.ceric.ca\/fr\/wp-json\/wp\/v2\/types\/page"}],"author":[{"embeddable":true,"href":"https:\/\/cannexus.ceric.ca\/fr\/wp-json\/wp\/v2\/users\/9"}],"replies":[{"embeddable":true,"href":"https:\/\/cannexus.ceric.ca\/fr\/wp-json\/wp\/v2\/comments?post=8089"}],"version-history":[{"count":0,"href":"https:\/\/cannexus.ceric.ca\/fr\/wp-json\/wp\/v2\/pages\/8089\/revisions"}],"wp:attachment":[{"href":"https:\/\/cannexus.ceric.ca\/fr\/wp-json\/wp\/v2\/media?parent=8089"}],"curies":[{"name":"wp","href":"https:\/\/api.w.org\/{rel}","templated":true}]}}