{"id":6265,"date":"2021-04-09T14:41:10","date_gmt":"2021-04-09T18:41:10","guid":{"rendered":"https:\/\/cannexus.ceric.ca\/?page_id=6265"},"modified":"2021-04-12T14:24:50","modified_gmt":"2021-04-12T18:24:50","slug":"ressources-pour-les-participants-de-cannexus21","status":"publish","type":"page","link":"https:\/\/cannexus.ceric.ca\/fr\/ressources-pour-les-participants-de-cannexus21\/","title":{"rendered":"Ressources pour les participants de Cannexus21"},"content":{"rendered":"\t\t<div data-elementor-type=\"wp-page\" data-elementor-id=\"6265\" class=\"elementor elementor-6265 elementor-6254\" data-elementor-post-type=\"page\">\n\t\t\t\t\t\t<section class=\"elementor-section elementor-top-section elementor-element elementor-element-4e1e008 elementor-section-boxed elementor-section-height-default elementor-section-height-default\" data-id=\"4e1e008\" data-element_type=\"section\" data-e-type=\"section\">\n\t\t\t\t\t\t<div class=\"elementor-container elementor-column-gap-default\">\n\t\t\t\t\t<div class=\"elementor-column elementor-col-100 elementor-top-column elementor-element elementor-element-97c2dd2\" data-id=\"97c2dd2\" data-element_type=\"column\" data-e-type=\"column\">\n\t\t\t<div class=\"elementor-widget-wrap elementor-element-populated\">\n\t\t\t\t\t\t<div class=\"elementor-element elementor-element-d32d2e0 elementor-invisible elementor-widget elementor-widget-exhibz-title\" data-id=\"d32d2e0\" data-element_type=\"widget\" data-e-type=\"widget\" data-settings=\"{&quot;_animation&quot;:&quot;fadeInUp&quot;,&quot;_animation_delay&quot;:350,&quot;ekit_we_effect_on&quot;:&quot;none&quot;}\" data-widget_type=\"exhibz-title.default\">\n\t\t\t\t<div class=\"elementor-widget-container\">\n\t\t\t\t\t\n    <div class=\"title-section-area\">\n        <h2 class=\"section-title\">\n            <span class=\"sub-title\">Ressources pour les participants de Cannexus21<\/span>\n\t\t\t        <\/h2>\n\t\t                    <\/div><!-- Section title -->\n    \n    \n\n    \t\t\t\t<\/div>\n\t\t\t\t<\/div>\n\t\t\t\t<div class=\"elementor-element elementor-element-1cd60bb elementor-widget elementor-widget-text-editor\" data-id=\"1cd60bb\" data-element_type=\"widget\" data-e-type=\"widget\" data-settings=\"{&quot;ekit_we_effect_on&quot;:&quot;none&quot;}\" data-widget_type=\"text-editor.default\">\n\t\t\t\t<div class=\"elementor-widget-container\">\n\t\t\t\t\t\t\t\t\t<p>Toutes les s\u00e9ances de Cannexus21 ont \u00e9t\u00e9 enregistr\u00e9es et restent disponibles pour les participants pendant une ann\u00e9e compl\u00e8te. Acc\u00e9dez-y via la plate-forme du congr\u00e8s virtuelle en utilisant vos identifiants de connexion d&#8217;original. Vous devez avoir ajout\u00e9 la page \u00e0 vos favoris et enregistr\u00e9 votre mot de passe. Si vous avez besoin d&#8217;aide, veuillez contacter <a class=\"c-link\" href=\"mailto:sandra@ceric.ca\" target=\"_blank\" rel=\"noopener noreferrer\" data-stringify-link=\"mailto:sandra@ceric.ca\" data-sk=\"tooltip_parent\">sandra@ceric.ca<\/a>.<\/p>\t\t\t\t\t\t\t\t<\/div>\n\t\t\t\t<\/div>\n\t\t\t\t\t<\/div>\n\t\t<\/div>\n\t\t\t\t\t<\/div>\n\t\t<\/section>\n\t\t\t\t<section class=\"elementor-section elementor-top-section elementor-element elementor-element-e15f977 elementor-section-boxed elementor-section-height-default elementor-section-height-default\" data-id=\"e15f977\" data-element_type=\"section\" data-e-type=\"section\">\n\t\t\t\t\t\t<div class=\"elementor-container elementor-column-gap-default\">\n\t\t\t\t\t<div class=\"elementor-column elementor-col-100 elementor-top-column elementor-element elementor-element-cc86717\" data-id=\"cc86717\" data-element_type=\"column\" data-e-type=\"column\">\n\t\t\t<div class=\"elementor-widget-wrap elementor-element-populated\">\n\t\t\t\t\t\t<div class=\"elementor-element elementor-element-99d573e elementor-widget elementor-widget-text-editor\" data-id=\"99d573e\" data-element_type=\"widget\" data-e-type=\"widget\" data-settings=\"{&quot;ekit_we_effect_on&quot;:&quot;none&quot;}\" data-widget_type=\"text-editor.default\">\n\t\t\t\t<div class=\"elementor-widget-container\">\n\t\t\t\t\t\t\t\t\t<p>Voici quelques ressources qui peuvent continuer \u00e0 \u00eatre utiles :<\/p><ul><li><a href=\"https:\/\/cannexus.ceric.ca\/fr\/foire-aux-questions-pour-cannexus-virtuel\/\">Foire aux questions pour Cannexus virtuel<\/a><\/li><li><a href=\"https:\/\/cannexus.ceric.ca\/wp-content\/uploads\/2020\/12\/Naviguer-sur-la-plateforme-virtuelle-du-congre%CC%80s_Cannexus21.pdf\">Naviguer sur la plateforme virtuelle du congr\u00e8s (.pdf)<\/a><\/li><\/ul>\t\t\t\t\t\t\t\t<\/div>\n\t\t\t\t<\/div>\n\t\t\t\t\t<\/div>\n\t\t<\/div>\n\t\t\t\t\t<\/div>\n\t\t<\/section>\n\t\t\t\t<section class=\"elementor-section elementor-top-section elementor-element elementor-element-73a76b7 elementor-section-boxed elementor-section-height-default elementor-section-height-default\" data-id=\"73a76b7\" data-element_type=\"section\" data-e-type=\"section\">\n\t\t\t\t\t\t<div class=\"elementor-container elementor-column-gap-default\">\n\t\t\t\t\t<div class=\"elementor-column elementor-col-50 elementor-top-column elementor-element elementor-element-208e0f4\" data-id=\"208e0f4\" data-element_type=\"column\" data-e-type=\"column\">\n\t\t\t<div class=\"elementor-widget-wrap elementor-element-populated\">\n\t\t\t\t\t\t<div class=\"elementor-element elementor-element-7092b64 elementor-widget elementor-widget-video\" data-id=\"7092b64\" data-element_type=\"widget\" data-e-type=\"widget\" data-settings=\"{&quot;youtube_url&quot;:&quot;https:\\\/\\\/youtu.be\\\/DCjPuX4kN2I&quot;,&quot;video_type&quot;:&quot;youtube&quot;,&quot;controls&quot;:&quot;yes&quot;,&quot;ekit_we_effect_on&quot;:&quot;none&quot;}\" data-widget_type=\"video.default\">\n\t\t\t\t<div class=\"elementor-widget-container\">\n\t\t\t\t\t\t\t<div class=\"elementor-wrapper elementor-open-inline\">\n\t\t\t<div class=\"elementor-video\"><\/div>\t\t<\/div>\n\t\t\t\t\t\t<\/div>\n\t\t\t\t<\/div>\n\t\t\t\t\t<\/div>\n\t\t<\/div>\n\t\t\t\t<div class=\"elementor-column elementor-col-50 elementor-top-column elementor-element elementor-element-5bcb261\" data-id=\"5bcb261\" data-element_type=\"column\" data-e-type=\"column\">\n\t\t\t<div class=\"elementor-widget-wrap\">\n\t\t\t\t\t\t\t<\/div>\n\t\t<\/div>\n\t\t\t\t\t<\/div>\n\t\t<\/section>\n\t\t\t\t<\/div>\n\t\t","protected":false},"excerpt":{"rendered":"<p>Ressources pour les participants de Cannexus21 Toutes les s\u00e9ances de Cannexus21 ont \u00e9t\u00e9 enregistr\u00e9es et restent disponibles pour les participants pendant une ann\u00e9e compl\u00e8te. Acc\u00e9dez-y via la plate-forme du congr\u00e8s virtuelle en utilisant vos identifiants de connexion d&#8217;original. Vous devez avoir ajout\u00e9 la page \u00e0 vos favoris et enregistr\u00e9 votre mot de passe. Si vous [&hellip;]<\/p>\n","protected":false},"author":9,"featured_media":0,"parent":0,"menu_order":0,"comment_status":"closed","ping_status":"closed","template":"elementor_header_footer","meta":{"wp_social_preview_title":"","wp_social_preview_description":"","wp_social_preview_image":0,"footnotes":""},"class_list":["post-6265","page","type-page","status-publish","hentry"],"yoast_head":"<!-- This site is optimized with the Yoast SEO Premium plugin v26.0 (Yoast SEO v26.0) - https:\/\/yoast.com\/wordpress\/plugins\/seo\/ -->\n<title>Ressources pour les participants de Cannexus21 - Cannexus27<\/title>\n<meta name=\"robots\" content=\"index, follow, max-snippet:-1, max-image-preview:large, max-video-preview:-1\" \/>\n<link rel=\"canonical\" href=\"https:\/\/cannexus.ceric.ca\/fr\/ressources-pour-les-participants-de-cannexus21\/\" \/>\n<meta property=\"og:locale\" content=\"fr_FR\" \/>\n<meta property=\"og:type\" content=\"article\" \/>\n<meta property=\"og:title\" content=\"Ressources pour les participants de Cannexus21\" \/>\n<meta property=\"og:description\" content=\"Ressources pour les participants de Cannexus21 Toutes les s\u00e9ances de Cannexus21 ont \u00e9t\u00e9 enregistr\u00e9es et restent disponibles pour les participants pendant une ann\u00e9e compl\u00e8te. Acc\u00e9dez-y via la plate-forme du congr\u00e8s virtuelle en utilisant vos identifiants de connexion d&#8217;original. Vous devez avoir ajout\u00e9 la page \u00e0 vos favoris et enregistr\u00e9 votre mot de passe. Si vous [&hellip;]\" \/>\n<meta property=\"og:url\" content=\"https:\/\/cannexus.ceric.ca\/fr\/ressources-pour-les-participants-de-cannexus21\/\" \/>\n<meta property=\"og:site_name\" content=\"Cannexus27\" \/>\n<meta property=\"article:modified_time\" content=\"2021-04-12T18:24:50+00:00\" \/>\n<meta property=\"og:image\" content=\"https:\/\/cannexus.ceric.ca\/wp-content\/uploads\/2024\/04\/CX25-v1-5.png\" \/>\n\t<meta property=\"og:image:width\" content=\"1200\" \/>\n\t<meta property=\"og:image:height\" content=\"300\" \/>\n\t<meta property=\"og:image:type\" content=\"image\/png\" \/>\n<meta name=\"twitter:card\" content=\"summary_large_image\" \/>\n<script type=\"application\/ld+json\" class=\"yoast-schema-graph\">{\"@context\":\"https:\/\/schema.org\",\"@graph\":[{\"@type\":\"WebPage\",\"@id\":\"https:\/\/cannexus.ceric.ca\/fr\/ressources-pour-les-participants-de-cannexus21\/\",\"url\":\"https:\/\/cannexus.ceric.ca\/fr\/ressources-pour-les-participants-de-cannexus21\/\",\"name\":\"Ressources pour les participants de Cannexus21 - Cannexus27\",\"isPartOf\":{\"@id\":\"https:\/\/cannexus.ceric.ca\/fr\/#website\"},\"datePublished\":\"2021-04-09T18:41:10+00:00\",\"dateModified\":\"2021-04-12T18:24:50+00:00\",\"breadcrumb\":{\"@id\":\"https:\/\/cannexus.ceric.ca\/fr\/ressources-pour-les-participants-de-cannexus21\/#breadcrumb\"},\"inLanguage\":\"fr-FR\",\"potentialAction\":[{\"@type\":\"ReadAction\",\"target\":[\"https:\/\/cannexus.ceric.ca\/fr\/ressources-pour-les-participants-de-cannexus21\/\"]}]},{\"@type\":\"BreadcrumbList\",\"@id\":\"https:\/\/cannexus.ceric.ca\/fr\/ressources-pour-les-participants-de-cannexus21\/#breadcrumb\",\"itemListElement\":[{\"@type\":\"ListItem\",\"position\":1,\"name\":\"Home\",\"item\":\"https:\/\/cannexus.ceric.ca\/fr\/\"},{\"@type\":\"ListItem\",\"position\":2,\"name\":\"Ressources pour les participants de Cannexus21\"}]},{\"@type\":\"WebSite\",\"@id\":\"https:\/\/cannexus.ceric.ca\/fr\/#website\",\"url\":\"https:\/\/cannexus.ceric.ca\/fr\/\",\"name\":\"Cannexus26: Canada\u2019s Career Development Conference\",\"description\":\"Canada\u2019s Career Development Conference\",\"publisher\":{\"@id\":\"https:\/\/cannexus.ceric.ca\/fr\/#organization\"},\"alternateName\":\"Cannexus26\",\"potentialAction\":[{\"@type\":\"SearchAction\",\"target\":{\"@type\":\"EntryPoint\",\"urlTemplate\":\"https:\/\/cannexus.ceric.ca\/fr\/?s={search_term_string}\"},\"query-input\":{\"@type\":\"PropertyValueSpecification\",\"valueRequired\":true,\"valueName\":\"search_term_string\"}}],\"inLanguage\":\"fr-FR\"},{\"@type\":\"Organization\",\"@id\":\"https:\/\/cannexus.ceric.ca\/fr\/#organization\",\"name\":\"Cannexus26\",\"url\":\"https:\/\/cannexus.ceric.ca\/fr\/\",\"logo\":{\"@type\":\"ImageObject\",\"inLanguage\":\"fr-FR\",\"@id\":\"https:\/\/cannexus.ceric.ca\/fr\/#\/schema\/logo\/image\/\",\"url\":\"https:\/\/cannexus.ceric.ca\/wp-content\/uploads\/2025\/04\/CX-seal.png\",\"contentUrl\":\"https:\/\/cannexus.ceric.ca\/wp-content\/uploads\/2025\/04\/CX-seal.png\",\"width\":2000,\"height\":1574,\"caption\":\"Cannexus26\"},\"image\":{\"@id\":\"https:\/\/cannexus.ceric.ca\/fr\/#\/schema\/logo\/image\/\"}}]}<\/script>\n<!-- \/ Yoast SEO Premium plugin. -->","yoast_head_json":{"title":"Ressources pour les participants de Cannexus21 - Cannexus27","robots":{"index":"index","follow":"follow","max-snippet":"max-snippet:-1","max-image-preview":"max-image-preview:large","max-video-preview":"max-video-preview:-1"},"canonical":"https:\/\/cannexus.ceric.ca\/fr\/ressources-pour-les-participants-de-cannexus21\/","og_locale":"fr_FR","og_type":"article","og_title":"Ressources pour les participants de Cannexus21","og_description":"Ressources pour les participants de Cannexus21 Toutes les s\u00e9ances de Cannexus21 ont \u00e9t\u00e9 enregistr\u00e9es et restent disponibles pour les participants pendant une ann\u00e9e compl\u00e8te. Acc\u00e9dez-y via la plate-forme du congr\u00e8s virtuelle en utilisant vos identifiants de connexion d&#8217;original. Vous devez avoir ajout\u00e9 la page \u00e0 vos favoris et enregistr\u00e9 votre mot de passe. Si vous [&hellip;]","og_url":"https:\/\/cannexus.ceric.ca\/fr\/ressources-pour-les-participants-de-cannexus21\/","og_site_name":"Cannexus27","article_modified_time":"2021-04-12T18:24:50+00:00","og_image":[{"width":1200,"height":300,"url":"https:\/\/cannexus.ceric.ca\/wp-content\/uploads\/2024\/04\/CX25-v1-5.png","type":"image\/png"}],"twitter_card":"summary_large_image","schema":{"@context":"https:\/\/schema.org","@graph":[{"@type":"WebPage","@id":"https:\/\/cannexus.ceric.ca\/fr\/ressources-pour-les-participants-de-cannexus21\/","url":"https:\/\/cannexus.ceric.ca\/fr\/ressources-pour-les-participants-de-cannexus21\/","name":"Ressources pour les participants de Cannexus21 - Cannexus27","isPartOf":{"@id":"https:\/\/cannexus.ceric.ca\/fr\/#website"},"datePublished":"2021-04-09T18:41:10+00:00","dateModified":"2021-04-12T18:24:50+00:00","breadcrumb":{"@id":"https:\/\/cannexus.ceric.ca\/fr\/ressources-pour-les-participants-de-cannexus21\/#breadcrumb"},"inLanguage":"fr-FR","potentialAction":[{"@type":"ReadAction","target":["https:\/\/cannexus.ceric.ca\/fr\/ressources-pour-les-participants-de-cannexus21\/"]}]},{"@type":"BreadcrumbList","@id":"https:\/\/cannexus.ceric.ca\/fr\/ressources-pour-les-participants-de-cannexus21\/#breadcrumb","itemListElement":[{"@type":"ListItem","position":1,"name":"Home","item":"https:\/\/cannexus.ceric.ca\/fr\/"},{"@type":"ListItem","position":2,"name":"Ressources pour les participants de Cannexus21"}]},{"@type":"WebSite","@id":"https:\/\/cannexus.ceric.ca\/fr\/#website","url":"https:\/\/cannexus.ceric.ca\/fr\/","name":"Cannexus26: Canada\u2019s Career Development Conference","description":"Canada\u2019s Career Development Conference","publisher":{"@id":"https:\/\/cannexus.ceric.ca\/fr\/#organization"},"alternateName":"Cannexus26","potentialAction":[{"@type":"SearchAction","target":{"@type":"EntryPoint","urlTemplate":"https:\/\/cannexus.ceric.ca\/fr\/?s={search_term_string}"},"query-input":{"@type":"PropertyValueSpecification","valueRequired":true,"valueName":"search_term_string"}}],"inLanguage":"fr-FR"},{"@type":"Organization","@id":"https:\/\/cannexus.ceric.ca\/fr\/#organization","name":"Cannexus26","url":"https:\/\/cannexus.ceric.ca\/fr\/","logo":{"@type":"ImageObject","inLanguage":"fr-FR","@id":"https:\/\/cannexus.ceric.ca\/fr\/#\/schema\/logo\/image\/","url":"https:\/\/cannexus.ceric.ca\/wp-content\/uploads\/2025\/04\/CX-seal.png","contentUrl":"https:\/\/cannexus.ceric.ca\/wp-content\/uploads\/2025\/04\/CX-seal.png","width":2000,"height":1574,"caption":"Cannexus26"},"image":{"@id":"https:\/\/cannexus.ceric.ca\/fr\/#\/schema\/logo\/image\/"}}]}},"_links":{"self":[{"href":"https:\/\/cannexus.ceric.ca\/fr\/wp-json\/wp\/v2\/pages\/6265","targetHints":{"allow":["GET"]}}],"collection":[{"href":"https:\/\/cannexus.ceric.ca\/fr\/wp-json\/wp\/v2\/pages"}],"about":[{"href":"https:\/\/cannexus.ceric.ca\/fr\/wp-json\/wp\/v2\/types\/page"}],"author":[{"embeddable":true,"href":"https:\/\/cannexus.ceric.ca\/fr\/wp-json\/wp\/v2\/users\/9"}],"replies":[{"embeddable":true,"href":"https:\/\/cannexus.ceric.ca\/fr\/wp-json\/wp\/v2\/comments?post=6265"}],"version-history":[{"count":0,"href":"https:\/\/cannexus.ceric.ca\/fr\/wp-json\/wp\/v2\/pages\/6265\/revisions"}],"wp:attachment":[{"href":"https:\/\/cannexus.ceric.ca\/fr\/wp-json\/wp\/v2\/media?parent=6265"}],"curies":[{"name":"wp","href":"https:\/\/api.w.org\/{rel}","templated":true}]}}