{"id":4761,"date":"2020-11-18T10:53:09","date_gmt":"2020-11-18T15:53:09","guid":{"rendered":"https:\/\/cannexus.ceric.ca\/?page_id=4761"},"modified":"2020-12-06T19:26:37","modified_gmt":"2020-12-07T00:26:37","slug":"vous-etes-un-coureur-de-haies-mais-vous-ne-le-savez-pas","status":"publish","type":"page","link":"https:\/\/cannexus.ceric.ca\/fr\/vous-etes-un-coureur-de-haies-mais-vous-ne-le-savez-pas\/","title":{"rendered":"Vous \u00eates un coureur de haies, mais vous ne le savez pas"},"content":{"rendered":"\t\t<div data-elementor-type=\"wp-page\" data-elementor-id=\"4761\" class=\"elementor elementor-4761 elementor-4673\" data-elementor-post-type=\"page\">\n\t\t\t\t\t\t<section class=\"elementor-section elementor-top-section elementor-element elementor-element-60f224f elementor-section-boxed elementor-section-height-default elementor-section-height-default\" data-id=\"60f224f\" data-element_type=\"section\" data-e-type=\"section\">\n\t\t\t\t\t\t<div class=\"elementor-container elementor-column-gap-default\">\n\t\t\t\t\t<div class=\"elementor-column elementor-col-100 elementor-top-column elementor-element elementor-element-493a3b8\" data-id=\"493a3b8\" data-element_type=\"column\" data-e-type=\"column\">\n\t\t\t<div class=\"elementor-widget-wrap elementor-element-populated\">\n\t\t\t\t\t\t<div class=\"elementor-element elementor-element-0b330c4 elementor-invisible elementor-widget elementor-widget-exhibz-title\" data-id=\"0b330c4\" data-element_type=\"widget\" data-e-type=\"widget\" data-settings=\"{&quot;_animation&quot;:&quot;fadeInUp&quot;,&quot;_animation_delay&quot;:350,&quot;ekit_we_effect_on&quot;:&quot;none&quot;}\" data-widget_type=\"exhibz-title.default\">\n\t\t\t\t<div class=\"elementor-widget-container\">\n\t\t\t\t\t\n    <div class=\"title-section-area\">\n        <h2 class=\"section-title\">\n            <span class=\"sub-title\">Vous \u00eates un coureur de haies, mais vous ne le savez pas<\/span>\n\t\t\tConf\u00e9renci\u00e8re d'honneur : Perdita Felicien <br>\nMercredi 1 f\u00e9vrier 2021, 14 h 15 - 15 h HE        <\/h2>\n\t\t\t\t\t<div class=\"title-desc\"><p>M\u00eame si, dans la vie, nous ne franchissons pas les obstacles en sautant litt\u00e9ralement par-dessus, comme des coureurs de haies, nous sommes tous confront\u00e9s \u00e0 des d\u00e9fis pouvant se comparer \u00e0 une course \u00e0 obstacles. D\u00e9couvrez comment une athl\u00e8te championne du monde a surmont\u00e9 les obstacles sur la piste et en dehors, et comment vous pouvez utiliser ces m\u00eames le\u00e7ons pour gagner dans tous les domaines de votre vie.<\/p><\/div>\n\t\t                    <\/div><!-- Section title -->\n    \n    \n\n    \t\t\t\t<\/div>\n\t\t\t\t<\/div>\n\t\t\t\t\t<\/div>\n\t\t<\/div>\n\t\t\t\t\t<\/div>\n\t\t<\/section>\n\t\t\t\t<\/div>\n\t\t","protected":false},"excerpt":{"rendered":"<p>Vous \u00eates un coureur de haies, mais vous ne le savez pas Conf\u00e9renci\u00e8re d&#8217;honneur : Perdita Felicien Mercredi 1 f\u00e9vrier 2021, 14 h 15 &#8211; 15 h HE M\u00eame si, dans la vie, nous ne franchissons pas les obstacles en sautant litt\u00e9ralement par-dessus, comme des coureurs de haies, nous sommes tous confront\u00e9s \u00e0 des d\u00e9fis [&hellip;]<\/p>\n","protected":false},"author":9,"featured_media":0,"parent":0,"menu_order":0,"comment_status":"closed","ping_status":"closed","template":"template\/full-width-template.php","meta":{"wp_social_preview_title":"","wp_social_preview_description":"","wp_social_preview_image":0,"footnotes":""},"class_list":["post-4761","page","type-page","status-publish","hentry"],"yoast_head":"<!-- This site is optimized with the Yoast SEO Premium plugin v26.0 (Yoast SEO v26.0) - https:\/\/yoast.com\/wordpress\/plugins\/seo\/ -->\n<title>Vous \u00eates un coureur de haies, mais vous ne le savez pas - Cannexus27<\/title>\n<meta name=\"robots\" content=\"index, follow, max-snippet:-1, max-image-preview:large, max-video-preview:-1\" \/>\n<link rel=\"canonical\" href=\"https:\/\/cannexus.ceric.ca\/fr\/vous-etes-un-coureur-de-haies-mais-vous-ne-le-savez-pas\/\" \/>\n<meta property=\"og:locale\" content=\"fr_FR\" \/>\n<meta property=\"og:type\" content=\"article\" \/>\n<meta property=\"og:title\" content=\"Vous \u00eates un coureur de haies, mais vous ne le savez pas\" \/>\n<meta property=\"og:description\" content=\"Vous \u00eates un coureur de haies, mais vous ne le savez pas Conf\u00e9renci\u00e8re d&#8217;honneur : Perdita Felicien Mercredi 1 f\u00e9vrier 2021, 14 h 15 &#8211; 15 h HE M\u00eame si, dans la vie, nous ne franchissons pas les obstacles en sautant litt\u00e9ralement par-dessus, comme des coureurs de haies, nous sommes tous confront\u00e9s \u00e0 des d\u00e9fis [&hellip;]\" \/>\n<meta property=\"og:url\" content=\"https:\/\/cannexus.ceric.ca\/fr\/vous-etes-un-coureur-de-haies-mais-vous-ne-le-savez-pas\/\" \/>\n<meta property=\"og:site_name\" content=\"Cannexus27\" \/>\n<meta property=\"article:modified_time\" content=\"2020-12-07T00:26:37+00:00\" \/>\n<meta property=\"og:image\" content=\"https:\/\/cannexus.ceric.ca\/wp-content\/uploads\/2024\/04\/CX25-v1-5.png\" \/>\n\t<meta property=\"og:image:width\" content=\"1200\" \/>\n\t<meta property=\"og:image:height\" content=\"300\" \/>\n\t<meta property=\"og:image:type\" content=\"image\/png\" \/>\n<meta name=\"twitter:card\" content=\"summary_large_image\" \/>\n<script type=\"application\/ld+json\" class=\"yoast-schema-graph\">{\"@context\":\"https:\/\/schema.org\",\"@graph\":[{\"@type\":\"WebPage\",\"@id\":\"https:\/\/cannexus.ceric.ca\/fr\/vous-etes-un-coureur-de-haies-mais-vous-ne-le-savez-pas\/\",\"url\":\"https:\/\/cannexus.ceric.ca\/fr\/vous-etes-un-coureur-de-haies-mais-vous-ne-le-savez-pas\/\",\"name\":\"Vous \u00eates un coureur de haies, mais vous ne le savez pas - Cannexus27\",\"isPartOf\":{\"@id\":\"https:\/\/cannexus.ceric.ca\/fr\/#website\"},\"datePublished\":\"2020-11-18T15:53:09+00:00\",\"dateModified\":\"2020-12-07T00:26:37+00:00\",\"breadcrumb\":{\"@id\":\"https:\/\/cannexus.ceric.ca\/fr\/vous-etes-un-coureur-de-haies-mais-vous-ne-le-savez-pas\/#breadcrumb\"},\"inLanguage\":\"fr-FR\",\"potentialAction\":[{\"@type\":\"ReadAction\",\"target\":[\"https:\/\/cannexus.ceric.ca\/fr\/vous-etes-un-coureur-de-haies-mais-vous-ne-le-savez-pas\/\"]}]},{\"@type\":\"BreadcrumbList\",\"@id\":\"https:\/\/cannexus.ceric.ca\/fr\/vous-etes-un-coureur-de-haies-mais-vous-ne-le-savez-pas\/#breadcrumb\",\"itemListElement\":[{\"@type\":\"ListItem\",\"position\":1,\"name\":\"Home\",\"item\":\"https:\/\/cannexus.ceric.ca\/fr\/\"},{\"@type\":\"ListItem\",\"position\":2,\"name\":\"Vous \u00eates un coureur de haies, mais vous ne le savez pas\"}]},{\"@type\":\"WebSite\",\"@id\":\"https:\/\/cannexus.ceric.ca\/fr\/#website\",\"url\":\"https:\/\/cannexus.ceric.ca\/fr\/\",\"name\":\"Cannexus26: Canada\u2019s Career Development Conference\",\"description\":\"Canada\u2019s Career Development Conference\",\"publisher\":{\"@id\":\"https:\/\/cannexus.ceric.ca\/fr\/#organization\"},\"alternateName\":\"Cannexus26\",\"potentialAction\":[{\"@type\":\"SearchAction\",\"target\":{\"@type\":\"EntryPoint\",\"urlTemplate\":\"https:\/\/cannexus.ceric.ca\/fr\/?s={search_term_string}\"},\"query-input\":{\"@type\":\"PropertyValueSpecification\",\"valueRequired\":true,\"valueName\":\"search_term_string\"}}],\"inLanguage\":\"fr-FR\"},{\"@type\":\"Organization\",\"@id\":\"https:\/\/cannexus.ceric.ca\/fr\/#organization\",\"name\":\"Cannexus26\",\"url\":\"https:\/\/cannexus.ceric.ca\/fr\/\",\"logo\":{\"@type\":\"ImageObject\",\"inLanguage\":\"fr-FR\",\"@id\":\"https:\/\/cannexus.ceric.ca\/fr\/#\/schema\/logo\/image\/\",\"url\":\"https:\/\/cannexus.ceric.ca\/wp-content\/uploads\/2025\/04\/CX-seal.png\",\"contentUrl\":\"https:\/\/cannexus.ceric.ca\/wp-content\/uploads\/2025\/04\/CX-seal.png\",\"width\":2000,\"height\":1574,\"caption\":\"Cannexus26\"},\"image\":{\"@id\":\"https:\/\/cannexus.ceric.ca\/fr\/#\/schema\/logo\/image\/\"}}]}<\/script>\n<!-- \/ Yoast SEO Premium plugin. -->","yoast_head_json":{"title":"Vous \u00eates un coureur de haies, mais vous ne le savez pas - Cannexus27","robots":{"index":"index","follow":"follow","max-snippet":"max-snippet:-1","max-image-preview":"max-image-preview:large","max-video-preview":"max-video-preview:-1"},"canonical":"https:\/\/cannexus.ceric.ca\/fr\/vous-etes-un-coureur-de-haies-mais-vous-ne-le-savez-pas\/","og_locale":"fr_FR","og_type":"article","og_title":"Vous \u00eates un coureur de haies, mais vous ne le savez pas","og_description":"Vous \u00eates un coureur de haies, mais vous ne le savez pas Conf\u00e9renci\u00e8re d&#8217;honneur : Perdita Felicien Mercredi 1 f\u00e9vrier 2021, 14 h 15 &#8211; 15 h HE M\u00eame si, dans la vie, nous ne franchissons pas les obstacles en sautant litt\u00e9ralement par-dessus, comme des coureurs de haies, nous sommes tous confront\u00e9s \u00e0 des d\u00e9fis [&hellip;]","og_url":"https:\/\/cannexus.ceric.ca\/fr\/vous-etes-un-coureur-de-haies-mais-vous-ne-le-savez-pas\/","og_site_name":"Cannexus27","article_modified_time":"2020-12-07T00:26:37+00:00","og_image":[{"width":1200,"height":300,"url":"https:\/\/cannexus.ceric.ca\/wp-content\/uploads\/2024\/04\/CX25-v1-5.png","type":"image\/png"}],"twitter_card":"summary_large_image","schema":{"@context":"https:\/\/schema.org","@graph":[{"@type":"WebPage","@id":"https:\/\/cannexus.ceric.ca\/fr\/vous-etes-un-coureur-de-haies-mais-vous-ne-le-savez-pas\/","url":"https:\/\/cannexus.ceric.ca\/fr\/vous-etes-un-coureur-de-haies-mais-vous-ne-le-savez-pas\/","name":"Vous \u00eates un coureur de haies, mais vous ne le savez pas - Cannexus27","isPartOf":{"@id":"https:\/\/cannexus.ceric.ca\/fr\/#website"},"datePublished":"2020-11-18T15:53:09+00:00","dateModified":"2020-12-07T00:26:37+00:00","breadcrumb":{"@id":"https:\/\/cannexus.ceric.ca\/fr\/vous-etes-un-coureur-de-haies-mais-vous-ne-le-savez-pas\/#breadcrumb"},"inLanguage":"fr-FR","potentialAction":[{"@type":"ReadAction","target":["https:\/\/cannexus.ceric.ca\/fr\/vous-etes-un-coureur-de-haies-mais-vous-ne-le-savez-pas\/"]}]},{"@type":"BreadcrumbList","@id":"https:\/\/cannexus.ceric.ca\/fr\/vous-etes-un-coureur-de-haies-mais-vous-ne-le-savez-pas\/#breadcrumb","itemListElement":[{"@type":"ListItem","position":1,"name":"Home","item":"https:\/\/cannexus.ceric.ca\/fr\/"},{"@type":"ListItem","position":2,"name":"Vous \u00eates un coureur de haies, mais vous ne le savez pas"}]},{"@type":"WebSite","@id":"https:\/\/cannexus.ceric.ca\/fr\/#website","url":"https:\/\/cannexus.ceric.ca\/fr\/","name":"Cannexus26: Canada\u2019s Career Development Conference","description":"Canada\u2019s Career Development Conference","publisher":{"@id":"https:\/\/cannexus.ceric.ca\/fr\/#organization"},"alternateName":"Cannexus26","potentialAction":[{"@type":"SearchAction","target":{"@type":"EntryPoint","urlTemplate":"https:\/\/cannexus.ceric.ca\/fr\/?s={search_term_string}"},"query-input":{"@type":"PropertyValueSpecification","valueRequired":true,"valueName":"search_term_string"}}],"inLanguage":"fr-FR"},{"@type":"Organization","@id":"https:\/\/cannexus.ceric.ca\/fr\/#organization","name":"Cannexus26","url":"https:\/\/cannexus.ceric.ca\/fr\/","logo":{"@type":"ImageObject","inLanguage":"fr-FR","@id":"https:\/\/cannexus.ceric.ca\/fr\/#\/schema\/logo\/image\/","url":"https:\/\/cannexus.ceric.ca\/wp-content\/uploads\/2025\/04\/CX-seal.png","contentUrl":"https:\/\/cannexus.ceric.ca\/wp-content\/uploads\/2025\/04\/CX-seal.png","width":2000,"height":1574,"caption":"Cannexus26"},"image":{"@id":"https:\/\/cannexus.ceric.ca\/fr\/#\/schema\/logo\/image\/"}}]}},"_links":{"self":[{"href":"https:\/\/cannexus.ceric.ca\/fr\/wp-json\/wp\/v2\/pages\/4761","targetHints":{"allow":["GET"]}}],"collection":[{"href":"https:\/\/cannexus.ceric.ca\/fr\/wp-json\/wp\/v2\/pages"}],"about":[{"href":"https:\/\/cannexus.ceric.ca\/fr\/wp-json\/wp\/v2\/types\/page"}],"author":[{"embeddable":true,"href":"https:\/\/cannexus.ceric.ca\/fr\/wp-json\/wp\/v2\/users\/9"}],"replies":[{"embeddable":true,"href":"https:\/\/cannexus.ceric.ca\/fr\/wp-json\/wp\/v2\/comments?post=4761"}],"version-history":[{"count":0,"href":"https:\/\/cannexus.ceric.ca\/fr\/wp-json\/wp\/v2\/pages\/4761\/revisions"}],"wp:attachment":[{"href":"https:\/\/cannexus.ceric.ca\/fr\/wp-json\/wp\/v2\/media?parent=4761"}],"curies":[{"name":"wp","href":"https:\/\/api.w.org\/{rel}","templated":true}]}}