{"id":4750,"date":"2020-11-18T10:48:16","date_gmt":"2020-11-18T15:48:16","guid":{"rendered":"https:\/\/cannexus.ceric.ca\/?page_id=4750"},"modified":"2020-11-19T11:26:18","modified_gmt":"2020-11-19T16:26:18","slug":"batir-un-avenir-du-travail-qui-fonctionne-pour-tous","status":"publish","type":"page","link":"https:\/\/cannexus.ceric.ca\/fr\/batir-un-avenir-du-travail-qui-fonctionne-pour-tous\/","title":{"rendered":"B\u00e2tir un avenir du travail qui fonctionne pour tous"},"content":{"rendered":"\t\t<div data-elementor-type=\"wp-page\" data-elementor-id=\"4750\" class=\"elementor elementor-4750 elementor-4663\" data-elementor-post-type=\"page\">\n\t\t\t\t\t\t<section class=\"elementor-section elementor-top-section elementor-element elementor-element-60f224f elementor-section-boxed elementor-section-height-default elementor-section-height-default\" data-id=\"60f224f\" data-element_type=\"section\" data-e-type=\"section\">\n\t\t\t\t\t\t<div class=\"elementor-container elementor-column-gap-default\">\n\t\t\t\t\t<div class=\"elementor-column elementor-col-100 elementor-top-column elementor-element elementor-element-493a3b8\" data-id=\"493a3b8\" data-element_type=\"column\" data-e-type=\"column\">\n\t\t\t<div class=\"elementor-widget-wrap elementor-element-populated\">\n\t\t\t\t\t\t<div class=\"elementor-element elementor-element-0b330c4 elementor-invisible elementor-widget elementor-widget-exhibz-title\" data-id=\"0b330c4\" data-element_type=\"widget\" data-e-type=\"widget\" data-settings=\"{&quot;_animation&quot;:&quot;fadeInUp&quot;,&quot;_animation_delay&quot;:350,&quot;ekit_we_effect_on&quot;:&quot;none&quot;}\" data-widget_type=\"exhibz-title.default\">\n\t\t\t\t<div class=\"elementor-widget-container\">\n\t\t\t\t\t\n    <div class=\"title-section-area\">\n        <h2 class=\"section-title\">\n            <span class=\"sub-title\">B\u00e2tir un avenir du travail qui fonctionne pour tous<\/span>\n\t\t\tConf\u00e9renci\u00e8re d'honneur : Zabeen Hirji <br>\n\n\nLundi 25 janvier 2021, 12 h - 12 h 45 HE         <\/h2>\n\t\t\t\t\t<div class=\"title-desc\"><p>L\u2019avenir du travail est humain. Un d\u00e9clic s\u2019est produit, r\u00e9v\u00e9lant notre humanit\u00e9 commune, les liens qui nous unissent, mais aussi nos in\u00e9galit\u00e9s. Nous r\u00e9imaginons avec audace le \u00ab t\u00e9l\u00e9travail de n\u2019importe o\u00f9 \u00bb et encourageons la repr\u00e9sentation et la responsabilisation des employ\u00e9s. Apr\u00e8s le d\u00e9but de la pand\u00e9mie, des gens de tous horizons se sont retrouv\u00e9s en m\u00eame temps dans une situation difficile, et avec un d\u00e9fi commun \u00e0 relever. Toutefois, on commence \u00e0 voir un d\u00e9clin de la collaboration. Il faut inverser cette tendance.<br \/><br \/>L\u2019avenir du leadership est humain. Nous avons vu des dirigeants reconna\u00eetre l\u2019importance d\u2019\u00e9tablir la confiance par la transparence et l\u2019authenticit\u00e9. Les dirigeants transforment l\u2019empathie en connexion, en inclusion, en changement structurel et strat\u00e9gique, en compassion et en sant\u00e9 et bien-\u00eatre pour tous.<br \/><br \/>L\u2019avenir de la prosp\u00e9rit\u00e9 est humain. C\u2019est un moment crucial qui repr\u00e9sente une occasion \u00e0 saisir avec passion et courage. Notre d\u00e9fi est de cr\u00e9er\u00a0<em>un monde du travail qui fonctionne pour tous<\/em>, en travaillant pour \u00e9tablir une prosp\u00e9rit\u00e9 inclusive au Canada afin de propulser notre pays pendant des g\u00e9n\u00e9rations. C\u2019est le moment de maximiser votre influence. Nous parlerons de la mani\u00e8re d\u2019entamer et de mener de telles conversations.<\/p><\/div>\n\t\t                    <\/div><!-- Section title -->\n    \n    \n\n    \t\t\t\t<\/div>\n\t\t\t\t<\/div>\n\t\t\t\t\t<\/div>\n\t\t<\/div>\n\t\t\t\t\t<\/div>\n\t\t<\/section>\n\t\t\t\t<\/div>\n\t\t","protected":false},"excerpt":{"rendered":"<p>B\u00e2tir un avenir du travail qui fonctionne pour tous Conf\u00e9renci\u00e8re d&#8217;honneur : Zabeen Hirji Lundi 25 janvier 2021, 12 h &#8211; 12 h 45 HE L\u2019avenir du travail est humain. Un d\u00e9clic s\u2019est produit, r\u00e9v\u00e9lant notre humanit\u00e9 commune, les liens qui nous unissent, mais aussi nos in\u00e9galit\u00e9s. Nous r\u00e9imaginons avec audace le \u00ab t\u00e9l\u00e9travail de [&hellip;]<\/p>\n","protected":false},"author":9,"featured_media":0,"parent":0,"menu_order":0,"comment_status":"closed","ping_status":"closed","template":"template\/full-width-template.php","meta":{"wp_social_preview_title":"","wp_social_preview_description":"","wp_social_preview_image":0,"footnotes":""},"class_list":["post-4750","page","type-page","status-publish","hentry"],"yoast_head":"<!-- This site is optimized with the Yoast SEO Premium plugin v26.0 (Yoast SEO v26.0) - https:\/\/yoast.com\/wordpress\/plugins\/seo\/ -->\n<title>B\u00e2tir un avenir du travail qui fonctionne pour tous - Cannexus27<\/title>\n<meta name=\"robots\" content=\"index, follow, max-snippet:-1, max-image-preview:large, max-video-preview:-1\" \/>\n<link rel=\"canonical\" href=\"https:\/\/cannexus.ceric.ca\/fr\/batir-un-avenir-du-travail-qui-fonctionne-pour-tous\/\" \/>\n<meta property=\"og:locale\" content=\"fr_FR\" \/>\n<meta property=\"og:type\" content=\"article\" \/>\n<meta property=\"og:title\" content=\"B\u00e2tir un avenir du travail qui fonctionne pour tous\" \/>\n<meta property=\"og:description\" content=\"B\u00e2tir un avenir du travail qui fonctionne pour tous Conf\u00e9renci\u00e8re d&#8217;honneur : Zabeen Hirji Lundi 25 janvier 2021, 12 h &#8211; 12 h 45 HE L\u2019avenir du travail est humain. Un d\u00e9clic s\u2019est produit, r\u00e9v\u00e9lant notre humanit\u00e9 commune, les liens qui nous unissent, mais aussi nos in\u00e9galit\u00e9s. Nous r\u00e9imaginons avec audace le \u00ab t\u00e9l\u00e9travail de [&hellip;]\" \/>\n<meta property=\"og:url\" content=\"https:\/\/cannexus.ceric.ca\/fr\/batir-un-avenir-du-travail-qui-fonctionne-pour-tous\/\" \/>\n<meta property=\"og:site_name\" content=\"Cannexus27\" \/>\n<meta property=\"article:modified_time\" content=\"2020-11-19T16:26:18+00:00\" \/>\n<meta property=\"og:image\" content=\"https:\/\/cannexus.ceric.ca\/wp-content\/uploads\/2024\/04\/CX25-v1-5.png\" \/>\n\t<meta property=\"og:image:width\" content=\"1200\" \/>\n\t<meta property=\"og:image:height\" content=\"300\" \/>\n\t<meta property=\"og:image:type\" content=\"image\/png\" \/>\n<meta name=\"twitter:card\" content=\"summary_large_image\" \/>\n<meta name=\"twitter:label1\" content=\"Dur\u00e9e de lecture estim\u00e9e\" \/>\n\t<meta name=\"twitter:data1\" content=\"1 minute\" \/>\n<script type=\"application\/ld+json\" class=\"yoast-schema-graph\">{\"@context\":\"https:\/\/schema.org\",\"@graph\":[{\"@type\":\"WebPage\",\"@id\":\"https:\/\/cannexus.ceric.ca\/fr\/batir-un-avenir-du-travail-qui-fonctionne-pour-tous\/\",\"url\":\"https:\/\/cannexus.ceric.ca\/fr\/batir-un-avenir-du-travail-qui-fonctionne-pour-tous\/\",\"name\":\"B\u00e2tir un avenir du travail qui fonctionne pour tous - Cannexus27\",\"isPartOf\":{\"@id\":\"https:\/\/cannexus.ceric.ca\/fr\/#website\"},\"datePublished\":\"2020-11-18T15:48:16+00:00\",\"dateModified\":\"2020-11-19T16:26:18+00:00\",\"breadcrumb\":{\"@id\":\"https:\/\/cannexus.ceric.ca\/fr\/batir-un-avenir-du-travail-qui-fonctionne-pour-tous\/#breadcrumb\"},\"inLanguage\":\"fr-FR\",\"potentialAction\":[{\"@type\":\"ReadAction\",\"target\":[\"https:\/\/cannexus.ceric.ca\/fr\/batir-un-avenir-du-travail-qui-fonctionne-pour-tous\/\"]}]},{\"@type\":\"BreadcrumbList\",\"@id\":\"https:\/\/cannexus.ceric.ca\/fr\/batir-un-avenir-du-travail-qui-fonctionne-pour-tous\/#breadcrumb\",\"itemListElement\":[{\"@type\":\"ListItem\",\"position\":1,\"name\":\"Home\",\"item\":\"https:\/\/cannexus.ceric.ca\/fr\/\"},{\"@type\":\"ListItem\",\"position\":2,\"name\":\"B\u00e2tir un avenir du travail qui fonctionne pour tous\"}]},{\"@type\":\"WebSite\",\"@id\":\"https:\/\/cannexus.ceric.ca\/fr\/#website\",\"url\":\"https:\/\/cannexus.ceric.ca\/fr\/\",\"name\":\"Cannexus26: Canada\u2019s Career Development Conference\",\"description\":\"Canada\u2019s Career Development Conference\",\"publisher\":{\"@id\":\"https:\/\/cannexus.ceric.ca\/fr\/#organization\"},\"alternateName\":\"Cannexus26\",\"potentialAction\":[{\"@type\":\"SearchAction\",\"target\":{\"@type\":\"EntryPoint\",\"urlTemplate\":\"https:\/\/cannexus.ceric.ca\/fr\/?s={search_term_string}\"},\"query-input\":{\"@type\":\"PropertyValueSpecification\",\"valueRequired\":true,\"valueName\":\"search_term_string\"}}],\"inLanguage\":\"fr-FR\"},{\"@type\":\"Organization\",\"@id\":\"https:\/\/cannexus.ceric.ca\/fr\/#organization\",\"name\":\"Cannexus26\",\"url\":\"https:\/\/cannexus.ceric.ca\/fr\/\",\"logo\":{\"@type\":\"ImageObject\",\"inLanguage\":\"fr-FR\",\"@id\":\"https:\/\/cannexus.ceric.ca\/fr\/#\/schema\/logo\/image\/\",\"url\":\"https:\/\/cannexus.ceric.ca\/wp-content\/uploads\/2025\/04\/CX-seal.png\",\"contentUrl\":\"https:\/\/cannexus.ceric.ca\/wp-content\/uploads\/2025\/04\/CX-seal.png\",\"width\":2000,\"height\":1574,\"caption\":\"Cannexus26\"},\"image\":{\"@id\":\"https:\/\/cannexus.ceric.ca\/fr\/#\/schema\/logo\/image\/\"}}]}<\/script>\n<!-- \/ Yoast SEO Premium plugin. -->","yoast_head_json":{"title":"B\u00e2tir un avenir du travail qui fonctionne pour tous - Cannexus27","robots":{"index":"index","follow":"follow","max-snippet":"max-snippet:-1","max-image-preview":"max-image-preview:large","max-video-preview":"max-video-preview:-1"},"canonical":"https:\/\/cannexus.ceric.ca\/fr\/batir-un-avenir-du-travail-qui-fonctionne-pour-tous\/","og_locale":"fr_FR","og_type":"article","og_title":"B\u00e2tir un avenir du travail qui fonctionne pour tous","og_description":"B\u00e2tir un avenir du travail qui fonctionne pour tous Conf\u00e9renci\u00e8re d&#8217;honneur : Zabeen Hirji Lundi 25 janvier 2021, 12 h &#8211; 12 h 45 HE L\u2019avenir du travail est humain. Un d\u00e9clic s\u2019est produit, r\u00e9v\u00e9lant notre humanit\u00e9 commune, les liens qui nous unissent, mais aussi nos in\u00e9galit\u00e9s. Nous r\u00e9imaginons avec audace le \u00ab t\u00e9l\u00e9travail de [&hellip;]","og_url":"https:\/\/cannexus.ceric.ca\/fr\/batir-un-avenir-du-travail-qui-fonctionne-pour-tous\/","og_site_name":"Cannexus27","article_modified_time":"2020-11-19T16:26:18+00:00","og_image":[{"width":1200,"height":300,"url":"https:\/\/cannexus.ceric.ca\/wp-content\/uploads\/2024\/04\/CX25-v1-5.png","type":"image\/png"}],"twitter_card":"summary_large_image","twitter_misc":{"Dur\u00e9e de lecture estim\u00e9e":"1 minute"},"schema":{"@context":"https:\/\/schema.org","@graph":[{"@type":"WebPage","@id":"https:\/\/cannexus.ceric.ca\/fr\/batir-un-avenir-du-travail-qui-fonctionne-pour-tous\/","url":"https:\/\/cannexus.ceric.ca\/fr\/batir-un-avenir-du-travail-qui-fonctionne-pour-tous\/","name":"B\u00e2tir un avenir du travail qui fonctionne pour tous - Cannexus27","isPartOf":{"@id":"https:\/\/cannexus.ceric.ca\/fr\/#website"},"datePublished":"2020-11-18T15:48:16+00:00","dateModified":"2020-11-19T16:26:18+00:00","breadcrumb":{"@id":"https:\/\/cannexus.ceric.ca\/fr\/batir-un-avenir-du-travail-qui-fonctionne-pour-tous\/#breadcrumb"},"inLanguage":"fr-FR","potentialAction":[{"@type":"ReadAction","target":["https:\/\/cannexus.ceric.ca\/fr\/batir-un-avenir-du-travail-qui-fonctionne-pour-tous\/"]}]},{"@type":"BreadcrumbList","@id":"https:\/\/cannexus.ceric.ca\/fr\/batir-un-avenir-du-travail-qui-fonctionne-pour-tous\/#breadcrumb","itemListElement":[{"@type":"ListItem","position":1,"name":"Home","item":"https:\/\/cannexus.ceric.ca\/fr\/"},{"@type":"ListItem","position":2,"name":"B\u00e2tir un avenir du travail qui fonctionne pour tous"}]},{"@type":"WebSite","@id":"https:\/\/cannexus.ceric.ca\/fr\/#website","url":"https:\/\/cannexus.ceric.ca\/fr\/","name":"Cannexus26: Canada\u2019s Career Development Conference","description":"Canada\u2019s Career Development Conference","publisher":{"@id":"https:\/\/cannexus.ceric.ca\/fr\/#organization"},"alternateName":"Cannexus26","potentialAction":[{"@type":"SearchAction","target":{"@type":"EntryPoint","urlTemplate":"https:\/\/cannexus.ceric.ca\/fr\/?s={search_term_string}"},"query-input":{"@type":"PropertyValueSpecification","valueRequired":true,"valueName":"search_term_string"}}],"inLanguage":"fr-FR"},{"@type":"Organization","@id":"https:\/\/cannexus.ceric.ca\/fr\/#organization","name":"Cannexus26","url":"https:\/\/cannexus.ceric.ca\/fr\/","logo":{"@type":"ImageObject","inLanguage":"fr-FR","@id":"https:\/\/cannexus.ceric.ca\/fr\/#\/schema\/logo\/image\/","url":"https:\/\/cannexus.ceric.ca\/wp-content\/uploads\/2025\/04\/CX-seal.png","contentUrl":"https:\/\/cannexus.ceric.ca\/wp-content\/uploads\/2025\/04\/CX-seal.png","width":2000,"height":1574,"caption":"Cannexus26"},"image":{"@id":"https:\/\/cannexus.ceric.ca\/fr\/#\/schema\/logo\/image\/"}}]}},"_links":{"self":[{"href":"https:\/\/cannexus.ceric.ca\/fr\/wp-json\/wp\/v2\/pages\/4750","targetHints":{"allow":["GET"]}}],"collection":[{"href":"https:\/\/cannexus.ceric.ca\/fr\/wp-json\/wp\/v2\/pages"}],"about":[{"href":"https:\/\/cannexus.ceric.ca\/fr\/wp-json\/wp\/v2\/types\/page"}],"author":[{"embeddable":true,"href":"https:\/\/cannexus.ceric.ca\/fr\/wp-json\/wp\/v2\/users\/9"}],"replies":[{"embeddable":true,"href":"https:\/\/cannexus.ceric.ca\/fr\/wp-json\/wp\/v2\/comments?post=4750"}],"version-history":[{"count":0,"href":"https:\/\/cannexus.ceric.ca\/fr\/wp-json\/wp\/v2\/pages\/4750\/revisions"}],"wp:attachment":[{"href":"https:\/\/cannexus.ceric.ca\/fr\/wp-json\/wp\/v2\/media?parent=4750"}],"curies":[{"name":"wp","href":"https:\/\/api.w.org\/{rel}","templated":true}]}}