{"id":4457,"date":"2020-10-20T11:39:51","date_gmt":"2020-10-20T15:39:51","guid":{"rendered":"https:\/\/cannexus.ceric.ca\/?page_id=4457"},"modified":"2022-11-08T13:43:44","modified_gmt":"2022-11-08T18:43:44","slug":"guides-des-conferenciers","status":"publish","type":"page","link":"https:\/\/cannexus.ceric.ca\/fr\/guides-des-conferenciers\/","title":{"rendered":"Guides des conf\u00e9renciers"},"content":{"rendered":"\t\t<div data-elementor-type=\"wp-page\" data-elementor-id=\"4457\" class=\"elementor elementor-4457 elementor-4429\" data-elementor-post-type=\"page\">\n\t\t\t\t\t\t<section class=\"elementor-section elementor-top-section elementor-element elementor-element-735e3d4 elementor-section-boxed elementor-section-height-default elementor-section-height-default\" data-id=\"735e3d4\" data-element_type=\"section\" data-e-type=\"section\">\n\t\t\t\t\t\t<div class=\"elementor-container elementor-column-gap-default\">\n\t\t\t\t\t<div class=\"elementor-column elementor-col-100 elementor-top-column elementor-element elementor-element-9d44f8e\" data-id=\"9d44f8e\" data-element_type=\"column\" data-e-type=\"column\">\n\t\t\t<div class=\"elementor-widget-wrap elementor-element-populated\">\n\t\t\t\t\t\t<div class=\"elementor-element elementor-element-8a59677 elementor-invisible elementor-widget elementor-widget-exhibz-title\" data-id=\"8a59677\" data-element_type=\"widget\" data-e-type=\"widget\" data-settings=\"{&quot;_animation&quot;:&quot;fadeInUp&quot;,&quot;_animation_delay&quot;:350,&quot;ekit_we_effect_on&quot;:&quot;none&quot;}\" data-widget_type=\"exhibz-title.default\">\n\t\t\t\t<div class=\"elementor-widget-container\">\n\t\t\t\t\t\n    <div class=\"title-section-area\">\n        <h2 class=\"section-title\">\n            <span class=\"sub-title\">Guides des conf\u00e9renciers<\/span>\n\t\t\t        <\/h2>\n\t\t                    <\/div><!-- Section title -->\n    \n    \n\n    \t\t\t\t<\/div>\n\t\t\t\t<\/div>\n\t\t\t\t<div class=\"elementor-element elementor-element-ef6ea8f elementor-widget elementor-widget-toggle\" data-id=\"ef6ea8f\" data-element_type=\"widget\" data-e-type=\"widget\" data-settings=\"{&quot;ekit_we_effect_on&quot;:&quot;none&quot;}\" data-widget_type=\"toggle.default\">\n\t\t\t\t<div class=\"elementor-widget-container\">\n\t\t\t\t\t\t\t<div class=\"elementor-toggle\">\n\t\t\t\t\t\t\t<div class=\"elementor-toggle-item\">\n\t\t\t\t\t<div id=\"elementor-tab-title-2511\" class=\"elementor-tab-title\" data-tab=\"1\" role=\"button\" aria-controls=\"elementor-tab-content-2511\" aria-expanded=\"false\">\n\t\t\t\t\t\t\t\t\t\t\t\t<span class=\"elementor-toggle-icon elementor-toggle-icon-left\" aria-hidden=\"true\">\n\t\t\t\t\t\t\t\t\t\t\t\t\t\t\t<span class=\"elementor-toggle-icon-closed\"><svg class=\"e-font-icon-svg e-fas-chevron-down\" viewBox=\"0 0 448 512\" xmlns=\"http:\/\/www.w3.org\/2000\/svg\"><path d=\"M207.029 381.476L12.686 187.132c-9.373-9.373-9.373-24.569 0-33.941l22.667-22.667c9.357-9.357 24.522-9.375 33.901-.04L224 284.505l154.745-154.021c9.379-9.335 24.544-9.317 33.901.04l22.667 22.667c9.373 9.373 9.373 24.569 0 33.941L240.971 381.476c-9.373 9.372-24.569 9.372-33.942 0z\"><\/path><\/svg><\/span>\n\t\t\t\t\t\t\t\t<span class=\"elementor-toggle-icon-opened\"><svg class=\"elementor-toggle-icon-opened e-font-icon-svg e-fas-chevron-up\" viewBox=\"0 0 448 512\" xmlns=\"http:\/\/www.w3.org\/2000\/svg\"><path d=\"M240.971 130.524l194.343 194.343c9.373 9.373 9.373 24.569 0 33.941l-22.667 22.667c-9.357 9.357-24.522 9.375-33.901.04L224 227.495 69.255 381.516c-9.379 9.335-24.544 9.317-33.901-.04l-22.667-22.667c-9.373-9.373-9.373-24.569 0-33.941L207.03 130.525c9.372-9.373 24.568-9.373 33.941-.001z\"><\/path><\/svg><\/span>\n\t\t\t\t\t\t\t\t\t\t\t\t\t<\/span>\n\t\t\t\t\t\t\t\t\t\t\t\t<a class=\"elementor-toggle-title\" tabindex=\"0\">Guide des conf\u00e9renciers pour les \u00e9v\u00e9nements virtuels\u202f\u2013 Pr\u00e9sentations en direct <\/a>\n\t\t\t\t\t<\/div>\n\n\t\t\t\t\t<div id=\"elementor-tab-content-2511\" class=\"elementor-tab-content elementor-clearfix\" data-tab=\"1\" role=\"region\" aria-labelledby=\"elementor-tab-title-2511\"><p><span class=\"TextRun SCXW256684447 BCX0\" lang=\"FR-CA\" xml:lang=\"FR-CA\" data-contrast=\"none\"><span class=\"NormalTextRun SCXW256684447 BCX0\" data-ccp-charstyle=\"normaltextrun\" data-ccp-charstyle-defn=\"{&quot;ObjectId&quot;:&quot;ee5d6376-9381-4120-988d-fd8a5288b79c|71&quot;,&quot;ClassId&quot;:1073872969,&quot;Properties&quot;:[469775450,&quot;normaltextrun&quot;,201340122,&quot;1&quot;,134233614,&quot;true&quot;,469778129,&quot;normaltextrun&quot;,335572020,&quot;1&quot;,469778324,&quot;Default Paragraph Font&quot;]}\">Les pr\u00e9sentations effectu\u00e9es par l\u2019interm\u00e9diaire de cette plateforme d\u2019\u00e9v\u00e9nements virtuels (<\/span><\/span><a class=\"Hyperlink SCXW256684447 BCX0\" href=\"https:\/\/gtrnow.com\/virtual-event-platform\/\" target=\"_blank\" rel=\"noreferrer noopener\"><span class=\"TextRun Underlined SCXW256684447 BCX0\" lang=\"FR-CA\" xml:lang=\"FR-CA\" data-contrast=\"none\"><span class=\"NormalTextRun SCXW256684447 BCX0\" data-ccp-charstyle=\"normaltextrun\">GTR<\/span><\/span><\/a><span class=\"TextRun SCXW256684447 BCX0\" lang=\"FR-CA\" xml:lang=\"FR-CA\" data-contrast=\"none\"><span class=\"NormalTextRun SCXW256684447 BCX0\" data-ccp-charstyle=\"normaltextrun\">) ressemblent beaucoup \u00e0 celles d\u2019un \u00e9v\u00e9nement traditionnel\u202f: les participants pourront vous voir et vous entendre, et vous aurez la possibilit\u00e9 d\u2019afficher des diapositives ou d\u2019autres documents de soutien pendant la pr\u00e9sentation. La principale diff\u00e9rence est que vous pouvez \u00eatre \u00e0 des milliers de kilom\u00e8tres de votre public.<\/span><\/span><span class=\"EOP SCXW256684447 BCX0\" data-ccp-props=\"{&quot;134233117&quot;:false,&quot;134233118&quot;:false,&quot;201341983&quot;:0,&quot;335559738&quot;:0,&quot;335559739&quot;:0,&quot;335559740&quot;:240}\">\u00a0<\/span><\/p><p><a href=\"https:\/\/cannexus.ceric.ca\/wp-content\/uploads\/2022\/11\/Guide-des-confe\u0301renciers-pour-les-e\u0301ve\u0301nements-virtuels-Pre\u0301sentations-en-direct-FINAL.pdf\" target=\"_blank\" rel=\"noopener\"><b>T\u00e9l\u00e9chargez le fichier PDF pour en savoir plus.<\/b><\/a><\/p><\/div>\n\t\t\t\t<\/div>\n\t\t\t\t\t\t\t<div class=\"elementor-toggle-item\">\n\t\t\t\t\t<div id=\"elementor-tab-title-2512\" class=\"elementor-tab-title\" data-tab=\"2\" role=\"button\" aria-controls=\"elementor-tab-content-2512\" aria-expanded=\"false\">\n\t\t\t\t\t\t\t\t\t\t\t\t<span class=\"elementor-toggle-icon elementor-toggle-icon-left\" aria-hidden=\"true\">\n\t\t\t\t\t\t\t\t\t\t\t\t\t\t\t<span class=\"elementor-toggle-icon-closed\"><svg class=\"e-font-icon-svg e-fas-chevron-down\" viewBox=\"0 0 448 512\" xmlns=\"http:\/\/www.w3.org\/2000\/svg\"><path d=\"M207.029 381.476L12.686 187.132c-9.373-9.373-9.373-24.569 0-33.941l22.667-22.667c9.357-9.357 24.522-9.375 33.901-.04L224 284.505l154.745-154.021c9.379-9.335 24.544-9.317 33.901.04l22.667 22.667c9.373 9.373 9.373 24.569 0 33.941L240.971 381.476c-9.373 9.372-24.569 9.372-33.942 0z\"><\/path><\/svg><\/span>\n\t\t\t\t\t\t\t\t<span class=\"elementor-toggle-icon-opened\"><svg class=\"elementor-toggle-icon-opened e-font-icon-svg e-fas-chevron-up\" viewBox=\"0 0 448 512\" xmlns=\"http:\/\/www.w3.org\/2000\/svg\"><path d=\"M240.971 130.524l194.343 194.343c9.373 9.373 9.373 24.569 0 33.941l-22.667 22.667c-9.357 9.357-24.522 9.375-33.901.04L224 227.495 69.255 381.516c-9.379 9.335-24.544 9.317-33.901-.04l-22.667-22.667c-9.373-9.373-9.373-24.569 0-33.941L207.03 130.525c9.372-9.373 24.568-9.373 33.941-.001z\"><\/path><\/svg><\/span>\n\t\t\t\t\t\t\t\t\t\t\t\t\t<\/span>\n\t\t\t\t\t\t\t\t\t\t\t\t<a class=\"elementor-toggle-title\" tabindex=\"0\">Guide des conf\u00e9renciers pour les \u00e9v\u00e9nements virtuels\u202f\u2013 Pr\u00e9sentations de webinaires en direct\u202f <\/a>\n\t\t\t\t\t<\/div>\n\n\t\t\t\t\t<div id=\"elementor-tab-content-2512\" class=\"elementor-tab-content elementor-clearfix\" data-tab=\"2\" role=\"region\" aria-labelledby=\"elementor-tab-title-2512\"><p><span class=\"TextRun SCXW196355600 BCX0\" lang=\"FR-CA\" xml:lang=\"FR-CA\" data-contrast=\"none\"><span class=\"NormalTextRun SCXW196355600 BCX0\" data-ccp-charstyle=\"normaltextrun\" data-ccp-charstyle-defn=\"{&quot;ObjectId&quot;:&quot;c9a2a76b-1396-48a0-a66b-fe0a80b08c46|71&quot;,&quot;ClassId&quot;:1073872969,&quot;Properties&quot;:[469775450,&quot;normaltextrun&quot;,201340122,&quot;1&quot;,134233614,&quot;true&quot;,469778129,&quot;normaltextrun&quot;,335572020,&quot;1&quot;,469778324,&quot;Default Paragraph Font&quot;]}\">Les pr\u00e9sentations effectu\u00e9es par l\u2019interm\u00e9diaire de cette plateforme d\u2019\u00e9v\u00e9nements virtuels (<\/span><\/span><a class=\"Hyperlink SCXW196355600 BCX0\" href=\"https:\/\/gtrnow.com\/virtual-event-platform\/\" target=\"_blank\" rel=\"noreferrer noopener\"><span class=\"TextRun Underlined SCXW196355600 BCX0\" lang=\"FR-CA\" xml:lang=\"FR-CA\" data-contrast=\"none\"><span class=\"NormalTextRun SCXW196355600 BCX0\" data-ccp-charstyle=\"normaltextrun\">GTR<\/span><\/span><\/a><span class=\"TextRun SCXW196355600 BCX0\" lang=\"FR-CA\" xml:lang=\"FR-CA\" data-contrast=\"none\"><span class=\"NormalTextRun SCXW196355600 BCX0\" data-ccp-charstyle=\"normaltextrun\">) ressemblent beaucoup \u00e0 celles d\u2019un \u00e9v\u00e9nement traditionnel\u202f: les participants pourront vous voir et vous entendre, et vous aurez la possibilit\u00e9 d\u2019afficher des diapositives ou d\u2019autres documents de soutien pendant la pr\u00e9sentation. La principale diff\u00e9rence est que vous pouvez \u00eatre \u00e0 des milliers de kilom\u00e8tres de votre public.<\/span><\/span><span class=\"TextRun SCXW196355600 BCX0\" lang=\"FR-FR\" xml:lang=\"FR-FR\" data-contrast=\"none\"><span class=\"NormalTextRun SCXW196355600 BCX0\" data-ccp-charstyle=\"eop\" data-ccp-charstyle-defn=\"{&quot;ObjectId&quot;:&quot;c9a2a76b-1396-48a0-a66b-fe0a80b08c46|70&quot;,&quot;ClassId&quot;:1073872969,&quot;Properties&quot;:[469775450,&quot;eop&quot;,201340122,&quot;1&quot;,134233614,&quot;true&quot;,469778129,&quot;eop&quot;,335572020,&quot;1&quot;,469778324,&quot;Default Paragraph Font&quot;]}\">\u202f<\/span><\/span><span class=\"EOP SCXW196355600 BCX0\" data-ccp-props=\"{&quot;134233117&quot;:false,&quot;134233118&quot;:false,&quot;201341983&quot;:0,&quot;335559738&quot;:0,&quot;335559739&quot;:0,&quot;335559740&quot;:240}\">\u00a0<\/span><\/p><p><a style=\"font-family: var( --e-global-typography-text-font-family ), Sans-serif; background-color: #ffffff;\" href=\"https:\/\/cannexus.ceric.ca\/wp-content\/uploads\/2022\/11\/Guide-des-confe\u0301renciers-pour-les-e\u0301ve\u0301nements-virtuels\u2013-Pre\u0301sentations-de-webinaires-en-direct-FINAL.pdf\" target=\"_blank\" rel=\"noopener\"><b>T\u00e9l\u00e9chargez le fichier PDF pour en savoir plus<\/b><\/a><strong>.<\/strong><\/p><\/div>\n\t\t\t\t<\/div>\n\t\t\t\t\t\t\t<div class=\"elementor-toggle-item\">\n\t\t\t\t\t<div id=\"elementor-tab-title-2513\" class=\"elementor-tab-title\" data-tab=\"3\" role=\"button\" aria-controls=\"elementor-tab-content-2513\" aria-expanded=\"false\">\n\t\t\t\t\t\t\t\t\t\t\t\t<span class=\"elementor-toggle-icon elementor-toggle-icon-left\" aria-hidden=\"true\">\n\t\t\t\t\t\t\t\t\t\t\t\t\t\t\t<span class=\"elementor-toggle-icon-closed\"><svg class=\"e-font-icon-svg e-fas-chevron-down\" viewBox=\"0 0 448 512\" xmlns=\"http:\/\/www.w3.org\/2000\/svg\"><path d=\"M207.029 381.476L12.686 187.132c-9.373-9.373-9.373-24.569 0-33.941l22.667-22.667c9.357-9.357 24.522-9.375 33.901-.04L224 284.505l154.745-154.021c9.379-9.335 24.544-9.317 33.901.04l22.667 22.667c9.373 9.373 9.373 24.569 0 33.941L240.971 381.476c-9.373 9.372-24.569 9.372-33.942 0z\"><\/path><\/svg><\/span>\n\t\t\t\t\t\t\t\t<span class=\"elementor-toggle-icon-opened\"><svg class=\"elementor-toggle-icon-opened e-font-icon-svg e-fas-chevron-up\" viewBox=\"0 0 448 512\" xmlns=\"http:\/\/www.w3.org\/2000\/svg\"><path d=\"M240.971 130.524l194.343 194.343c9.373 9.373 9.373 24.569 0 33.941l-22.667 22.667c-9.357 9.357-24.522 9.375-33.901.04L224 227.495 69.255 381.516c-9.379 9.335-24.544 9.317-33.901-.04l-22.667-22.667c-9.373-9.373-9.373-24.569 0-33.941L207.03 130.525c9.372-9.373 24.568-9.373 33.941-.001z\"><\/path><\/svg><\/span>\n\t\t\t\t\t\t\t\t\t\t\t\t\t<\/span>\n\t\t\t\t\t\t\t\t\t\t\t\t<a class=\"elementor-toggle-title\" tabindex=\"0\">Guide des conf\u00e9renciers pour les \u00e9v\u00e9nements virtuels \u2013 Pr\u00e9sentations pr\u00e9enregistr\u00e9es sur demande <\/a>\n\t\t\t\t\t<\/div>\n\n\t\t\t\t\t<div id=\"elementor-tab-content-2513\" class=\"elementor-tab-content elementor-clearfix\" data-tab=\"3\" role=\"region\" aria-labelledby=\"elementor-tab-title-2513\"><p><span class=\"TextRun SCXW120984400 BCX0\" lang=\"FR-FR\" xml:lang=\"FR-FR\" data-contrast=\"auto\"><span class=\"NormalTextRun SCXW120984400 BCX0\" data-ccp-parastyle=\"Default\" data-ccp-parastyle-defn=\"{&quot;ObjectId&quot;:&quot;b665a43c-b0e2-4b4c-907e-75ac02af2eaa|87&quot;,&quot;ClassId&quot;:1073872969,&quot;Properties&quot;:[469775450,&quot;Default&quot;,201340122,&quot;2&quot;,134233614,&quot;true&quot;,469778129,&quot;Default&quot;,335572020,&quot;1&quot;,201342448,&quot;1&quot;,469777841,&quot;Calibri&quot;,469777842,&quot;Calibri&quot;,469777843,&quot;Calibri&quot;,469777844,&quot;Calibri&quot;,469769226,&quot;Calibri&quot;,335551500,&quot;0&quot;,268442635,&quot;24&quot;,335559740,&quot;240&quot;,201341983,&quot;0&quot;,335559739,&quot;0&quot;]}\">Les s\u00e9ances pr\u00e9enregistr\u00e9es sur demande du congr\u00e8s <\/span><span class=\"NormalTextRun SpellingErrorV2Themed SCXW120984400 BCX0\" data-ccp-parastyle=\"Default\">Cannexus<\/span><span class=\"NormalTextRun SCXW120984400 BCX0\" data-ccp-parastyle=\"Default\"> offrent de nombreux avantages. Vous aurez la possibilit\u00e9 d\u2019enregistrer et de modifier la s\u00e9ance au moment qui vous convient, et de la t\u00e9l\u00e9verser sur <\/span><\/span><a class=\"Hyperlink SCXW120984400 BCX0\" href=\"https:\/\/gtrnow.com\/virtual-event-platform\/\" target=\"_blank\" rel=\"noreferrer noopener\"><span class=\"FieldRange SCXW120984400 BCX0\"><span class=\"TextRun Underlined SCXW120984400 BCX0\" lang=\"FR-FR\" xml:lang=\"FR-FR\" data-contrast=\"none\"><span class=\"NormalTextRun SCXW120984400 BCX0\" data-ccp-charstyle=\"Hyperlink\">la plateforme virtuelle du congr\u00e8s<\/span><\/span><\/span><\/a><span class=\"TextRun SCXW120984400 BCX0\" lang=\"FR-FR\" xml:lang=\"FR-FR\" data-contrast=\"auto\"> <span class=\"NormalTextRun ContextualSpellingAndGrammarErrorV2Themed SCXW120984400 BCX0\" data-ccp-parastyle=\"Default\">en<\/span><span class=\"NormalTextRun SCXW120984400 BCX0\" data-ccp-parastyle=\"Default\"> janvier. Les participants inscrits auront acc\u00e8s \u00e0 votre s\u00e9ance pendant <\/span><span class=\"NormalTextRun SCXW120984400 BCX0\" data-ccp-parastyle=\"Default\">six mois<\/span><span class=\"NormalTextRun SCXW120984400 BCX0\" data-ccp-parastyle=\"Default\">.\u00a0<\/span><\/span><span class=\"EOP SCXW120984400 BCX0\" data-ccp-props=\"{&quot;201341983&quot;:0,&quot;335559739&quot;:0,&quot;335559740&quot;:240}\">\u00a0<\/span><\/p><p><a style=\"font-family: var( --e-global-typography-text-font-family ), Sans-serif; background-color: #ffffff;\" href=\"https:\/\/cannexus.ceric.ca\/wp-content\/uploads\/2022\/11\/Guide-des-confe\u0301renciers-pour-les-e\u0301ve\u0301nements-virtuels\u2013-Pre\u0301sentations-pre\u0301enregistre\u0301es-sur-demande-FINAL.pdf\" target=\"_blank\" rel=\"noopener\"><b>T\u00e9l\u00e9chargez le fichier PDF pour en savoir plus<\/b><\/a><b>.<\/b><\/p><\/div>\n\t\t\t\t<\/div>\n\t\t\t\t\t\t\t\t<\/div>\n\t\t\t\t\t\t<\/div>\n\t\t\t\t<\/div>\n\t\t\t\t<div class=\"elementor-element elementor-element-17c2e4f elementor-widget elementor-widget-spacer\" data-id=\"17c2e4f\" data-element_type=\"widget\" data-e-type=\"widget\" data-settings=\"{&quot;ekit_we_effect_on&quot;:&quot;none&quot;}\" data-widget_type=\"spacer.default\">\n\t\t\t\t<div class=\"elementor-widget-container\">\n\t\t\t\t\t\t\t<div class=\"elementor-spacer\">\n\t\t\t<div class=\"elementor-spacer-inner\"><\/div>\n\t\t<\/div>\n\t\t\t\t\t\t<\/div>\n\t\t\t\t<\/div>\n\t\t\t\t<div class=\"elementor-element elementor-element-f5e013f elementor-alert-warning elementor-widget elementor-widget-alert\" data-id=\"f5e013f\" data-element_type=\"widget\" data-e-type=\"widget\" data-settings=\"{&quot;ekit_we_effect_on&quot;:&quot;none&quot;}\" data-widget_type=\"alert.default\">\n\t\t\t\t<div class=\"elementor-widget-container\">\n\t\t\t\t\t\t\t<div class=\"elementor-alert\" role=\"alert\">\n\n\t\t\t\t\t\t<span class=\"elementor-alert-title\">Questions?<\/span>\n\t\t\t\n\t\t\t\t\t\t<span class=\"elementor-alert-description\">Des questions? Contactez <a href=\"mailto:sandra@ceric.ca\">sandra@ceric.ca<\/a>.\n\n<\/span>\n\t\t\t\n\t\t\t\n\t\t<\/div>\n\t\t\t\t\t\t<\/div>\n\t\t\t\t<\/div>\n\t\t\t\t\t<\/div>\n\t\t<\/div>\n\t\t\t\t\t<\/div>\n\t\t<\/section>\n\t\t\t\t<\/div>\n\t\t","protected":false},"excerpt":{"rendered":"<p>Guides des conf\u00e9renciers Guide des conf\u00e9renciers pour les \u00e9v\u00e9nements virtuels\u202f\u2013 Pr\u00e9sentations en direct Les pr\u00e9sentations effectu\u00e9es par l\u2019interm\u00e9diaire de cette plateforme d\u2019\u00e9v\u00e9nements virtuels (GTR) ressemblent beaucoup \u00e0 celles d\u2019un \u00e9v\u00e9nement traditionnel\u202f: les participants pourront vous voir et vous entendre, et vous aurez la possibilit\u00e9 d\u2019afficher des diapositives ou d\u2019autres documents de soutien pendant la pr\u00e9sentation. [&hellip;]<\/p>\n","protected":false},"author":9,"featured_media":0,"parent":0,"menu_order":0,"comment_status":"closed","ping_status":"closed","template":"template\/full-width-template.php","meta":{"wp_social_preview_title":"","wp_social_preview_description":"","wp_social_preview_image":0,"footnotes":""},"class_list":["post-4457","page","type-page","status-publish","hentry"],"yoast_head":"<!-- This site is optimized with the Yoast SEO Premium plugin v26.0 (Yoast SEO v26.0) - https:\/\/yoast.com\/wordpress\/plugins\/seo\/ -->\n<title>Guides des conf\u00e9renciers - Cannexus27<\/title>\n<meta name=\"robots\" content=\"index, follow, max-snippet:-1, max-image-preview:large, max-video-preview:-1\" \/>\n<link rel=\"canonical\" href=\"https:\/\/cannexus.ceric.ca\/fr\/guides-des-conferenciers\/\" \/>\n<meta property=\"og:locale\" content=\"fr_FR\" \/>\n<meta property=\"og:type\" content=\"article\" \/>\n<meta property=\"og:title\" content=\"Guides des conf\u00e9renciers\" \/>\n<meta property=\"og:description\" content=\"Guides des conf\u00e9renciers Guide des conf\u00e9renciers pour les \u00e9v\u00e9nements virtuels\u202f\u2013 Pr\u00e9sentations en direct Les pr\u00e9sentations effectu\u00e9es par l\u2019interm\u00e9diaire de cette plateforme d\u2019\u00e9v\u00e9nements virtuels (GTR) ressemblent beaucoup \u00e0 celles d\u2019un \u00e9v\u00e9nement traditionnel\u202f: les participants pourront vous voir et vous entendre, et vous aurez la possibilit\u00e9 d\u2019afficher des diapositives ou d\u2019autres documents de soutien pendant la pr\u00e9sentation. [&hellip;]\" \/>\n<meta property=\"og:url\" content=\"https:\/\/cannexus.ceric.ca\/fr\/guides-des-conferenciers\/\" \/>\n<meta property=\"og:site_name\" content=\"Cannexus27\" \/>\n<meta property=\"article:modified_time\" content=\"2022-11-08T18:43:44+00:00\" \/>\n<meta property=\"og:image\" content=\"https:\/\/cannexus.ceric.ca\/wp-content\/uploads\/2024\/04\/CX25-v1-5.png\" \/>\n\t<meta property=\"og:image:width\" content=\"1200\" \/>\n\t<meta property=\"og:image:height\" content=\"300\" \/>\n\t<meta property=\"og:image:type\" content=\"image\/png\" \/>\n<meta name=\"twitter:card\" content=\"summary_large_image\" \/>\n<meta name=\"twitter:label1\" content=\"Dur\u00e9e de lecture estim\u00e9e\" \/>\n\t<meta name=\"twitter:data1\" content=\"1 minute\" \/>\n<script type=\"application\/ld+json\" class=\"yoast-schema-graph\">{\"@context\":\"https:\/\/schema.org\",\"@graph\":[{\"@type\":\"WebPage\",\"@id\":\"https:\/\/cannexus.ceric.ca\/fr\/guides-des-conferenciers\/\",\"url\":\"https:\/\/cannexus.ceric.ca\/fr\/guides-des-conferenciers\/\",\"name\":\"Guides des conf\u00e9renciers - Cannexus27\",\"isPartOf\":{\"@id\":\"https:\/\/cannexus.ceric.ca\/fr\/#website\"},\"datePublished\":\"2020-10-20T15:39:51+00:00\",\"dateModified\":\"2022-11-08T18:43:44+00:00\",\"breadcrumb\":{\"@id\":\"https:\/\/cannexus.ceric.ca\/fr\/guides-des-conferenciers\/#breadcrumb\"},\"inLanguage\":\"fr-FR\",\"potentialAction\":[{\"@type\":\"ReadAction\",\"target\":[\"https:\/\/cannexus.ceric.ca\/fr\/guides-des-conferenciers\/\"]}]},{\"@type\":\"BreadcrumbList\",\"@id\":\"https:\/\/cannexus.ceric.ca\/fr\/guides-des-conferenciers\/#breadcrumb\",\"itemListElement\":[{\"@type\":\"ListItem\",\"position\":1,\"name\":\"Home\",\"item\":\"https:\/\/cannexus.ceric.ca\/fr\/\"},{\"@type\":\"ListItem\",\"position\":2,\"name\":\"Guides des conf\u00e9renciers\"}]},{\"@type\":\"WebSite\",\"@id\":\"https:\/\/cannexus.ceric.ca\/fr\/#website\",\"url\":\"https:\/\/cannexus.ceric.ca\/fr\/\",\"name\":\"Cannexus26: Canada\u2019s Career Development Conference\",\"description\":\"Canada\u2019s Career Development Conference\",\"publisher\":{\"@id\":\"https:\/\/cannexus.ceric.ca\/fr\/#organization\"},\"alternateName\":\"Cannexus26\",\"potentialAction\":[{\"@type\":\"SearchAction\",\"target\":{\"@type\":\"EntryPoint\",\"urlTemplate\":\"https:\/\/cannexus.ceric.ca\/fr\/?s={search_term_string}\"},\"query-input\":{\"@type\":\"PropertyValueSpecification\",\"valueRequired\":true,\"valueName\":\"search_term_string\"}}],\"inLanguage\":\"fr-FR\"},{\"@type\":\"Organization\",\"@id\":\"https:\/\/cannexus.ceric.ca\/fr\/#organization\",\"name\":\"Cannexus26\",\"url\":\"https:\/\/cannexus.ceric.ca\/fr\/\",\"logo\":{\"@type\":\"ImageObject\",\"inLanguage\":\"fr-FR\",\"@id\":\"https:\/\/cannexus.ceric.ca\/fr\/#\/schema\/logo\/image\/\",\"url\":\"https:\/\/cannexus.ceric.ca\/wp-content\/uploads\/2025\/04\/CX-seal.png\",\"contentUrl\":\"https:\/\/cannexus.ceric.ca\/wp-content\/uploads\/2025\/04\/CX-seal.png\",\"width\":2000,\"height\":1574,\"caption\":\"Cannexus26\"},\"image\":{\"@id\":\"https:\/\/cannexus.ceric.ca\/fr\/#\/schema\/logo\/image\/\"}}]}<\/script>\n<!-- \/ Yoast SEO Premium plugin. -->","yoast_head_json":{"title":"Guides des conf\u00e9renciers - Cannexus27","robots":{"index":"index","follow":"follow","max-snippet":"max-snippet:-1","max-image-preview":"max-image-preview:large","max-video-preview":"max-video-preview:-1"},"canonical":"https:\/\/cannexus.ceric.ca\/fr\/guides-des-conferenciers\/","og_locale":"fr_FR","og_type":"article","og_title":"Guides des conf\u00e9renciers","og_description":"Guides des conf\u00e9renciers Guide des conf\u00e9renciers pour les \u00e9v\u00e9nements virtuels\u202f\u2013 Pr\u00e9sentations en direct Les pr\u00e9sentations effectu\u00e9es par l\u2019interm\u00e9diaire de cette plateforme d\u2019\u00e9v\u00e9nements virtuels (GTR) ressemblent beaucoup \u00e0 celles d\u2019un \u00e9v\u00e9nement traditionnel\u202f: les participants pourront vous voir et vous entendre, et vous aurez la possibilit\u00e9 d\u2019afficher des diapositives ou d\u2019autres documents de soutien pendant la pr\u00e9sentation. [&hellip;]","og_url":"https:\/\/cannexus.ceric.ca\/fr\/guides-des-conferenciers\/","og_site_name":"Cannexus27","article_modified_time":"2022-11-08T18:43:44+00:00","og_image":[{"width":1200,"height":300,"url":"https:\/\/cannexus.ceric.ca\/wp-content\/uploads\/2024\/04\/CX25-v1-5.png","type":"image\/png"}],"twitter_card":"summary_large_image","twitter_misc":{"Dur\u00e9e de lecture estim\u00e9e":"1 minute"},"schema":{"@context":"https:\/\/schema.org","@graph":[{"@type":"WebPage","@id":"https:\/\/cannexus.ceric.ca\/fr\/guides-des-conferenciers\/","url":"https:\/\/cannexus.ceric.ca\/fr\/guides-des-conferenciers\/","name":"Guides des conf\u00e9renciers - Cannexus27","isPartOf":{"@id":"https:\/\/cannexus.ceric.ca\/fr\/#website"},"datePublished":"2020-10-20T15:39:51+00:00","dateModified":"2022-11-08T18:43:44+00:00","breadcrumb":{"@id":"https:\/\/cannexus.ceric.ca\/fr\/guides-des-conferenciers\/#breadcrumb"},"inLanguage":"fr-FR","potentialAction":[{"@type":"ReadAction","target":["https:\/\/cannexus.ceric.ca\/fr\/guides-des-conferenciers\/"]}]},{"@type":"BreadcrumbList","@id":"https:\/\/cannexus.ceric.ca\/fr\/guides-des-conferenciers\/#breadcrumb","itemListElement":[{"@type":"ListItem","position":1,"name":"Home","item":"https:\/\/cannexus.ceric.ca\/fr\/"},{"@type":"ListItem","position":2,"name":"Guides des conf\u00e9renciers"}]},{"@type":"WebSite","@id":"https:\/\/cannexus.ceric.ca\/fr\/#website","url":"https:\/\/cannexus.ceric.ca\/fr\/","name":"Cannexus26: Canada\u2019s Career Development Conference","description":"Canada\u2019s Career Development Conference","publisher":{"@id":"https:\/\/cannexus.ceric.ca\/fr\/#organization"},"alternateName":"Cannexus26","potentialAction":[{"@type":"SearchAction","target":{"@type":"EntryPoint","urlTemplate":"https:\/\/cannexus.ceric.ca\/fr\/?s={search_term_string}"},"query-input":{"@type":"PropertyValueSpecification","valueRequired":true,"valueName":"search_term_string"}}],"inLanguage":"fr-FR"},{"@type":"Organization","@id":"https:\/\/cannexus.ceric.ca\/fr\/#organization","name":"Cannexus26","url":"https:\/\/cannexus.ceric.ca\/fr\/","logo":{"@type":"ImageObject","inLanguage":"fr-FR","@id":"https:\/\/cannexus.ceric.ca\/fr\/#\/schema\/logo\/image\/","url":"https:\/\/cannexus.ceric.ca\/wp-content\/uploads\/2025\/04\/CX-seal.png","contentUrl":"https:\/\/cannexus.ceric.ca\/wp-content\/uploads\/2025\/04\/CX-seal.png","width":2000,"height":1574,"caption":"Cannexus26"},"image":{"@id":"https:\/\/cannexus.ceric.ca\/fr\/#\/schema\/logo\/image\/"}}]}},"_links":{"self":[{"href":"https:\/\/cannexus.ceric.ca\/fr\/wp-json\/wp\/v2\/pages\/4457","targetHints":{"allow":["GET"]}}],"collection":[{"href":"https:\/\/cannexus.ceric.ca\/fr\/wp-json\/wp\/v2\/pages"}],"about":[{"href":"https:\/\/cannexus.ceric.ca\/fr\/wp-json\/wp\/v2\/types\/page"}],"author":[{"embeddable":true,"href":"https:\/\/cannexus.ceric.ca\/fr\/wp-json\/wp\/v2\/users\/9"}],"replies":[{"embeddable":true,"href":"https:\/\/cannexus.ceric.ca\/fr\/wp-json\/wp\/v2\/comments?post=4457"}],"version-history":[{"count":0,"href":"https:\/\/cannexus.ceric.ca\/fr\/wp-json\/wp\/v2\/pages\/4457\/revisions"}],"wp:attachment":[{"href":"https:\/\/cannexus.ceric.ca\/fr\/wp-json\/wp\/v2\/media?parent=4457"}],"curies":[{"name":"wp","href":"https:\/\/api.w.org\/{rel}","templated":true}]}}