{"id":3234,"date":"2020-07-17T15:18:43","date_gmt":"2020-07-17T19:18:43","guid":{"rendered":"https:\/\/cannexus.ceric.ca\/?page_id=3234"},"modified":"2026-04-10T11:24:37","modified_gmt":"2026-04-10T15:24:37","slug":"bourse-marilyn-van-norman","status":"publish","type":"page","link":"https:\/\/cannexus.ceric.ca\/fr\/bourse-marilyn-van-norman\/","title":{"rendered":"Bourse Marilyn Van Norman"},"content":{"rendered":"\t\t<div data-elementor-type=\"wp-page\" data-elementor-id=\"3234\" class=\"elementor elementor-3234 elementor-3091\" data-elementor-post-type=\"page\">\n\t\t\t\t\t\t<section class=\"elementor-section elementor-top-section elementor-element elementor-element-412b77b elementor-section-boxed elementor-section-height-default elementor-section-height-default\" data-id=\"412b77b\" data-element_type=\"section\" data-e-type=\"section\">\n\t\t\t\t\t\t<div class=\"elementor-container elementor-column-gap-default\">\n\t\t\t\t\t<div class=\"elementor-column elementor-col-100 elementor-top-column elementor-element elementor-element-0b27667\" data-id=\"0b27667\" data-element_type=\"column\" data-e-type=\"column\">\n\t\t\t<div class=\"elementor-widget-wrap elementor-element-populated\">\n\t\t\t\t\t\t<div class=\"elementor-element elementor-element-336eddd elementor-invisible elementor-widget elementor-widget-exhibz-title\" data-id=\"336eddd\" data-element_type=\"widget\" data-e-type=\"widget\" data-settings=\"{&quot;_animation&quot;:&quot;fadeInUp&quot;,&quot;_animation_delay&quot;:350,&quot;ekit_we_effect_on&quot;:&quot;none&quot;}\" data-widget_type=\"exhibz-title.default\">\n\t\t\t\t<div class=\"elementor-widget-container\">\n\t\t\t\t\t\n    <div class=\"title-section-area\">\n        <h2 class=\"section-title\">\n            <span class=\"sub-title\">Bourse Marilyn Van Norman<\/span>\n\t\t\t        <\/h2>\n\t\t                    <\/div><!-- Section title -->\n    \n    \n\n    \t\t\t\t<\/div>\n\t\t\t\t<\/div>\n\t\t\t\t\t<\/div>\n\t\t<\/div>\n\t\t\t\t\t<\/div>\n\t\t<\/section>\n\t\t\t\t<section class=\"elementor-section elementor-top-section elementor-element elementor-element-85f55d1 elementor-section-boxed elementor-section-height-default elementor-section-height-default\" data-id=\"85f55d1\" data-element_type=\"section\" data-e-type=\"section\">\n\t\t\t\t\t\t<div class=\"elementor-container elementor-column-gap-default\">\n\t\t\t\t\t<div class=\"elementor-column elementor-col-100 elementor-top-column elementor-element elementor-element-efdb43a\" data-id=\"efdb43a\" data-element_type=\"column\" data-e-type=\"column\">\n\t\t\t<div class=\"elementor-widget-wrap elementor-element-populated\">\n\t\t\t\t\t\t<div class=\"elementor-element elementor-element-c6aea15 elementor-widget elementor-widget-text-editor\" data-id=\"c6aea15\" data-element_type=\"widget\" data-e-type=\"widget\" data-settings=\"{&quot;ekit_we_effect_on&quot;:&quot;none&quot;}\" data-widget_type=\"text-editor.default\">\n\t\t\t\t<div class=\"elementor-widget-container\">\n\t\t\t\t\t\t\t\t\t<p><a href=\"https:\/\/counselling.foundation\/\" target=\"_blank\" rel=\"noopener noreferrer\" data-stringify-link=\"https:\/\/counselling.foundation\/\" data-sk=\"tooltip_parent\">The Counselling Foundation of Canada<\/a>\u00a0a cr\u00e9\u00e9 la bourse Marilyn Van Norman pour aider les conseillers communautaires et les professionnels de la gestion de carri\u00e8re et de l\u2019orientation professionnelle \u00e0 participer au congr\u00e8s Cannexus chaque ann\u00e9e.<\/p><p>Six (6) bourses seront offertes dont une bourse pour chaque province et territoire. Les bourses seront attribu\u00e9es pour une seule inscription compl\u00e8te au congr\u00e8s en pr\u00e9sentiel. Les demandes doivent provenir d\u2019organismes de bienfaisance ou d\u2019associations communautaires canadiennes sans but lucratif.<strong>\u00a0Les organismes sont invit\u00e9s \u00e0 se limiter \u00e0 une seule demande par organisme.<\/strong><\/p><p>En tant que bailleur de fonds du CERIC et partenaire-fondateur de Cannexus, la Fondation attribue la bourse (anciennement appel\u00e9e bourse Elizabeth McTavish) depuis 2006.<\/p>\t\t\t\t\t\t\t\t<\/div>\n\t\t\t\t<\/div>\n\t\t\t\t\t<\/div>\n\t\t<\/div>\n\t\t\t\t\t<\/div>\n\t\t<\/section>\n\t\t\t\t<section class=\"elementor-section elementor-top-section elementor-element elementor-element-c9b84b6 elementor-section-boxed elementor-section-height-default elementor-section-height-default\" data-id=\"c9b84b6\" data-element_type=\"section\" data-e-type=\"section\">\n\t\t\t\t\t\t<div class=\"elementor-container elementor-column-gap-default\">\n\t\t\t\t\t<div class=\"elementor-column elementor-col-100 elementor-top-column elementor-element elementor-element-3850b9e\" data-id=\"3850b9e\" data-element_type=\"column\" data-e-type=\"column\">\n\t\t\t<div class=\"elementor-widget-wrap elementor-element-populated\">\n\t\t\t\t\t\t<div class=\"elementor-element elementor-element-1401567 elementor-hidden-desktop elementor-hidden-tablet elementor-hidden-mobile elementor-widget elementor-widget-heading\" data-id=\"1401567\" data-element_type=\"widget\" data-e-type=\"widget\" data-settings=\"{&quot;ekit_we_effect_on&quot;:&quot;none&quot;}\" data-widget_type=\"heading.default\">\n\t\t\t\t<div class=\"elementor-widget-container\">\n\t\t\t\t\t<h5 class=\"elementor-heading-title elementor-size-default\">La date limite pour faire une demande de bourse est pass\u00e9e.<\/h5>\t\t\t\t<\/div>\n\t\t\t\t<\/div>\n\t\t\t\t\t<\/div>\n\t\t<\/div>\n\t\t\t\t\t<\/div>\n\t\t<\/section>\n\t\t\t\t<section class=\"elementor-section elementor-top-section elementor-element elementor-element-4662291 elementor-section-boxed elementor-section-height-default elementor-section-height-default\" data-id=\"4662291\" data-element_type=\"section\" data-e-type=\"section\">\n\t\t\t\t\t\t<div class=\"elementor-container elementor-column-gap-default\">\n\t\t\t\t\t<div class=\"elementor-column elementor-col-100 elementor-top-column elementor-element elementor-element-87a3851\" data-id=\"87a3851\" data-element_type=\"column\" data-e-type=\"column\">\n\t\t\t<div class=\"elementor-widget-wrap elementor-element-populated\">\n\t\t\t\t\t\t<div class=\"elementor-element elementor-element-418373e elementor-alert-warning elementor-widget elementor-widget-alert\" data-id=\"418373e\" data-element_type=\"widget\" data-e-type=\"widget\" data-settings=\"{&quot;ekit_we_effect_on&quot;:&quot;none&quot;}\" data-widget_type=\"alert.default\">\n\t\t\t\t<div class=\"elementor-widget-container\">\n\t\t\t\t\t\t\t<div class=\"elementor-alert\" role=\"alert\">\n\n\t\t\t\t\t\t<span class=\"elementor-alert-title\">Veuillez v\u00e9rifier \u00e0 l\u2019\u00e9t\u00e9 2026 pour plus d\u2019informations sur la bourse Marilyn Van Norman pour Cannexus27.<\/span>\n\t\t\t\n\t\t\t\n\t\t\t\n\t\t<\/div>\n\t\t\t\t\t\t<\/div>\n\t\t\t\t<\/div>\n\t\t\t\t<div class=\"elementor-element elementor-element-1c1a7dd elementor-align-center elementor-button-info elementor-hidden-desktop elementor-hidden-tablet elementor-hidden-mobile elementor-widget elementor-widget-button\" data-id=\"1c1a7dd\" data-element_type=\"widget\" data-e-type=\"widget\" data-settings=\"{&quot;ekit_we_effect_on&quot;:&quot;none&quot;}\" data-widget_type=\"button.default\">\n\t\t\t\t<div class=\"elementor-widget-container\">\n\t\t\t\t\t\t\t\t\t<div class=\"elementor-button-wrapper\">\n\t\t\t\t\t<a class=\"elementor-button elementor-button-link elementor-size-lg\" href=\"https:\/\/www.tfaforms.com\/5176615\" target=\"_blank\">\n\t\t\t\t\t\t<span class=\"elementor-button-content-wrapper\">\n\t\t\t\t\t\t<span class=\"elementor-button-icon\">\n\t\t\t\t<svg aria-hidden=\"true\" class=\"e-font-icon-svg e-far-edit\" viewBox=\"0 0 576 512\" xmlns=\"http:\/\/www.w3.org\/2000\/svg\"><path d=\"M402.3 344.9l32-32c5-5 13.7-1.5 13.7 5.7V464c0 26.5-21.5 48-48 48H48c-26.5 0-48-21.5-48-48V112c0-26.5 21.5-48 48-48h273.5c7.1 0 10.7 8.6 5.7 13.7l-32 32c-1.5 1.5-3.5 2.3-5.7 2.3H48v352h352V350.5c0-2.1.8-4.1 2.3-5.6zm156.6-201.8L296.3 405.7l-90.4 10c-26.2 2.9-48.5-19.2-45.6-45.6l10-90.4L432.9 17.1c22.9-22.9 59.9-22.9 82.7 0l43.2 43.2c22.9 22.9 22.9 60 .1 82.8zM460.1 174L402 115.9 216.2 301.8l-7.3 65.3 65.3-7.3L460.1 174zm64.8-79.7l-43.2-43.2c-4.1-4.1-10.8-4.1-14.8 0L436 82l58.1 58.1 30.9-30.9c4-4.2 4-10.8-.1-14.9z\"><\/path><\/svg>\t\t\t<\/span>\n\t\t\t\t\t\t\t\t\t<span class=\"elementor-button-text\"><b>Appliquer maintenant<\/b><\/span>\n\t\t\t\t\t<\/span>\n\t\t\t\t\t<\/a>\n\t\t\t\t<\/div>\n\t\t\t\t\t\t\t\t<\/div>\n\t\t\t\t<\/div>\n\t\t\t\t<div class=\"elementor-element elementor-element-a08139b elementor-widget elementor-widget-text-editor\" data-id=\"a08139b\" data-element_type=\"widget\" data-e-type=\"widget\" data-settings=\"{&quot;ekit_we_effect_on&quot;:&quot;none&quot;}\" data-widget_type=\"text-editor.default\">\n\t\t\t\t<div class=\"elementor-widget-container\">\n\t\t\t\t\t\t\t\t\t<p><strong>\u00c0 propos de Marilyn Van Norman <\/strong><\/p><p>La bourse est attribu\u00e9e en reconnaissance \u00e0 Marilyn Van Norman, directrice des initiatives de recherche du CERIC retrait\u00e9e. Reconnue comme collaboratrice, visionnaire et agente de liaison, elle est largement respect\u00e9e pour le r\u00f4le de chef de file qu\u2019elle a jou\u00e9 pendant plus de 40 ans dans le domaine du d\u00e9veloppement de carri\u00e8re.<\/p><p>Au cours de ses 12 ann\u00e9es au CERIC, Marilyn a pilot\u00e9 plusieurs initiatives novatrices, \u00e9tablissant le <a href=\"https:\/\/ceric.ca\/fr\/programme_etudiants\/\" target=\"_blank\" rel=\"noopener\">Programme de mobilisation des \u00e9tudiants aux cycles sup\u00e9rieurs<\/a>, cr\u00e9ant la <a href=\"https:\/\/ceric.ca\/fr\/la-base-de-donnees-des-chercheurs-canadiens-en-developpement-de-carriere\/\" target=\"_blank\" rel=\"noopener\">base de donn\u00e9es des chercheurs en d\u00e9veloppement de carri\u00e8re au Canada<\/a> et produisant <a href=\"https:\/\/ceric.ca\/fr\/listes-de-documents\/\" target=\"_blank\" rel=\"noopener\">60\u00a0recherches documentaires<\/a>. Elle a \u00e9galement \u00e9crit <a href=\"https:\/\/ceric.ca\/fr\/publications\/\" target=\"_blank\" rel=\"noopener\">deux livres populaires<\/a> pour le CERIC sur la gestion de centres de carri\u00e8res.<\/p><p>Auparavant, elle a occup\u00e9 des fonctions importantes \u00e0 l\u2019Universit\u00e9 de Toronto \u00e0 titre de directrice du centre de carri\u00e8res, puis de directrice des services aux \u00e9tudiants. Son ouvrage pr\u00e9c\u00e9dent, <em>Making It Work: Career Management for the New Workplace<\/em>, a \u00e9t\u00e9 un succ\u00e8s de librairie au Canada.<\/p><p>Marilyn a \u00e9t\u00e9 active au sein de nombreux comit\u00e9s et conseils d\u2019administration canadiens li\u00e9s au d\u00e9veloppement de carri\u00e8re. Elle a notamment \u00e9t\u00e9 pr\u00e9sidente de l\u2019<a href=\"https:\/\/www.cacee.com\/index_Fr.html\" target=\"_blank\" rel=\"noopener\">Association canadienne des sp\u00e9cialistes en emploi et des employeurs<\/a> (ACSEE); membre fondatrice du conseil d\u2019administration du CERIC et pr\u00e9sidente du Colloque national touchant le d\u00e9veloppement de carri\u00e8re pendant 15\u00a0ans.<\/p><p>R\u00e9compens\u00e9e par de nombreux prix, Marilyn a \u00e9t\u00e9 la premi\u00e8re laur\u00e9ate du <a href=\"https:\/\/ceric.ca\/fr\/ancien-recipiendaires-du-prix-wileman\/\" target=\"_blank\" rel=\"noopener\">prix Etta\u00a0St.\u00a0John\u00a0Wileman<\/a> du CERIC pour l\u2019ensemble de ses r\u00e9alisations en mati\u00e8re de d\u00e9veloppement de carri\u00e8re au Canada.<\/p>\t\t\t\t\t\t\t\t<\/div>\n\t\t\t\t<\/div>\n\t\t\t\t\t<\/div>\n\t\t<\/div>\n\t\t\t\t\t<\/div>\n\t\t<\/section>\n\t\t\t\t<section class=\"elementor-section elementor-top-section elementor-element elementor-element-06c2952 elementor-section-boxed elementor-section-height-default elementor-section-height-default\" data-id=\"06c2952\" data-element_type=\"section\" data-e-type=\"section\">\n\t\t\t\t\t\t<div class=\"elementor-container elementor-column-gap-default\">\n\t\t\t\t\t<div class=\"elementor-column elementor-col-100 elementor-top-column elementor-element elementor-element-24a6e0a\" data-id=\"24a6e0a\" data-element_type=\"column\" data-e-type=\"column\">\n\t\t\t<div class=\"elementor-widget-wrap elementor-element-populated\">\n\t\t\t\t\t\t<div class=\"elementor-element elementor-element-63ecc8a elementor-alert-warning elementor-widget elementor-widget-alert\" data-id=\"63ecc8a\" data-element_type=\"widget\" data-e-type=\"widget\" data-settings=\"{&quot;ekit_we_effect_on&quot;:&quot;none&quot;}\" data-widget_type=\"alert.default\">\n\t\t\t\t<div class=\"elementor-widget-container\">\n\t\t\t\t\t\t\t<div class=\"elementor-alert\" role=\"alert\">\n\n\t\t\t\t\t\t<span class=\"elementor-alert-title\">Questions?<\/span>\n\t\t\t\n\t\t\t\t\t\t<span class=\"elementor-alert-description\">Veuillez nous contacter \u00e0 <a href=\"mailto:bourse@ceric.ca\">bourse@ceric.ca<\/a> pour toutes vos questions.<\/span>\n\t\t\t\n\t\t\t\n\t\t<\/div>\n\t\t\t\t\t\t<\/div>\n\t\t\t\t<\/div>\n\t\t\t\t\t<\/div>\n\t\t<\/div>\n\t\t\t\t\t<\/div>\n\t\t<\/section>\n\t\t\t\t<\/div>\n\t\t","protected":false},"excerpt":{"rendered":"<p>Bourse Marilyn Van Norman The Counselling Foundation of Canada\u00a0a cr\u00e9\u00e9 la bourse Marilyn Van Norman pour aider les conseillers communautaires et les professionnels de la gestion de carri\u00e8re et de l\u2019orientation professionnelle \u00e0 participer au congr\u00e8s Cannexus chaque ann\u00e9e. Six (6) bourses seront offertes dont une bourse pour chaque province et territoire. Les bourses seront [&hellip;]<\/p>\n","protected":false},"author":9,"featured_media":0,"parent":0,"menu_order":0,"comment_status":"closed","ping_status":"closed","template":"template\/full-width-template.php","meta":{"wp_social_preview_title":"","wp_social_preview_description":"","wp_social_preview_image":0,"footnotes":""},"class_list":["post-3234","page","type-page","status-publish","hentry"],"yoast_head":"<!-- This site is optimized with the Yoast SEO Premium plugin v26.0 (Yoast SEO v26.0) - https:\/\/yoast.com\/wordpress\/plugins\/seo\/ -->\n<title>Bourse Marilyn Van Norman - Cannexus27<\/title>\n<meta name=\"robots\" content=\"index, follow, max-snippet:-1, max-image-preview:large, max-video-preview:-1\" \/>\n<link rel=\"canonical\" href=\"https:\/\/cannexus.ceric.ca\/fr\/bourse-marilyn-van-norman\/\" \/>\n<meta property=\"og:locale\" content=\"fr_FR\" \/>\n<meta property=\"og:type\" content=\"article\" \/>\n<meta property=\"og:title\" content=\"Bourse Marilyn Van Norman\" \/>\n<meta property=\"og:description\" content=\"Bourse Marilyn Van Norman The Counselling Foundation of Canada\u00a0a cr\u00e9\u00e9 la bourse Marilyn Van Norman pour aider les conseillers communautaires et les professionnels de la gestion de carri\u00e8re et de l\u2019orientation professionnelle \u00e0 participer au congr\u00e8s Cannexus chaque ann\u00e9e. Six (6) bourses seront offertes dont une bourse pour chaque province et territoire. Les bourses seront [&hellip;]\" \/>\n<meta property=\"og:url\" content=\"https:\/\/cannexus.ceric.ca\/fr\/bourse-marilyn-van-norman\/\" \/>\n<meta property=\"og:site_name\" content=\"Cannexus27\" \/>\n<meta property=\"article:modified_time\" content=\"2026-04-10T15:24:37+00:00\" \/>\n<meta property=\"og:image\" content=\"https:\/\/cannexus.ceric.ca\/wp-content\/uploads\/2024\/04\/CX25-v1-2.png?_t=1775834677\" \/>\n\t<meta property=\"og:image:width\" content=\"1200\" \/>\n\t<meta property=\"og:image:height\" content=\"300\" \/>\n\t<meta property=\"og:image:type\" content=\"image\/png\" \/>\n<meta name=\"twitter:card\" content=\"summary_large_image\" \/>\n<meta name=\"twitter:label1\" content=\"Dur\u00e9e de lecture estim\u00e9e\" \/>\n\t<meta name=\"twitter:data1\" content=\"2 minutes\" \/>\n<script type=\"application\/ld+json\" class=\"yoast-schema-graph\">{\"@context\":\"https:\/\/schema.org\",\"@graph\":[{\"@type\":\"WebPage\",\"@id\":\"https:\/\/cannexus.ceric.ca\/fr\/bourse-marilyn-van-norman\/\",\"url\":\"https:\/\/cannexus.ceric.ca\/fr\/bourse-marilyn-van-norman\/\",\"name\":\"Bourse Marilyn Van Norman - Cannexus27\",\"isPartOf\":{\"@id\":\"https:\/\/cannexus.ceric.ca\/fr\/#website\"},\"datePublished\":\"2020-07-17T19:18:43+00:00\",\"dateModified\":\"2026-04-10T15:24:37+00:00\",\"breadcrumb\":{\"@id\":\"https:\/\/cannexus.ceric.ca\/fr\/bourse-marilyn-van-norman\/#breadcrumb\"},\"inLanguage\":\"fr-FR\",\"potentialAction\":[{\"@type\":\"ReadAction\",\"target\":[\"https:\/\/cannexus.ceric.ca\/fr\/bourse-marilyn-van-norman\/\"]}]},{\"@type\":\"BreadcrumbList\",\"@id\":\"https:\/\/cannexus.ceric.ca\/fr\/bourse-marilyn-van-norman\/#breadcrumb\",\"itemListElement\":[{\"@type\":\"ListItem\",\"position\":1,\"name\":\"Home\",\"item\":\"https:\/\/cannexus.ceric.ca\/fr\/\"},{\"@type\":\"ListItem\",\"position\":2,\"name\":\"Bourse Marilyn Van Norman\"}]},{\"@type\":\"WebSite\",\"@id\":\"https:\/\/cannexus.ceric.ca\/fr\/#website\",\"url\":\"https:\/\/cannexus.ceric.ca\/fr\/\",\"name\":\"Cannexus26: Canada\u2019s Career Development Conference\",\"description\":\"Canada\u2019s Career Development Conference\",\"publisher\":{\"@id\":\"https:\/\/cannexus.ceric.ca\/fr\/#organization\"},\"alternateName\":\"Cannexus26\",\"potentialAction\":[{\"@type\":\"SearchAction\",\"target\":{\"@type\":\"EntryPoint\",\"urlTemplate\":\"https:\/\/cannexus.ceric.ca\/fr\/?s={search_term_string}\"},\"query-input\":{\"@type\":\"PropertyValueSpecification\",\"valueRequired\":true,\"valueName\":\"search_term_string\"}}],\"inLanguage\":\"fr-FR\"},{\"@type\":\"Organization\",\"@id\":\"https:\/\/cannexus.ceric.ca\/fr\/#organization\",\"name\":\"Cannexus26\",\"url\":\"https:\/\/cannexus.ceric.ca\/fr\/\",\"logo\":{\"@type\":\"ImageObject\",\"inLanguage\":\"fr-FR\",\"@id\":\"https:\/\/cannexus.ceric.ca\/fr\/#\/schema\/logo\/image\/\",\"url\":\"https:\/\/cannexus.ceric.ca\/wp-content\/uploads\/2025\/04\/CX-seal.png\",\"contentUrl\":\"https:\/\/cannexus.ceric.ca\/wp-content\/uploads\/2025\/04\/CX-seal.png\",\"width\":2000,\"height\":1574,\"caption\":\"Cannexus26\"},\"image\":{\"@id\":\"https:\/\/cannexus.ceric.ca\/fr\/#\/schema\/logo\/image\/\"}}]}<\/script>\n<!-- \/ Yoast SEO Premium plugin. -->","yoast_head_json":{"title":"Bourse Marilyn Van Norman - Cannexus27","robots":{"index":"index","follow":"follow","max-snippet":"max-snippet:-1","max-image-preview":"max-image-preview:large","max-video-preview":"max-video-preview:-1"},"canonical":"https:\/\/cannexus.ceric.ca\/fr\/bourse-marilyn-van-norman\/","og_locale":"fr_FR","og_type":"article","og_title":"Bourse Marilyn Van Norman","og_description":"Bourse Marilyn Van Norman The Counselling Foundation of Canada\u00a0a cr\u00e9\u00e9 la bourse Marilyn Van Norman pour aider les conseillers communautaires et les professionnels de la gestion de carri\u00e8re et de l\u2019orientation professionnelle \u00e0 participer au congr\u00e8s Cannexus chaque ann\u00e9e. Six (6) bourses seront offertes dont une bourse pour chaque province et territoire. Les bourses seront [&hellip;]","og_url":"https:\/\/cannexus.ceric.ca\/fr\/bourse-marilyn-van-norman\/","og_site_name":"Cannexus27","article_modified_time":"2026-04-10T15:24:37+00:00","og_image":[{"width":1200,"height":300,"url":"https:\/\/cannexus.ceric.ca\/wp-content\/uploads\/2024\/04\/CX25-v1-2.png?_t=1775834677","type":"image\/png"}],"twitter_card":"summary_large_image","twitter_misc":{"Dur\u00e9e de lecture estim\u00e9e":"2 minutes"},"schema":{"@context":"https:\/\/schema.org","@graph":[{"@type":"WebPage","@id":"https:\/\/cannexus.ceric.ca\/fr\/bourse-marilyn-van-norman\/","url":"https:\/\/cannexus.ceric.ca\/fr\/bourse-marilyn-van-norman\/","name":"Bourse Marilyn Van Norman - Cannexus27","isPartOf":{"@id":"https:\/\/cannexus.ceric.ca\/fr\/#website"},"datePublished":"2020-07-17T19:18:43+00:00","dateModified":"2026-04-10T15:24:37+00:00","breadcrumb":{"@id":"https:\/\/cannexus.ceric.ca\/fr\/bourse-marilyn-van-norman\/#breadcrumb"},"inLanguage":"fr-FR","potentialAction":[{"@type":"ReadAction","target":["https:\/\/cannexus.ceric.ca\/fr\/bourse-marilyn-van-norman\/"]}]},{"@type":"BreadcrumbList","@id":"https:\/\/cannexus.ceric.ca\/fr\/bourse-marilyn-van-norman\/#breadcrumb","itemListElement":[{"@type":"ListItem","position":1,"name":"Home","item":"https:\/\/cannexus.ceric.ca\/fr\/"},{"@type":"ListItem","position":2,"name":"Bourse Marilyn Van Norman"}]},{"@type":"WebSite","@id":"https:\/\/cannexus.ceric.ca\/fr\/#website","url":"https:\/\/cannexus.ceric.ca\/fr\/","name":"Cannexus26: Canada\u2019s Career Development Conference","description":"Canada\u2019s Career Development Conference","publisher":{"@id":"https:\/\/cannexus.ceric.ca\/fr\/#organization"},"alternateName":"Cannexus26","potentialAction":[{"@type":"SearchAction","target":{"@type":"EntryPoint","urlTemplate":"https:\/\/cannexus.ceric.ca\/fr\/?s={search_term_string}"},"query-input":{"@type":"PropertyValueSpecification","valueRequired":true,"valueName":"search_term_string"}}],"inLanguage":"fr-FR"},{"@type":"Organization","@id":"https:\/\/cannexus.ceric.ca\/fr\/#organization","name":"Cannexus26","url":"https:\/\/cannexus.ceric.ca\/fr\/","logo":{"@type":"ImageObject","inLanguage":"fr-FR","@id":"https:\/\/cannexus.ceric.ca\/fr\/#\/schema\/logo\/image\/","url":"https:\/\/cannexus.ceric.ca\/wp-content\/uploads\/2025\/04\/CX-seal.png","contentUrl":"https:\/\/cannexus.ceric.ca\/wp-content\/uploads\/2025\/04\/CX-seal.png","width":2000,"height":1574,"caption":"Cannexus26"},"image":{"@id":"https:\/\/cannexus.ceric.ca\/fr\/#\/schema\/logo\/image\/"}}]}},"_links":{"self":[{"href":"https:\/\/cannexus.ceric.ca\/fr\/wp-json\/wp\/v2\/pages\/3234","targetHints":{"allow":["GET"]}}],"collection":[{"href":"https:\/\/cannexus.ceric.ca\/fr\/wp-json\/wp\/v2\/pages"}],"about":[{"href":"https:\/\/cannexus.ceric.ca\/fr\/wp-json\/wp\/v2\/types\/page"}],"author":[{"embeddable":true,"href":"https:\/\/cannexus.ceric.ca\/fr\/wp-json\/wp\/v2\/users\/9"}],"replies":[{"embeddable":true,"href":"https:\/\/cannexus.ceric.ca\/fr\/wp-json\/wp\/v2\/comments?post=3234"}],"version-history":[{"count":0,"href":"https:\/\/cannexus.ceric.ca\/fr\/wp-json\/wp\/v2\/pages\/3234\/revisions"}],"wp:attachment":[{"href":"https:\/\/cannexus.ceric.ca\/fr\/wp-json\/wp\/v2\/media?parent=3234"}],"curies":[{"name":"wp","href":"https:\/\/api.w.org\/{rel}","templated":true}]}}