{"id":3160,"date":"2020-07-16T15:11:16","date_gmt":"2020-07-16T19:11:16","guid":{"rendered":"https:\/\/cannexus.ceric.ca\/?page_id=3160"},"modified":"2025-07-11T13:33:38","modified_gmt":"2025-07-11T17:33:38","slug":"politiques-concernant-linscription","status":"publish","type":"page","link":"https:\/\/cannexus.ceric.ca\/fr\/politiques-concernant-linscription\/","title":{"rendered":"Politiques concernant l\u2019inscription"},"content":{"rendered":"\t\t<div data-elementor-type=\"wp-page\" data-elementor-id=\"3160\" class=\"elementor elementor-3160 elementor-3042\" data-elementor-post-type=\"page\">\n\t\t\t\t\t\t<section class=\"elementor-section elementor-top-section elementor-element elementor-element-81deb7e elementor-section-boxed elementor-section-height-default elementor-section-height-default\" data-id=\"81deb7e\" data-element_type=\"section\" data-e-type=\"section\">\n\t\t\t\t\t\t<div class=\"elementor-container elementor-column-gap-default\">\n\t\t\t\t\t<div class=\"elementor-column elementor-col-100 elementor-top-column elementor-element elementor-element-9ba7c7d\" data-id=\"9ba7c7d\" data-element_type=\"column\" data-e-type=\"column\">\n\t\t\t<div class=\"elementor-widget-wrap elementor-element-populated\">\n\t\t\t\t\t\t<div class=\"elementor-element elementor-element-05bc724 elementor-invisible elementor-widget elementor-widget-exhibz-title\" data-id=\"05bc724\" data-element_type=\"widget\" data-e-type=\"widget\" data-settings=\"{&quot;_animation&quot;:&quot;fadeInUp&quot;,&quot;_animation_delay&quot;:350,&quot;ekit_we_effect_on&quot;:&quot;none&quot;}\" data-widget_type=\"exhibz-title.default\">\n\t\t\t\t<div class=\"elementor-widget-container\">\n\t\t\t\t\t\n    <div class=\"title-section-area\">\n        <h2 class=\"section-title\">\n            <span class=\"sub-title\">Politiques concernant l\u2019inscription<\/span>\n\t\t\t        <\/h2>\n\t\t                    <\/div><!-- Section title -->\n    \n    \n\n    \t\t\t\t<\/div>\n\t\t\t\t<\/div>\n\t\t\t\t\t<\/div>\n\t\t<\/div>\n\t\t\t\t\t<\/div>\n\t\t<\/section>\n\t\t\t\t<section class=\"elementor-section elementor-top-section elementor-element elementor-element-6545f81 elementor-section-boxed elementor-section-height-default elementor-section-height-default\" data-id=\"6545f81\" data-element_type=\"section\" data-e-type=\"section\">\n\t\t\t\t\t\t<div class=\"elementor-container elementor-column-gap-default\">\n\t\t\t\t\t<div class=\"elementor-column elementor-col-100 elementor-top-column elementor-element elementor-element-e4b413e\" data-id=\"e4b413e\" data-element_type=\"column\" data-e-type=\"column\">\n\t\t\t<div class=\"elementor-widget-wrap elementor-element-populated\">\n\t\t\t\t\t\t<div class=\"elementor-element elementor-element-c895369 elementor-widget elementor-widget-text-editor\" data-id=\"c895369\" data-element_type=\"widget\" data-e-type=\"widget\" data-settings=\"{&quot;ekit_we_effect_on&quot;:&quot;none&quot;}\" data-widget_type=\"text-editor.default\">\n\t\t\t\t<div class=\"elementor-widget-container\">\n\t\t\t\t\t\t\t\t\t<p><strong>Politique de paiement (en virtuel)<\/strong><\/p><p>Pour finaliser votre inscription, votre paiement doit \u00eatre re\u00e7u dans les 30 jours afin de garantir le tarif au moment de l&#8217;enregistrement de votre inscription. Veuillez noter que si vous vous inscrivez le <strong>26 d\u00e9cembre 2025<\/strong>\u00a0ou apr\u00e8s, vous devrez payer vos frais d&#8217;inscription par carte de cr\u00e9dit au moment de l&#8217;inscription.<\/p><p><strong>Politique de paiement<\/strong><\/p><p>Pour payer votre facture par carte de cr\u00e9dit :<\/p><ol><li>Appelez au 416.929.2510 (poste 123).<\/li><\/ol><p>Pour payer par ch\u00e8que :<\/p><ol><li>Libellez vos ch\u00e8ques \u00e0 : l\u2019ordre du CERIC<\/li><li>Postez votre ch\u00e8que <strong><em>et <\/em><\/strong>une copie de votre facture \u00e0 : CERIC, c\/o Foundation House, 2, avenue St Clair Est, Bureau 300, Toronto (Ontario) M4T 2T5<\/li><\/ol><p><strong>Politique d&#8217;annulation (en virtuel seulement)<\/strong><\/p><p>Une fois inscrit \u00e0 Cannexus26, vous b\u00e9n\u00e9ficierez d&#8217;un \u00ab d\u00e9lai de gr\u00e2ce d&#8217;inscription \u00bb de 72 heures et serez admissible \u00e0 un remboursement complet si vous d\u00e9cidez d&#8217;annuler. Veuillez noter que si vous vous inscrivez apr\u00e8s le <strong>5 janvier 2026<\/strong>, il n&#8217;y aura pas de d\u00e9lai de gr\u00e2ce et aucun remboursement ne sera effectu\u00e9.<\/p><p>En raison du format du congr\u00e8s virtuel, AUCUN REMBOURSEMENT ne sera \u00e9mis pour les demandes d&#8217;annulation re\u00e7ues apr\u00e8s le d\u00e9lai de gr\u00e2ce de 72 heures. Si vous ne pouvez pas assister au congr\u00e8s pour une raison quelconque, vous aurez acc\u00e8s \u00e0 tous les enregistrements de s\u00e9ances apr\u00e8s le congr\u00e8s pendant 3 mois.\u00a0<\/p><p><em>Annulation group\u00e9e<\/em> : si une annulation d&#8217;inscription au congr\u00e8s au tarif de groupe entra\u00eene la pr\u00e9sence de moins de 5 d\u00e9l\u00e9gu\u00e9s au congr\u00e8s, le rabais de groupe ne s\u2019appliquera plus et cette diff\u00e9rence sera d\u00e9duite au montant du remboursement.<\/p><p><strong>Politique d\u2019annulation (en pr\u00e9sentiel seulement)<\/strong><\/p><p>Nous sommes d\u00e9sol\u00e9s que vous ne puissiez pas assister \u00e0 l\u2019\u00e9v\u00e9nement. Cependant, les frais d\u2019annulation sont n\u00e9cessaires pour nous aider \u00e0 couvrir les co\u00fbts fixes li\u00e9s \u00e0 votre absence (commandes de nourriture et de boisson, co\u00fbts de l\u2019impression et frais de transaction associ\u00e9s \u00e0 votre inscription).<\/p><p>Les demandes d\u2019annulation doivent \u00eatre faites par courriel aupr\u00e8s de <a href=\"mailto:inscription@ceric.ca\" target=\"_blank\" rel=\"noopener\">inscription@ceric.ca<\/a>.\u00a0Ces demandes doivent \u00eatre re\u00e7ues avant le<strong> 5 janvier 2026, \u00e0 23 h 59 HE<\/strong>. AUCUN REMBOURSEMENT ne sera accord\u00e9 apr\u00e8s cette date.<\/p><p>Des frais d\u2019administration sur une \u00e9chelle progressive seront d\u00e9duits de tout remboursement sur une inscription au congr\u00e8s comme suit\u00a0:<\/p><ul><li>Des frais de 20 % sur les annulations demand\u00e9es entre <strong>le 14 juillet 2025 et le 5 septembre 2025, 23 h 59 HE<\/strong><\/li><li>Des frais de 25 % sur les annulations demand\u00e9es entre <strong>le 6 septembre 2025 et le 7 novembre 2025, 23 h 59 HE<\/strong><\/li><li>Des frais de 30 % sur les annulations demand\u00e9es entre <strong>le 8 novembre 2025 et le 5 janvier 2026, 23 h 59 HE<\/strong><\/li><li>Aucun remboursement ne sera accord\u00e9 apr\u00e8s<strong> le 5 janvier 2026<\/strong>.<span data-ccp-props=\"{&quot;134233117&quot;:true,&quot;134233118&quot;:true}\">\u00a0<\/span><\/li><\/ul>\t\t\t\t\t\t\t\t<\/div>\n\t\t\t\t<\/div>\n\t\t\t\t<div class=\"elementor-element elementor-element-f4b3186 elementor-alert-warning elementor-widget elementor-widget-alert\" data-id=\"f4b3186\" data-element_type=\"widget\" data-e-type=\"widget\" data-settings=\"{&quot;ekit_we_effect_on&quot;:&quot;none&quot;}\" data-widget_type=\"alert.default\">\n\t\t\t\t<div class=\"elementor-widget-container\">\n\t\t\t\t\t\t\t<div class=\"elementor-alert\" role=\"alert\">\n\n\t\t\t\t\t\t<span class=\"elementor-alert-title\">Des questions?<\/span>\n\t\t\t\n\t\t\t\t\t\t<span class=\"elementor-alert-description\">Si vous avez des questions concernant votre inscription en personne, contactez-nous par courriel <a href=\"mailto:inscription@ceric.ca\" target=\"_blank\" rel=\"noopener\">inscription@ceric.ca<\/a><\/span>\n\t\t\t\n\t\t\t\t\t\t<button type=\"button\" class=\"elementor-alert-dismiss\" aria-label=\"Ignorer cette alerte.\">\n\t\t\t\t\t\t\t\t\t<span aria-hidden=\"true\">&times;<\/span>\n\t\t\t\t\t\t\t<\/button>\n\t\t\t\n\t\t<\/div>\n\t\t\t\t\t\t<\/div>\n\t\t\t\t<\/div>\n\t\t\t\t<div class=\"elementor-element elementor-element-979b69b elementor-widget elementor-widget-text-editor\" data-id=\"979b69b\" data-element_type=\"widget\" data-e-type=\"widget\" data-settings=\"{&quot;ekit_we_effect_on&quot;:&quot;none&quot;}\" data-widget_type=\"text-editor.default\">\n\t\t\t\t<div class=\"elementor-widget-container\">\n\t\t\t\t\t\t\t\t\t<p><strong>Changement et substitution de d\u00e9l\u00e9gu\u00e9s (en virtuel et en pr\u00e9sentiel)<\/strong><\/p><p>Il est par contre possible de substituer des d\u00e9l\u00e9gu\u00e9s. Veuillez nous avertir \u00e0 <a href=\"mailto:inscription@ceric.ca\" target=\"_blank\" rel=\"noopener\">inscription@ceric.ca<\/a> si vous souhaitez transf\u00e9rer votre inscription \u00e0 quelqu\u2019un d\u2019autre. Vous devez nous donner le nom et les coordonn\u00e9es du substitut, incluant son adresse courriel. Si une substitution change le statut de l\u2019inscription (par exemple, de conf\u00e9rencier \u00e0 d\u00e9l\u00e9gu\u00e9 r\u00e9gulier), le d\u00e9l\u00e9gu\u00e9 substitut devra payer la diff\u00e9rence \u00e9ventuelle entre les tarifs d\u2019inscription. Veuillez noter qu&#8217;aucun changement ou substitution de d\u00e9l\u00e9gu\u00e9s ne sera autoris\u00e9 apr\u00e8s le <strong>5 janvier 2026<\/strong>.<\/p><p><b><span data-contrast=\"auto\">Changement d&#8217;inscription de virtuel \u00e0 en pr\u00e9sentiel ou vice-versa<\/span><\/b><span data-contrast=\"auto\">\u00a0<\/span><span data-ccp-props=\"{&quot;335559739&quot;:375}\">\u00a0<\/span><\/p><p><span data-contrast=\"auto\">Si vous souhaitez changer votre inscription virtuelle \u00e0 une inscription pr\u00e9sentielle ou vice-versa, veuillez nous avertir \u00e0 <a href=\"mailto:inscription@ceric.ca\">inscription@ceric.ca<\/a> au plus tard le 5 janvier. Si le changement d&#8217;inscription entra\u00eene une modification des frais d&#8217;inscription, le d\u00e9l\u00e9gu\u00e9 devra payer toute diff\u00e9rence de tarif d&#8217;inscription. Si le changement entra\u00eene un remboursement, veuillez pr\u00e9voir un d\u00e9lai de deux semaines pour le traitement du remboursement. Veuillez \u00e9galement noter qu&#8217;aucun changement de d\u00e9l\u00e9gu\u00e9 ne sera autoris\u00e9 apr\u00e8s le <strong>5 janvier 2026<\/strong>.<\/span><span data-ccp-props=\"{&quot;335559739&quot;:375}\">\u00a0<\/span><\/p><p><strong>Enregistrement (en virtuel seulement)<\/strong><\/p><p>Comme il s&#8217;agit d&#8217;un \u00e9v\u00e9nement virtuel, il est possible que vous soyez enregistr\u00e9 durant l&#8217;\u00e9v\u00e8nement (par exemple, si vous posez des questions \u00e0\u00a0 un conf\u00e9rencier, etc.). En vous inscrivant \u00e0 Cannexus, vous consentez \u00e0 ce que votre vid\u00e9o soit prise et publi\u00e9e par le CERIC dans le cadre de documents li\u00e9s \u00e0 l&#8217;\u00e9v\u00e9nement.<\/p><p><strong>Enregistrement et photo (en pr\u00e9sentiel) <\/strong><\/p><p>Comme il est de mise dans le cadre de tels \u00e9v\u00e9nements, un photographe\/vid\u00e9ographe pourrait \u00eatre pr\u00e9sent pour prendre des images des diverses activit\u00e9s, dans lesquelles pourraient se retrouver des d\u00e9l\u00e9gu\u00e9s. En vous inscrivant \u00e0 Cannexus, vous consentez \u00e0 ce que des photos ou des vid\u00e9os de vous soient prises et diffus\u00e9es par le CERIC en tant que documentation li\u00e9e \u00e0 l\u2019\u00e9v\u00e9nement. Si vous voyez un photographe\/vid\u00e9ographe qui prend des photos ou qui tourne une vid\u00e9o pr\u00e8s de l\u2019endroit o\u00f9 vous \u00eates et que vous ne souhaitez pas en faire partie, veuillez lui en faire part directement.<\/p><p><strong>L\u2019accessibilit\u00e9<\/strong><\/p><div class=\"TypographyPresentation TypographyPresentation--medium RichText3-paragraph--withVSpacingNormal RichText3-paragraph HighlightSol HighlightSol--buildingBlock\">Le CERIC vise \u00e0 favoriser la pr\u00e9sence et la pleine participation des personnes handicap\u00e9es. En raison des besoins de planification et des contraintes budg\u00e9taires, nous ne pouvons pas toujours garantir que toutes les mesures d\u2019accessibilit\u00e9 seront disponibles. Cependant, l\u2019inclusion des personnes handicap\u00e9es est importante pour nous. Si nous ne sommes pas en mesure de vous proposer un am\u00e9nagement particulier, le personnel du CERIC se fera un plaisir de travailler avec vous pour trouver la meilleure solution possible. Veuillez identifier vos besoins en mati\u00e8re d\u2019accessibilit\u00e9 au plus tard le <strong>5\u00a0d\u00e9cembre\u00a02025<\/strong> afin que nous puissions nous procurer les outils ou les fournisseurs de services n\u00e9cessaires.<\/div><div class=\"TypographyPresentation TypographyPresentation--medium RichText3-paragraph--withVSpacingNormal RichText3-paragraph HighlightSol HighlightSol--buildingBlock\">\u00a0<\/div><p><strong>Personne de soutien \u00e0 l&#8217;accessibilit\u00e9 (en pr\u00e9sentiel)<\/strong><\/p><p>Si vous avez besoin d&#8217;une personne de soutien \u00e0 l&#8217;accessibilit\u00e9 pour vous accompagner sans frais, veuillez envoyer un courriel \u00e0\u00a0<a href=\"mailto:inscription@ceric.ca\">inscription@ceric.ca<\/a> d\u00e8s votre inscription et au plus tard le <strong>5<\/strong><b> janvier 2026<\/b>.<\/p><p><strong>Politique sur le parfum (en pr\u00e9sentiel) <\/strong><\/p><p>En raison des pr\u00e9occupations en mati\u00e8re de sant\u00e9 li\u00e9es \u00e0 l\u2019exposition \u00e0 des produits parfum\u00e9s, le congr\u00e8s Cannexus sera un \u00e9v\u00e9nement sans parfum. Veuillez donc vous abstenir d\u2019utiliser des produits parfum\u00e9s (p. ex. parfum, shampoing, revitalisant).<\/p><p><strong>Politique de confidentialit\u00e9<\/strong><\/p><p>CERIC respecte votre vie priv\u00e9e et prot\u00e8ge vos informations personnelles conform\u00e9ment \u00e0 notre <a href=\"https:\/\/ceric.ca\/fr\/politique-sur-la-protection-des-renseignements-personnels\/\" target=\"_blank\" rel=\"noopener\">politique sur la protection des renseignements personnels<\/a>. Nous ne donnerons, n\u2019\u00e9changerons ou ne vendrons jamais ces informations. L\u2019information que vous nous fournissez sera utilis\u00e9e exclusivement pour vous informer des nouvelles concernant votre inscription au congr\u00e8s. Le CERIC ou son repr\u00e9sentant peut vous contacter au sujet de votre inscription au congr\u00e8s.<\/p>\t\t\t\t\t\t\t\t<\/div>\n\t\t\t\t<\/div>\n\t\t\t\t\t<\/div>\n\t\t<\/div>\n\t\t\t\t\t<\/div>\n\t\t<\/section>\n\t\t\t\t<\/div>\n\t\t","protected":false},"excerpt":{"rendered":"<p>Politiques concernant l\u2019inscription Politique de paiement (en virtuel) Pour finaliser votre inscription, votre paiement doit \u00eatre re\u00e7u dans les 30 jours afin de garantir le tarif au moment de l&#8217;enregistrement de votre inscription. Veuillez noter que si vous vous inscrivez le 26 d\u00e9cembre 2025\u00a0ou apr\u00e8s, vous devrez payer vos frais d&#8217;inscription par carte de cr\u00e9dit [&hellip;]<\/p>\n","protected":false},"author":9,"featured_media":0,"parent":0,"menu_order":0,"comment_status":"closed","ping_status":"closed","template":"template\/full-width-template.php","meta":{"wp_social_preview_title":"","wp_social_preview_description":"","wp_social_preview_image":0,"footnotes":""},"class_list":["post-3160","page","type-page","status-publish","hentry"],"yoast_head":"<!-- This site is optimized with the Yoast SEO Premium plugin v26.0 (Yoast SEO v26.0) - https:\/\/yoast.com\/wordpress\/plugins\/seo\/ -->\n<title>Politiques concernant l\u2019inscription - Cannexus27<\/title>\n<meta name=\"robots\" content=\"index, follow, max-snippet:-1, max-image-preview:large, max-video-preview:-1\" \/>\n<link rel=\"canonical\" href=\"https:\/\/cannexus.ceric.ca\/fr\/politiques-concernant-linscription\/\" \/>\n<meta property=\"og:locale\" content=\"fr_FR\" \/>\n<meta property=\"og:type\" content=\"article\" \/>\n<meta property=\"og:title\" content=\"Politiques concernant l\u2019inscription\" \/>\n<meta property=\"og:description\" content=\"Politiques concernant l\u2019inscription Politique de paiement (en virtuel) Pour finaliser votre inscription, votre paiement doit \u00eatre re\u00e7u dans les 30 jours afin de garantir le tarif au moment de l&#8217;enregistrement de votre inscription. Veuillez noter que si vous vous inscrivez le 26 d\u00e9cembre 2025\u00a0ou apr\u00e8s, vous devrez payer vos frais d&#8217;inscription par carte de cr\u00e9dit [&hellip;]\" \/>\n<meta property=\"og:url\" content=\"https:\/\/cannexus.ceric.ca\/fr\/politiques-concernant-linscription\/\" \/>\n<meta property=\"og:site_name\" content=\"Cannexus27\" \/>\n<meta property=\"article:modified_time\" content=\"2025-07-11T17:33:38+00:00\" \/>\n<meta property=\"og:image\" content=\"https:\/\/cannexus.ceric.ca\/wp-content\/uploads\/2024\/04\/CX25-v1-5.png\" \/>\n\t<meta property=\"og:image:width\" content=\"1200\" \/>\n\t<meta property=\"og:image:height\" content=\"300\" \/>\n\t<meta property=\"og:image:type\" content=\"image\/png\" \/>\n<meta name=\"twitter:card\" content=\"summary_large_image\" \/>\n<meta name=\"twitter:label1\" content=\"Dur\u00e9e de lecture estim\u00e9e\" \/>\n\t<meta name=\"twitter:data1\" content=\"6 minutes\" \/>\n<script type=\"application\/ld+json\" class=\"yoast-schema-graph\">{\"@context\":\"https:\/\/schema.org\",\"@graph\":[{\"@type\":\"WebPage\",\"@id\":\"https:\/\/cannexus.ceric.ca\/fr\/politiques-concernant-linscription\/\",\"url\":\"https:\/\/cannexus.ceric.ca\/fr\/politiques-concernant-linscription\/\",\"name\":\"Politiques concernant l\u2019inscription - Cannexus27\",\"isPartOf\":{\"@id\":\"https:\/\/cannexus.ceric.ca\/fr\/#website\"},\"datePublished\":\"2020-07-16T19:11:16+00:00\",\"dateModified\":\"2025-07-11T17:33:38+00:00\",\"breadcrumb\":{\"@id\":\"https:\/\/cannexus.ceric.ca\/fr\/politiques-concernant-linscription\/#breadcrumb\"},\"inLanguage\":\"fr-FR\",\"potentialAction\":[{\"@type\":\"ReadAction\",\"target\":[\"https:\/\/cannexus.ceric.ca\/fr\/politiques-concernant-linscription\/\"]}]},{\"@type\":\"BreadcrumbList\",\"@id\":\"https:\/\/cannexus.ceric.ca\/fr\/politiques-concernant-linscription\/#breadcrumb\",\"itemListElement\":[{\"@type\":\"ListItem\",\"position\":1,\"name\":\"Home\",\"item\":\"https:\/\/cannexus.ceric.ca\/fr\/\"},{\"@type\":\"ListItem\",\"position\":2,\"name\":\"Politiques concernant l\u2019inscription\"}]},{\"@type\":\"WebSite\",\"@id\":\"https:\/\/cannexus.ceric.ca\/fr\/#website\",\"url\":\"https:\/\/cannexus.ceric.ca\/fr\/\",\"name\":\"Cannexus26: Canada\u2019s Career Development Conference\",\"description\":\"Canada\u2019s Career Development Conference\",\"publisher\":{\"@id\":\"https:\/\/cannexus.ceric.ca\/fr\/#organization\"},\"alternateName\":\"Cannexus26\",\"potentialAction\":[{\"@type\":\"SearchAction\",\"target\":{\"@type\":\"EntryPoint\",\"urlTemplate\":\"https:\/\/cannexus.ceric.ca\/fr\/?s={search_term_string}\"},\"query-input\":{\"@type\":\"PropertyValueSpecification\",\"valueRequired\":true,\"valueName\":\"search_term_string\"}}],\"inLanguage\":\"fr-FR\"},{\"@type\":\"Organization\",\"@id\":\"https:\/\/cannexus.ceric.ca\/fr\/#organization\",\"name\":\"Cannexus26\",\"url\":\"https:\/\/cannexus.ceric.ca\/fr\/\",\"logo\":{\"@type\":\"ImageObject\",\"inLanguage\":\"fr-FR\",\"@id\":\"https:\/\/cannexus.ceric.ca\/fr\/#\/schema\/logo\/image\/\",\"url\":\"https:\/\/cannexus.ceric.ca\/wp-content\/uploads\/2025\/04\/CX-seal.png\",\"contentUrl\":\"https:\/\/cannexus.ceric.ca\/wp-content\/uploads\/2025\/04\/CX-seal.png\",\"width\":2000,\"height\":1574,\"caption\":\"Cannexus26\"},\"image\":{\"@id\":\"https:\/\/cannexus.ceric.ca\/fr\/#\/schema\/logo\/image\/\"}}]}<\/script>\n<!-- \/ Yoast SEO Premium plugin. -->","yoast_head_json":{"title":"Politiques concernant l\u2019inscription - Cannexus27","robots":{"index":"index","follow":"follow","max-snippet":"max-snippet:-1","max-image-preview":"max-image-preview:large","max-video-preview":"max-video-preview:-1"},"canonical":"https:\/\/cannexus.ceric.ca\/fr\/politiques-concernant-linscription\/","og_locale":"fr_FR","og_type":"article","og_title":"Politiques concernant l\u2019inscription","og_description":"Politiques concernant l\u2019inscription Politique de paiement (en virtuel) Pour finaliser votre inscription, votre paiement doit \u00eatre re\u00e7u dans les 30 jours afin de garantir le tarif au moment de l&#8217;enregistrement de votre inscription. Veuillez noter que si vous vous inscrivez le 26 d\u00e9cembre 2025\u00a0ou apr\u00e8s, vous devrez payer vos frais d&#8217;inscription par carte de cr\u00e9dit [&hellip;]","og_url":"https:\/\/cannexus.ceric.ca\/fr\/politiques-concernant-linscription\/","og_site_name":"Cannexus27","article_modified_time":"2025-07-11T17:33:38+00:00","og_image":[{"width":1200,"height":300,"url":"https:\/\/cannexus.ceric.ca\/wp-content\/uploads\/2024\/04\/CX25-v1-5.png","type":"image\/png"}],"twitter_card":"summary_large_image","twitter_misc":{"Dur\u00e9e de lecture estim\u00e9e":"6 minutes"},"schema":{"@context":"https:\/\/schema.org","@graph":[{"@type":"WebPage","@id":"https:\/\/cannexus.ceric.ca\/fr\/politiques-concernant-linscription\/","url":"https:\/\/cannexus.ceric.ca\/fr\/politiques-concernant-linscription\/","name":"Politiques concernant l\u2019inscription - Cannexus27","isPartOf":{"@id":"https:\/\/cannexus.ceric.ca\/fr\/#website"},"datePublished":"2020-07-16T19:11:16+00:00","dateModified":"2025-07-11T17:33:38+00:00","breadcrumb":{"@id":"https:\/\/cannexus.ceric.ca\/fr\/politiques-concernant-linscription\/#breadcrumb"},"inLanguage":"fr-FR","potentialAction":[{"@type":"ReadAction","target":["https:\/\/cannexus.ceric.ca\/fr\/politiques-concernant-linscription\/"]}]},{"@type":"BreadcrumbList","@id":"https:\/\/cannexus.ceric.ca\/fr\/politiques-concernant-linscription\/#breadcrumb","itemListElement":[{"@type":"ListItem","position":1,"name":"Home","item":"https:\/\/cannexus.ceric.ca\/fr\/"},{"@type":"ListItem","position":2,"name":"Politiques concernant l\u2019inscription"}]},{"@type":"WebSite","@id":"https:\/\/cannexus.ceric.ca\/fr\/#website","url":"https:\/\/cannexus.ceric.ca\/fr\/","name":"Cannexus26: Canada\u2019s Career Development Conference","description":"Canada\u2019s Career Development Conference","publisher":{"@id":"https:\/\/cannexus.ceric.ca\/fr\/#organization"},"alternateName":"Cannexus26","potentialAction":[{"@type":"SearchAction","target":{"@type":"EntryPoint","urlTemplate":"https:\/\/cannexus.ceric.ca\/fr\/?s={search_term_string}"},"query-input":{"@type":"PropertyValueSpecification","valueRequired":true,"valueName":"search_term_string"}}],"inLanguage":"fr-FR"},{"@type":"Organization","@id":"https:\/\/cannexus.ceric.ca\/fr\/#organization","name":"Cannexus26","url":"https:\/\/cannexus.ceric.ca\/fr\/","logo":{"@type":"ImageObject","inLanguage":"fr-FR","@id":"https:\/\/cannexus.ceric.ca\/fr\/#\/schema\/logo\/image\/","url":"https:\/\/cannexus.ceric.ca\/wp-content\/uploads\/2025\/04\/CX-seal.png","contentUrl":"https:\/\/cannexus.ceric.ca\/wp-content\/uploads\/2025\/04\/CX-seal.png","width":2000,"height":1574,"caption":"Cannexus26"},"image":{"@id":"https:\/\/cannexus.ceric.ca\/fr\/#\/schema\/logo\/image\/"}}]}},"_links":{"self":[{"href":"https:\/\/cannexus.ceric.ca\/fr\/wp-json\/wp\/v2\/pages\/3160","targetHints":{"allow":["GET"]}}],"collection":[{"href":"https:\/\/cannexus.ceric.ca\/fr\/wp-json\/wp\/v2\/pages"}],"about":[{"href":"https:\/\/cannexus.ceric.ca\/fr\/wp-json\/wp\/v2\/types\/page"}],"author":[{"embeddable":true,"href":"https:\/\/cannexus.ceric.ca\/fr\/wp-json\/wp\/v2\/users\/9"}],"replies":[{"embeddable":true,"href":"https:\/\/cannexus.ceric.ca\/fr\/wp-json\/wp\/v2\/comments?post=3160"}],"version-history":[{"count":0,"href":"https:\/\/cannexus.ceric.ca\/fr\/wp-json\/wp\/v2\/pages\/3160\/revisions"}],"wp:attachment":[{"href":"https:\/\/cannexus.ceric.ca\/fr\/wp-json\/wp\/v2\/media?parent=3160"}],"curies":[{"name":"wp","href":"https:\/\/api.w.org\/{rel}","templated":true}]}}