{"id":29804,"date":"2025-09-16T11:36:44","date_gmt":"2025-09-16T15:36:44","guid":{"rendered":"https:\/\/cannexus.ceric.ca\/?page_id=29804"},"modified":"2025-11-21T09:49:37","modified_gmt":"2025-11-21T14:49:37","slug":"leadership-authentique","status":"publish","type":"page","link":"https:\/\/cannexus.ceric.ca\/fr\/leadership-authentique\/","title":{"rendered":"Leadership authentique : B\u00e2tir des cultures qui prosp\u00e8rent gr\u00e2ce \u00e0 la confiance et \u00e0 la vuln\u00e9rabilit\u00e9"},"content":{"rendered":"\t\t<div data-elementor-type=\"wp-page\" data-elementor-id=\"29804\" class=\"elementor elementor-29804 elementor-29784\" data-elementor-post-type=\"page\">\n\t\t\t\t<div class=\"elementor-element elementor-element-e954dd8 e-flex e-con-boxed e-con e-parent\" data-id=\"e954dd8\" data-element_type=\"container\" data-e-type=\"container\">\n\t\t\t\t\t<div class=\"e-con-inner\">\n\t\t\t\t<div class=\"elementor-element elementor-element-003e97a elementor-widget elementor-widget-heading\" data-id=\"003e97a\" data-element_type=\"widget\" data-e-type=\"widget\" data-settings=\"{&quot;ekit_we_effect_on&quot;:&quot;none&quot;}\" data-widget_type=\"heading.default\">\n\t\t\t\t<div class=\"elementor-widget-container\">\n\t\t\t\t\t<h1 class=\"elementor-heading-title elementor-size-default\">Leadership authentique : B\u00e2tir des cultures qui prosp\u00e8rent gr\u00e2ce \u00e0 la confiance et \u00e0 la vuln\u00e9rabilit\u00e9 <\/h1>\t\t\t\t<\/div>\n\t\t\t\t<\/div>\n\t\t\t\t<div class=\"elementor-element elementor-element-7627028 elementor-widget elementor-widget-heading\" data-id=\"7627028\" data-element_type=\"widget\" data-e-type=\"widget\" data-settings=\"{&quot;ekit_we_effect_on&quot;:&quot;none&quot;}\" data-widget_type=\"heading.default\">\n\t\t\t\t<div class=\"elementor-widget-container\">\n\t\t\t\t\t<h4 class=\"elementor-heading-title elementor-size-default\">Mardi 27 janvier, 16h00 - 17h00 HE<\/h4>\t\t\t\t<\/div>\n\t\t\t\t<\/div>\n\t\t\t\t<div class=\"elementor-element elementor-element-be83ef5 elementor-widget elementor-widget-text-editor\" data-id=\"be83ef5\" data-element_type=\"widget\" data-e-type=\"widget\" data-settings=\"{&quot;ekit_we_effect_on&quot;:&quot;none&quot;}\" data-widget_type=\"text-editor.default\">\n\t\t\t\t<div class=\"elementor-widget-container\">\n\t\t\t\t\t\t\t\t\t<p>Pourquoi une pr\u00e9sentatrice de journaux t\u00e9l\u00e9vis\u00e9s \u00e0 une heure de grande \u00e9coute quitterait-elle son secteur d\u2019activit\u00e9 au sommet de sa carri\u00e8re? Pour la premi\u00e8re fois en public, Farah Nasser raconte son parcours depuis le pupitre de chef d\u2019antenne jusqu\u2019\u00e0 sa vie improvis\u00e9e. C\u2019est avec une grande vuln\u00e9rabilit\u00e9 qu\u2019elle r\u00e9v\u00e8le le co\u00fbt cach\u00e9 de l\u2019inauthenticit\u00e9 dans la soci\u00e9t\u00e9 et le monde du travail d\u2019aujourd\u2019hui. Alors que 67\u00a0% des employ\u00e9s dans le monde se sentent d\u00e9sengag\u00e9s, le parcours de M<sup>me<\/sup>\u00a0Nasser sert de signal d\u2019alarme pour les \u00e9quipes qui souhaitent favoriser une culture de la confiance et accro\u00eetre la collaboration et l\u2019innovation.\u00a0\u00a0<\/p><p>Apr\u00e8s avoir men\u00e9 des milliers d\u2019entretiens au cours de ses 25\u00a0ans de carri\u00e8re aupr\u00e8s de dirigeants mondiaux et industriels, de c\u00e9l\u00e9brit\u00e9s et de pionniers, M<sup>me<\/sup>\u00a0Nasser explique comment les carri\u00e8res de r\u00eave peuvent s\u2019effondrer lorsqu\u2019on sacrifie l\u2019authenticit\u00e9 dans le milieu de travail moderne. Elle ne se contente pas de diagnostiquer le probl\u00e8me\u00a0\u2013\u00a0elle d\u00e9cortique l\u2019authenticit\u00e9 afin de transformer les cultures toxiques. Alliant des connaissances issues de la recherche \u00e0 une honn\u00eatet\u00e9 sans faille, M<sup>me<\/sup>\u00a0Nasser nous apprend \u00e0 troquer le syndrome de l\u2019imposteur et le perfectionnisme pour des strat\u00e9gies contre-intuitives telles que l\u2019imperfection strat\u00e9gique et la vuln\u00e9rabilit\u00e9 productive afin de lib\u00e9rer son potentiel inexploit\u00e9.\u00a0<\/p>\t\t\t\t\t\t\t\t<\/div>\n\t\t\t\t<\/div>\n\t\t\t\t<div class=\"elementor-element elementor-element-77858ec elementor-widget elementor-widget-heading\" data-id=\"77858ec\" data-element_type=\"widget\" data-e-type=\"widget\" data-settings=\"{&quot;ekit_we_effect_on&quot;:&quot;none&quot;}\" data-widget_type=\"heading.default\">\n\t\t\t\t<div class=\"elementor-widget-container\">\n\t\t\t\t\t<h4 class=\"elementor-heading-title elementor-size-default\">Conf\u00e9renciere<\/h4>\t\t\t\t<\/div>\n\t\t\t\t<\/div>\n\t\t\t\t\t<\/div>\n\t\t\t\t<\/div>\n\t\t<div class=\"elementor-element elementor-element-2a16c51 e-flex e-con-boxed e-con e-parent\" data-id=\"2a16c51\" data-element_type=\"container\" data-e-type=\"container\">\n\t\t\t\t\t<div class=\"e-con-inner\">\n\t\t<div class=\"elementor-element elementor-element-8ef2fe3 e-con-full e-flex e-con e-child\" data-id=\"8ef2fe3\" data-element_type=\"container\" data-e-type=\"container\">\n\t\t\t\t<div class=\"elementor-element elementor-element-383b9f3 elementor-widget__width-initial elementor-widget-mobile__width-initial elementor-widget elementor-widget-exhibz-speaker\" data-id=\"383b9f3\" data-element_type=\"widget\" data-e-type=\"widget\" data-settings=\"{&quot;ekit_we_effect_on&quot;:&quot;none&quot;}\" data-widget_type=\"exhibz-speaker.default\">\n\t\t\t\t<div class=\"elementor-widget-container\">\n\t\t\t\t\t\t\t\t            <div class=\"ts-speaker\" style=\"--speaker-color: #f2fafc\">\n                <div class=\"speaker-img\">\n\t\t\t\t\t                        <img decoding=\"async\" src=\"https:\/\/cannexus.ceric.ca\/wp-content\/uploads\/2025\/09\/Farah-Nasser-Speaker-Image-cx26-1.png\"\n                             alt=\"\">\n\t\t\t\t\t                    <a href=\"#popup_383b9f329783\"\n                       class=\"view-speaker ts-image-popup\" data-effect=\"mfp-zoom-in\">\n                        <i class=\"icon icon-plus\"><\/i>\n                    <\/a>\n                <\/div>\n                <div class=\"ts-speaker-info\">\n                    <h3 class=\"ts-title\">\n                        <a href=\"https:\/\/cannexus.ceric.ca\/speaker\/farah-nasser\/\"> Farah Nasser <\/a>\n                    <\/h3>\n                    <p>\n\t\t\t\t\t\t                    <\/p>\n                <\/div>\n                <!--- speaker info end -->\n                <!-- popup start-->\n                <div id=\"popup_383b9f329783\"\n                     class=\"container ts-speaker-popup mfp-hide\">\n                    <div class=\"row\">\n                        <div class=\"col-lg-6\">\n                            <div class=\"ts-speaker-popup-img\">\n\t\t\t\t\t\t\t\t                                    <img decoding=\"async\" src=\"https:\/\/cannexus.ceric.ca\/wp-content\/uploads\/2025\/09\/Farah-Nasser-Speaker-Image-cx26-1.png\"\n                                         alt=\"\">\n\t\t\t\t\t\t\t\t                            <\/div>\n                        <\/div>\n                        <!-- col end-->\n                        <div class=\"col-lg-6\">\n                            <div class=\"ts-speaker-popup-content\">\n                                <h3 class=\"ts-title\"><a\n                                            href=\"https:\/\/cannexus.ceric.ca\/speaker\/farah-nasser\/\"> Farah Nasser <\/a>\n                                <\/h3>\n                                <span class=\"speakder-designation\"> <\/span>\n\t\t\t\t\t\t\t\t                                    <img decoding=\"async\" src=\"\/\/cannexus.ceric.ca\/wp-content\/uploads\/2022\/08\/CX23-Speaker-icon-2.png\"\n                                         alt=\"\">\n\t\t\t\t\t\t\t\t                                <p>\n\t\t\t\t\t\t\t\t\t<span>Farah Nasser is one of Canada's most recognizable and trusted names in news, an award-winning journalist and sought-after keynote speaker who helps leaders build trust in an era of AI anxiety. As the former anchor of Global National, one of Canada's three national newscasts, Farah has not only had a front-row seat to history's defining moments but shaped national conversations around them.\u00a0<\/span><span>\u00a0<\/span>\r\n\r\n<span>From moderating election debates that influenced millions of voters to securing exclusive interviews with world leaders, including the first one-on-one with Prime Minister Justin Trudeau post-COVID 19 lockdown, Farah has built a career commanding attention and earning trust when stakes are highest. Her on-the-ground coverage, from terror attacks to natural disasters to royal transitions, has given her a unique lens into how organizations and leaders either rise or crumble under pressure.\u00a0<\/span><span>\u00a0<\/span>\r\n\r\n<span>Farah's groundbreaking work has earned her the prestigious Edward R. Murrow Award among many others, but what really sets Farah apart is covering stories others won't. She became recognized as a pioneer for her reporting on racial divides that changed how Canadian media covers systemic inequality. Her TEDx talk \"The Power of Intellectual Humility\" has influenced emerging leaders worldwide, while her investigative History Channel series #CanadaUncovered boldly explored the stories omitted from Canadian textbooks, sparking crucial national dialogue.\u00a0<\/span><span>\u00a0<\/span>\r\n\r\n<span>She serves on the Canadian Journalism Foundation's board, champions girls' rights as a Celebrated Ambassador for Plan International Canada, and is a member of the International Women's Forum, connecting her with influential leaders across 33 nations.<\/span>\r\n<h4><a href=\"http:\/\/cannexus.ceric.ca\/authentic-leadership\/\">Learn more about her keynote: <span class=\"TextRun SCXW37612153 BCX0\"><span class=\"NormalTextRun SCXW37612153 BCX0\">Authentic Leadership: Building Cultures that Thrive on Trust and Vulnerability<\/span><\/span><\/a><\/h4>                                <\/p>\n                                <div class=\"ts-speakers-social\">\n\t\t\t\t\t\t\t\t\t\t\t\t\t\t\t\t\t\t\t\t\t\t\t\t\t\t\t\t                                <\/div>\n                            <\/div>\n                            <!-- ts-speaker-popup-content end-->\n                        <\/div>\n                        <!-- col end-->\n                    <\/div>\n                    <!-- row end-->\n                <\/div>\n                <!-- popup end-->\n            <\/div>\n            <!-- ts-speaker end  -->\n\t\t\n\n\t\t\t\n\t\t\t\n\t\t\t\n\n\t\t\t\t\t\t<\/div>\n\t\t\t\t<\/div>\n\t\t\t\t<\/div>\n\t\t<div class=\"elementor-element elementor-element-ea89b4b e-con-full e-flex e-con e-child\" data-id=\"ea89b4b\" data-element_type=\"container\" data-e-type=\"container\">\n\t\t\t\t<div class=\"elementor-element elementor-element-f42c344 elementor-widget__width-initial elementor-widget-mobile__width-initial elementor-widget elementor-widget-text-editor\" data-id=\"f42c344\" data-element_type=\"widget\" data-e-type=\"widget\" data-settings=\"{&quot;ekit_we_effect_on&quot;:&quot;none&quot;}\" data-widget_type=\"text-editor.default\">\n\t\t\t\t<div class=\"elementor-widget-container\">\n\t\t\t\t\t\t\t\t\t<p>Madame Farah Nasser est l\u2019un des noms les plus connus et les plus fiables du Canada dans le domaine des nouvelles t\u00e9l\u00e9vis\u00e9es, une journaliste prim\u00e9e et une conf\u00e9renci\u00e8re recherch\u00e9e qui aide les dirigeants \u00e0 instaurer la confiance \u00e0 l\u2019\u00e8re de l\u2019anxi\u00e9t\u00e9 li\u00e9e \u00e0 l\u2019IA. En tant qu\u2019ancienne chef d\u2019antenne \u00e0 Global National, l\u2019un des trois journaux t\u00e9l\u00e9vis\u00e9s nationaux du Canada, M<sup>me<\/sup>\u00a0Nasser a non seulement \u00e9t\u00e9 aux premi\u00e8res loges pour assister aux moments d\u00e9cisifs de l\u2019histoire, mais elle a \u00e9galement fa\u00e7onn\u00e9 les conversations nationales les entourant.\u00a0\u00a0<\/p><p>Qu\u2019il s\u2019agisse d\u2019animer des d\u00e9bats \u00e9lectoraux qui ont influenc\u00e9 des millions d\u2019\u00e9lecteurs ou d\u2019obtenir des interviews exclusives avec des dirigeants du monde entier, y compris le premier t\u00eate-\u00e0-t\u00eate avec le premier ministre Justin Trudeau apr\u00e8s le confinement d\u00fb \u00e0 la\u00a0COVID 19, M<sup>me<\/sup>\u00a0Nasser s\u2019est construit une carri\u00e8re en attirant l\u2019attention et en gagnant la confiance lorsque les enjeux \u00e9taient les plus \u00e9lev\u00e9s. Ses reportages sur le terrain, que ce soit au sujet d\u2019attaques terroristes, de catastrophes naturelles ou de transitions li\u00e9es \u00e0 la royaut\u00e9, lui ont donn\u00e9 un point de vue unique sur la fa\u00e7on dont les organisations et les dirigeants s\u2019\u00e9l\u00e8vent ou s\u2019effondrent sous la pression.\u00a0\u00a0<\/p><p>Le travail r\u00e9volutionnaire de M<sup>me<\/sup>\u00a0Nasser lui a valu, entre autres, le prestigieux prix Edward\u00a0R.\u00a0Murrow; toutefois, ce qui la distingue vraiment, c\u2019est qu\u2019elle couvre des sujets que d\u2019autres ne couvrent pas. Elle a \u00e9t\u00e9 reconnue comme une pionni\u00e8re pour ses reportages sur les divisions raciales, reportages qui ont chang\u00e9 la fa\u00e7on dont les m\u00e9dias canadiens couvrent les in\u00e9galit\u00e9s syst\u00e9miques. Sa conf\u00e9rence TEDx \u00ab\u00a0The Power of Intellectual Humility\u00a0\u00bb a influenc\u00e9 des dirigeants \u00e9mergents dans le monde entier, tandis que sa s\u00e9rie d\u2019investigation History Channel #CanadaUncovered a explor\u00e9 avec audace des histoires omises dans les manuels scolaires canadiens, suscitant un dialogue national crucial.\u00a0\u00a0<\/p><p>Elle si\u00e8ge au conseil d\u2019administration de la Fondation pour le journalisme canadien, d\u00e9fend les droits des filles en tant qu\u2019ambassadrice reconnue de l\u2019organisme Plan International Canada et est membre de l\u2019International Women\u2019s Forum, ce qui lui a permis d\u2019entrer en contact avec des dirigeants influents de 33\u00a0pays.\u00a0\u00a0<\/p>\t\t\t\t\t\t\t\t<\/div>\n\t\t\t\t<\/div>\n\t\t\t\t<div class=\"elementor-element elementor-element-e38997f elementor-widget elementor-widget-video\" data-id=\"e38997f\" data-element_type=\"widget\" data-e-type=\"widget\" data-settings=\"{&quot;youtube_url&quot;:&quot;https:\\\/\\\/youtu.be\\\/jWS6gxIQCUo&quot;,&quot;video_type&quot;:&quot;youtube&quot;,&quot;controls&quot;:&quot;yes&quot;,&quot;ekit_we_effect_on&quot;:&quot;none&quot;}\" data-widget_type=\"video.default\">\n\t\t\t\t<div class=\"elementor-widget-container\">\n\t\t\t\t\t\t\t<div class=\"elementor-wrapper elementor-open-inline\">\n\t\t\t<div class=\"elementor-video\"><\/div>\t\t<\/div>\n\t\t\t\t\t\t<\/div>\n\t\t\t\t<\/div>\n\t\t\t\t<\/div>\n\t\t\t\t\t<\/div>\n\t\t\t\t<\/div>\n\t\t\t\t<\/div>\n\t\t","protected":false},"excerpt":{"rendered":"<p>Leadership authentique : B\u00e2tir des cultures qui prosp\u00e8rent gr\u00e2ce \u00e0 la confiance et \u00e0 la vuln\u00e9rabilit\u00e9 Mardi 27 janvier, 16h00 &#8211; 17h00 HE Pourquoi une pr\u00e9sentatrice de journaux t\u00e9l\u00e9vis\u00e9s \u00e0 une heure de grande \u00e9coute quitterait-elle son secteur d\u2019activit\u00e9 au sommet de sa carri\u00e8re? Pour la premi\u00e8re fois en public, Farah Nasser raconte son parcours [&hellip;]<\/p>\n","protected":false},"author":15,"featured_media":0,"parent":0,"menu_order":0,"comment_status":"closed","ping_status":"closed","template":"template\/full-width-template.php","meta":{"wp_social_preview_title":"","wp_social_preview_description":"","wp_social_preview_image":0,"footnotes":""},"class_list":["post-29804","page","type-page","status-publish","hentry"],"yoast_head":"<!-- This site is optimized with the Yoast SEO Premium plugin v26.0 (Yoast SEO v26.0) - https:\/\/yoast.com\/wordpress\/plugins\/seo\/ -->\n<title>Leadership authentique : B\u00e2tir des cultures qui prosp\u00e8rent gr\u00e2ce \u00e0 la confiance et \u00e0 la vuln\u00e9rabilit\u00e9 - Cannexus27<\/title>\n<meta name=\"robots\" content=\"index, follow, max-snippet:-1, max-image-preview:large, max-video-preview:-1\" \/>\n<link rel=\"canonical\" href=\"https:\/\/cannexus.ceric.ca\/fr\/leadership-authentique\/\" \/>\n<meta property=\"og:locale\" content=\"fr_FR\" \/>\n<meta property=\"og:type\" content=\"article\" \/>\n<meta property=\"og:title\" content=\"Leadership authentique : B\u00e2tir des cultures qui prosp\u00e8rent gr\u00e2ce \u00e0 la confiance et \u00e0 la vuln\u00e9rabilit\u00e9\" \/>\n<meta property=\"og:description\" content=\"Leadership authentique : B\u00e2tir des cultures qui prosp\u00e8rent gr\u00e2ce \u00e0 la confiance et \u00e0 la vuln\u00e9rabilit\u00e9 Mardi 27 janvier, 16h00 &#8211; 17h00 HE Pourquoi une pr\u00e9sentatrice de journaux t\u00e9l\u00e9vis\u00e9s \u00e0 une heure de grande \u00e9coute quitterait-elle son secteur d\u2019activit\u00e9 au sommet de sa carri\u00e8re? Pour la premi\u00e8re fois en public, Farah Nasser raconte son parcours [&hellip;]\" \/>\n<meta property=\"og:url\" content=\"https:\/\/cannexus.ceric.ca\/fr\/leadership-authentique\/\" \/>\n<meta property=\"og:site_name\" content=\"Cannexus27\" \/>\n<meta property=\"article:modified_time\" content=\"2025-11-21T14:49:37+00:00\" \/>\n<meta property=\"og:image\" content=\"https:\/\/cannexus.ceric.ca\/wp-content\/uploads\/2025\/09\/Farah-Nasser-Speaker-Image-cx26-1.png\" \/>\n<meta name=\"twitter:card\" content=\"summary_large_image\" \/>\n<meta name=\"twitter:label1\" content=\"Dur\u00e9e de lecture estim\u00e9e\" \/>\n\t<meta name=\"twitter:data1\" content=\"5 minutes\" \/>\n<script type=\"application\/ld+json\" class=\"yoast-schema-graph\">{\"@context\":\"https:\/\/schema.org\",\"@graph\":[{\"@type\":\"WebPage\",\"@id\":\"https:\/\/cannexus.ceric.ca\/fr\/leadership-authentique\/\",\"url\":\"https:\/\/cannexus.ceric.ca\/fr\/leadership-authentique\/\",\"name\":\"Leadership authentique : B\u00e2tir des cultures qui prosp\u00e8rent gr\u00e2ce \u00e0 la confiance et \u00e0 la vuln\u00e9rabilit\u00e9 - Cannexus27\",\"isPartOf\":{\"@id\":\"https:\/\/cannexus.ceric.ca\/fr\/#website\"},\"primaryImageOfPage\":{\"@id\":\"https:\/\/cannexus.ceric.ca\/fr\/leadership-authentique\/#primaryimage\"},\"image\":{\"@id\":\"https:\/\/cannexus.ceric.ca\/fr\/leadership-authentique\/#primaryimage\"},\"thumbnailUrl\":\"https:\/\/cannexus.ceric.ca\/wp-content\/uploads\/2025\/09\/Farah-Nasser-Speaker-Image-cx26-1.png\",\"datePublished\":\"2025-09-16T15:36:44+00:00\",\"dateModified\":\"2025-11-21T14:49:37+00:00\",\"breadcrumb\":{\"@id\":\"https:\/\/cannexus.ceric.ca\/fr\/leadership-authentique\/#breadcrumb\"},\"inLanguage\":\"fr-FR\",\"potentialAction\":[{\"@type\":\"ReadAction\",\"target\":[\"https:\/\/cannexus.ceric.ca\/fr\/leadership-authentique\/\"]}]},{\"@type\":\"ImageObject\",\"inLanguage\":\"fr-FR\",\"@id\":\"https:\/\/cannexus.ceric.ca\/fr\/leadership-authentique\/#primaryimage\",\"url\":\"https:\/\/cannexus.ceric.ca\/wp-content\/uploads\/2025\/09\/Farah-Nasser-Speaker-Image-cx26-1.png\",\"contentUrl\":\"https:\/\/cannexus.ceric.ca\/wp-content\/uploads\/2025\/09\/Farah-Nasser-Speaker-Image-cx26-1.png\"},{\"@type\":\"BreadcrumbList\",\"@id\":\"https:\/\/cannexus.ceric.ca\/fr\/leadership-authentique\/#breadcrumb\",\"itemListElement\":[{\"@type\":\"ListItem\",\"position\":1,\"name\":\"Home\",\"item\":\"https:\/\/cannexus.ceric.ca\/fr\/\"},{\"@type\":\"ListItem\",\"position\":2,\"name\":\"Leadership authentique : B\u00e2tir des cultures qui prosp\u00e8rent gr\u00e2ce \u00e0 la confiance et \u00e0 la vuln\u00e9rabilit\u00e9\"}]},{\"@type\":\"WebSite\",\"@id\":\"https:\/\/cannexus.ceric.ca\/fr\/#website\",\"url\":\"https:\/\/cannexus.ceric.ca\/fr\/\",\"name\":\"Cannexus26: Canada\u2019s Career Development Conference\",\"description\":\"Canada\u2019s Career Development Conference\",\"publisher\":{\"@id\":\"https:\/\/cannexus.ceric.ca\/fr\/#organization\"},\"alternateName\":\"Cannexus26\",\"potentialAction\":[{\"@type\":\"SearchAction\",\"target\":{\"@type\":\"EntryPoint\",\"urlTemplate\":\"https:\/\/cannexus.ceric.ca\/fr\/?s={search_term_string}\"},\"query-input\":{\"@type\":\"PropertyValueSpecification\",\"valueRequired\":true,\"valueName\":\"search_term_string\"}}],\"inLanguage\":\"fr-FR\"},{\"@type\":\"Organization\",\"@id\":\"https:\/\/cannexus.ceric.ca\/fr\/#organization\",\"name\":\"Cannexus26\",\"url\":\"https:\/\/cannexus.ceric.ca\/fr\/\",\"logo\":{\"@type\":\"ImageObject\",\"inLanguage\":\"fr-FR\",\"@id\":\"https:\/\/cannexus.ceric.ca\/fr\/#\/schema\/logo\/image\/\",\"url\":\"https:\/\/cannexus.ceric.ca\/wp-content\/uploads\/2025\/04\/CX-seal.png\",\"contentUrl\":\"https:\/\/cannexus.ceric.ca\/wp-content\/uploads\/2025\/04\/CX-seal.png\",\"width\":2000,\"height\":1574,\"caption\":\"Cannexus26\"},\"image\":{\"@id\":\"https:\/\/cannexus.ceric.ca\/fr\/#\/schema\/logo\/image\/\"}}]}<\/script>\n<!-- \/ Yoast SEO Premium plugin. -->","yoast_head_json":{"title":"Leadership authentique : B\u00e2tir des cultures qui prosp\u00e8rent gr\u00e2ce \u00e0 la confiance et \u00e0 la vuln\u00e9rabilit\u00e9 - Cannexus27","robots":{"index":"index","follow":"follow","max-snippet":"max-snippet:-1","max-image-preview":"max-image-preview:large","max-video-preview":"max-video-preview:-1"},"canonical":"https:\/\/cannexus.ceric.ca\/fr\/leadership-authentique\/","og_locale":"fr_FR","og_type":"article","og_title":"Leadership authentique : B\u00e2tir des cultures qui prosp\u00e8rent gr\u00e2ce \u00e0 la confiance et \u00e0 la vuln\u00e9rabilit\u00e9","og_description":"Leadership authentique : B\u00e2tir des cultures qui prosp\u00e8rent gr\u00e2ce \u00e0 la confiance et \u00e0 la vuln\u00e9rabilit\u00e9 Mardi 27 janvier, 16h00 &#8211; 17h00 HE Pourquoi une pr\u00e9sentatrice de journaux t\u00e9l\u00e9vis\u00e9s \u00e0 une heure de grande \u00e9coute quitterait-elle son secteur d\u2019activit\u00e9 au sommet de sa carri\u00e8re? Pour la premi\u00e8re fois en public, Farah Nasser raconte son parcours [&hellip;]","og_url":"https:\/\/cannexus.ceric.ca\/fr\/leadership-authentique\/","og_site_name":"Cannexus27","article_modified_time":"2025-11-21T14:49:37+00:00","og_image":[{"url":"https:\/\/cannexus.ceric.ca\/wp-content\/uploads\/2025\/09\/Farah-Nasser-Speaker-Image-cx26-1.png","type":"","width":"","height":""}],"twitter_card":"summary_large_image","twitter_misc":{"Dur\u00e9e de lecture estim\u00e9e":"5 minutes"},"schema":{"@context":"https:\/\/schema.org","@graph":[{"@type":"WebPage","@id":"https:\/\/cannexus.ceric.ca\/fr\/leadership-authentique\/","url":"https:\/\/cannexus.ceric.ca\/fr\/leadership-authentique\/","name":"Leadership authentique : B\u00e2tir des cultures qui prosp\u00e8rent gr\u00e2ce \u00e0 la confiance et \u00e0 la vuln\u00e9rabilit\u00e9 - Cannexus27","isPartOf":{"@id":"https:\/\/cannexus.ceric.ca\/fr\/#website"},"primaryImageOfPage":{"@id":"https:\/\/cannexus.ceric.ca\/fr\/leadership-authentique\/#primaryimage"},"image":{"@id":"https:\/\/cannexus.ceric.ca\/fr\/leadership-authentique\/#primaryimage"},"thumbnailUrl":"https:\/\/cannexus.ceric.ca\/wp-content\/uploads\/2025\/09\/Farah-Nasser-Speaker-Image-cx26-1.png","datePublished":"2025-09-16T15:36:44+00:00","dateModified":"2025-11-21T14:49:37+00:00","breadcrumb":{"@id":"https:\/\/cannexus.ceric.ca\/fr\/leadership-authentique\/#breadcrumb"},"inLanguage":"fr-FR","potentialAction":[{"@type":"ReadAction","target":["https:\/\/cannexus.ceric.ca\/fr\/leadership-authentique\/"]}]},{"@type":"ImageObject","inLanguage":"fr-FR","@id":"https:\/\/cannexus.ceric.ca\/fr\/leadership-authentique\/#primaryimage","url":"https:\/\/cannexus.ceric.ca\/wp-content\/uploads\/2025\/09\/Farah-Nasser-Speaker-Image-cx26-1.png","contentUrl":"https:\/\/cannexus.ceric.ca\/wp-content\/uploads\/2025\/09\/Farah-Nasser-Speaker-Image-cx26-1.png"},{"@type":"BreadcrumbList","@id":"https:\/\/cannexus.ceric.ca\/fr\/leadership-authentique\/#breadcrumb","itemListElement":[{"@type":"ListItem","position":1,"name":"Home","item":"https:\/\/cannexus.ceric.ca\/fr\/"},{"@type":"ListItem","position":2,"name":"Leadership authentique : B\u00e2tir des cultures qui prosp\u00e8rent gr\u00e2ce \u00e0 la confiance et \u00e0 la vuln\u00e9rabilit\u00e9"}]},{"@type":"WebSite","@id":"https:\/\/cannexus.ceric.ca\/fr\/#website","url":"https:\/\/cannexus.ceric.ca\/fr\/","name":"Cannexus26: Canada\u2019s Career Development Conference","description":"Canada\u2019s Career Development Conference","publisher":{"@id":"https:\/\/cannexus.ceric.ca\/fr\/#organization"},"alternateName":"Cannexus26","potentialAction":[{"@type":"SearchAction","target":{"@type":"EntryPoint","urlTemplate":"https:\/\/cannexus.ceric.ca\/fr\/?s={search_term_string}"},"query-input":{"@type":"PropertyValueSpecification","valueRequired":true,"valueName":"search_term_string"}}],"inLanguage":"fr-FR"},{"@type":"Organization","@id":"https:\/\/cannexus.ceric.ca\/fr\/#organization","name":"Cannexus26","url":"https:\/\/cannexus.ceric.ca\/fr\/","logo":{"@type":"ImageObject","inLanguage":"fr-FR","@id":"https:\/\/cannexus.ceric.ca\/fr\/#\/schema\/logo\/image\/","url":"https:\/\/cannexus.ceric.ca\/wp-content\/uploads\/2025\/04\/CX-seal.png","contentUrl":"https:\/\/cannexus.ceric.ca\/wp-content\/uploads\/2025\/04\/CX-seal.png","width":2000,"height":1574,"caption":"Cannexus26"},"image":{"@id":"https:\/\/cannexus.ceric.ca\/fr\/#\/schema\/logo\/image\/"}}]}},"_links":{"self":[{"href":"https:\/\/cannexus.ceric.ca\/fr\/wp-json\/wp\/v2\/pages\/29804","targetHints":{"allow":["GET"]}}],"collection":[{"href":"https:\/\/cannexus.ceric.ca\/fr\/wp-json\/wp\/v2\/pages"}],"about":[{"href":"https:\/\/cannexus.ceric.ca\/fr\/wp-json\/wp\/v2\/types\/page"}],"author":[{"embeddable":true,"href":"https:\/\/cannexus.ceric.ca\/fr\/wp-json\/wp\/v2\/users\/15"}],"replies":[{"embeddable":true,"href":"https:\/\/cannexus.ceric.ca\/fr\/wp-json\/wp\/v2\/comments?post=29804"}],"version-history":[{"count":0,"href":"https:\/\/cannexus.ceric.ca\/fr\/wp-json\/wp\/v2\/pages\/29804\/revisions"}],"wp:attachment":[{"href":"https:\/\/cannexus.ceric.ca\/fr\/wp-json\/wp\/v2\/media?parent=29804"}],"curies":[{"name":"wp","href":"https:\/\/api.w.org\/{rel}","templated":true}]}}