{"id":29256,"date":"2025-08-12T11:35:49","date_gmt":"2025-08-12T15:35:49","guid":{"rendered":"https:\/\/cannexus.ceric.ca\/?page_id=29256"},"modified":"2025-09-30T12:47:20","modified_gmt":"2025-09-30T16:47:20","slug":"redefinir-le-possible","status":"publish","type":"page","link":"https:\/\/cannexus.ceric.ca\/fr\/redefinir-le-possible\/","title":{"rendered":"Red\u00e9finir le possible : le\u00e7ons pour surmonter les montagnes de votre vie personnelle et professionnelle \u2013 en anglais seulement"},"content":{"rendered":"\t\t<div data-elementor-type=\"wp-page\" data-elementor-id=\"29256\" class=\"elementor elementor-29256 elementor-29241\" data-elementor-post-type=\"page\">\n\t\t\t\t\t\t<section class=\"elementor-section elementor-top-section elementor-element elementor-element-60f224f elementor-section-boxed elementor-section-height-default elementor-section-height-default\" data-id=\"60f224f\" data-element_type=\"section\" data-e-type=\"section\">\n\t\t\t\t\t\t<div class=\"elementor-container elementor-column-gap-default\">\n\t\t\t\t\t<div class=\"elementor-column elementor-col-100 elementor-top-column elementor-element elementor-element-493a3b8\" data-id=\"493a3b8\" data-element_type=\"column\" data-e-type=\"column\">\n\t\t\t<div class=\"elementor-widget-wrap elementor-element-populated\">\n\t\t\t\t\t\t<div class=\"elementor-element elementor-element-60131d0 elementor-widget elementor-widget-heading\" data-id=\"60131d0\" data-element_type=\"widget\" data-e-type=\"widget\" data-settings=\"{&quot;ekit_we_effect_on&quot;:&quot;none&quot;}\" data-widget_type=\"heading.default\">\n\t\t\t\t<div class=\"elementor-widget-container\">\n\t\t\t\t\t<h1 class=\"elementor-heading-title elementor-size-default\">Red\u00e9finir le possible : le\u00e7ons pour surmonter les montagnes de votre vie personnelle et professionnelle<\/h1>\t\t\t\t<\/div>\n\t\t\t\t<\/div>\n\t\t\t\t\t<\/div>\n\t\t<\/div>\n\t\t\t\t\t<\/div>\n\t\t<\/section>\n\t\t<div class=\"elementor-element elementor-element-e954dd8 e-flex e-con-boxed e-con e-parent\" data-id=\"e954dd8\" data-element_type=\"container\" data-e-type=\"container\">\n\t\t\t\t\t<div class=\"e-con-inner\">\n\t\t\t\t<div class=\"elementor-element elementor-element-7627028 elementor-widget elementor-widget-heading\" data-id=\"7627028\" data-element_type=\"widget\" data-e-type=\"widget\" data-settings=\"{&quot;ekit_we_effect_on&quot;:&quot;none&quot;}\" data-widget_type=\"heading.default\">\n\t\t\t\t<div class=\"elementor-widget-container\">\n\t\t\t\t\t<h4 class=\"elementor-heading-title elementor-size-default\">Mardi 27 janvier 2026, 12h00 - 13h00 HE<\/h4>\t\t\t\t<\/div>\n\t\t\t\t<\/div>\n\t\t\t\t<div class=\"elementor-element elementor-element-be83ef5 elementor-widget elementor-widget-text-editor\" data-id=\"be83ef5\" data-element_type=\"widget\" data-e-type=\"widget\" data-settings=\"{&quot;ekit_we_effect_on&quot;:&quot;none&quot;}\" data-widget_type=\"text-editor.default\">\n\t\t\t\t<div class=\"elementor-widget-container\">\n\t\t\t\t\t\t\t\t\t<p>Spencer West invite le public \u00e0 faire l\u2019exp\u00e9rience de la transformation qui peut se produire lorsque l\u2019on \u00ab red\u00e9finit le possible \u00bb. Avec l\u2019humour et l\u2019humilit\u00e9 qui le caract\u00e9risent, M. West livre le r\u00e9cit fascinant des d\u00e9fis qu\u2019il a d\u00fb relever apr\u00e8s l\u2019amputation de ses jambes \u00e0 partir du bassin \u00e0 l\u2019\u00e2ge de cinq ans, et du voyage de d\u00e9couverte qui lui a permis d\u2019atteindre le sommet du Kilimanjaro en s\u2019aidant de ses mains et de son fauteuil roulant.<\/p><p>M. West met \u00e0 profit les connaissances acquises au cours d\u2019une vie jalonn\u00e9e d\u2019obstacles pour aider les dirigeants et les employ\u00e9s \u00e0 cerner et \u00e0 surmonter leurs propres obstacles. Son message inspirant et ses le\u00e7ons de vie tangibles motivent le public des entreprises \u00e0 croire qu\u2019il peut atteindre n\u2019importe quel objectif, personnel ou professionnel.<\/p>\t\t\t\t\t\t\t\t<\/div>\n\t\t\t\t<\/div>\n\t\t\t\t<div class=\"elementor-element elementor-element-77858ec elementor-widget elementor-widget-heading\" data-id=\"77858ec\" data-element_type=\"widget\" data-e-type=\"widget\" data-settings=\"{&quot;ekit_we_effect_on&quot;:&quot;none&quot;}\" data-widget_type=\"heading.default\">\n\t\t\t\t<div class=\"elementor-widget-container\">\n\t\t\t\t\t<h4 class=\"elementor-heading-title elementor-size-default\">Conf\u00e9rencier<\/h4>\t\t\t\t<\/div>\n\t\t\t\t<\/div>\n\t\t\t\t\t<\/div>\n\t\t\t\t<\/div>\n\t\t<div class=\"elementor-element elementor-element-c1ae8ab e-flex e-con-boxed e-con e-parent\" data-id=\"c1ae8ab\" data-element_type=\"container\" data-e-type=\"container\">\n\t\t\t\t\t<div class=\"e-con-inner\">\n\t\t<div class=\"elementor-element elementor-element-aa51f79 e-con-full e-flex e-con e-child\" data-id=\"aa51f79\" data-element_type=\"container\" data-e-type=\"container\">\n\t\t\t\t<div class=\"elementor-element elementor-element-d79ba97 elementor-widget__width-initial elementor-widget-mobile__width-initial elementor-widget elementor-widget-exhibz-speaker\" data-id=\"d79ba97\" data-element_type=\"widget\" data-e-type=\"widget\" data-settings=\"{&quot;ekit_we_effect_on&quot;:&quot;none&quot;}\" data-widget_type=\"exhibz-speaker.default\">\n\t\t\t\t<div class=\"elementor-widget-container\">\n\t\t\t\t\t\t\t\t            <div class=\"ts-speaker\" style=\"--speaker-color: #f2fafc\">\n                <div class=\"speaker-img\">\n\t\t\t\t\t                        <img decoding=\"async\" src=\"https:\/\/cannexus.ceric.ca\/wp-content\/uploads\/2025\/08\/spencer-west-keynote-1.png\"\n                             alt=\"\">\n\t\t\t\t\t                    <a href=\"#popup_d79ba9729259\"\n                       class=\"view-speaker ts-image-popup\" data-effect=\"mfp-zoom-in\">\n                        <i class=\"icon icon-plus\"><\/i>\n                    <\/a>\n                <\/div>\n                <div class=\"ts-speaker-info\">\n                    <h3 class=\"ts-title\">\n                        <a href=\"https:\/\/cannexus.ceric.ca\/fr\/speaker\/spencer-west\/\"> Spencer West <\/a>\n                    <\/h3>\n                    <p>\n\t\t\t\t\t\t                    <\/p>\n                <\/div>\n                <!--- speaker info end -->\n                <!-- popup start-->\n                <div id=\"popup_d79ba9729259\"\n                     class=\"container ts-speaker-popup mfp-hide\">\n                    <div class=\"row\">\n                        <div class=\"col-lg-6\">\n                            <div class=\"ts-speaker-popup-img\">\n\t\t\t\t\t\t\t\t                                    <img decoding=\"async\" src=\"https:\/\/cannexus.ceric.ca\/wp-content\/uploads\/2025\/08\/spencer-west-keynote-1.png\"\n                                         alt=\"\">\n\t\t\t\t\t\t\t\t                            <\/div>\n                        <\/div>\n                        <!-- col end-->\n                        <div class=\"col-lg-6\">\n                            <div class=\"ts-speaker-popup-content\">\n                                <h3 class=\"ts-title\"><a\n                                            href=\"https:\/\/cannexus.ceric.ca\/fr\/speaker\/spencer-west\/\"> Spencer West <\/a>\n                                <\/h3>\n                                <span class=\"speakder-designation\"> <\/span>\n\t\t\t\t\t\t\t\t                                    <img decoding=\"async\" src=\"\/\/cannexus.ceric.ca\/wp-content\/uploads\/2022\/08\/CX23-Speaker-icon-2.png\"\n                                         alt=\"\">\n\t\t\t\t\t\t\t\t                                <p>\n\t\t\t\t\t\t\t\t\tLa vie du visionnaire et militant Spencer West a \u00e9t\u00e9 marqu\u00e9e par des obstacles et des triomphes. Apr\u00e8s l\u2019amputation de ses deux jambes \u00e0 partir du bassin \u00e0 l\u2019\u00e2ge de cinq ans, il est entr\u00e9 dans un monde qui aurait pu facilement l\u2019an\u00e9antir. Au lieu de cela, il a relev\u00e9 d\u00e9fi apr\u00e8s d\u00e9fi, apprenant \u00e0 faire face \u00e0 un monde hostile aux personnes handicap\u00e9es. Ses nombreuses r\u00e9alisations, dont l\u2019ascension du Kilimanjaro, et les le\u00e7ons apprises en chemin l\u2019ont amen\u00e9 \u00e0 d\u00e9couvrir des techniques que les chefs d\u2019entreprise, les professionnels, les \u00e9ducateurs et les jeunes peuvent utiliser pour red\u00e9finir le possible dans leur propre vie et dans leur carri\u00e8re.\r\n\r\nConf\u00e9rencier de renomm\u00e9e mondiale, M. West impr\u00e8gne ses conf\u00e9rences d\u2019humour et d\u2019humilit\u00e9. Ses paroles et ses actions ont encourag\u00e9 des millions de personnes \u00e0 se lever, \u00e0 faire face aux difficult\u00e9s et \u00e0 accepter le changement, tout en leur insufflant de l\u2019espoir et en donnant aux dirigeants les moyens de motiver les autres \u00e0 cr\u00e9er un changement positif. Il a partag\u00e9 la sc\u00e8ne avec des personnalit\u00e9s et des artistes tels que l\u2019ancien vice-pr\u00e9sident am\u00e9ricain Al Gore, Mia Farrow, Martin Luther King III, Jennifer Hudson et Natalie Portman. M. West est l\u2019auteur du livre \u00e0 succ\u00e8s Standing Tall : My Journey et la vedette du film documentaire Redefine Possible : The Story of Spencer West, dont la premi\u00e8re a eu lieu au Festival international du film de Toronto. Il est \u00e9galement connu pour son r\u00f4le du laveur de vitres dans la s\u00e9rie Les enqu\u00eates de Murdoch, et en tant qu\u2019influenceur sur les m\u00e9dias sociaux avec plus de 4 millions d\u2019abonn\u00e9s sur TikTok.\r\n<h3><\/h3>\r\n<h3><a href=\"https:\/\/cannexus.ceric.ca\/fr\/redefinir-le-possible\/\">Renseignez-vous sur son allocution : Red\u00e9finir le possible : le\u00e7ons pour surmonter les montagnes de votre vie personnelle et professionnelle<\/a><\/h3>                                <\/p>\n                                <div class=\"ts-speakers-social\">\n\t\t\t\t\t\t\t\t\t\t\t\t\t\t\t\t\t\t\t                                            <a href=\"https:\/\/www.instagram.com\/spencer2thewest\/\"\n                                               target=\"_blank\" rel=\"noreferrer\">\n                                                <i class=\"fab fa-instagram\"><\/i>\n                                            <\/a>\n\t\t\t\t\t\t\t\t\t\t                                            <a href=\"https:\/\/www.tiktok.com\/@spencer2thewest\"\n                                               target=\"_blank\" rel=\"noreferrer\">\n                                                <i class=\"icon icon-tiktok\"><\/i>\n                                            <\/a>\n\t\t\t\t\t\t\t\t\t\t                                            <a href=\"https:\/\/www.youtube.com\/Spencer2thewest\"\n                                               target=\"_blank\" rel=\"noreferrer\">\n                                                <i class=\"fab fa-youtube\"><\/i>\n                                            <\/a>\n\t\t\t\t\t\t\t\t\t\t\t\t\t\t\t\t\t\t\t                                <\/div>\n                            <\/div>\n                            <!-- ts-speaker-popup-content end-->\n                        <\/div>\n                        <!-- col end-->\n                    <\/div>\n                    <!-- row end-->\n                <\/div>\n                <!-- popup end-->\n            <\/div>\n            <!-- ts-speaker end  -->\n\t\t\n\n\t\t\t\n\t\t\t\n\t\t\t\n\n\t\t\t\t\t\t<\/div>\n\t\t\t\t<\/div>\n\t\t\t\t<\/div>\n\t\t<div class=\"elementor-element elementor-element-aec783a e-con-full e-flex e-con e-child\" data-id=\"aec783a\" data-element_type=\"container\" data-e-type=\"container\">\n\t\t\t\t<div class=\"elementor-element elementor-element-0ca1b2e elementor-widget__width-initial elementor-widget-mobile__width-initial elementor-widget elementor-widget-text-editor\" data-id=\"0ca1b2e\" data-element_type=\"widget\" data-e-type=\"widget\" data-settings=\"{&quot;ekit_we_effect_on&quot;:&quot;none&quot;}\" data-widget_type=\"text-editor.default\">\n\t\t\t\t<div class=\"elementor-widget-container\">\n\t\t\t\t\t\t\t\t\t<p>La vie du visionnaire et militant Spencer West a \u00e9t\u00e9 marqu\u00e9e par des obstacles et des triomphes. Apr\u00e8s l\u2019amputation de ses deux jambes \u00e0 partir du bassin \u00e0 l\u2019\u00e2ge de cinq ans, il est entr\u00e9 dans un monde qui aurait pu facilement l\u2019an\u00e9antir. Au lieu de cela, il a relev\u00e9 d\u00e9fi apr\u00e8s d\u00e9fi, apprenant \u00e0 faire face \u00e0 un monde hostile aux personnes handicap\u00e9es. Ses nombreuses r\u00e9alisations, dont l\u2019ascension du Kilimanjaro, et les le\u00e7ons apprises en chemin l\u2019ont amen\u00e9 \u00e0 d\u00e9couvrir des techniques que les chefs d\u2019entreprise, les professionnels, les \u00e9ducateurs et les jeunes peuvent utiliser pour red\u00e9finir le possible dans leur propre vie et dans leur carri\u00e8re.<\/p><p>Conf\u00e9rencier de renomm\u00e9e mondiale, M. West impr\u00e8gne ses conf\u00e9rences d\u2019humour et d\u2019humilit\u00e9. Ses paroles et ses actions ont encourag\u00e9 des millions de personnes \u00e0 se lever, \u00e0 faire face aux difficult\u00e9s et \u00e0 accepter le changement, tout en leur insufflant de l\u2019espoir et en donnant aux dirigeants les moyens de motiver les autres \u00e0 cr\u00e9er un changement positif. Il a partag\u00e9 la sc\u00e8ne avec des personnalit\u00e9s et des artistes tels que l\u2019ancien vice-pr\u00e9sident am\u00e9ricain Al Gore, Mia Farrow, Martin Luther King III, Jennifer Hudson et Natalie Portman. M. West est l\u2019auteur du livre \u00e0 succ\u00e8s <em>Standing Tall : My Journey<\/em> et la vedette du film documentaire <em>Redefine Possible : The Story of Spencer West<\/em>, dont la premi\u00e8re a eu lieu au Festival international du film de Toronto. Il est \u00e9galement connu pour son r\u00f4le du laveur de vitres dans la s\u00e9rie Les enqu\u00eates de Murdoch, et en tant qu\u2019influenceur sur les m\u00e9dias sociaux avec plus de 4 millions d\u2019abonn\u00e9s sur TikTok.<\/p>\t\t\t\t\t\t\t\t<\/div>\n\t\t\t\t<\/div>\n\t\t\t\t<div class=\"elementor-element elementor-element-9a85ce7 elementor-widget elementor-widget-video\" data-id=\"9a85ce7\" data-element_type=\"widget\" data-e-type=\"widget\" data-settings=\"{&quot;youtube_url&quot;:&quot;https:\\\/\\\/www.youtube.com\\\/watch?v=Wd_TJaZJfoE&quot;,&quot;video_type&quot;:&quot;youtube&quot;,&quot;controls&quot;:&quot;yes&quot;,&quot;ekit_we_effect_on&quot;:&quot;none&quot;}\" data-widget_type=\"video.default\">\n\t\t\t\t<div class=\"elementor-widget-container\">\n\t\t\t\t\t\t\t<div class=\"elementor-wrapper elementor-open-inline\">\n\t\t\t<div class=\"elementor-video\"><\/div>\t\t<\/div>\n\t\t\t\t\t\t<\/div>\n\t\t\t\t<\/div>\n\t\t\t\t<\/div>\n\t\t\t\t\t<\/div>\n\t\t\t\t<\/div>\n\t\t\t\t<\/div>\n\t\t","protected":false},"excerpt":{"rendered":"<p>Red\u00e9finir le possible : le\u00e7ons pour surmonter les montagnes de votre vie personnelle et professionnelle Mardi 27 janvier 2026, 12h00 &#8211; 13h00 HE Spencer West invite le public \u00e0 faire l\u2019exp\u00e9rience de la transformation qui peut se produire lorsque l\u2019on \u00ab red\u00e9finit le possible \u00bb. Avec l\u2019humour et l\u2019humilit\u00e9 qui le caract\u00e9risent, M. West livre [&hellip;]<\/p>\n","protected":false},"author":15,"featured_media":0,"parent":0,"menu_order":0,"comment_status":"closed","ping_status":"closed","template":"template\/full-width-template.php","meta":{"wp_social_preview_title":"","wp_social_preview_description":"","wp_social_preview_image":0,"footnotes":""},"class_list":["post-29256","page","type-page","status-publish","hentry"],"yoast_head":"<!-- This site is optimized with the Yoast SEO Premium plugin v26.0 (Yoast SEO v26.0) - https:\/\/yoast.com\/wordpress\/plugins\/seo\/ -->\n<title>Red\u00e9finir le possible : le\u00e7ons pour surmonter les montagnes de votre vie personnelle et professionnelle \u2013 en anglais seulement - Cannexus27<\/title>\n<meta name=\"robots\" content=\"index, follow, max-snippet:-1, max-image-preview:large, max-video-preview:-1\" \/>\n<link rel=\"canonical\" href=\"https:\/\/cannexus.ceric.ca\/fr\/redefinir-le-possible\/\" \/>\n<meta property=\"og:locale\" content=\"fr_FR\" \/>\n<meta property=\"og:type\" content=\"article\" \/>\n<meta property=\"og:title\" content=\"Red\u00e9finir le possible : le\u00e7ons pour surmonter les montagnes de votre vie personnelle et professionnelle \u2013 en anglais seulement\" \/>\n<meta property=\"og:description\" content=\"Red\u00e9finir le possible : le\u00e7ons pour surmonter les montagnes de votre vie personnelle et professionnelle Mardi 27 janvier 2026, 12h00 &#8211; 13h00 HE Spencer West invite le public \u00e0 faire l\u2019exp\u00e9rience de la transformation qui peut se produire lorsque l\u2019on \u00ab red\u00e9finit le possible \u00bb. Avec l\u2019humour et l\u2019humilit\u00e9 qui le caract\u00e9risent, M. West livre [&hellip;]\" \/>\n<meta property=\"og:url\" content=\"https:\/\/cannexus.ceric.ca\/fr\/redefinir-le-possible\/\" \/>\n<meta property=\"og:site_name\" content=\"Cannexus27\" \/>\n<meta property=\"article:modified_time\" content=\"2025-09-30T16:47:20+00:00\" \/>\n<meta property=\"og:image\" content=\"https:\/\/cannexus.ceric.ca\/wp-content\/uploads\/2025\/08\/spencer-west-keynote-1.png\" \/>\n<meta name=\"twitter:card\" content=\"summary_large_image\" \/>\n<meta name=\"twitter:label1\" content=\"Dur\u00e9e de lecture estim\u00e9e\" \/>\n\t<meta name=\"twitter:data1\" content=\"5 minutes\" \/>\n<script type=\"application\/ld+json\" class=\"yoast-schema-graph\">{\"@context\":\"https:\/\/schema.org\",\"@graph\":[{\"@type\":\"WebPage\",\"@id\":\"https:\/\/cannexus.ceric.ca\/fr\/redefinir-le-possible\/\",\"url\":\"https:\/\/cannexus.ceric.ca\/fr\/redefinir-le-possible\/\",\"name\":\"Red\u00e9finir le possible : le\u00e7ons pour surmonter les montagnes de votre vie personnelle et professionnelle \u2013 en anglais seulement - Cannexus27\",\"isPartOf\":{\"@id\":\"https:\/\/cannexus.ceric.ca\/fr\/#website\"},\"primaryImageOfPage\":{\"@id\":\"https:\/\/cannexus.ceric.ca\/fr\/redefinir-le-possible\/#primaryimage\"},\"image\":{\"@id\":\"https:\/\/cannexus.ceric.ca\/fr\/redefinir-le-possible\/#primaryimage\"},\"thumbnailUrl\":\"https:\/\/cannexus.ceric.ca\/wp-content\/uploads\/2025\/08\/spencer-west-keynote-1.png\",\"datePublished\":\"2025-08-12T15:35:49+00:00\",\"dateModified\":\"2025-09-30T16:47:20+00:00\",\"breadcrumb\":{\"@id\":\"https:\/\/cannexus.ceric.ca\/fr\/redefinir-le-possible\/#breadcrumb\"},\"inLanguage\":\"fr-FR\",\"potentialAction\":[{\"@type\":\"ReadAction\",\"target\":[\"https:\/\/cannexus.ceric.ca\/fr\/redefinir-le-possible\/\"]}]},{\"@type\":\"ImageObject\",\"inLanguage\":\"fr-FR\",\"@id\":\"https:\/\/cannexus.ceric.ca\/fr\/redefinir-le-possible\/#primaryimage\",\"url\":\"https:\/\/cannexus.ceric.ca\/wp-content\/uploads\/2025\/08\/spencer-west-keynote-1.png\",\"contentUrl\":\"https:\/\/cannexus.ceric.ca\/wp-content\/uploads\/2025\/08\/spencer-west-keynote-1.png\"},{\"@type\":\"BreadcrumbList\",\"@id\":\"https:\/\/cannexus.ceric.ca\/fr\/redefinir-le-possible\/#breadcrumb\",\"itemListElement\":[{\"@type\":\"ListItem\",\"position\":1,\"name\":\"Home\",\"item\":\"https:\/\/cannexus.ceric.ca\/fr\/\"},{\"@type\":\"ListItem\",\"position\":2,\"name\":\"Red\u00e9finir le possible : le\u00e7ons pour surmonter les montagnes de votre vie personnelle et professionnelle \u2013 en anglais seulement\"}]},{\"@type\":\"WebSite\",\"@id\":\"https:\/\/cannexus.ceric.ca\/fr\/#website\",\"url\":\"https:\/\/cannexus.ceric.ca\/fr\/\",\"name\":\"Cannexus26: Canada\u2019s Career Development Conference\",\"description\":\"Canada\u2019s Career Development Conference\",\"publisher\":{\"@id\":\"https:\/\/cannexus.ceric.ca\/fr\/#organization\"},\"alternateName\":\"Cannexus26\",\"potentialAction\":[{\"@type\":\"SearchAction\",\"target\":{\"@type\":\"EntryPoint\",\"urlTemplate\":\"https:\/\/cannexus.ceric.ca\/fr\/?s={search_term_string}\"},\"query-input\":{\"@type\":\"PropertyValueSpecification\",\"valueRequired\":true,\"valueName\":\"search_term_string\"}}],\"inLanguage\":\"fr-FR\"},{\"@type\":\"Organization\",\"@id\":\"https:\/\/cannexus.ceric.ca\/fr\/#organization\",\"name\":\"Cannexus26\",\"url\":\"https:\/\/cannexus.ceric.ca\/fr\/\",\"logo\":{\"@type\":\"ImageObject\",\"inLanguage\":\"fr-FR\",\"@id\":\"https:\/\/cannexus.ceric.ca\/fr\/#\/schema\/logo\/image\/\",\"url\":\"https:\/\/cannexus.ceric.ca\/wp-content\/uploads\/2025\/04\/CX-seal.png\",\"contentUrl\":\"https:\/\/cannexus.ceric.ca\/wp-content\/uploads\/2025\/04\/CX-seal.png\",\"width\":2000,\"height\":1574,\"caption\":\"Cannexus26\"},\"image\":{\"@id\":\"https:\/\/cannexus.ceric.ca\/fr\/#\/schema\/logo\/image\/\"}}]}<\/script>\n<!-- \/ Yoast SEO Premium plugin. -->","yoast_head_json":{"title":"Red\u00e9finir le possible : le\u00e7ons pour surmonter les montagnes de votre vie personnelle et professionnelle \u2013 en anglais seulement - Cannexus27","robots":{"index":"index","follow":"follow","max-snippet":"max-snippet:-1","max-image-preview":"max-image-preview:large","max-video-preview":"max-video-preview:-1"},"canonical":"https:\/\/cannexus.ceric.ca\/fr\/redefinir-le-possible\/","og_locale":"fr_FR","og_type":"article","og_title":"Red\u00e9finir le possible : le\u00e7ons pour surmonter les montagnes de votre vie personnelle et professionnelle \u2013 en anglais seulement","og_description":"Red\u00e9finir le possible : le\u00e7ons pour surmonter les montagnes de votre vie personnelle et professionnelle Mardi 27 janvier 2026, 12h00 &#8211; 13h00 HE Spencer West invite le public \u00e0 faire l\u2019exp\u00e9rience de la transformation qui peut se produire lorsque l\u2019on \u00ab red\u00e9finit le possible \u00bb. Avec l\u2019humour et l\u2019humilit\u00e9 qui le caract\u00e9risent, M. West livre [&hellip;]","og_url":"https:\/\/cannexus.ceric.ca\/fr\/redefinir-le-possible\/","og_site_name":"Cannexus27","article_modified_time":"2025-09-30T16:47:20+00:00","og_image":[{"url":"https:\/\/cannexus.ceric.ca\/wp-content\/uploads\/2025\/08\/spencer-west-keynote-1.png","type":"","width":"","height":""}],"twitter_card":"summary_large_image","twitter_misc":{"Dur\u00e9e de lecture estim\u00e9e":"5 minutes"},"schema":{"@context":"https:\/\/schema.org","@graph":[{"@type":"WebPage","@id":"https:\/\/cannexus.ceric.ca\/fr\/redefinir-le-possible\/","url":"https:\/\/cannexus.ceric.ca\/fr\/redefinir-le-possible\/","name":"Red\u00e9finir le possible : le\u00e7ons pour surmonter les montagnes de votre vie personnelle et professionnelle \u2013 en anglais seulement - Cannexus27","isPartOf":{"@id":"https:\/\/cannexus.ceric.ca\/fr\/#website"},"primaryImageOfPage":{"@id":"https:\/\/cannexus.ceric.ca\/fr\/redefinir-le-possible\/#primaryimage"},"image":{"@id":"https:\/\/cannexus.ceric.ca\/fr\/redefinir-le-possible\/#primaryimage"},"thumbnailUrl":"https:\/\/cannexus.ceric.ca\/wp-content\/uploads\/2025\/08\/spencer-west-keynote-1.png","datePublished":"2025-08-12T15:35:49+00:00","dateModified":"2025-09-30T16:47:20+00:00","breadcrumb":{"@id":"https:\/\/cannexus.ceric.ca\/fr\/redefinir-le-possible\/#breadcrumb"},"inLanguage":"fr-FR","potentialAction":[{"@type":"ReadAction","target":["https:\/\/cannexus.ceric.ca\/fr\/redefinir-le-possible\/"]}]},{"@type":"ImageObject","inLanguage":"fr-FR","@id":"https:\/\/cannexus.ceric.ca\/fr\/redefinir-le-possible\/#primaryimage","url":"https:\/\/cannexus.ceric.ca\/wp-content\/uploads\/2025\/08\/spencer-west-keynote-1.png","contentUrl":"https:\/\/cannexus.ceric.ca\/wp-content\/uploads\/2025\/08\/spencer-west-keynote-1.png"},{"@type":"BreadcrumbList","@id":"https:\/\/cannexus.ceric.ca\/fr\/redefinir-le-possible\/#breadcrumb","itemListElement":[{"@type":"ListItem","position":1,"name":"Home","item":"https:\/\/cannexus.ceric.ca\/fr\/"},{"@type":"ListItem","position":2,"name":"Red\u00e9finir le possible : le\u00e7ons pour surmonter les montagnes de votre vie personnelle et professionnelle \u2013 en anglais seulement"}]},{"@type":"WebSite","@id":"https:\/\/cannexus.ceric.ca\/fr\/#website","url":"https:\/\/cannexus.ceric.ca\/fr\/","name":"Cannexus26: Canada\u2019s Career Development Conference","description":"Canada\u2019s Career Development Conference","publisher":{"@id":"https:\/\/cannexus.ceric.ca\/fr\/#organization"},"alternateName":"Cannexus26","potentialAction":[{"@type":"SearchAction","target":{"@type":"EntryPoint","urlTemplate":"https:\/\/cannexus.ceric.ca\/fr\/?s={search_term_string}"},"query-input":{"@type":"PropertyValueSpecification","valueRequired":true,"valueName":"search_term_string"}}],"inLanguage":"fr-FR"},{"@type":"Organization","@id":"https:\/\/cannexus.ceric.ca\/fr\/#organization","name":"Cannexus26","url":"https:\/\/cannexus.ceric.ca\/fr\/","logo":{"@type":"ImageObject","inLanguage":"fr-FR","@id":"https:\/\/cannexus.ceric.ca\/fr\/#\/schema\/logo\/image\/","url":"https:\/\/cannexus.ceric.ca\/wp-content\/uploads\/2025\/04\/CX-seal.png","contentUrl":"https:\/\/cannexus.ceric.ca\/wp-content\/uploads\/2025\/04\/CX-seal.png","width":2000,"height":1574,"caption":"Cannexus26"},"image":{"@id":"https:\/\/cannexus.ceric.ca\/fr\/#\/schema\/logo\/image\/"}}]}},"_links":{"self":[{"href":"https:\/\/cannexus.ceric.ca\/fr\/wp-json\/wp\/v2\/pages\/29256","targetHints":{"allow":["GET"]}}],"collection":[{"href":"https:\/\/cannexus.ceric.ca\/fr\/wp-json\/wp\/v2\/pages"}],"about":[{"href":"https:\/\/cannexus.ceric.ca\/fr\/wp-json\/wp\/v2\/types\/page"}],"author":[{"embeddable":true,"href":"https:\/\/cannexus.ceric.ca\/fr\/wp-json\/wp\/v2\/users\/15"}],"replies":[{"embeddable":true,"href":"https:\/\/cannexus.ceric.ca\/fr\/wp-json\/wp\/v2\/comments?post=29256"}],"version-history":[{"count":0,"href":"https:\/\/cannexus.ceric.ca\/fr\/wp-json\/wp\/v2\/pages\/29256\/revisions"}],"wp:attachment":[{"href":"https:\/\/cannexus.ceric.ca\/fr\/wp-json\/wp\/v2\/media?parent=29256"}],"curies":[{"name":"wp","href":"https:\/\/api.w.org\/{rel}","templated":true}]}}