{"id":28937,"date":"2025-07-11T09:34:52","date_gmt":"2025-07-11T13:34:52","guid":{"rendered":"https:\/\/cannexus.ceric.ca\/?page_id=28937"},"modified":"2025-10-15T11:17:25","modified_gmt":"2025-10-15T15:17:25","slug":"rendre-visible-linvisible-celebrer-les-professionnels-de-la-carriere-a-lere-de-lia","status":"publish","type":"page","link":"https:\/\/cannexus.ceric.ca\/fr\/rendre-visible-linvisible-celebrer-les-professionnels-de-la-carriere-a-lere-de-lia\/","title":{"rendered":"Rendre visible l\u2019invisible : c\u00e9l\u00e9brer les professionnels de la carri\u00e8re \u00e0 l\u2019\u00e8re de l\u2019IA"},"content":{"rendered":"\t\t<div data-elementor-type=\"wp-page\" data-elementor-id=\"28937\" class=\"elementor elementor-28937 elementor-28925\" data-elementor-post-type=\"page\">\n\t\t\t\t\t\t<section class=\"elementor-section elementor-top-section elementor-element elementor-element-60f224f elementor-section-boxed elementor-section-height-default elementor-section-height-default\" data-id=\"60f224f\" data-element_type=\"section\" data-e-type=\"section\">\n\t\t\t\t\t\t<div class=\"elementor-container elementor-column-gap-default\">\n\t\t\t\t\t<div class=\"elementor-column elementor-col-100 elementor-top-column elementor-element elementor-element-493a3b8\" data-id=\"493a3b8\" data-element_type=\"column\" data-e-type=\"column\">\n\t\t\t<div class=\"elementor-widget-wrap elementor-element-populated\">\n\t\t\t\t\t\t<div class=\"elementor-element elementor-element-60131d0 elementor-widget elementor-widget-heading\" data-id=\"60131d0\" data-element_type=\"widget\" data-e-type=\"widget\" data-settings=\"{&quot;ekit_we_effect_on&quot;:&quot;none&quot;}\" data-widget_type=\"heading.default\">\n\t\t\t\t<div class=\"elementor-widget-container\">\n\t\t\t\t\t<h1 class=\"elementor-heading-title elementor-size-default\">Rendre visible l\u2019invisible : c\u00e9l\u00e9brer les professionnels de la carri\u00e8re \u00e0 l\u2019\u00e8re de l\u2019IA<\/h1>\t\t\t\t<\/div>\n\t\t\t\t<\/div>\n\t\t\t\t\t<\/div>\n\t\t<\/div>\n\t\t\t\t\t<\/div>\n\t\t<\/section>\n\t\t<div class=\"elementor-element elementor-element-e954dd8 e-flex e-con-boxed e-con e-parent\" data-id=\"e954dd8\" data-element_type=\"container\" data-e-type=\"container\">\n\t\t\t\t\t<div class=\"e-con-inner\">\n\t\t\t\t<div class=\"elementor-element elementor-element-7627028 elementor-widget elementor-widget-heading\" data-id=\"7627028\" data-element_type=\"widget\" data-e-type=\"widget\" data-settings=\"{&quot;ekit_we_effect_on&quot;:&quot;none&quot;}\" data-widget_type=\"heading.default\">\n\t\t\t\t<div class=\"elementor-widget-container\">\n\t\t\t\t\t<h4 class=\"elementor-heading-title elementor-size-default\">Lundi 26 janvier 2026, 15h00 - 16h00 HE<\/h4>\t\t\t\t<\/div>\n\t\t\t\t<\/div>\n\t\t\t\t<div class=\"elementor-element elementor-element-be83ef5 elementor-widget elementor-widget-text-editor\" data-id=\"be83ef5\" data-element_type=\"widget\" data-e-type=\"widget\" data-settings=\"{&quot;ekit_we_effect_on&quot;:&quot;none&quot;}\" data-widget_type=\"text-editor.default\">\n\t\t\t\t<div class=\"elementor-widget-container\">\n\t\t\t\t\t\t\t\t\t<p>Notre mod\u00e8le de prestation de services a continuellement \u00e9volu\u00e9 pour r\u00e9pondre aux besoins complexes de nos clients. Au cours de chaque p\u00e9riode d\u2019\u00e9volution, les professionnels du d\u00e9veloppement de carri\u00e8re (PDC) se sont perfectionn\u00e9s pour maintenir l\u2019excellence du service \u00e0 la client\u00e8le. Nous nous sommes efforc\u00e9s d\u2019aider nos clients \u00e0 s\u2019\u00e9panouir au cours des \u00e9tapes les plus difficiles de leur vie.<\/p><p>Tout le monde parle maintenant de l\u2019intelligence artificielle (IA)! Cette technologie nous affecte, nous et nos clients, de mani\u00e8re inconnue. Notre d\u00e9fi est d\u2019apprendre \u00e0 int\u00e9grer \u00e9thiquement l\u2019IA dans nos prestations de services sans d\u00e9shumaniser nos clients et d\u00e9l\u00e9gitimer notre profession.<\/p><p>Cette conf\u00e9rence met en lumi\u00e8re le travail invisible des PDC en vous emmenant dans un voyage qui suscite la r\u00e9flexion.<\/p><ul><li>Comment pouvons-nous maintenir notre identit\u00e9 professionnelle alors que l\u2019IA s\u2019int\u00e8gre \u00e0 notre travail?<\/li><li>Comment pouvons-nous servir de lien vital entre nos clients et l\u2019IA?<\/li><li>Comment mesurer les avantages qu\u2019apporte l\u2019IA au travail des PDC?<\/li><\/ul><p>\u00c0 l\u2019\u00e8re de la technologie, les PDC doivent \u00e9noncer explicitement leurs contributions. Il est temps de c\u00e9l\u00e9brer nos r\u00e9alisations!<\/p>\t\t\t\t\t\t\t\t<\/div>\n\t\t\t\t<\/div>\n\t\t\t\t<div class=\"elementor-element elementor-element-77858ec elementor-widget elementor-widget-heading\" data-id=\"77858ec\" data-element_type=\"widget\" data-e-type=\"widget\" data-settings=\"{&quot;ekit_we_effect_on&quot;:&quot;none&quot;}\" data-widget_type=\"heading.default\">\n\t\t\t\t<div class=\"elementor-widget-container\">\n\t\t\t\t\t<h4 class=\"elementor-heading-title elementor-size-default\">Conf\u00e9rencier<\/h4>\t\t\t\t<\/div>\n\t\t\t\t<\/div>\n\t\t\t\t\t<\/div>\n\t\t\t\t<\/div>\n\t\t<div class=\"elementor-element elementor-element-dd23e9b e-flex e-con-boxed e-con e-parent\" data-id=\"dd23e9b\" data-element_type=\"container\" data-e-type=\"container\">\n\t\t\t\t\t<div class=\"e-con-inner\">\n\t\t<div class=\"elementor-element elementor-element-5447b9a e-con-full e-flex e-con e-child\" data-id=\"5447b9a\" data-element_type=\"container\" data-e-type=\"container\">\n\t\t\t\t<div class=\"elementor-element elementor-element-f431fe8 elementor-widget__width-initial elementor-widget-mobile__width-initial elementor-widget elementor-widget-exhibz-speaker\" data-id=\"f431fe8\" data-element_type=\"widget\" data-e-type=\"widget\" data-settings=\"{&quot;ekit_we_effect_on&quot;:&quot;none&quot;}\" data-widget_type=\"exhibz-speaker.default\">\n\t\t\t\t<div class=\"elementor-widget-container\">\n\t\t\t\t\t\t\t\t            <div class=\"ts-speaker\" style=\"--speaker-color: #f2fafc\">\n                <div class=\"speaker-img\">\n\t\t\t\t\t                        <img decoding=\"async\" src=\"https:\/\/cannexus.ceric.ca\/wp-content\/uploads\/2025\/07\/sonny-wong-keynote-image.png\"\n                             alt=\"\">\n\t\t\t\t\t                    <a href=\"#popup_f431fe824670\"\n                       class=\"view-speaker ts-image-popup\" data-effect=\"mfp-zoom-in\">\n                        <i class=\"icon icon-plus\"><\/i>\n                    <\/a>\n                <\/div>\n                <div class=\"ts-speaker-info\">\n                    <h3 class=\"ts-title\">\n                        <a href=\"https:\/\/cannexus.ceric.ca\/fr\/speaker\/sonny-wong\/\"> Sonny Wong <\/a>\n                    <\/h3>\n                    <p>\n\t\t\t\t\t\t                    <\/p>\n                <\/div>\n                <!--- speaker info end -->\n                <!-- popup start-->\n                <div id=\"popup_f431fe824670\"\n                     class=\"container ts-speaker-popup mfp-hide\">\n                    <div class=\"row\">\n                        <div class=\"col-lg-6\">\n                            <div class=\"ts-speaker-popup-img\">\n\t\t\t\t\t\t\t\t                                    <img decoding=\"async\" src=\"https:\/\/cannexus.ceric.ca\/wp-content\/uploads\/2025\/07\/sonny-wong-keynote-image.png\"\n                                         alt=\"\">\n\t\t\t\t\t\t\t\t                            <\/div>\n                        <\/div>\n                        <!-- col end-->\n                        <div class=\"col-lg-6\">\n                            <div class=\"ts-speaker-popup-content\">\n                                <h3 class=\"ts-title\"><a\n                                            href=\"https:\/\/cannexus.ceric.ca\/fr\/speaker\/sonny-wong\/\"> Sonny Wong <\/a>\n                                <\/h3>\n                                <span class=\"speakder-designation\"> <\/span>\n\t\t\t\t\t\t\t\t                                    <img decoding=\"async\" src=\"\/\/cannexus.ceric.ca\/wp-content\/uploads\/2022\/08\/CX23-Speaker-icon-2.png\"\n                                         alt=\"\">\n\t\t\t\t\t\t\t\t                                <p>\n\t\t\t\t\t\t\t\t\tSonny Wong est un psychoth\u00e9rapeute agr\u00e9\u00e9 \u00e0 Toronto, au Canada, qui pratique une orientation professionnelle positive ax\u00e9e sur la carri\u00e8re. Avec plus de 25 ans d\u2019exp\u00e9rience progressive en tant que PDC, il a commenc\u00e9 sa carri\u00e8re en tant que chercheur communautaire charg\u00e9 d\u2019identifier les besoins des travailleurs marginalis\u00e9s et d\u00e9plac\u00e9s. Il a ensuite travaill\u00e9 en tant que d\u00e9veloppeur de programmes pour les travailleurs \u00e2g\u00e9s et les nouveaux arrivants et a finalement \u00e9t\u00e9 consultant en mati\u00e8re de carri\u00e8re et d\u2019emploi pour les clients b\u00e9n\u00e9ficiant d\u2019une aide financi\u00e8re provinciale. L\u2019exp\u00e9rience v\u00e9cue par Sonny sur le terrain a favoris\u00e9 sa conscience aigu\u00eb des pratiques professionnelles et \u00e9thiques en mati\u00e8re de prestation de services. Au cours des 16 derni\u00e8res ann\u00e9es, Sonny a \u00e9t\u00e9 psychoth\u00e9rapeute dans des \u00e9tablissements d\u2019enseignement sup\u00e9rieur, aidant ses clients \u00e0 r\u00e9concilier leur identit\u00e9 intersectionnelle avec leur identit\u00e9 professionnelle. La passion de son travail va au-del\u00e0 de son r\u00f4le de psychoth\u00e9rapeute; il est conf\u00e9rencier, \u00e9crivain, formateur et superviseur clinique pour les PDC. Les contributions professionnelles de Sonny ont \u00e9t\u00e9 constamment reconnues par de nombreux prix nationaux et provinciaux.\r\n\r\n<span style=\"width: 0px;overflow: hidden;line-height: 0\" class=\"mce_SELRES_start\">\ufeff<\/span>\r\n<h3><a href=\"https:\/\/cannexus.ceric.ca\/fr\/rendre-visible-linvisible-celebrer-les-professionnels-de-la-carriere-a-lere-de-lia\/\">Renseignez-vous sur son allocution : Rendre visible l\u2019invisible : c\u00e9l\u00e9brer les professionnels de la carri\u00e8re \u00e0 l\u2019\u00e8re de l\u2019IA<\/a><\/h3>                                <\/p>\n                                <div class=\"ts-speakers-social\">\n\t\t\t\t\t\t\t\t\t\t\t\t\t\t\t\t\t\t\t                                            <a href=\"https:\/\/www.linkedin.com\/in\/sonny-kh-wong\/\"\n                                               target=\"_blank\" rel=\"noreferrer\">\n                                                <i class=\"fa fa-linkedin\"><\/i>\n                                            <\/a>\n\t\t\t\t\t\t\t\t\t\t\t\t\t\t\t\t\t\t\t                                <\/div>\n                            <\/div>\n                            <!-- ts-speaker-popup-content end-->\n                        <\/div>\n                        <!-- col end-->\n                    <\/div>\n                    <!-- row end-->\n                <\/div>\n                <!-- popup end-->\n            <\/div>\n            <!-- ts-speaker end  -->\n\t\t\n\n\t\t\t\n\t\t\t\n\t\t\t\n\n\t\t\t\t\t\t<\/div>\n\t\t\t\t<\/div>\n\t\t\t\t<\/div>\n\t\t<div class=\"elementor-element elementor-element-0ac72ec e-con-full e-flex e-con e-child\" data-id=\"0ac72ec\" data-element_type=\"container\" data-e-type=\"container\">\n\t\t\t\t<div class=\"elementor-element elementor-element-bfab0f1 elementor-widget__width-initial elementor-widget-mobile__width-initial elementor-widget elementor-widget-text-editor\" data-id=\"bfab0f1\" data-element_type=\"widget\" data-e-type=\"widget\" data-settings=\"{&quot;ekit_we_effect_on&quot;:&quot;none&quot;}\" data-widget_type=\"text-editor.default\">\n\t\t\t\t<div class=\"elementor-widget-container\">\n\t\t\t\t\t\t\t\t\t<p>Sonny Wong est un psychoth\u00e9rapeute agr\u00e9\u00e9 \u00e0 Toronto, au Canada, qui pratique une orientation professionnelle positive ax\u00e9e sur la carri\u00e8re. Avec plus de 25 ans d\u2019exp\u00e9rience progressive en tant que PDC, il a commenc\u00e9 sa carri\u00e8re en tant que chercheur communautaire charg\u00e9 d\u2019identifier les besoins des travailleurs marginalis\u00e9s et d\u00e9plac\u00e9s. Il a ensuite travaill\u00e9 en tant que d\u00e9veloppeur de programmes pour les travailleurs \u00e2g\u00e9s et les nouveaux arrivants et a finalement \u00e9t\u00e9 consultant en mati\u00e8re de carri\u00e8re et d\u2019emploi pour les clients b\u00e9n\u00e9ficiant d\u2019une aide financi\u00e8re provinciale. L\u2019exp\u00e9rience v\u00e9cue par Sonny sur le terrain a favoris\u00e9 sa conscience aigu\u00eb des pratiques professionnelles et \u00e9thiques en mati\u00e8re de prestation de services.<\/p><p>Au cours des 16 derni\u00e8res ann\u00e9es, Sonny a \u00e9t\u00e9 psychoth\u00e9rapeute dans des \u00e9tablissements d\u2019enseignement sup\u00e9rieur, aidant ses clients \u00e0 r\u00e9concilier leur identit\u00e9 intersectionnelle avec leur identit\u00e9 professionnelle. La passion de son travail va au-del\u00e0 de son r\u00f4le de psychoth\u00e9rapeute; il est conf\u00e9rencier, \u00e9crivain, formateur et superviseur clinique pour les PDC. Les contributions professionnelles de Sonny ont \u00e9t\u00e9 constamment reconnues par de nombreux prix nationaux et provinciaux.<\/p>\t\t\t\t\t\t\t\t<\/div>\n\t\t\t\t<\/div>\n\t\t\t\t<div class=\"elementor-element elementor-element-d8a790d elementor-widget elementor-widget-video\" data-id=\"d8a790d\" data-element_type=\"widget\" data-e-type=\"widget\" data-settings=\"{&quot;youtube_url&quot;:&quot;https:\\\/\\\/www.youtube.com\\\/watch?v=Mfv1qia7FzA&amp;pp=0gcJCfwJAYcqIYzv&quot;,&quot;video_type&quot;:&quot;youtube&quot;,&quot;controls&quot;:&quot;yes&quot;,&quot;ekit_we_effect_on&quot;:&quot;none&quot;}\" data-widget_type=\"video.default\">\n\t\t\t\t<div class=\"elementor-widget-container\">\n\t\t\t\t\t\t\t<div class=\"elementor-wrapper elementor-open-inline\">\n\t\t\t<div class=\"elementor-video\"><\/div>\t\t<\/div>\n\t\t\t\t\t\t<\/div>\n\t\t\t\t<\/div>\n\t\t\t\t<\/div>\n\t\t\t\t\t<\/div>\n\t\t\t\t<\/div>\n\t\t\t\t<\/div>\n\t\t","protected":false},"excerpt":{"rendered":"<p>Rendre visible l\u2019invisible : c\u00e9l\u00e9brer les professionnels de la carri\u00e8re \u00e0 l\u2019\u00e8re de l\u2019IA Lundi 26 janvier 2026, 15h00 &#8211; 16h00 HE Notre mod\u00e8le de prestation de services a continuellement \u00e9volu\u00e9 pour r\u00e9pondre aux besoins complexes de nos clients. Au cours de chaque p\u00e9riode d\u2019\u00e9volution, les professionnels du d\u00e9veloppement de carri\u00e8re (PDC) se sont perfectionn\u00e9s [&hellip;]<\/p>\n","protected":false},"author":15,"featured_media":0,"parent":0,"menu_order":0,"comment_status":"closed","ping_status":"closed","template":"template\/full-width-template.php","meta":{"wp_social_preview_title":"","wp_social_preview_description":"","wp_social_preview_image":0,"footnotes":""},"class_list":["post-28937","page","type-page","status-publish","hentry"],"yoast_head":"<!-- This site is optimized with the Yoast SEO Premium plugin v26.0 (Yoast SEO v26.0) - https:\/\/yoast.com\/wordpress\/plugins\/seo\/ -->\n<title>Rendre visible l\u2019invisible : c\u00e9l\u00e9brer les professionnels de la carri\u00e8re \u00e0 l\u2019\u00e8re de l\u2019IA - Cannexus27<\/title>\n<meta name=\"robots\" content=\"index, follow, max-snippet:-1, max-image-preview:large, max-video-preview:-1\" \/>\n<link rel=\"canonical\" href=\"https:\/\/cannexus.ceric.ca\/fr\/rendre-visible-linvisible-celebrer-les-professionnels-de-la-carriere-a-lere-de-lia\/\" \/>\n<meta property=\"og:locale\" content=\"fr_FR\" \/>\n<meta property=\"og:type\" content=\"article\" \/>\n<meta property=\"og:title\" content=\"Rendre visible l\u2019invisible : c\u00e9l\u00e9brer les professionnels de la carri\u00e8re \u00e0 l\u2019\u00e8re de l\u2019IA\" \/>\n<meta property=\"og:description\" content=\"Rendre visible l\u2019invisible : c\u00e9l\u00e9brer les professionnels de la carri\u00e8re \u00e0 l\u2019\u00e8re de l\u2019IA Lundi 26 janvier 2026, 15h00 &#8211; 16h00 HE Notre mod\u00e8le de prestation de services a continuellement \u00e9volu\u00e9 pour r\u00e9pondre aux besoins complexes de nos clients. Au cours de chaque p\u00e9riode d\u2019\u00e9volution, les professionnels du d\u00e9veloppement de carri\u00e8re (PDC) se sont perfectionn\u00e9s [&hellip;]\" \/>\n<meta property=\"og:url\" content=\"https:\/\/cannexus.ceric.ca\/fr\/rendre-visible-linvisible-celebrer-les-professionnels-de-la-carriere-a-lere-de-lia\/\" \/>\n<meta property=\"og:site_name\" content=\"Cannexus27\" \/>\n<meta property=\"article:modified_time\" content=\"2025-10-15T15:17:25+00:00\" \/>\n<meta property=\"og:image\" content=\"https:\/\/cannexus.ceric.ca\/wp-content\/uploads\/2025\/07\/sonny-wong-keynote-image.png\" \/>\n<meta name=\"twitter:card\" content=\"summary_large_image\" \/>\n<meta name=\"twitter:label1\" content=\"Dur\u00e9e de lecture estim\u00e9e\" \/>\n\t<meta name=\"twitter:data1\" content=\"4 minutes\" \/>\n<script type=\"application\/ld+json\" class=\"yoast-schema-graph\">{\"@context\":\"https:\/\/schema.org\",\"@graph\":[{\"@type\":\"WebPage\",\"@id\":\"https:\/\/cannexus.ceric.ca\/fr\/rendre-visible-linvisible-celebrer-les-professionnels-de-la-carriere-a-lere-de-lia\/\",\"url\":\"https:\/\/cannexus.ceric.ca\/fr\/rendre-visible-linvisible-celebrer-les-professionnels-de-la-carriere-a-lere-de-lia\/\",\"name\":\"Rendre visible l\u2019invisible : c\u00e9l\u00e9brer les professionnels de la carri\u00e8re \u00e0 l\u2019\u00e8re de l\u2019IA - Cannexus27\",\"isPartOf\":{\"@id\":\"https:\/\/cannexus.ceric.ca\/fr\/#website\"},\"primaryImageOfPage\":{\"@id\":\"https:\/\/cannexus.ceric.ca\/fr\/rendre-visible-linvisible-celebrer-les-professionnels-de-la-carriere-a-lere-de-lia\/#primaryimage\"},\"image\":{\"@id\":\"https:\/\/cannexus.ceric.ca\/fr\/rendre-visible-linvisible-celebrer-les-professionnels-de-la-carriere-a-lere-de-lia\/#primaryimage\"},\"thumbnailUrl\":\"https:\/\/cannexus.ceric.ca\/wp-content\/uploads\/2025\/07\/sonny-wong-keynote-image.png\",\"datePublished\":\"2025-07-11T13:34:52+00:00\",\"dateModified\":\"2025-10-15T15:17:25+00:00\",\"breadcrumb\":{\"@id\":\"https:\/\/cannexus.ceric.ca\/fr\/rendre-visible-linvisible-celebrer-les-professionnels-de-la-carriere-a-lere-de-lia\/#breadcrumb\"},\"inLanguage\":\"fr-FR\",\"potentialAction\":[{\"@type\":\"ReadAction\",\"target\":[\"https:\/\/cannexus.ceric.ca\/fr\/rendre-visible-linvisible-celebrer-les-professionnels-de-la-carriere-a-lere-de-lia\/\"]}]},{\"@type\":\"ImageObject\",\"inLanguage\":\"fr-FR\",\"@id\":\"https:\/\/cannexus.ceric.ca\/fr\/rendre-visible-linvisible-celebrer-les-professionnels-de-la-carriere-a-lere-de-lia\/#primaryimage\",\"url\":\"https:\/\/cannexus.ceric.ca\/wp-content\/uploads\/2025\/07\/sonny-wong-keynote-image.png\",\"contentUrl\":\"https:\/\/cannexus.ceric.ca\/wp-content\/uploads\/2025\/07\/sonny-wong-keynote-image.png\"},{\"@type\":\"BreadcrumbList\",\"@id\":\"https:\/\/cannexus.ceric.ca\/fr\/rendre-visible-linvisible-celebrer-les-professionnels-de-la-carriere-a-lere-de-lia\/#breadcrumb\",\"itemListElement\":[{\"@type\":\"ListItem\",\"position\":1,\"name\":\"Home\",\"item\":\"https:\/\/cannexus.ceric.ca\/fr\/\"},{\"@type\":\"ListItem\",\"position\":2,\"name\":\"Rendre visible l\u2019invisible : c\u00e9l\u00e9brer les professionnels de la carri\u00e8re \u00e0 l\u2019\u00e8re de l\u2019IA\"}]},{\"@type\":\"WebSite\",\"@id\":\"https:\/\/cannexus.ceric.ca\/fr\/#website\",\"url\":\"https:\/\/cannexus.ceric.ca\/fr\/\",\"name\":\"Cannexus26: Canada\u2019s Career Development Conference\",\"description\":\"Canada\u2019s Career Development Conference\",\"publisher\":{\"@id\":\"https:\/\/cannexus.ceric.ca\/fr\/#organization\"},\"alternateName\":\"Cannexus26\",\"potentialAction\":[{\"@type\":\"SearchAction\",\"target\":{\"@type\":\"EntryPoint\",\"urlTemplate\":\"https:\/\/cannexus.ceric.ca\/fr\/?s={search_term_string}\"},\"query-input\":{\"@type\":\"PropertyValueSpecification\",\"valueRequired\":true,\"valueName\":\"search_term_string\"}}],\"inLanguage\":\"fr-FR\"},{\"@type\":\"Organization\",\"@id\":\"https:\/\/cannexus.ceric.ca\/fr\/#organization\",\"name\":\"Cannexus26\",\"url\":\"https:\/\/cannexus.ceric.ca\/fr\/\",\"logo\":{\"@type\":\"ImageObject\",\"inLanguage\":\"fr-FR\",\"@id\":\"https:\/\/cannexus.ceric.ca\/fr\/#\/schema\/logo\/image\/\",\"url\":\"https:\/\/cannexus.ceric.ca\/wp-content\/uploads\/2025\/04\/CX-seal.png\",\"contentUrl\":\"https:\/\/cannexus.ceric.ca\/wp-content\/uploads\/2025\/04\/CX-seal.png\",\"width\":2000,\"height\":1574,\"caption\":\"Cannexus26\"},\"image\":{\"@id\":\"https:\/\/cannexus.ceric.ca\/fr\/#\/schema\/logo\/image\/\"}}]}<\/script>\n<!-- \/ Yoast SEO Premium plugin. -->","yoast_head_json":{"title":"Rendre visible l\u2019invisible : c\u00e9l\u00e9brer les professionnels de la carri\u00e8re \u00e0 l\u2019\u00e8re de l\u2019IA - Cannexus27","robots":{"index":"index","follow":"follow","max-snippet":"max-snippet:-1","max-image-preview":"max-image-preview:large","max-video-preview":"max-video-preview:-1"},"canonical":"https:\/\/cannexus.ceric.ca\/fr\/rendre-visible-linvisible-celebrer-les-professionnels-de-la-carriere-a-lere-de-lia\/","og_locale":"fr_FR","og_type":"article","og_title":"Rendre visible l\u2019invisible : c\u00e9l\u00e9brer les professionnels de la carri\u00e8re \u00e0 l\u2019\u00e8re de l\u2019IA","og_description":"Rendre visible l\u2019invisible : c\u00e9l\u00e9brer les professionnels de la carri\u00e8re \u00e0 l\u2019\u00e8re de l\u2019IA Lundi 26 janvier 2026, 15h00 &#8211; 16h00 HE Notre mod\u00e8le de prestation de services a continuellement \u00e9volu\u00e9 pour r\u00e9pondre aux besoins complexes de nos clients. Au cours de chaque p\u00e9riode d\u2019\u00e9volution, les professionnels du d\u00e9veloppement de carri\u00e8re (PDC) se sont perfectionn\u00e9s [&hellip;]","og_url":"https:\/\/cannexus.ceric.ca\/fr\/rendre-visible-linvisible-celebrer-les-professionnels-de-la-carriere-a-lere-de-lia\/","og_site_name":"Cannexus27","article_modified_time":"2025-10-15T15:17:25+00:00","og_image":[{"url":"https:\/\/cannexus.ceric.ca\/wp-content\/uploads\/2025\/07\/sonny-wong-keynote-image.png","type":"","width":"","height":""}],"twitter_card":"summary_large_image","twitter_misc":{"Dur\u00e9e de lecture estim\u00e9e":"4 minutes"},"schema":{"@context":"https:\/\/schema.org","@graph":[{"@type":"WebPage","@id":"https:\/\/cannexus.ceric.ca\/fr\/rendre-visible-linvisible-celebrer-les-professionnels-de-la-carriere-a-lere-de-lia\/","url":"https:\/\/cannexus.ceric.ca\/fr\/rendre-visible-linvisible-celebrer-les-professionnels-de-la-carriere-a-lere-de-lia\/","name":"Rendre visible l\u2019invisible : c\u00e9l\u00e9brer les professionnels de la carri\u00e8re \u00e0 l\u2019\u00e8re de l\u2019IA - Cannexus27","isPartOf":{"@id":"https:\/\/cannexus.ceric.ca\/fr\/#website"},"primaryImageOfPage":{"@id":"https:\/\/cannexus.ceric.ca\/fr\/rendre-visible-linvisible-celebrer-les-professionnels-de-la-carriere-a-lere-de-lia\/#primaryimage"},"image":{"@id":"https:\/\/cannexus.ceric.ca\/fr\/rendre-visible-linvisible-celebrer-les-professionnels-de-la-carriere-a-lere-de-lia\/#primaryimage"},"thumbnailUrl":"https:\/\/cannexus.ceric.ca\/wp-content\/uploads\/2025\/07\/sonny-wong-keynote-image.png","datePublished":"2025-07-11T13:34:52+00:00","dateModified":"2025-10-15T15:17:25+00:00","breadcrumb":{"@id":"https:\/\/cannexus.ceric.ca\/fr\/rendre-visible-linvisible-celebrer-les-professionnels-de-la-carriere-a-lere-de-lia\/#breadcrumb"},"inLanguage":"fr-FR","potentialAction":[{"@type":"ReadAction","target":["https:\/\/cannexus.ceric.ca\/fr\/rendre-visible-linvisible-celebrer-les-professionnels-de-la-carriere-a-lere-de-lia\/"]}]},{"@type":"ImageObject","inLanguage":"fr-FR","@id":"https:\/\/cannexus.ceric.ca\/fr\/rendre-visible-linvisible-celebrer-les-professionnels-de-la-carriere-a-lere-de-lia\/#primaryimage","url":"https:\/\/cannexus.ceric.ca\/wp-content\/uploads\/2025\/07\/sonny-wong-keynote-image.png","contentUrl":"https:\/\/cannexus.ceric.ca\/wp-content\/uploads\/2025\/07\/sonny-wong-keynote-image.png"},{"@type":"BreadcrumbList","@id":"https:\/\/cannexus.ceric.ca\/fr\/rendre-visible-linvisible-celebrer-les-professionnels-de-la-carriere-a-lere-de-lia\/#breadcrumb","itemListElement":[{"@type":"ListItem","position":1,"name":"Home","item":"https:\/\/cannexus.ceric.ca\/fr\/"},{"@type":"ListItem","position":2,"name":"Rendre visible l\u2019invisible : c\u00e9l\u00e9brer les professionnels de la carri\u00e8re \u00e0 l\u2019\u00e8re de l\u2019IA"}]},{"@type":"WebSite","@id":"https:\/\/cannexus.ceric.ca\/fr\/#website","url":"https:\/\/cannexus.ceric.ca\/fr\/","name":"Cannexus26: Canada\u2019s Career Development Conference","description":"Canada\u2019s Career Development Conference","publisher":{"@id":"https:\/\/cannexus.ceric.ca\/fr\/#organization"},"alternateName":"Cannexus26","potentialAction":[{"@type":"SearchAction","target":{"@type":"EntryPoint","urlTemplate":"https:\/\/cannexus.ceric.ca\/fr\/?s={search_term_string}"},"query-input":{"@type":"PropertyValueSpecification","valueRequired":true,"valueName":"search_term_string"}}],"inLanguage":"fr-FR"},{"@type":"Organization","@id":"https:\/\/cannexus.ceric.ca\/fr\/#organization","name":"Cannexus26","url":"https:\/\/cannexus.ceric.ca\/fr\/","logo":{"@type":"ImageObject","inLanguage":"fr-FR","@id":"https:\/\/cannexus.ceric.ca\/fr\/#\/schema\/logo\/image\/","url":"https:\/\/cannexus.ceric.ca\/wp-content\/uploads\/2025\/04\/CX-seal.png","contentUrl":"https:\/\/cannexus.ceric.ca\/wp-content\/uploads\/2025\/04\/CX-seal.png","width":2000,"height":1574,"caption":"Cannexus26"},"image":{"@id":"https:\/\/cannexus.ceric.ca\/fr\/#\/schema\/logo\/image\/"}}]}},"_links":{"self":[{"href":"https:\/\/cannexus.ceric.ca\/fr\/wp-json\/wp\/v2\/pages\/28937","targetHints":{"allow":["GET"]}}],"collection":[{"href":"https:\/\/cannexus.ceric.ca\/fr\/wp-json\/wp\/v2\/pages"}],"about":[{"href":"https:\/\/cannexus.ceric.ca\/fr\/wp-json\/wp\/v2\/types\/page"}],"author":[{"embeddable":true,"href":"https:\/\/cannexus.ceric.ca\/fr\/wp-json\/wp\/v2\/users\/15"}],"replies":[{"embeddable":true,"href":"https:\/\/cannexus.ceric.ca\/fr\/wp-json\/wp\/v2\/comments?post=28937"}],"version-history":[{"count":0,"href":"https:\/\/cannexus.ceric.ca\/fr\/wp-json\/wp\/v2\/pages\/28937\/revisions"}],"wp:attachment":[{"href":"https:\/\/cannexus.ceric.ca\/fr\/wp-json\/wp\/v2\/media?parent=28937"}],"curies":[{"name":"wp","href":"https:\/\/api.w.org\/{rel}","templated":true}]}}