{"id":25751,"date":"2024-09-23T15:03:02","date_gmt":"2024-09-23T19:03:02","guid":{"rendered":"https:\/\/cannexus.ceric.ca\/?page_id=25751"},"modified":"2024-09-23T15:08:30","modified_gmt":"2024-09-23T19:08:30","slug":"revolutionner-la-pratique-professionnelle-grace-a-la-planification-de-vie-et-a-lia","status":"publish","type":"page","link":"https:\/\/cannexus.ceric.ca\/fr\/revolutionner-la-pratique-professionnelle-grace-a-la-planification-de-vie-et-a-lia\/","title":{"rendered":"R\u00e9volutionner la pratique professionnelle gr\u00e2ce \u00e0 la planification de vie et \u00e0 l\u2019IA"},"content":{"rendered":"\t\t<div data-elementor-type=\"wp-page\" data-elementor-id=\"25751\" class=\"elementor elementor-25751 elementor-25561\" data-elementor-post-type=\"page\">\n\t\t\t\t\t\t<section class=\"elementor-section elementor-top-section elementor-element elementor-element-60f224f elementor-section-boxed elementor-section-height-default elementor-section-height-default\" data-id=\"60f224f\" data-element_type=\"section\" data-e-type=\"section\">\n\t\t\t\t\t\t<div class=\"elementor-container elementor-column-gap-default\">\n\t\t\t\t\t<div class=\"elementor-column elementor-col-100 elementor-top-column elementor-element elementor-element-493a3b8\" data-id=\"493a3b8\" data-element_type=\"column\" data-e-type=\"column\">\n\t\t\t<div class=\"elementor-widget-wrap elementor-element-populated\">\n\t\t\t\t\t\t<div class=\"elementor-element elementor-element-60131d0 elementor-widget elementor-widget-heading\" data-id=\"60131d0\" data-element_type=\"widget\" data-e-type=\"widget\" data-settings=\"{&quot;ekit_we_effect_on&quot;:&quot;none&quot;}\" data-widget_type=\"heading.default\">\n\t\t\t\t<div class=\"elementor-widget-container\">\n\t\t\t\t\t<h1 class=\"elementor-heading-title elementor-size-default\">R\u00e9volutionner la pratique professionnelle gr\u00e2ce \u00e0 la planification de vie et \u00e0 l\u2019IA<\/h1>\t\t\t\t<\/div>\n\t\t\t\t<\/div>\n\t\t\t\t\t<\/div>\n\t\t<\/div>\n\t\t\t\t\t<\/div>\n\t\t<\/section>\n\t\t<div class=\"elementor-element elementor-element-e954dd8 e-flex e-con-boxed e-con e-parent\" data-id=\"e954dd8\" data-element_type=\"container\" data-e-type=\"container\">\n\t\t\t\t\t<div class=\"e-con-inner\">\n\t\t\t\t<div class=\"elementor-element elementor-element-7627028 elementor-widget elementor-widget-heading\" data-id=\"7627028\" data-element_type=\"widget\" data-e-type=\"widget\" data-settings=\"{&quot;ekit_we_effect_on&quot;:&quot;none&quot;}\" data-widget_type=\"heading.default\">\n\t\t\t\t<div class=\"elementor-widget-container\">\n\t\t\t\t\t<h4 class=\"elementor-heading-title elementor-size-default\">Mardi 28 janvier, 2025, 13:15h - 14:15h HE<\/h4>\t\t\t\t<\/div>\n\t\t\t\t<\/div>\n\t\t\t\t<div class=\"elementor-element elementor-element-be83ef5 elementor-widget elementor-widget-text-editor\" data-id=\"be83ef5\" data-element_type=\"widget\" data-e-type=\"widget\" data-settings=\"{&quot;ekit_we_effect_on&quot;:&quot;none&quot;}\" data-widget_type=\"text-editor.default\">\n\t\t\t\t<div class=\"elementor-widget-container\">\n\t\t\t\t\t\t\t\t\t<p>Kevin Glavin explore le paradigme r\u00e9volutionnaire de la planification de vie au profit de la construction de carri\u00e8re et de son int\u00e9gration avec l\u2019intelligence artificielle. L\u2019\u00e9volution du monde du travail n\u00e9cessite une r\u00e9volution dans le d\u00e9veloppement de carri\u00e8re. Sous l\u2019effet des avanc\u00e9es technologiques, de la mondialisation et de l\u2019\u00e9volution des structures de travail, les th\u00e9ories traditionnelles de la carri\u00e8re ne parviennent pas \u00e0 r\u00e9pondre aux pr\u00e9occupations complexes, ambigu\u00ebs et peu famili\u00e8res auxquelles sont confront\u00e9s les travailleurs d\u2019aujourd\u2019hui. S\u2019appuyant sur son exp\u00e9rience personnelle et sur des ann\u00e9es de collaboration avec le professeur Mark Savickas, Kevin montrera comment l\u2019approche narrative de la planification de vie au profit de la construction de carri\u00e8re, am\u00e9lior\u00e9e par l\u2019IA, est en train de transformer l\u2019orientation professionnelle. Il soulignera l\u2019application cr\u00e9ative de l\u2019IA pour rendre des interventions complexes telles que l\u2019entretien de construction de carri\u00e8re plus accessibles et \u00e9volutives. Kevin Glavin fera \u00e9galement part de son point de vue sur les tendances mondiales, notamment la p\u00e9nurie de conseillers d\u2019orientation professionnelle qualifi\u00e9s et les d\u00e9fis pos\u00e9s par le d\u00e9cloisonnement des postes dans la soci\u00e9t\u00e9. Cette pr\u00e9sentation offre une perspective unique sur les approches novatrices de l\u2019orientation professionnelle au 21e si\u00e8cle, d\u00e9montrant comment la technologie peut amplifier l\u2019impact des interventions psychologiques dans le d\u00e9veloppement de carri\u00e8re.<\/p>\t\t\t\t\t\t\t\t<\/div>\n\t\t\t\t<\/div>\n\t\t\t\t<div class=\"elementor-element elementor-element-77858ec elementor-widget elementor-widget-heading\" data-id=\"77858ec\" data-element_type=\"widget\" data-e-type=\"widget\" data-settings=\"{&quot;ekit_we_effect_on&quot;:&quot;none&quot;}\" data-widget_type=\"heading.default\">\n\t\t\t\t<div class=\"elementor-widget-container\">\n\t\t\t\t\t<h4 class=\"elementor-heading-title elementor-size-default\">Conf\u00e9rencier<\/h4>\t\t\t\t<\/div>\n\t\t\t\t<\/div>\n\t\t\t\t\t<\/div>\n\t\t\t\t<\/div>\n\t\t<div class=\"elementor-element elementor-element-bb3babf e-flex e-con-boxed e-con e-parent\" data-id=\"bb3babf\" data-element_type=\"container\" data-e-type=\"container\">\n\t\t\t\t\t<div class=\"e-con-inner\">\n\t\t\t\t<div class=\"elementor-element elementor-element-f431fe8 elementor-widget__width-initial elementor-widget elementor-widget-exhibz-speaker\" data-id=\"f431fe8\" data-element_type=\"widget\" data-e-type=\"widget\" data-settings=\"{&quot;ekit_we_effect_on&quot;:&quot;none&quot;}\" data-widget_type=\"exhibz-speaker.default\">\n\t\t\t\t<div class=\"elementor-widget-container\">\n\t\t\t\t\t\t\t\t            <div class=\"ts-speaker\" style=\"--speaker-color: #f2fafc\">\n                <div class=\"speaker-img\">\n\t\t\t\t\t                        <img decoding=\"async\" src=\"\/\/cannexus.ceric.ca\/wp-content\/uploads\/2024\/08\/Kevin-CX25-square-blue.png\"\n                             alt=\"\">\n\t\t\t\t\t                    <a href=\"#popup_f431fe825512\"\n                       class=\"view-speaker ts-image-popup\" data-effect=\"mfp-zoom-in\">\n                        <i class=\"icon icon-plus\"><\/i>\n                    <\/a>\n                <\/div>\n                <div class=\"ts-speaker-info\">\n                    <h3 class=\"ts-title\">\n                        <a href=\"https:\/\/cannexus.ceric.ca\/fr\/speaker\/dr-kevin-glavin\/\"> Dr. Kevin Glavin <\/a>\n                    <\/h3>\n                    <p>\n\t\t\t\t\t\tConseiller professionnel agr\u00e9\u00e9 et professeur \u00e0 l&#039;Universit\u00e9 Walden                    <\/p>\n                <\/div>\n                <!--- speaker info end -->\n                <!-- popup start-->\n                <div id=\"popup_f431fe825512\"\n                     class=\"container ts-speaker-popup mfp-hide\">\n                    <div class=\"row\">\n                        <div class=\"col-lg-6\">\n                            <div class=\"ts-speaker-popup-img\">\n\t\t\t\t\t\t\t\t                                    <img decoding=\"async\" src=\"\/\/cannexus.ceric.ca\/wp-content\/uploads\/2024\/08\/Kevin-CX25-square-blue.png\"\n                                         alt=\"\">\n\t\t\t\t\t\t\t\t                            <\/div>\n                        <\/div>\n                        <!-- col end-->\n                        <div class=\"col-lg-6\">\n                            <div class=\"ts-speaker-popup-content\">\n                                <h3 class=\"ts-title\"><a\n                                            href=\"https:\/\/cannexus.ceric.ca\/fr\/speaker\/dr-kevin-glavin\/\"> Dr. Kevin Glavin <\/a>\n                                <\/h3>\n                                <span class=\"speakder-designation\"> Conseiller professionnel agr\u00e9\u00e9 et professeur \u00e0 l&#039;Universit\u00e9 Walden<\/span>\n\t\t\t\t\t\t\t\t                                    <img decoding=\"async\" src=\"\/\/cannexus.ceric.ca\/wp-content\/uploads\/2022\/08\/CX23-Speaker-icon-2.png\"\n                                         alt=\"\">\n\t\t\t\t\t\t\t\t                                <p>\n\t\t\t\t\t\t\t\t\t<p>Kevin\u00a0Glavin, conseiller professionnel agr\u00e9\u00e9 et \u00e9ducateur, apporte plus de 20\u00a0ans d\u2019expertise dans la formation et la supervision des conseillers \u00e0 son r\u00f4le de fondateur et PDG de \u00ab\u00a0Create Your Why\u00a0\u00bb, une entreprise qui offre des services d\u2019orientation professionnelle, d\u2019accompagnement, de formation et de conseil. Kevin est \u00e9galement membre du corps professoral de l\u2019Universit\u00e9 Walden, o\u00f9 il donne des cours de deuxi\u00e8me cycle en conseil en sant\u00e9 mentale.<\/p><p>Tout au long de sa carri\u00e8re, il a occup\u00e9 des postes de direction, notamment celui de pr\u00e9sident de l\u2019Ohio Career Development Association et de r\u00e9dacteur en chef du <em>Journal of Employment Counseling<\/em>. Ses recherches et ses id\u00e9es ont \u00e9t\u00e9 publi\u00e9es dans 17\u00a0articles \u00e9valu\u00e9s par des pairs dans des revues professionnelles consacr\u00e9es \u00e0 l\u2019orientation professionnelle et \u00e0 la psychologie du travail. Son expertise a \u00e9t\u00e9 sollicit\u00e9e dans le monde entier, ce qui lui a valu d\u2019\u00eatre invit\u00e9 \u00e0 pr\u00e9senter des expos\u00e9s lors de diverses conf\u00e9rences et ateliers.<\/p><p>Sous la tutelle du professeur Mark\u00a0Savickas, pionnier de l\u2019approche de planification de vie au profit de la construction de carri\u00e8re, Kevin s\u2019est impos\u00e9 comme un leader d\u2019opinion dans ce domaine. Ensemble, ils ont cr\u00e9\u00e9 Vocopher: The Career Collaboratory, un site Web offrant gratuitement des outils d\u2019orientation de carri\u00e8re et des ressources \u00e9ducatives, et qui est venu en aide \u00e0 plus de 45\u00a0000\u00a0utilisateurs dans plus de 100\u00a0pays depuis\u00a02004.<\/p><p>Les contributions de Kevin ont \u00e9t\u00e9 reconnues au niveau international; plus r\u00e9cemment, il a re\u00e7u un prix d\u2019excellence (2024\u00a0Outstanding Educator of Career Professionals Award) d\u00e9cern\u00e9 par l\u2019Asia Pacific Career Development Association.<\/p><p><iframe src=\"https:\/\/www.youtube.com\/embed\/yWbQyqUvjkw?si=ffdt1N7SygiUp44X\" width=\"450\" height=\"253\" frameborder=\"0\"><\/iframe><\/p><h4><a href=\"https:\/\/cannexus.ceric.ca\/fr\/revolutionner-la-pratique-professionnelle-grace-a-la-planification-de-vie-et-a-lia\/\">Renseignez-vous sur son allocution : R\u00e9volutionner la pratique professionnelle gr\u00e2ce \u00e0 la planification de vie et \u00e0 l\u2019IA<\/a><\/h4>                                <\/p>\n                                <div class=\"ts-speakers-social\">\n\t\t\t\t\t\t\t\t\t\t\t\t\t\t\t\t\t\t\t                                            <a href=\"https:\/\/www.facebook.com\/createyourwhy\"\n                                               target=\"_blank\" rel=\"noreferrer\">\n                                                <i class=\"fa fa-facebook-f\"><\/i>\n                                            <\/a>\n\t\t\t\t\t\t\t\t\t\t                                            <a href=\"https:\/\/www.linkedin.com\/in\/kwglavin\/\"\n                                               target=\"_blank\" rel=\"noreferrer\">\n                                                <i class=\"icon icon-linkedin\"><\/i>\n                                            <\/a>\n\t\t\t\t\t\t\t\t\t\t                                            <a href=\"https:\/\/createyourwhy.com\/\"\n                                               target=\"_blank\" rel=\"noreferrer\">\n                                                <i class=\"icon icon-link\"><\/i>\n                                            <\/a>\n\t\t\t\t\t\t\t\t\t\t                                            <a href=\"https:\/\/www.youtube.com\/@createyourwhy\"\n                                               target=\"_blank\" rel=\"noreferrer\">\n                                                <i class=\"icon icon-youtube-v\"><\/i>\n                                            <\/a>\n\t\t\t\t\t\t\t\t\t\t\t\t\t\t\t\t\t\t\t                                <\/div>\n                            <\/div>\n                            <!-- ts-speaker-popup-content end-->\n                        <\/div>\n                        <!-- col end-->\n                    <\/div>\n                    <!-- row end-->\n                <\/div>\n                <!-- popup end-->\n            <\/div>\n            <!-- ts-speaker end  -->\n\t\t\n\n\t\t\t\n\t\t\t\n\t\t\t\n\n\t\t\t\t\t\t<\/div>\n\t\t\t\t<\/div>\n\t\t\t\t<div class=\"elementor-element elementor-element-011491d elementor-widget__width-initial elementor-widget elementor-widget-text-editor\" data-id=\"011491d\" data-element_type=\"widget\" data-e-type=\"widget\" data-settings=\"{&quot;ekit_we_effect_on&quot;:&quot;none&quot;}\" data-widget_type=\"text-editor.default\">\n\t\t\t\t<div class=\"elementor-widget-container\">\n\t\t\t\t\t\t\t\t\t<p>Kevin Glavin, conseiller professionnel agr\u00e9\u00e9 et \u00e9ducateur, apporte plus de 20 ans d\u2019expertise dans la formation et la supervision des conseillers \u00e0 son r\u00f4le de fondateur et PDG de \u00ab Create Your Why \u00bb, une entreprise qui offre des services d\u2019orientation professionnelle, d\u2019accompagnement, de formation et de conseil. Kevin est \u00e9galement membre du corps professoral de l\u2019Universit\u00e9 Walden, o\u00f9 il donne des cours de deuxi\u00e8me cycle en conseil en sant\u00e9 mentale.<br \/>Tout au long de sa carri\u00e8re, il a occup\u00e9 des postes de direction, notamment celui de pr\u00e9sident de l\u2019Ohio Career Development Association et de r\u00e9dacteur en chef du Journal of Employment Counseling. Ses recherches et ses id\u00e9es ont \u00e9t\u00e9 publi\u00e9es dans 17 articles \u00e9valu\u00e9s par des pairs dans des revues professionnelles consacr\u00e9es \u00e0 l\u2019orientation professionnelle et \u00e0 la psychologie du travail. Son expertise a \u00e9t\u00e9 sollicit\u00e9e dans le monde entier, ce qui lui a valu d\u2019\u00eatre invit\u00e9 \u00e0 pr\u00e9senter des expos\u00e9s lors de conf\u00e9rences et d\u2019ateliers divers.<br \/>Sous la tutelle du professeur Mark Savickas, pionnier de l\u2019approche de planification de vie au profit de la construction de carri\u00e8re, Kevin s\u2019est impos\u00e9 comme un leader d\u2019opinion dans ce domaine. Ensemble, ils ont cr\u00e9\u00e9 Vocopher: The Career Collaboratory, un site Web offrant gratuitement des outils d\u2019orientation de carri\u00e8re et des ressources \u00e9ducatives, et qui est venu en aide \u00e0 plus de 45 000 utilisateurs dans plus de 100 pays depuis 2004.<br \/>Les contributions de Kevin ont \u00e9t\u00e9 reconnues au niveau international; plus r\u00e9cemment, il a re\u00e7u un prix d\u2019excellence (2024 Outstanding Educator of Career Professionals Award) d\u00e9cern\u00e9 par l\u2019Asia Pacific Career Development Association.<\/p>\t\t\t\t\t\t\t\t<\/div>\n\t\t\t\t<\/div>\n\t\t\t\t\t<\/div>\n\t\t\t\t<\/div>\n\t\t\t\t<\/div>\n\t\t","protected":false},"excerpt":{"rendered":"<p>R\u00e9volutionner la pratique professionnelle gr\u00e2ce \u00e0 la planification de vie et \u00e0 l\u2019IA Mardi 28 janvier, 2025, 13:15h &#8211; 14:15h HE Kevin Glavin explore le paradigme r\u00e9volutionnaire de la planification de vie au profit de la construction de carri\u00e8re et de son int\u00e9gration avec l\u2019intelligence artificielle. L\u2019\u00e9volution du monde du travail n\u00e9cessite une r\u00e9volution dans [&hellip;]<\/p>\n","protected":false},"author":9,"featured_media":0,"parent":0,"menu_order":0,"comment_status":"closed","ping_status":"closed","template":"template\/full-width-template.php","meta":{"wp_social_preview_title":"","wp_social_preview_description":"","wp_social_preview_image":0,"footnotes":""},"class_list":["post-25751","page","type-page","status-publish","hentry"],"yoast_head":"<!-- This site is optimized with the Yoast SEO Premium plugin v26.0 (Yoast SEO v26.0) - https:\/\/yoast.com\/wordpress\/plugins\/seo\/ -->\n<title>R\u00e9volutionner la pratique professionnelle gr\u00e2ce \u00e0 la planification de vie et \u00e0 l\u2019IA - Cannexus26<\/title>\n<meta name=\"robots\" content=\"index, follow, max-snippet:-1, max-image-preview:large, max-video-preview:-1\" \/>\n<link rel=\"canonical\" href=\"https:\/\/cannexus.ceric.ca\/fr\/revolutionner-la-pratique-professionnelle-grace-a-la-planification-de-vie-et-a-lia\/\" \/>\n<meta property=\"og:locale\" content=\"fr_FR\" \/>\n<meta property=\"og:type\" content=\"article\" \/>\n<meta property=\"og:title\" content=\"R\u00e9volutionner la pratique professionnelle gr\u00e2ce \u00e0 la planification de vie et \u00e0 l\u2019IA\" \/>\n<meta property=\"og:description\" content=\"R\u00e9volutionner la pratique professionnelle gr\u00e2ce \u00e0 la planification de vie et \u00e0 l\u2019IA Mardi 28 janvier, 2025, 13:15h &#8211; 14:15h HE Kevin Glavin explore le paradigme r\u00e9volutionnaire de la planification de vie au profit de la construction de carri\u00e8re et de son int\u00e9gration avec l\u2019intelligence artificielle. L\u2019\u00e9volution du monde du travail n\u00e9cessite une r\u00e9volution dans [&hellip;]\" \/>\n<meta property=\"og:url\" content=\"https:\/\/cannexus.ceric.ca\/fr\/revolutionner-la-pratique-professionnelle-grace-a-la-planification-de-vie-et-a-lia\/\" \/>\n<meta property=\"og:site_name\" content=\"Cannexus26\" \/>\n<meta property=\"article:modified_time\" content=\"2024-09-23T19:08:30+00:00\" \/>\n<meta property=\"og:image\" content=\"https:\/\/cannexus.ceric.ca\/wp-content\/uploads\/2024\/08\/Kevin-CX25-square-blue.png\" \/>\n<meta name=\"twitter:card\" content=\"summary_large_image\" \/>\n<meta name=\"twitter:label1\" content=\"Dur\u00e9e de lecture estim\u00e9e\" \/>\n\t<meta name=\"twitter:data1\" content=\"5 minutes\" \/>\n<script type=\"application\/ld+json\" class=\"yoast-schema-graph\">{\"@context\":\"https:\/\/schema.org\",\"@graph\":[{\"@type\":\"WebPage\",\"@id\":\"https:\/\/cannexus.ceric.ca\/fr\/revolutionner-la-pratique-professionnelle-grace-a-la-planification-de-vie-et-a-lia\/\",\"url\":\"https:\/\/cannexus.ceric.ca\/fr\/revolutionner-la-pratique-professionnelle-grace-a-la-planification-de-vie-et-a-lia\/\",\"name\":\"R\u00e9volutionner la pratique professionnelle gr\u00e2ce \u00e0 la planification de vie et \u00e0 l\u2019IA - Cannexus26\",\"isPartOf\":{\"@id\":\"https:\/\/cannexus.ceric.ca\/fr\/#website\"},\"primaryImageOfPage\":{\"@id\":\"https:\/\/cannexus.ceric.ca\/fr\/revolutionner-la-pratique-professionnelle-grace-a-la-planification-de-vie-et-a-lia\/#primaryimage\"},\"image\":{\"@id\":\"https:\/\/cannexus.ceric.ca\/fr\/revolutionner-la-pratique-professionnelle-grace-a-la-planification-de-vie-et-a-lia\/#primaryimage\"},\"thumbnailUrl\":\"https:\/\/cannexus.ceric.ca\/wp-content\/uploads\/2024\/08\/Kevin-CX25-square-blue.png\",\"datePublished\":\"2024-09-23T19:03:02+00:00\",\"dateModified\":\"2024-09-23T19:08:30+00:00\",\"breadcrumb\":{\"@id\":\"https:\/\/cannexus.ceric.ca\/fr\/revolutionner-la-pratique-professionnelle-grace-a-la-planification-de-vie-et-a-lia\/#breadcrumb\"},\"inLanguage\":\"fr-FR\",\"potentialAction\":[{\"@type\":\"ReadAction\",\"target\":[\"https:\/\/cannexus.ceric.ca\/fr\/revolutionner-la-pratique-professionnelle-grace-a-la-planification-de-vie-et-a-lia\/\"]}]},{\"@type\":\"ImageObject\",\"inLanguage\":\"fr-FR\",\"@id\":\"https:\/\/cannexus.ceric.ca\/fr\/revolutionner-la-pratique-professionnelle-grace-a-la-planification-de-vie-et-a-lia\/#primaryimage\",\"url\":\"https:\/\/cannexus.ceric.ca\/wp-content\/uploads\/2024\/08\/Kevin-CX25-square-blue.png\",\"contentUrl\":\"https:\/\/cannexus.ceric.ca\/wp-content\/uploads\/2024\/08\/Kevin-CX25-square-blue.png\"},{\"@type\":\"BreadcrumbList\",\"@id\":\"https:\/\/cannexus.ceric.ca\/fr\/revolutionner-la-pratique-professionnelle-grace-a-la-planification-de-vie-et-a-lia\/#breadcrumb\",\"itemListElement\":[{\"@type\":\"ListItem\",\"position\":1,\"name\":\"Home\",\"item\":\"https:\/\/cannexus.ceric.ca\/fr\/\"},{\"@type\":\"ListItem\",\"position\":2,\"name\":\"R\u00e9volutionner la pratique professionnelle gr\u00e2ce \u00e0 la planification de vie et \u00e0 l\u2019IA\"}]},{\"@type\":\"WebSite\",\"@id\":\"https:\/\/cannexus.ceric.ca\/fr\/#website\",\"url\":\"https:\/\/cannexus.ceric.ca\/fr\/\",\"name\":\"Cannexus26: Canada\u2019s Career Development Conference\",\"description\":\"Canada\u2019s Career Development Conference\",\"publisher\":{\"@id\":\"https:\/\/cannexus.ceric.ca\/fr\/#organization\"},\"alternateName\":\"Cannexus26\",\"potentialAction\":[{\"@type\":\"SearchAction\",\"target\":{\"@type\":\"EntryPoint\",\"urlTemplate\":\"https:\/\/cannexus.ceric.ca\/fr\/?s={search_term_string}\"},\"query-input\":{\"@type\":\"PropertyValueSpecification\",\"valueRequired\":true,\"valueName\":\"search_term_string\"}}],\"inLanguage\":\"fr-FR\"},{\"@type\":\"Organization\",\"@id\":\"https:\/\/cannexus.ceric.ca\/fr\/#organization\",\"name\":\"Cannexus26\",\"url\":\"https:\/\/cannexus.ceric.ca\/fr\/\",\"logo\":{\"@type\":\"ImageObject\",\"inLanguage\":\"fr-FR\",\"@id\":\"https:\/\/cannexus.ceric.ca\/fr\/#\/schema\/logo\/image\/\",\"url\":\"https:\/\/cannexus.ceric.ca\/wp-content\/uploads\/2025\/04\/CX-seal.png\",\"contentUrl\":\"https:\/\/cannexus.ceric.ca\/wp-content\/uploads\/2025\/04\/CX-seal.png\",\"width\":2000,\"height\":1574,\"caption\":\"Cannexus26\"},\"image\":{\"@id\":\"https:\/\/cannexus.ceric.ca\/fr\/#\/schema\/logo\/image\/\"}}]}<\/script>\n<!-- \/ Yoast SEO Premium plugin. -->","yoast_head_json":{"title":"R\u00e9volutionner la pratique professionnelle gr\u00e2ce \u00e0 la planification de vie et \u00e0 l\u2019IA - Cannexus26","robots":{"index":"index","follow":"follow","max-snippet":"max-snippet:-1","max-image-preview":"max-image-preview:large","max-video-preview":"max-video-preview:-1"},"canonical":"https:\/\/cannexus.ceric.ca\/fr\/revolutionner-la-pratique-professionnelle-grace-a-la-planification-de-vie-et-a-lia\/","og_locale":"fr_FR","og_type":"article","og_title":"R\u00e9volutionner la pratique professionnelle gr\u00e2ce \u00e0 la planification de vie et \u00e0 l\u2019IA","og_description":"R\u00e9volutionner la pratique professionnelle gr\u00e2ce \u00e0 la planification de vie et \u00e0 l\u2019IA Mardi 28 janvier, 2025, 13:15h &#8211; 14:15h HE Kevin Glavin explore le paradigme r\u00e9volutionnaire de la planification de vie au profit de la construction de carri\u00e8re et de son int\u00e9gration avec l\u2019intelligence artificielle. L\u2019\u00e9volution du monde du travail n\u00e9cessite une r\u00e9volution dans [&hellip;]","og_url":"https:\/\/cannexus.ceric.ca\/fr\/revolutionner-la-pratique-professionnelle-grace-a-la-planification-de-vie-et-a-lia\/","og_site_name":"Cannexus26","article_modified_time":"2024-09-23T19:08:30+00:00","og_image":[{"url":"https:\/\/cannexus.ceric.ca\/wp-content\/uploads\/2024\/08\/Kevin-CX25-square-blue.png","type":"","width":"","height":""}],"twitter_card":"summary_large_image","twitter_misc":{"Dur\u00e9e de lecture estim\u00e9e":"5 minutes"},"schema":{"@context":"https:\/\/schema.org","@graph":[{"@type":"WebPage","@id":"https:\/\/cannexus.ceric.ca\/fr\/revolutionner-la-pratique-professionnelle-grace-a-la-planification-de-vie-et-a-lia\/","url":"https:\/\/cannexus.ceric.ca\/fr\/revolutionner-la-pratique-professionnelle-grace-a-la-planification-de-vie-et-a-lia\/","name":"R\u00e9volutionner la pratique professionnelle gr\u00e2ce \u00e0 la planification de vie et \u00e0 l\u2019IA - Cannexus26","isPartOf":{"@id":"https:\/\/cannexus.ceric.ca\/fr\/#website"},"primaryImageOfPage":{"@id":"https:\/\/cannexus.ceric.ca\/fr\/revolutionner-la-pratique-professionnelle-grace-a-la-planification-de-vie-et-a-lia\/#primaryimage"},"image":{"@id":"https:\/\/cannexus.ceric.ca\/fr\/revolutionner-la-pratique-professionnelle-grace-a-la-planification-de-vie-et-a-lia\/#primaryimage"},"thumbnailUrl":"https:\/\/cannexus.ceric.ca\/wp-content\/uploads\/2024\/08\/Kevin-CX25-square-blue.png","datePublished":"2024-09-23T19:03:02+00:00","dateModified":"2024-09-23T19:08:30+00:00","breadcrumb":{"@id":"https:\/\/cannexus.ceric.ca\/fr\/revolutionner-la-pratique-professionnelle-grace-a-la-planification-de-vie-et-a-lia\/#breadcrumb"},"inLanguage":"fr-FR","potentialAction":[{"@type":"ReadAction","target":["https:\/\/cannexus.ceric.ca\/fr\/revolutionner-la-pratique-professionnelle-grace-a-la-planification-de-vie-et-a-lia\/"]}]},{"@type":"ImageObject","inLanguage":"fr-FR","@id":"https:\/\/cannexus.ceric.ca\/fr\/revolutionner-la-pratique-professionnelle-grace-a-la-planification-de-vie-et-a-lia\/#primaryimage","url":"https:\/\/cannexus.ceric.ca\/wp-content\/uploads\/2024\/08\/Kevin-CX25-square-blue.png","contentUrl":"https:\/\/cannexus.ceric.ca\/wp-content\/uploads\/2024\/08\/Kevin-CX25-square-blue.png"},{"@type":"BreadcrumbList","@id":"https:\/\/cannexus.ceric.ca\/fr\/revolutionner-la-pratique-professionnelle-grace-a-la-planification-de-vie-et-a-lia\/#breadcrumb","itemListElement":[{"@type":"ListItem","position":1,"name":"Home","item":"https:\/\/cannexus.ceric.ca\/fr\/"},{"@type":"ListItem","position":2,"name":"R\u00e9volutionner la pratique professionnelle gr\u00e2ce \u00e0 la planification de vie et \u00e0 l\u2019IA"}]},{"@type":"WebSite","@id":"https:\/\/cannexus.ceric.ca\/fr\/#website","url":"https:\/\/cannexus.ceric.ca\/fr\/","name":"Cannexus26: Canada\u2019s Career Development Conference","description":"Canada\u2019s Career Development Conference","publisher":{"@id":"https:\/\/cannexus.ceric.ca\/fr\/#organization"},"alternateName":"Cannexus26","potentialAction":[{"@type":"SearchAction","target":{"@type":"EntryPoint","urlTemplate":"https:\/\/cannexus.ceric.ca\/fr\/?s={search_term_string}"},"query-input":{"@type":"PropertyValueSpecification","valueRequired":true,"valueName":"search_term_string"}}],"inLanguage":"fr-FR"},{"@type":"Organization","@id":"https:\/\/cannexus.ceric.ca\/fr\/#organization","name":"Cannexus26","url":"https:\/\/cannexus.ceric.ca\/fr\/","logo":{"@type":"ImageObject","inLanguage":"fr-FR","@id":"https:\/\/cannexus.ceric.ca\/fr\/#\/schema\/logo\/image\/","url":"https:\/\/cannexus.ceric.ca\/wp-content\/uploads\/2025\/04\/CX-seal.png","contentUrl":"https:\/\/cannexus.ceric.ca\/wp-content\/uploads\/2025\/04\/CX-seal.png","width":2000,"height":1574,"caption":"Cannexus26"},"image":{"@id":"https:\/\/cannexus.ceric.ca\/fr\/#\/schema\/logo\/image\/"}}]}},"_links":{"self":[{"href":"https:\/\/cannexus.ceric.ca\/fr\/wp-json\/wp\/v2\/pages\/25751","targetHints":{"allow":["GET"]}}],"collection":[{"href":"https:\/\/cannexus.ceric.ca\/fr\/wp-json\/wp\/v2\/pages"}],"about":[{"href":"https:\/\/cannexus.ceric.ca\/fr\/wp-json\/wp\/v2\/types\/page"}],"author":[{"embeddable":true,"href":"https:\/\/cannexus.ceric.ca\/fr\/wp-json\/wp\/v2\/users\/9"}],"replies":[{"embeddable":true,"href":"https:\/\/cannexus.ceric.ca\/fr\/wp-json\/wp\/v2\/comments?post=25751"}],"version-history":[{"count":0,"href":"https:\/\/cannexus.ceric.ca\/fr\/wp-json\/wp\/v2\/pages\/25751\/revisions"}],"wp:attachment":[{"href":"https:\/\/cannexus.ceric.ca\/fr\/wp-json\/wp\/v2\/media?parent=25751"}],"curies":[{"name":"wp","href":"https:\/\/api.w.org\/{rel}","templated":true}]}}