{"id":25434,"date":"2024-08-12T16:18:41","date_gmt":"2024-08-12T20:18:41","guid":{"rendered":"https:\/\/cannexus.ceric.ca\/?page_id=25434"},"modified":"2024-08-12T16:23:47","modified_gmt":"2024-08-12T20:23:47","slug":"la-reconciliation-concerne-tout-le-monde","status":"publish","type":"page","link":"https:\/\/cannexus.ceric.ca\/fr\/la-reconciliation-concerne-tout-le-monde\/","title":{"rendered":"La r\u00e9conciliation concerne tout le monde"},"content":{"rendered":"\t\t<div data-elementor-type=\"wp-page\" data-elementor-id=\"25434\" class=\"elementor elementor-25434 elementor-25398\" data-elementor-post-type=\"page\">\n\t\t\t\t\t\t<section class=\"elementor-section elementor-top-section elementor-element elementor-element-60f224f elementor-section-boxed elementor-section-height-default elementor-section-height-default\" data-id=\"60f224f\" data-element_type=\"section\" data-e-type=\"section\">\n\t\t\t\t\t\t<div class=\"elementor-container elementor-column-gap-default\">\n\t\t\t\t\t<div class=\"elementor-column elementor-col-100 elementor-top-column elementor-element elementor-element-493a3b8\" data-id=\"493a3b8\" data-element_type=\"column\" data-e-type=\"column\">\n\t\t\t<div class=\"elementor-widget-wrap elementor-element-populated\">\n\t\t\t\t\t\t<div class=\"elementor-element elementor-element-60131d0 elementor-widget elementor-widget-heading\" data-id=\"60131d0\" data-element_type=\"widget\" data-e-type=\"widget\" data-settings=\"{&quot;ekit_we_effect_on&quot;:&quot;none&quot;}\" data-widget_type=\"heading.default\">\n\t\t\t\t<div class=\"elementor-widget-container\">\n\t\t\t\t\t<h1 class=\"elementor-heading-title elementor-size-default\">La r\u00e9conciliation concerne tout le monde<\/h1>\t\t\t\t<\/div>\n\t\t\t\t<\/div>\n\t\t\t\t\t<\/div>\n\t\t<\/div>\n\t\t\t\t\t<\/div>\n\t\t<\/section>\n\t\t<div class=\"elementor-element elementor-element-e954dd8 e-flex e-con-boxed e-con e-parent\" data-id=\"e954dd8\" data-element_type=\"container\" data-e-type=\"container\">\n\t\t\t\t\t<div class=\"e-con-inner\">\n\t\t\t\t<div class=\"elementor-element elementor-element-7627028 elementor-widget elementor-widget-heading\" data-id=\"7627028\" data-element_type=\"widget\" data-e-type=\"widget\" data-settings=\"{&quot;ekit_we_effect_on&quot;:&quot;none&quot;}\" data-widget_type=\"heading.default\">\n\t\t\t\t<div class=\"elementor-widget-container\">\n\t\t\t\t\t<h4 class=\"elementor-heading-title elementor-size-default\">Mercredi 29 janvier 2025, 12:00h - 13:00h HE<\/h4>\t\t\t\t<\/div>\n\t\t\t\t<\/div>\n\t\t\t\t<div class=\"elementor-element elementor-element-be83ef5 elementor-widget elementor-widget-text-editor\" data-id=\"be83ef5\" data-element_type=\"widget\" data-e-type=\"widget\" data-settings=\"{&quot;ekit_we_effect_on&quot;:&quot;none&quot;}\" data-widget_type=\"text-editor.default\">\n\t\t\t\t<div class=\"elementor-widget-container\">\n\t\t\t\t\t\t\t\t\t<p>La r\u00e9conciliation n\u2019est pas une \u00ab question autochtone \u00bb, mais la partie la plus importante de la vie de chaque personne au Canada. Travailler, vivre et entretenir des relations efficaces avec les communaut\u00e9s autochtones est la comp\u00e9tence la plus utilisable et vitale pour travailler au sein de la main-d\u2019\u0153uvre canadienne. Joignez-vous \u00e0 l\u2019une des principales voix publiques et intellectuelles du Canada sur le r\u00f4le de la r\u00e9conciliation dans la vie quotidienne dans ce pays.<\/p>\t\t\t\t\t\t\t\t<\/div>\n\t\t\t\t<\/div>\n\t\t\t\t<div class=\"elementor-element elementor-element-77858ec elementor-widget elementor-widget-heading\" data-id=\"77858ec\" data-element_type=\"widget\" data-e-type=\"widget\" data-settings=\"{&quot;ekit_we_effect_on&quot;:&quot;none&quot;}\" data-widget_type=\"heading.default\">\n\t\t\t\t<div class=\"elementor-widget-container\">\n\t\t\t\t\t<h4 class=\"elementor-heading-title elementor-size-default\">Conf\u00e9rencier<\/h4>\t\t\t\t<\/div>\n\t\t\t\t<\/div>\n\t\t\t\t\t<\/div>\n\t\t\t\t<\/div>\n\t\t<div class=\"elementor-element elementor-element-bb3babf e-flex e-con-boxed e-con e-parent\" data-id=\"bb3babf\" data-element_type=\"container\" data-e-type=\"container\">\n\t\t\t\t\t<div class=\"e-con-inner\">\n\t\t\t\t<div class=\"elementor-element elementor-element-f431fe8 elementor-widget__width-initial elementor-widget elementor-widget-exhibz-speaker\" data-id=\"f431fe8\" data-element_type=\"widget\" data-e-type=\"widget\" data-settings=\"{&quot;ekit_we_effect_on&quot;:&quot;none&quot;}\" data-widget_type=\"exhibz-speaker.default\">\n\t\t\t\t<div class=\"elementor-widget-container\">\n\t\t\t\t\t\t\t\t            <div class=\"ts-speaker\" style=\"--speaker-color: #f2fafc\">\n                <div class=\"speaker-img\">\n\t\t\t\t\t                        <img decoding=\"async\" src=\"\/\/cannexus.ceric.ca\/wp-content\/uploads\/2024\/08\/Niigaan-CX25-square-blue.png\"\n                             alt=\"\">\n\t\t\t\t\t                    <a href=\"#popup_f431fe825433\"\n                       class=\"view-speaker ts-image-popup\" data-effect=\"mfp-zoom-in\">\n                        <i class=\"icon icon-plus\"><\/i>\n                    <\/a>\n                <\/div>\n                <div class=\"ts-speaker-info\">\n                    <h3 class=\"ts-title\">\n                        <a href=\"https:\/\/cannexus.ceric.ca\/fr\/speaker\/niigaan-sinclair\/\"> Niigaan Sinclair <\/a>\n                    <\/h3>\n                    <p>\n\t\t\t\t\t\tProfesseur des \u00e9tudes autochtones et l\u2019auteur prim\u00e9 du succ\u00e8s                    <\/p>\n                <\/div>\n                <!--- speaker info end -->\n                <!-- popup start-->\n                <div id=\"popup_f431fe825433\"\n                     class=\"container ts-speaker-popup mfp-hide\">\n                    <div class=\"row\">\n                        <div class=\"col-lg-6\">\n                            <div class=\"ts-speaker-popup-img\">\n\t\t\t\t\t\t\t\t                                    <img decoding=\"async\" src=\"\/\/cannexus.ceric.ca\/wp-content\/uploads\/2024\/08\/Niigaan-CX25-square-blue.png\"\n                                         alt=\"\">\n\t\t\t\t\t\t\t\t                            <\/div>\n                        <\/div>\n                        <!-- col end-->\n                        <div class=\"col-lg-6\">\n                            <div class=\"ts-speaker-popup-content\">\n                                <h3 class=\"ts-title\"><a\n                                            href=\"https:\/\/cannexus.ceric.ca\/fr\/speaker\/niigaan-sinclair\/\"> Niigaan Sinclair <\/a>\n                                <\/h3>\n                                <span class=\"speakder-designation\"> Professeur des \u00e9tudes autochtones et l\u2019auteur prim\u00e9 du succ\u00e8s<\/span>\n\t\t\t\t\t\t\t\t                                    <img decoding=\"async\" src=\"\/\/cannexus.ceric.ca\/wp-content\/uploads\/2022\/08\/CX23-Speaker-icon-2.png\"\n                                         alt=\"\">\n\t\t\t\t\t\t\t\t                                <p>\n\t\t\t\t\t\t\t\t\t<p>Niigaan\u00a0Sinclair est un Anishinaabe de la Premi\u00e8re Nation de Peguis et un professeur de l\u2019Universit\u00e9 du Manitoba, o\u00f9 il est titulaire de la chaire de recherche de la facult\u00e9 des arts sur les connaissances autochtones et l\u2019esth\u00e9tique au sein du d\u00e9partement des \u00e9tudes autochtones. Il est l\u2019auteur prim\u00e9 du succ\u00e8s de librairie \u00e0 l\u2019\u00e9chelle nationale\u00a0<em>W\u00eenip\u00eak: Visions of Canada from an Indigenous Centre<\/em>\u00a0(McClelland &amp; Stewart, 2024), et est co-\u00e9diteur de\u00a0<em>Manitowapow: Aboriginal Writings from the Land of Water<\/em>\u00a0(Highwater Press), le livre que les Manitobains ont \u00e9lu meilleur livre \u00e0 lire en 2012 dans le cadre du concours \u00ab\u00a0On the Same Page\u00a0\u00bb. Niigaan a \u00e9t\u00e9 nomm\u00e9 \u00e0 plusieurs reprises au titre de chroniqueur canadien de l\u2019ann\u00e9e (il l\u2019a remport\u00e9 en\u00a02018) et fait partie du \u00ab\u00a0Power Panel\u00a0\u00bb du vendredi dans l\u2019\u00e9mission \u00ab\u00a0<em>Power\u00a0&amp;\u00a0Politics<\/em>\u00a0\u00bb de la CBC. Il figure depuis peu sur la \u00ab\u00a0Power List\u00a0\u00bb du magazine\u00a0<em>Maclean\u2019s<\/em>\u00a0comme l\u2019une des personnes les plus influentes au Canada. Il est \u00e9galement un ancien enseignant du secondaire qui a re\u00e7u le titre d\u2019\u00e9ducateur pour la paix de l\u2019ann\u00e9e\u00a02019 d\u00e9cern\u00e9 par la Peace and Justice Studies Association, bas\u00e9e \u00e0 l\u2019Universit\u00e9 de Georgetown, \u00e0 Washington, D.C.<\/p><h4><a href=\"https:\/\/cannexus.ceric.ca\/fr\/la-reconciliation-concerne-tout-le-monde\/\">Renseignez-vous sur son allocution : La r\u00e9conciliation concerne tout le monde<\/a><\/h4>                                <\/p>\n                                <div class=\"ts-speakers-social\">\n\t\t\t\t\t\t\t\t\t\t\t\t\t\t\t\t\t\t\t                                            <a href=\"https:\/\/www.facebook.com\/niigaan\/\"\n                                               target=\"_blank\" rel=\"noreferrer\">\n                                                <i class=\"icon icon-facebook\"><\/i>\n                                            <\/a>\n\t\t\t\t\t\t\t\t\t\t                                            <a href=\"https:\/\/www.instagram.com\/niigaanwewidam\/\"\n                                               target=\"_blank\" rel=\"noreferrer\">\n                                                <i class=\"icon icon-instagram\"><\/i>\n                                            <\/a>\n\t\t\t\t\t\t\t\t\t\t                                            <a href=\"https:\/\/www.linkedin.com\/in\/niigaanwewidam-sinclair-318a8334\/?originalSubdomain=ca\"\n                                               target=\"_blank\" rel=\"noreferrer\">\n                                                <i class=\"icon icon-linkedin\"><\/i>\n                                            <\/a>\n\t\t\t\t\t\t\t\t\t\t                                            <a href=\"https:\/\/x.com\/Niigaanwewidam\"\n                                               target=\"_blank\" rel=\"noreferrer\">\n                                                <i class=\"icon icon-twitter\"><\/i>\n                                            <\/a>\n\t\t\t\t\t\t\t\t\t\t\t\t\t\t\t\t\t\t\t                                <\/div>\n                            <\/div>\n                            <!-- ts-speaker-popup-content end-->\n                        <\/div>\n                        <!-- col end-->\n                    <\/div>\n                    <!-- row end-->\n                <\/div>\n                <!-- popup end-->\n            <\/div>\n            <!-- ts-speaker end  -->\n\t\t\n\n\t\t\t\n\t\t\t\n\t\t\t\n\n\t\t\t\t\t\t<\/div>\n\t\t\t\t<\/div>\n\t\t\t\t<div class=\"elementor-element elementor-element-011491d elementor-widget__width-initial elementor-widget elementor-widget-text-editor\" data-id=\"011491d\" data-element_type=\"widget\" data-e-type=\"widget\" data-settings=\"{&quot;ekit_we_effect_on&quot;:&quot;none&quot;}\" data-widget_type=\"text-editor.default\">\n\t\t\t\t<div class=\"elementor-widget-container\">\n\t\t\t\t\t\t\t\t\t<p>Niigaan\u00a0Sinclair est un Anishinaabe de la Premi\u00e8re Nation de Peguis et un professeur de l\u2019Universit\u00e9 du Manitoba, o\u00f9 il est titulaire de la chaire de recherche de la facult\u00e9 des arts sur les connaissances autochtones et l\u2019esth\u00e9tique au sein du d\u00e9partement des \u00e9tudes autochtones. Il est l\u2019auteur prim\u00e9 du succ\u00e8s de librairie \u00e0 l\u2019\u00e9chelle nationale\u00a0<em>W\u00eenip\u00eak: Visions of Canada from an Indigenous Centre<\/em>\u00a0(McClelland &amp; Stewart, 2024), et est co-\u00e9diteur de\u00a0<em>Manitowapow: Aboriginal Writings from the Land of Water<\/em>\u00a0(Highwater Press), le livre que les Manitobains ont \u00e9lu meilleur livre \u00e0 lire en 2012 dans le cadre du concours \u00ab\u00a0On the Same Page\u00a0\u00bb. Niigaan a \u00e9t\u00e9 nomm\u00e9 \u00e0 plusieurs reprises au titre de chroniqueur canadien de l\u2019ann\u00e9e (il l\u2019a remport\u00e9 en\u00a02018) et fait partie du \u00ab\u00a0Power Panel\u00a0\u00bb du vendredi dans l\u2019\u00e9mission \u00ab\u00a0Power\u00a0&amp;\u00a0Politics\u00a0\u00bb de la CBC. Il figure depuis peu sur la \u00ab\u00a0<em>Power List<\/em>\u00a0\u00bb du magazine\u00a0<em>Maclean\u2019s<\/em>\u00a0comme l\u2019une des personnes les plus influentes au Canada. Il est \u00e9galement un ancien enseignant du secondaire qui a re\u00e7u le titre d\u2019\u00e9ducateur pour la paix de l\u2019ann\u00e9e\u00a02019 d\u00e9cern\u00e9 par la Peace and Justice Studies Association, bas\u00e9e \u00e0 l\u2019Universit\u00e9 de Georgetown, \u00e0 Washington, D.C.<\/p>\t\t\t\t\t\t\t\t<\/div>\n\t\t\t\t<\/div>\n\t\t\t\t\t<\/div>\n\t\t\t\t<\/div>\n\t\t\t\t<\/div>\n\t\t","protected":false},"excerpt":{"rendered":"<p>La r\u00e9conciliation concerne tout le monde Mercredi 29 janvier 2025, 12:00h &#8211; 13:00h HE La r\u00e9conciliation n\u2019est pas une \u00ab question autochtone \u00bb, mais la partie la plus importante de la vie de chaque personne au Canada. Travailler, vivre et entretenir des relations efficaces avec les communaut\u00e9s autochtones est la comp\u00e9tence la plus utilisable et [&hellip;]<\/p>\n","protected":false},"author":9,"featured_media":0,"parent":0,"menu_order":0,"comment_status":"closed","ping_status":"closed","template":"template\/full-width-template.php","meta":{"wp_social_preview_title":"","wp_social_preview_description":"","wp_social_preview_image":0,"footnotes":""},"class_list":["post-25434","page","type-page","status-publish","hentry"],"yoast_head":"<!-- This site is optimized with the Yoast SEO Premium plugin v26.0 (Yoast SEO v26.0) - https:\/\/yoast.com\/wordpress\/plugins\/seo\/ -->\n<title>La r\u00e9conciliation concerne tout le monde - Cannexus26<\/title>\n<meta name=\"robots\" content=\"index, follow, max-snippet:-1, max-image-preview:large, max-video-preview:-1\" \/>\n<link rel=\"canonical\" href=\"https:\/\/cannexus.ceric.ca\/fr\/la-reconciliation-concerne-tout-le-monde\/\" \/>\n<meta property=\"og:locale\" content=\"fr_FR\" \/>\n<meta property=\"og:type\" content=\"article\" \/>\n<meta property=\"og:title\" content=\"La r\u00e9conciliation concerne tout le monde\" \/>\n<meta property=\"og:description\" content=\"La r\u00e9conciliation concerne tout le monde Mercredi 29 janvier 2025, 12:00h &#8211; 13:00h HE La r\u00e9conciliation n\u2019est pas une \u00ab question autochtone \u00bb, mais la partie la plus importante de la vie de chaque personne au Canada. Travailler, vivre et entretenir des relations efficaces avec les communaut\u00e9s autochtones est la comp\u00e9tence la plus utilisable et [&hellip;]\" \/>\n<meta property=\"og:url\" content=\"https:\/\/cannexus.ceric.ca\/fr\/la-reconciliation-concerne-tout-le-monde\/\" \/>\n<meta property=\"og:site_name\" content=\"Cannexus26\" \/>\n<meta property=\"article:modified_time\" content=\"2024-08-12T20:23:47+00:00\" \/>\n<meta property=\"og:image\" content=\"https:\/\/cannexus.ceric.ca\/wp-content\/uploads\/2024\/08\/Niigaan-CX25-square-blue.png\" \/>\n<meta name=\"twitter:card\" content=\"summary_large_image\" \/>\n<meta name=\"twitter:label1\" content=\"Dur\u00e9e de lecture estim\u00e9e\" \/>\n\t<meta name=\"twitter:data1\" content=\"4 minutes\" \/>\n<script type=\"application\/ld+json\" class=\"yoast-schema-graph\">{\"@context\":\"https:\/\/schema.org\",\"@graph\":[{\"@type\":\"WebPage\",\"@id\":\"https:\/\/cannexus.ceric.ca\/fr\/la-reconciliation-concerne-tout-le-monde\/\",\"url\":\"https:\/\/cannexus.ceric.ca\/fr\/la-reconciliation-concerne-tout-le-monde\/\",\"name\":\"La r\u00e9conciliation concerne tout le monde - Cannexus26\",\"isPartOf\":{\"@id\":\"https:\/\/cannexus.ceric.ca\/fr\/#website\"},\"primaryImageOfPage\":{\"@id\":\"https:\/\/cannexus.ceric.ca\/fr\/la-reconciliation-concerne-tout-le-monde\/#primaryimage\"},\"image\":{\"@id\":\"https:\/\/cannexus.ceric.ca\/fr\/la-reconciliation-concerne-tout-le-monde\/#primaryimage\"},\"thumbnailUrl\":\"https:\/\/cannexus.ceric.ca\/wp-content\/uploads\/2024\/08\/Niigaan-CX25-square-blue.png\",\"datePublished\":\"2024-08-12T20:18:41+00:00\",\"dateModified\":\"2024-08-12T20:23:47+00:00\",\"breadcrumb\":{\"@id\":\"https:\/\/cannexus.ceric.ca\/fr\/la-reconciliation-concerne-tout-le-monde\/#breadcrumb\"},\"inLanguage\":\"fr-FR\",\"potentialAction\":[{\"@type\":\"ReadAction\",\"target\":[\"https:\/\/cannexus.ceric.ca\/fr\/la-reconciliation-concerne-tout-le-monde\/\"]}]},{\"@type\":\"ImageObject\",\"inLanguage\":\"fr-FR\",\"@id\":\"https:\/\/cannexus.ceric.ca\/fr\/la-reconciliation-concerne-tout-le-monde\/#primaryimage\",\"url\":\"https:\/\/cannexus.ceric.ca\/wp-content\/uploads\/2024\/08\/Niigaan-CX25-square-blue.png\",\"contentUrl\":\"https:\/\/cannexus.ceric.ca\/wp-content\/uploads\/2024\/08\/Niigaan-CX25-square-blue.png\"},{\"@type\":\"BreadcrumbList\",\"@id\":\"https:\/\/cannexus.ceric.ca\/fr\/la-reconciliation-concerne-tout-le-monde\/#breadcrumb\",\"itemListElement\":[{\"@type\":\"ListItem\",\"position\":1,\"name\":\"Home\",\"item\":\"https:\/\/cannexus.ceric.ca\/fr\/\"},{\"@type\":\"ListItem\",\"position\":2,\"name\":\"La r\u00e9conciliation concerne tout le monde\"}]},{\"@type\":\"WebSite\",\"@id\":\"https:\/\/cannexus.ceric.ca\/fr\/#website\",\"url\":\"https:\/\/cannexus.ceric.ca\/fr\/\",\"name\":\"Cannexus26: Canada\u2019s Career Development Conference\",\"description\":\"Canada\u2019s Career Development Conference\",\"publisher\":{\"@id\":\"https:\/\/cannexus.ceric.ca\/fr\/#organization\"},\"alternateName\":\"Cannexus26\",\"potentialAction\":[{\"@type\":\"SearchAction\",\"target\":{\"@type\":\"EntryPoint\",\"urlTemplate\":\"https:\/\/cannexus.ceric.ca\/fr\/?s={search_term_string}\"},\"query-input\":{\"@type\":\"PropertyValueSpecification\",\"valueRequired\":true,\"valueName\":\"search_term_string\"}}],\"inLanguage\":\"fr-FR\"},{\"@type\":\"Organization\",\"@id\":\"https:\/\/cannexus.ceric.ca\/fr\/#organization\",\"name\":\"Cannexus26\",\"url\":\"https:\/\/cannexus.ceric.ca\/fr\/\",\"logo\":{\"@type\":\"ImageObject\",\"inLanguage\":\"fr-FR\",\"@id\":\"https:\/\/cannexus.ceric.ca\/fr\/#\/schema\/logo\/image\/\",\"url\":\"https:\/\/cannexus.ceric.ca\/wp-content\/uploads\/2025\/04\/CX-seal.png\",\"contentUrl\":\"https:\/\/cannexus.ceric.ca\/wp-content\/uploads\/2025\/04\/CX-seal.png\",\"width\":2000,\"height\":1574,\"caption\":\"Cannexus26\"},\"image\":{\"@id\":\"https:\/\/cannexus.ceric.ca\/fr\/#\/schema\/logo\/image\/\"}}]}<\/script>\n<!-- \/ Yoast SEO Premium plugin. -->","yoast_head_json":{"title":"La r\u00e9conciliation concerne tout le monde - Cannexus26","robots":{"index":"index","follow":"follow","max-snippet":"max-snippet:-1","max-image-preview":"max-image-preview:large","max-video-preview":"max-video-preview:-1"},"canonical":"https:\/\/cannexus.ceric.ca\/fr\/la-reconciliation-concerne-tout-le-monde\/","og_locale":"fr_FR","og_type":"article","og_title":"La r\u00e9conciliation concerne tout le monde","og_description":"La r\u00e9conciliation concerne tout le monde Mercredi 29 janvier 2025, 12:00h &#8211; 13:00h HE La r\u00e9conciliation n\u2019est pas une \u00ab question autochtone \u00bb, mais la partie la plus importante de la vie de chaque personne au Canada. Travailler, vivre et entretenir des relations efficaces avec les communaut\u00e9s autochtones est la comp\u00e9tence la plus utilisable et [&hellip;]","og_url":"https:\/\/cannexus.ceric.ca\/fr\/la-reconciliation-concerne-tout-le-monde\/","og_site_name":"Cannexus26","article_modified_time":"2024-08-12T20:23:47+00:00","og_image":[{"url":"https:\/\/cannexus.ceric.ca\/wp-content\/uploads\/2024\/08\/Niigaan-CX25-square-blue.png","type":"","width":"","height":""}],"twitter_card":"summary_large_image","twitter_misc":{"Dur\u00e9e de lecture estim\u00e9e":"4 minutes"},"schema":{"@context":"https:\/\/schema.org","@graph":[{"@type":"WebPage","@id":"https:\/\/cannexus.ceric.ca\/fr\/la-reconciliation-concerne-tout-le-monde\/","url":"https:\/\/cannexus.ceric.ca\/fr\/la-reconciliation-concerne-tout-le-monde\/","name":"La r\u00e9conciliation concerne tout le monde - Cannexus26","isPartOf":{"@id":"https:\/\/cannexus.ceric.ca\/fr\/#website"},"primaryImageOfPage":{"@id":"https:\/\/cannexus.ceric.ca\/fr\/la-reconciliation-concerne-tout-le-monde\/#primaryimage"},"image":{"@id":"https:\/\/cannexus.ceric.ca\/fr\/la-reconciliation-concerne-tout-le-monde\/#primaryimage"},"thumbnailUrl":"https:\/\/cannexus.ceric.ca\/wp-content\/uploads\/2024\/08\/Niigaan-CX25-square-blue.png","datePublished":"2024-08-12T20:18:41+00:00","dateModified":"2024-08-12T20:23:47+00:00","breadcrumb":{"@id":"https:\/\/cannexus.ceric.ca\/fr\/la-reconciliation-concerne-tout-le-monde\/#breadcrumb"},"inLanguage":"fr-FR","potentialAction":[{"@type":"ReadAction","target":["https:\/\/cannexus.ceric.ca\/fr\/la-reconciliation-concerne-tout-le-monde\/"]}]},{"@type":"ImageObject","inLanguage":"fr-FR","@id":"https:\/\/cannexus.ceric.ca\/fr\/la-reconciliation-concerne-tout-le-monde\/#primaryimage","url":"https:\/\/cannexus.ceric.ca\/wp-content\/uploads\/2024\/08\/Niigaan-CX25-square-blue.png","contentUrl":"https:\/\/cannexus.ceric.ca\/wp-content\/uploads\/2024\/08\/Niigaan-CX25-square-blue.png"},{"@type":"BreadcrumbList","@id":"https:\/\/cannexus.ceric.ca\/fr\/la-reconciliation-concerne-tout-le-monde\/#breadcrumb","itemListElement":[{"@type":"ListItem","position":1,"name":"Home","item":"https:\/\/cannexus.ceric.ca\/fr\/"},{"@type":"ListItem","position":2,"name":"La r\u00e9conciliation concerne tout le monde"}]},{"@type":"WebSite","@id":"https:\/\/cannexus.ceric.ca\/fr\/#website","url":"https:\/\/cannexus.ceric.ca\/fr\/","name":"Cannexus26: Canada\u2019s Career Development Conference","description":"Canada\u2019s Career Development Conference","publisher":{"@id":"https:\/\/cannexus.ceric.ca\/fr\/#organization"},"alternateName":"Cannexus26","potentialAction":[{"@type":"SearchAction","target":{"@type":"EntryPoint","urlTemplate":"https:\/\/cannexus.ceric.ca\/fr\/?s={search_term_string}"},"query-input":{"@type":"PropertyValueSpecification","valueRequired":true,"valueName":"search_term_string"}}],"inLanguage":"fr-FR"},{"@type":"Organization","@id":"https:\/\/cannexus.ceric.ca\/fr\/#organization","name":"Cannexus26","url":"https:\/\/cannexus.ceric.ca\/fr\/","logo":{"@type":"ImageObject","inLanguage":"fr-FR","@id":"https:\/\/cannexus.ceric.ca\/fr\/#\/schema\/logo\/image\/","url":"https:\/\/cannexus.ceric.ca\/wp-content\/uploads\/2025\/04\/CX-seal.png","contentUrl":"https:\/\/cannexus.ceric.ca\/wp-content\/uploads\/2025\/04\/CX-seal.png","width":2000,"height":1574,"caption":"Cannexus26"},"image":{"@id":"https:\/\/cannexus.ceric.ca\/fr\/#\/schema\/logo\/image\/"}}]}},"_links":{"self":[{"href":"https:\/\/cannexus.ceric.ca\/fr\/wp-json\/wp\/v2\/pages\/25434","targetHints":{"allow":["GET"]}}],"collection":[{"href":"https:\/\/cannexus.ceric.ca\/fr\/wp-json\/wp\/v2\/pages"}],"about":[{"href":"https:\/\/cannexus.ceric.ca\/fr\/wp-json\/wp\/v2\/types\/page"}],"author":[{"embeddable":true,"href":"https:\/\/cannexus.ceric.ca\/fr\/wp-json\/wp\/v2\/users\/9"}],"replies":[{"embeddable":true,"href":"https:\/\/cannexus.ceric.ca\/fr\/wp-json\/wp\/v2\/comments?post=25434"}],"version-history":[{"count":0,"href":"https:\/\/cannexus.ceric.ca\/fr\/wp-json\/wp\/v2\/pages\/25434\/revisions"}],"wp:attachment":[{"href":"https:\/\/cannexus.ceric.ca\/fr\/wp-json\/wp\/v2\/media?parent=25434"}],"curies":[{"name":"wp","href":"https:\/\/api.w.org\/{rel}","templated":true}]}}