{"id":23500,"date":"2024-03-28T14:54:46","date_gmt":"2024-03-28T18:54:46","guid":{"rendered":"https:\/\/cannexus.ceric.ca\/?page_id=23500"},"modified":"2024-04-04T10:18:31","modified_gmt":"2024-04-04T14:18:31","slug":"nous-vous-remercions-de-votre-proposition-de-presentation","status":"publish","type":"page","link":"https:\/\/cannexus.ceric.ca\/fr\/nous-vous-remercions-de-votre-proposition-de-presentation\/","title":{"rendered":"Nous vous remercions de votre proposition de pr\u00e9sentation"},"content":{"rendered":"\t\t<div data-elementor-type=\"wp-page\" data-elementor-id=\"23500\" class=\"elementor elementor-23500 elementor-23279\" data-elementor-post-type=\"page\">\n\t\t\t\t\t\t<section class=\"elementor-section elementor-top-section elementor-element elementor-element-735e3d4 elementor-section-boxed elementor-section-height-default elementor-section-height-default\" data-id=\"735e3d4\" data-element_type=\"section\" data-e-type=\"section\">\n\t\t\t\t\t\t<div class=\"elementor-container elementor-column-gap-default\">\n\t\t\t\t\t<div class=\"elementor-column elementor-col-100 elementor-top-column elementor-element elementor-element-9d44f8e\" data-id=\"9d44f8e\" data-element_type=\"column\" data-e-type=\"column\">\n\t\t\t<div class=\"elementor-widget-wrap elementor-element-populated\">\n\t\t\t\t\t\t\t<\/div>\n\t\t<\/div>\n\t\t\t\t\t<\/div>\n\t\t<\/section>\n\t\t\t\t<section class=\"elementor-section elementor-top-section elementor-element elementor-element-694d43a elementor-section-boxed elementor-section-height-default elementor-section-height-default\" data-id=\"694d43a\" data-element_type=\"section\" data-e-type=\"section\">\n\t\t\t\t\t\t<div class=\"elementor-container elementor-column-gap-default\">\n\t\t\t\t\t<div class=\"elementor-column elementor-col-100 elementor-top-column elementor-element elementor-element-929a5a0\" data-id=\"929a5a0\" data-element_type=\"column\" data-e-type=\"column\">\n\t\t\t<div class=\"elementor-widget-wrap elementor-element-populated\">\n\t\t\t\t\t\t\t<\/div>\n\t\t<\/div>\n\t\t\t\t\t<\/div>\n\t\t<\/section>\n\t\t\t\t<section class=\"elementor-section elementor-top-section elementor-element elementor-element-eb39df7 elementor-section-boxed elementor-section-height-default elementor-section-height-default\" data-id=\"eb39df7\" data-element_type=\"section\" data-e-type=\"section\">\n\t\t\t\t\t\t<div class=\"elementor-container elementor-column-gap-default\">\n\t\t\t\t\t<div class=\"elementor-column elementor-col-100 elementor-top-column elementor-element elementor-element-fb36203\" data-id=\"fb36203\" data-element_type=\"column\" data-e-type=\"column\">\n\t\t\t<div class=\"elementor-widget-wrap elementor-element-populated\">\n\t\t\t\t\t\t<div class=\"elementor-element elementor-element-cbbadd9 elementor-widget elementor-widget-heading\" data-id=\"cbbadd9\" data-element_type=\"widget\" data-e-type=\"widget\" data-settings=\"{&quot;ekit_we_effect_on&quot;:&quot;none&quot;}\" data-widget_type=\"heading.default\">\n\t\t\t\t<div class=\"elementor-widget-container\">\n\t\t\t\t\t<h2 class=\"elementor-heading-title elementor-size-default\">Nous vous remercions de votre proposition de pr\u00e9sentation \u00e0 Cannexus25!<\/h2>\t\t\t\t<\/div>\n\t\t\t\t<\/div>\n\t\t\t\t<div class=\"elementor-element elementor-element-c531238 elementor-widget elementor-widget-text-editor\" data-id=\"c531238\" data-element_type=\"widget\" data-e-type=\"widget\" data-settings=\"{&quot;ekit_we_effect_on&quot;:&quot;none&quot;}\" data-widget_type=\"text-editor.default\">\n\t\t\t\t<div class=\"elementor-widget-container\">\n\t\t\t\t\t\t\t\t\t<p>Tous les conf\u00e9renciers principaux seront inform\u00e9s de l\u2019\u00e9tat de leur demande pour le programme Cannexus25\u202favant\u202fle mois d&#8217;ao\u00fbt 2024.<\/p>\t\t\t\t\t\t\t\t<\/div>\n\t\t\t\t<\/div>\n\t\t\t\t<div class=\"elementor-element elementor-element-4ae518f elementor-widget elementor-widget-text-editor\" data-id=\"4ae518f\" data-element_type=\"widget\" data-e-type=\"widget\" data-settings=\"{&quot;ekit_we_effect_on&quot;:&quot;none&quot;}\" data-widget_type=\"text-editor.default\">\n\t\t\t\t<div class=\"elementor-widget-container\">\n\t\t\t\t\t\t\t\t\t<p>Les conf\u00e9renciers qui auront \u00e9t\u00e9 accept\u00e9s devront confirmer leur acceptation en r\u00e9pondant au courriel d\u2019invitation avant la date limite indiqu\u00e9e dans ce courriel. Les conf\u00e9renciers sur\u202fla\u202fliste d\u2019attente seront contact\u00e9s au fur et \u00e0 mesure que des places se lib\u00e8rent.<\/p><p>Si vous avez des questions, veuillez contacter Heba \u00e0\u202f<a href=\"mailto:heba@ceric.ca\">heba@ceric.ca<\/a>.<\/p>\t\t\t\t\t\t\t\t<\/div>\n\t\t\t\t<\/div>\n\t\t\t\t\t<\/div>\n\t\t<\/div>\n\t\t\t\t\t<\/div>\n\t\t<\/section>\n\t\t\t\t<\/div>\n\t\t","protected":false},"excerpt":{"rendered":"<p>Nous vous remercions de votre proposition de pr\u00e9sentation \u00e0 Cannexus25! Tous les conf\u00e9renciers principaux seront inform\u00e9s de l\u2019\u00e9tat de leur demande pour le programme Cannexus25\u202favant\u202fle mois d&#8217;ao\u00fbt 2024. Les conf\u00e9renciers qui auront \u00e9t\u00e9 accept\u00e9s devront confirmer leur acceptation en r\u00e9pondant au courriel d\u2019invitation avant la date limite indiqu\u00e9e dans ce courriel. Les conf\u00e9renciers sur\u202fla\u202fliste d\u2019attente [&hellip;]<\/p>\n","protected":false},"author":1,"featured_media":0,"parent":0,"menu_order":0,"comment_status":"closed","ping_status":"closed","template":"elementor_header_footer","meta":{"wp_social_preview_title":"","wp_social_preview_description":"","wp_social_preview_image":0,"footnotes":""},"class_list":["post-23500","page","type-page","status-publish","hentry"],"yoast_head":"<!-- This site is optimized with the Yoast SEO Premium plugin v26.0 (Yoast SEO v26.0) - https:\/\/yoast.com\/wordpress\/plugins\/seo\/ -->\n<title>Nous vous remercions de votre proposition de pr\u00e9sentation - Cannexus27<\/title>\n<meta name=\"robots\" content=\"index, follow, max-snippet:-1, max-image-preview:large, max-video-preview:-1\" \/>\n<link rel=\"canonical\" href=\"https:\/\/cannexus.ceric.ca\/fr\/nous-vous-remercions-de-votre-proposition-de-presentation\/\" \/>\n<meta property=\"og:locale\" content=\"fr_FR\" \/>\n<meta property=\"og:type\" content=\"article\" \/>\n<meta property=\"og:title\" content=\"Nous vous remercions de votre proposition de pr\u00e9sentation\" \/>\n<meta property=\"og:description\" content=\"Nous vous remercions de votre proposition de pr\u00e9sentation \u00e0 Cannexus25! Tous les conf\u00e9renciers principaux seront inform\u00e9s de l\u2019\u00e9tat de leur demande pour le programme Cannexus25\u202favant\u202fle mois d&#8217;ao\u00fbt 2024. Les conf\u00e9renciers qui auront \u00e9t\u00e9 accept\u00e9s devront confirmer leur acceptation en r\u00e9pondant au courriel d\u2019invitation avant la date limite indiqu\u00e9e dans ce courriel. Les conf\u00e9renciers sur\u202fla\u202fliste d\u2019attente [&hellip;]\" \/>\n<meta property=\"og:url\" content=\"https:\/\/cannexus.ceric.ca\/fr\/nous-vous-remercions-de-votre-proposition-de-presentation\/\" \/>\n<meta property=\"og:site_name\" content=\"Cannexus27\" \/>\n<meta property=\"article:modified_time\" content=\"2024-04-04T14:18:31+00:00\" \/>\n<meta property=\"og:image\" content=\"https:\/\/cannexus.ceric.ca\/wp-content\/uploads\/2024\/04\/CX25-v1-5.png\" \/>\n\t<meta property=\"og:image:width\" content=\"1200\" \/>\n\t<meta property=\"og:image:height\" content=\"300\" \/>\n\t<meta property=\"og:image:type\" content=\"image\/png\" \/>\n<meta name=\"twitter:card\" content=\"summary_large_image\" \/>\n<meta name=\"twitter:label1\" content=\"Dur\u00e9e de lecture estim\u00e9e\" \/>\n\t<meta name=\"twitter:data1\" content=\"1 minute\" \/>\n<script type=\"application\/ld+json\" class=\"yoast-schema-graph\">{\"@context\":\"https:\/\/schema.org\",\"@graph\":[{\"@type\":\"WebPage\",\"@id\":\"https:\/\/cannexus.ceric.ca\/fr\/nous-vous-remercions-de-votre-proposition-de-presentation\/\",\"url\":\"https:\/\/cannexus.ceric.ca\/fr\/nous-vous-remercions-de-votre-proposition-de-presentation\/\",\"name\":\"Nous vous remercions de votre proposition de pr\u00e9sentation - Cannexus27\",\"isPartOf\":{\"@id\":\"https:\/\/cannexus.ceric.ca\/fr\/#website\"},\"datePublished\":\"2024-03-28T18:54:46+00:00\",\"dateModified\":\"2024-04-04T14:18:31+00:00\",\"breadcrumb\":{\"@id\":\"https:\/\/cannexus.ceric.ca\/fr\/nous-vous-remercions-de-votre-proposition-de-presentation\/#breadcrumb\"},\"inLanguage\":\"fr-FR\",\"potentialAction\":[{\"@type\":\"ReadAction\",\"target\":[\"https:\/\/cannexus.ceric.ca\/fr\/nous-vous-remercions-de-votre-proposition-de-presentation\/\"]}]},{\"@type\":\"BreadcrumbList\",\"@id\":\"https:\/\/cannexus.ceric.ca\/fr\/nous-vous-remercions-de-votre-proposition-de-presentation\/#breadcrumb\",\"itemListElement\":[{\"@type\":\"ListItem\",\"position\":1,\"name\":\"Home\",\"item\":\"https:\/\/cannexus.ceric.ca\/fr\/\"},{\"@type\":\"ListItem\",\"position\":2,\"name\":\"Nous vous remercions de votre proposition de pr\u00e9sentation\"}]},{\"@type\":\"WebSite\",\"@id\":\"https:\/\/cannexus.ceric.ca\/fr\/#website\",\"url\":\"https:\/\/cannexus.ceric.ca\/fr\/\",\"name\":\"Cannexus26: Canada\u2019s Career Development Conference\",\"description\":\"Canada\u2019s Career Development Conference\",\"publisher\":{\"@id\":\"https:\/\/cannexus.ceric.ca\/fr\/#organization\"},\"alternateName\":\"Cannexus26\",\"potentialAction\":[{\"@type\":\"SearchAction\",\"target\":{\"@type\":\"EntryPoint\",\"urlTemplate\":\"https:\/\/cannexus.ceric.ca\/fr\/?s={search_term_string}\"},\"query-input\":{\"@type\":\"PropertyValueSpecification\",\"valueRequired\":true,\"valueName\":\"search_term_string\"}}],\"inLanguage\":\"fr-FR\"},{\"@type\":\"Organization\",\"@id\":\"https:\/\/cannexus.ceric.ca\/fr\/#organization\",\"name\":\"Cannexus26\",\"url\":\"https:\/\/cannexus.ceric.ca\/fr\/\",\"logo\":{\"@type\":\"ImageObject\",\"inLanguage\":\"fr-FR\",\"@id\":\"https:\/\/cannexus.ceric.ca\/fr\/#\/schema\/logo\/image\/\",\"url\":\"https:\/\/cannexus.ceric.ca\/wp-content\/uploads\/2025\/04\/CX-seal.png\",\"contentUrl\":\"https:\/\/cannexus.ceric.ca\/wp-content\/uploads\/2025\/04\/CX-seal.png\",\"width\":2000,\"height\":1574,\"caption\":\"Cannexus26\"},\"image\":{\"@id\":\"https:\/\/cannexus.ceric.ca\/fr\/#\/schema\/logo\/image\/\"}}]}<\/script>\n<!-- \/ Yoast SEO Premium plugin. -->","yoast_head_json":{"title":"Nous vous remercions de votre proposition de pr\u00e9sentation - Cannexus27","robots":{"index":"index","follow":"follow","max-snippet":"max-snippet:-1","max-image-preview":"max-image-preview:large","max-video-preview":"max-video-preview:-1"},"canonical":"https:\/\/cannexus.ceric.ca\/fr\/nous-vous-remercions-de-votre-proposition-de-presentation\/","og_locale":"fr_FR","og_type":"article","og_title":"Nous vous remercions de votre proposition de pr\u00e9sentation","og_description":"Nous vous remercions de votre proposition de pr\u00e9sentation \u00e0 Cannexus25! Tous les conf\u00e9renciers principaux seront inform\u00e9s de l\u2019\u00e9tat de leur demande pour le programme Cannexus25\u202favant\u202fle mois d&#8217;ao\u00fbt 2024. Les conf\u00e9renciers qui auront \u00e9t\u00e9 accept\u00e9s devront confirmer leur acceptation en r\u00e9pondant au courriel d\u2019invitation avant la date limite indiqu\u00e9e dans ce courriel. Les conf\u00e9renciers sur\u202fla\u202fliste d\u2019attente [&hellip;]","og_url":"https:\/\/cannexus.ceric.ca\/fr\/nous-vous-remercions-de-votre-proposition-de-presentation\/","og_site_name":"Cannexus27","article_modified_time":"2024-04-04T14:18:31+00:00","og_image":[{"width":1200,"height":300,"url":"https:\/\/cannexus.ceric.ca\/wp-content\/uploads\/2024\/04\/CX25-v1-5.png","type":"image\/png"}],"twitter_card":"summary_large_image","twitter_misc":{"Dur\u00e9e de lecture estim\u00e9e":"1 minute"},"schema":{"@context":"https:\/\/schema.org","@graph":[{"@type":"WebPage","@id":"https:\/\/cannexus.ceric.ca\/fr\/nous-vous-remercions-de-votre-proposition-de-presentation\/","url":"https:\/\/cannexus.ceric.ca\/fr\/nous-vous-remercions-de-votre-proposition-de-presentation\/","name":"Nous vous remercions de votre proposition de pr\u00e9sentation - Cannexus27","isPartOf":{"@id":"https:\/\/cannexus.ceric.ca\/fr\/#website"},"datePublished":"2024-03-28T18:54:46+00:00","dateModified":"2024-04-04T14:18:31+00:00","breadcrumb":{"@id":"https:\/\/cannexus.ceric.ca\/fr\/nous-vous-remercions-de-votre-proposition-de-presentation\/#breadcrumb"},"inLanguage":"fr-FR","potentialAction":[{"@type":"ReadAction","target":["https:\/\/cannexus.ceric.ca\/fr\/nous-vous-remercions-de-votre-proposition-de-presentation\/"]}]},{"@type":"BreadcrumbList","@id":"https:\/\/cannexus.ceric.ca\/fr\/nous-vous-remercions-de-votre-proposition-de-presentation\/#breadcrumb","itemListElement":[{"@type":"ListItem","position":1,"name":"Home","item":"https:\/\/cannexus.ceric.ca\/fr\/"},{"@type":"ListItem","position":2,"name":"Nous vous remercions de votre proposition de pr\u00e9sentation"}]},{"@type":"WebSite","@id":"https:\/\/cannexus.ceric.ca\/fr\/#website","url":"https:\/\/cannexus.ceric.ca\/fr\/","name":"Cannexus26: Canada\u2019s Career Development Conference","description":"Canada\u2019s Career Development Conference","publisher":{"@id":"https:\/\/cannexus.ceric.ca\/fr\/#organization"},"alternateName":"Cannexus26","potentialAction":[{"@type":"SearchAction","target":{"@type":"EntryPoint","urlTemplate":"https:\/\/cannexus.ceric.ca\/fr\/?s={search_term_string}"},"query-input":{"@type":"PropertyValueSpecification","valueRequired":true,"valueName":"search_term_string"}}],"inLanguage":"fr-FR"},{"@type":"Organization","@id":"https:\/\/cannexus.ceric.ca\/fr\/#organization","name":"Cannexus26","url":"https:\/\/cannexus.ceric.ca\/fr\/","logo":{"@type":"ImageObject","inLanguage":"fr-FR","@id":"https:\/\/cannexus.ceric.ca\/fr\/#\/schema\/logo\/image\/","url":"https:\/\/cannexus.ceric.ca\/wp-content\/uploads\/2025\/04\/CX-seal.png","contentUrl":"https:\/\/cannexus.ceric.ca\/wp-content\/uploads\/2025\/04\/CX-seal.png","width":2000,"height":1574,"caption":"Cannexus26"},"image":{"@id":"https:\/\/cannexus.ceric.ca\/fr\/#\/schema\/logo\/image\/"}}]}},"_links":{"self":[{"href":"https:\/\/cannexus.ceric.ca\/fr\/wp-json\/wp\/v2\/pages\/23500","targetHints":{"allow":["GET"]}}],"collection":[{"href":"https:\/\/cannexus.ceric.ca\/fr\/wp-json\/wp\/v2\/pages"}],"about":[{"href":"https:\/\/cannexus.ceric.ca\/fr\/wp-json\/wp\/v2\/types\/page"}],"author":[{"embeddable":true,"href":"https:\/\/cannexus.ceric.ca\/fr\/wp-json\/wp\/v2\/users\/1"}],"replies":[{"embeddable":true,"href":"https:\/\/cannexus.ceric.ca\/fr\/wp-json\/wp\/v2\/comments?post=23500"}],"version-history":[{"count":0,"href":"https:\/\/cannexus.ceric.ca\/fr\/wp-json\/wp\/v2\/pages\/23500\/revisions"}],"wp:attachment":[{"href":"https:\/\/cannexus.ceric.ca\/fr\/wp-json\/wp\/v2\/media?parent=23500"}],"curies":[{"name":"wp","href":"https:\/\/api.w.org\/{rel}","templated":true}]}}