{"id":21703,"date":"2023-08-11T13:52:43","date_gmt":"2023-08-11T17:52:43","guid":{"rendered":"https:\/\/cannexus.ceric.ca\/?page_id=21703"},"modified":"2023-08-11T13:55:05","modified_gmt":"2023-08-11T17:55:05","slug":"des-affaires-qui-suivent-presque-leur-cours-normal-garder-le-cap-en-periode-de-turbulences-et-de-changement-des-tendances","status":"publish","type":"page","link":"https:\/\/cannexus.ceric.ca\/fr\/des-affaires-qui-suivent-presque-leur-cours-normal-garder-le-cap-en-periode-de-turbulences-et-de-changement-des-tendances\/","title":{"rendered":"Des affaires qui suivent (presque) leur cours normal : Garder le cap en p\u00e9riode de turbulences et de changement des tendances"},"content":{"rendered":"\t\t<div data-elementor-type=\"wp-page\" data-elementor-id=\"21703\" class=\"elementor elementor-21703 elementor-21695\" data-elementor-post-type=\"page\">\n\t\t\t\t\t\t<section class=\"elementor-section elementor-top-section elementor-element elementor-element-60f224f elementor-section-boxed elementor-section-height-default elementor-section-height-default\" data-id=\"60f224f\" data-element_type=\"section\" data-e-type=\"section\">\n\t\t\t\t\t\t<div class=\"elementor-container elementor-column-gap-default\">\n\t\t\t\t\t<div class=\"elementor-column elementor-col-100 elementor-top-column elementor-element elementor-element-493a3b8\" data-id=\"493a3b8\" data-element_type=\"column\" data-e-type=\"column\">\n\t\t\t<div class=\"elementor-widget-wrap elementor-element-populated\">\n\t\t\t\t\t\t<div class=\"elementor-element elementor-element-0b330c4 elementor-invisible elementor-widget elementor-widget-exhibz-title\" data-id=\"0b330c4\" data-element_type=\"widget\" data-e-type=\"widget\" data-settings=\"{&quot;_animation&quot;:&quot;fadeInUp&quot;,&quot;_animation_delay&quot;:350,&quot;ekit_we_effect_on&quot;:&quot;none&quot;}\" data-widget_type=\"exhibz-title.default\">\n\t\t\t\t<div class=\"elementor-widget-container\">\n\t\t\t\t\t\n    <div class=\"title-section-area\">\n        <h2 class=\"section-title\">\n            <span class=\"sub-title\">Des affaires qui suivent (presque) leur cours normal : Garder le cap en p\u00e9riode de turbulences et de changement des tendances  <\/span>\n\t\t\tConf\u00e9rencier d'honneur : Dr. Nancy\u202fArthur\n<br>\nLe mardi 30 janvier, 2024, 15:15h \u2013 16:15h HE        <\/h2>\n\t\t\t\t\t<div class=\"title-desc\"><p><span class=\"TextRun SCXW48160895 BCX0\"><span class=\"NormalTextRun SCXW48160895 BCX0\">En raison d\u2019influences mondiales, le monde du travail change rapidement et subit des turbulences. Les tendances de l\u2019offre de services de d\u00e9veloppement de carri\u00e8re se croisent et se contredisent. Il faut tenir compte des turbulences et des tendances et \u00e9laborer des politiques et des pratiques qui aideront le personnel \u00e0 s\u2019adapter aux nouvelles m\u00e9thodes de travail. L\u2019heure est venue de fa\u00e7onner l\u2019avenir, en tenant compte de ce qui a r\u00e9sist\u00e9 \u00e0 l\u2019\u00e9preuve du temps, de nos forces et de ce que nous voulons conserver ou changer. Dans cette allocution, <\/span><\/span><span class=\"TextRun Underlined SCXW48160895 BCX0\"><span class=\"NormalTextRun SCXW48160895 BCX0\">Nancy Arthur<\/span><\/span><span class=\"TextRun SCXW48160895 BCX0\"><span class=\"NormalTextRun SCXW48160895 BCX0\"> abordera certains d\u00e9fis actuels et invitera les intervenants en d\u00e9veloppement de carri\u00e8re \u00e0 r\u00e9fl\u00e9chir aux valeurs fondamentales qui sous-tendent une situation o\u00f9 les affaires suivent (presque) leur cours normal.\u00a0<\/span><\/span><span class=\"EOP SCXW48160895 BCX0\">\u00a0<\/span><\/p><\/div>\n\t\t                    <\/div><!-- Section title -->\n    \n    \n\n    \t\t\t\t<\/div>\n\t\t\t\t<\/div>\n\t\t\t\t<div class=\"elementor-element elementor-element-8a7f525 elementor-hidden-desktop elementor-hidden-tablet elementor-hidden-mobile elementor-widget elementor-widget-image\" data-id=\"8a7f525\" data-element_type=\"widget\" data-e-type=\"widget\" data-settings=\"{&quot;ekit_we_effect_on&quot;:&quot;none&quot;}\" data-widget_type=\"image.default\">\n\t\t\t\t<div class=\"elementor-widget-container\">\n\t\t\t\t\t\t\t\t\t\t\t\t\t\t\t\t<a href=\"https:\/\/cannexus.ceric.ca\/partners\">\n\t\t\t\t\t\t\t<img decoding=\"async\" width=\"220\" height=\"110\" src=\"https:\/\/cannexus.ceric.ca\/wp-content\/uploads\/2022\/10\/EN-graphic-magnet-partner-1.png\" class=\"attachment-large size-large wp-image-16378\" alt=\"\" \/>\t\t\t\t\t\t\t\t<\/a>\n\t\t\t\t\t\t\t\t\t\t\t\t\t\t\t<\/div>\n\t\t\t\t<\/div>\n\t\t\t\t\t<\/div>\n\t\t<\/div>\n\t\t\t\t\t<\/div>\n\t\t<\/section>\n\t\t\t\t<\/div>\n\t\t","protected":false},"excerpt":{"rendered":"<p>Des affaires qui suivent (presque) leur cours normal : Garder le cap en p\u00e9riode de turbulences et de changement des tendances Conf\u00e9rencier d&#8217;honneur : Dr. Nancy\u202fArthur Le mardi 30 janvier, 2024, 15:15h \u2013 16:15h HE En raison d\u2019influences mondiales, le monde du travail change rapidement et subit des turbulences. Les tendances de l\u2019offre de services [&hellip;]<\/p>\n","protected":false},"author":9,"featured_media":0,"parent":0,"menu_order":0,"comment_status":"closed","ping_status":"closed","template":"template\/full-width-template.php","meta":{"wp_social_preview_title":"","wp_social_preview_description":"","wp_social_preview_image":0,"footnotes":""},"class_list":["post-21703","page","type-page","status-publish","hentry"],"yoast_head":"<!-- This site is optimized with the Yoast SEO Premium plugin v26.0 (Yoast SEO v26.0) - https:\/\/yoast.com\/wordpress\/plugins\/seo\/ -->\n<title>Des affaires qui suivent (presque) leur cours normal : Garder le cap en p\u00e9riode de turbulences et de changement des tendances - Cannexus26<\/title>\n<meta name=\"robots\" content=\"index, follow, max-snippet:-1, max-image-preview:large, max-video-preview:-1\" \/>\n<link rel=\"canonical\" href=\"https:\/\/cannexus.ceric.ca\/fr\/des-affaires-qui-suivent-presque-leur-cours-normal-garder-le-cap-en-periode-de-turbulences-et-de-changement-des-tendances\/\" \/>\n<meta property=\"og:locale\" content=\"fr_FR\" \/>\n<meta property=\"og:type\" content=\"article\" \/>\n<meta property=\"og:title\" content=\"Des affaires qui suivent (presque) leur cours normal : Garder le cap en p\u00e9riode de turbulences et de changement des tendances\" \/>\n<meta property=\"og:description\" content=\"Des affaires qui suivent (presque) leur cours normal : Garder le cap en p\u00e9riode de turbulences et de changement des tendances Conf\u00e9rencier d&#8217;honneur : Dr. Nancy\u202fArthur Le mardi 30 janvier, 2024, 15:15h \u2013 16:15h HE En raison d\u2019influences mondiales, le monde du travail change rapidement et subit des turbulences. Les tendances de l\u2019offre de services [&hellip;]\" \/>\n<meta property=\"og:url\" content=\"https:\/\/cannexus.ceric.ca\/fr\/des-affaires-qui-suivent-presque-leur-cours-normal-garder-le-cap-en-periode-de-turbulences-et-de-changement-des-tendances\/\" \/>\n<meta property=\"og:site_name\" content=\"Cannexus26\" \/>\n<meta property=\"article:modified_time\" content=\"2023-08-11T17:55:05+00:00\" \/>\n<meta property=\"og:image\" content=\"https:\/\/cannexus.ceric.ca\/wp-content\/uploads\/2022\/10\/EN-graphic-magnet-partner-1.png\" \/>\n<meta name=\"twitter:card\" content=\"summary_large_image\" \/>\n<meta name=\"twitter:label1\" content=\"Dur\u00e9e de lecture estim\u00e9e\" \/>\n\t<meta name=\"twitter:data1\" content=\"1 minute\" \/>\n<script type=\"application\/ld+json\" class=\"yoast-schema-graph\">{\"@context\":\"https:\/\/schema.org\",\"@graph\":[{\"@type\":\"WebPage\",\"@id\":\"https:\/\/cannexus.ceric.ca\/fr\/des-affaires-qui-suivent-presque-leur-cours-normal-garder-le-cap-en-periode-de-turbulences-et-de-changement-des-tendances\/\",\"url\":\"https:\/\/cannexus.ceric.ca\/fr\/des-affaires-qui-suivent-presque-leur-cours-normal-garder-le-cap-en-periode-de-turbulences-et-de-changement-des-tendances\/\",\"name\":\"Des affaires qui suivent (presque) leur cours normal : Garder le cap en p\u00e9riode de turbulences et de changement des tendances - Cannexus26\",\"isPartOf\":{\"@id\":\"https:\/\/cannexus.ceric.ca\/fr\/#website\"},\"primaryImageOfPage\":{\"@id\":\"https:\/\/cannexus.ceric.ca\/fr\/des-affaires-qui-suivent-presque-leur-cours-normal-garder-le-cap-en-periode-de-turbulences-et-de-changement-des-tendances\/#primaryimage\"},\"image\":{\"@id\":\"https:\/\/cannexus.ceric.ca\/fr\/des-affaires-qui-suivent-presque-leur-cours-normal-garder-le-cap-en-periode-de-turbulences-et-de-changement-des-tendances\/#primaryimage\"},\"thumbnailUrl\":\"https:\/\/cannexus.ceric.ca\/wp-content\/uploads\/2022\/10\/EN-graphic-magnet-partner-1.png\",\"datePublished\":\"2023-08-11T17:52:43+00:00\",\"dateModified\":\"2023-08-11T17:55:05+00:00\",\"breadcrumb\":{\"@id\":\"https:\/\/cannexus.ceric.ca\/fr\/des-affaires-qui-suivent-presque-leur-cours-normal-garder-le-cap-en-periode-de-turbulences-et-de-changement-des-tendances\/#breadcrumb\"},\"inLanguage\":\"fr-FR\",\"potentialAction\":[{\"@type\":\"ReadAction\",\"target\":[\"https:\/\/cannexus.ceric.ca\/fr\/des-affaires-qui-suivent-presque-leur-cours-normal-garder-le-cap-en-periode-de-turbulences-et-de-changement-des-tendances\/\"]}]},{\"@type\":\"ImageObject\",\"inLanguage\":\"fr-FR\",\"@id\":\"https:\/\/cannexus.ceric.ca\/fr\/des-affaires-qui-suivent-presque-leur-cours-normal-garder-le-cap-en-periode-de-turbulences-et-de-changement-des-tendances\/#primaryimage\",\"url\":\"https:\/\/cannexus.ceric.ca\/wp-content\/uploads\/2022\/10\/EN-graphic-magnet-partner-1.png\",\"contentUrl\":\"https:\/\/cannexus.ceric.ca\/wp-content\/uploads\/2022\/10\/EN-graphic-magnet-partner-1.png\"},{\"@type\":\"BreadcrumbList\",\"@id\":\"https:\/\/cannexus.ceric.ca\/fr\/des-affaires-qui-suivent-presque-leur-cours-normal-garder-le-cap-en-periode-de-turbulences-et-de-changement-des-tendances\/#breadcrumb\",\"itemListElement\":[{\"@type\":\"ListItem\",\"position\":1,\"name\":\"Home\",\"item\":\"https:\/\/cannexus.ceric.ca\/fr\/\"},{\"@type\":\"ListItem\",\"position\":2,\"name\":\"Des affaires qui suivent (presque) leur cours normal : Garder le cap en p\u00e9riode de turbulences et de changement des tendances\"}]},{\"@type\":\"WebSite\",\"@id\":\"https:\/\/cannexus.ceric.ca\/fr\/#website\",\"url\":\"https:\/\/cannexus.ceric.ca\/fr\/\",\"name\":\"Cannexus26: Canada\u2019s Career Development Conference\",\"description\":\"Canada\u2019s Career Development Conference\",\"publisher\":{\"@id\":\"https:\/\/cannexus.ceric.ca\/fr\/#organization\"},\"alternateName\":\"Cannexus26\",\"potentialAction\":[{\"@type\":\"SearchAction\",\"target\":{\"@type\":\"EntryPoint\",\"urlTemplate\":\"https:\/\/cannexus.ceric.ca\/fr\/?s={search_term_string}\"},\"query-input\":{\"@type\":\"PropertyValueSpecification\",\"valueRequired\":true,\"valueName\":\"search_term_string\"}}],\"inLanguage\":\"fr-FR\"},{\"@type\":\"Organization\",\"@id\":\"https:\/\/cannexus.ceric.ca\/fr\/#organization\",\"name\":\"Cannexus26\",\"url\":\"https:\/\/cannexus.ceric.ca\/fr\/\",\"logo\":{\"@type\":\"ImageObject\",\"inLanguage\":\"fr-FR\",\"@id\":\"https:\/\/cannexus.ceric.ca\/fr\/#\/schema\/logo\/image\/\",\"url\":\"https:\/\/cannexus.ceric.ca\/wp-content\/uploads\/2025\/04\/CX-seal.png\",\"contentUrl\":\"https:\/\/cannexus.ceric.ca\/wp-content\/uploads\/2025\/04\/CX-seal.png\",\"width\":2000,\"height\":1574,\"caption\":\"Cannexus26\"},\"image\":{\"@id\":\"https:\/\/cannexus.ceric.ca\/fr\/#\/schema\/logo\/image\/\"}}]}<\/script>\n<!-- \/ Yoast SEO Premium plugin. -->","yoast_head_json":{"title":"Des affaires qui suivent (presque) leur cours normal : Garder le cap en p\u00e9riode de turbulences et de changement des tendances - Cannexus26","robots":{"index":"index","follow":"follow","max-snippet":"max-snippet:-1","max-image-preview":"max-image-preview:large","max-video-preview":"max-video-preview:-1"},"canonical":"https:\/\/cannexus.ceric.ca\/fr\/des-affaires-qui-suivent-presque-leur-cours-normal-garder-le-cap-en-periode-de-turbulences-et-de-changement-des-tendances\/","og_locale":"fr_FR","og_type":"article","og_title":"Des affaires qui suivent (presque) leur cours normal : Garder le cap en p\u00e9riode de turbulences et de changement des tendances","og_description":"Des affaires qui suivent (presque) leur cours normal : Garder le cap en p\u00e9riode de turbulences et de changement des tendances Conf\u00e9rencier d&#8217;honneur : Dr. Nancy\u202fArthur Le mardi 30 janvier, 2024, 15:15h \u2013 16:15h HE En raison d\u2019influences mondiales, le monde du travail change rapidement et subit des turbulences. Les tendances de l\u2019offre de services [&hellip;]","og_url":"https:\/\/cannexus.ceric.ca\/fr\/des-affaires-qui-suivent-presque-leur-cours-normal-garder-le-cap-en-periode-de-turbulences-et-de-changement-des-tendances\/","og_site_name":"Cannexus26","article_modified_time":"2023-08-11T17:55:05+00:00","og_image":[{"url":"https:\/\/cannexus.ceric.ca\/wp-content\/uploads\/2022\/10\/EN-graphic-magnet-partner-1.png","type":"","width":"","height":""}],"twitter_card":"summary_large_image","twitter_misc":{"Dur\u00e9e de lecture estim\u00e9e":"1 minute"},"schema":{"@context":"https:\/\/schema.org","@graph":[{"@type":"WebPage","@id":"https:\/\/cannexus.ceric.ca\/fr\/des-affaires-qui-suivent-presque-leur-cours-normal-garder-le-cap-en-periode-de-turbulences-et-de-changement-des-tendances\/","url":"https:\/\/cannexus.ceric.ca\/fr\/des-affaires-qui-suivent-presque-leur-cours-normal-garder-le-cap-en-periode-de-turbulences-et-de-changement-des-tendances\/","name":"Des affaires qui suivent (presque) leur cours normal : Garder le cap en p\u00e9riode de turbulences et de changement des tendances - Cannexus26","isPartOf":{"@id":"https:\/\/cannexus.ceric.ca\/fr\/#website"},"primaryImageOfPage":{"@id":"https:\/\/cannexus.ceric.ca\/fr\/des-affaires-qui-suivent-presque-leur-cours-normal-garder-le-cap-en-periode-de-turbulences-et-de-changement-des-tendances\/#primaryimage"},"image":{"@id":"https:\/\/cannexus.ceric.ca\/fr\/des-affaires-qui-suivent-presque-leur-cours-normal-garder-le-cap-en-periode-de-turbulences-et-de-changement-des-tendances\/#primaryimage"},"thumbnailUrl":"https:\/\/cannexus.ceric.ca\/wp-content\/uploads\/2022\/10\/EN-graphic-magnet-partner-1.png","datePublished":"2023-08-11T17:52:43+00:00","dateModified":"2023-08-11T17:55:05+00:00","breadcrumb":{"@id":"https:\/\/cannexus.ceric.ca\/fr\/des-affaires-qui-suivent-presque-leur-cours-normal-garder-le-cap-en-periode-de-turbulences-et-de-changement-des-tendances\/#breadcrumb"},"inLanguage":"fr-FR","potentialAction":[{"@type":"ReadAction","target":["https:\/\/cannexus.ceric.ca\/fr\/des-affaires-qui-suivent-presque-leur-cours-normal-garder-le-cap-en-periode-de-turbulences-et-de-changement-des-tendances\/"]}]},{"@type":"ImageObject","inLanguage":"fr-FR","@id":"https:\/\/cannexus.ceric.ca\/fr\/des-affaires-qui-suivent-presque-leur-cours-normal-garder-le-cap-en-periode-de-turbulences-et-de-changement-des-tendances\/#primaryimage","url":"https:\/\/cannexus.ceric.ca\/wp-content\/uploads\/2022\/10\/EN-graphic-magnet-partner-1.png","contentUrl":"https:\/\/cannexus.ceric.ca\/wp-content\/uploads\/2022\/10\/EN-graphic-magnet-partner-1.png"},{"@type":"BreadcrumbList","@id":"https:\/\/cannexus.ceric.ca\/fr\/des-affaires-qui-suivent-presque-leur-cours-normal-garder-le-cap-en-periode-de-turbulences-et-de-changement-des-tendances\/#breadcrumb","itemListElement":[{"@type":"ListItem","position":1,"name":"Home","item":"https:\/\/cannexus.ceric.ca\/fr\/"},{"@type":"ListItem","position":2,"name":"Des affaires qui suivent (presque) leur cours normal : Garder le cap en p\u00e9riode de turbulences et de changement des tendances"}]},{"@type":"WebSite","@id":"https:\/\/cannexus.ceric.ca\/fr\/#website","url":"https:\/\/cannexus.ceric.ca\/fr\/","name":"Cannexus26: Canada\u2019s Career Development Conference","description":"Canada\u2019s Career Development Conference","publisher":{"@id":"https:\/\/cannexus.ceric.ca\/fr\/#organization"},"alternateName":"Cannexus26","potentialAction":[{"@type":"SearchAction","target":{"@type":"EntryPoint","urlTemplate":"https:\/\/cannexus.ceric.ca\/fr\/?s={search_term_string}"},"query-input":{"@type":"PropertyValueSpecification","valueRequired":true,"valueName":"search_term_string"}}],"inLanguage":"fr-FR"},{"@type":"Organization","@id":"https:\/\/cannexus.ceric.ca\/fr\/#organization","name":"Cannexus26","url":"https:\/\/cannexus.ceric.ca\/fr\/","logo":{"@type":"ImageObject","inLanguage":"fr-FR","@id":"https:\/\/cannexus.ceric.ca\/fr\/#\/schema\/logo\/image\/","url":"https:\/\/cannexus.ceric.ca\/wp-content\/uploads\/2025\/04\/CX-seal.png","contentUrl":"https:\/\/cannexus.ceric.ca\/wp-content\/uploads\/2025\/04\/CX-seal.png","width":2000,"height":1574,"caption":"Cannexus26"},"image":{"@id":"https:\/\/cannexus.ceric.ca\/fr\/#\/schema\/logo\/image\/"}}]}},"_links":{"self":[{"href":"https:\/\/cannexus.ceric.ca\/fr\/wp-json\/wp\/v2\/pages\/21703","targetHints":{"allow":["GET"]}}],"collection":[{"href":"https:\/\/cannexus.ceric.ca\/fr\/wp-json\/wp\/v2\/pages"}],"about":[{"href":"https:\/\/cannexus.ceric.ca\/fr\/wp-json\/wp\/v2\/types\/page"}],"author":[{"embeddable":true,"href":"https:\/\/cannexus.ceric.ca\/fr\/wp-json\/wp\/v2\/users\/9"}],"replies":[{"embeddable":true,"href":"https:\/\/cannexus.ceric.ca\/fr\/wp-json\/wp\/v2\/comments?post=21703"}],"version-history":[{"count":0,"href":"https:\/\/cannexus.ceric.ca\/fr\/wp-json\/wp\/v2\/pages\/21703\/revisions"}],"wp:attachment":[{"href":"https:\/\/cannexus.ceric.ca\/fr\/wp-json\/wp\/v2\/media?parent=21703"}],"curies":[{"name":"wp","href":"https:\/\/api.w.org\/{rel}","templated":true}]}}