{"id":21678,"date":"2023-08-11T13:38:59","date_gmt":"2023-08-11T17:38:59","guid":{"rendered":"https:\/\/cannexus.ceric.ca\/?page_id=21678"},"modified":"2023-08-11T13:42:19","modified_gmt":"2023-08-11T17:42:19","slug":"partager-mon-histoire","status":"publish","type":"page","link":"https:\/\/cannexus.ceric.ca\/fr\/partager-mon-histoire\/","title":{"rendered":"Partager mon histoire"},"content":{"rendered":"\t\t<div data-elementor-type=\"wp-page\" data-elementor-id=\"21678\" class=\"elementor elementor-21678\" data-elementor-post-type=\"page\">\n\t\t\t\t\t\t<section class=\"elementor-section elementor-top-section elementor-element elementor-element-60f224f elementor-section-boxed elementor-section-height-default elementor-section-height-default\" data-id=\"60f224f\" data-element_type=\"section\" data-e-type=\"section\">\n\t\t\t\t\t\t<div class=\"elementor-container elementor-column-gap-default\">\n\t\t\t\t\t<div class=\"elementor-column elementor-col-100 elementor-top-column elementor-element elementor-element-493a3b8\" data-id=\"493a3b8\" data-element_type=\"column\" data-e-type=\"column\">\n\t\t\t<div class=\"elementor-widget-wrap elementor-element-populated\">\n\t\t\t\t\t\t<div class=\"elementor-element elementor-element-0b330c4 elementor-invisible elementor-widget elementor-widget-exhibz-title\" data-id=\"0b330c4\" data-element_type=\"widget\" data-e-type=\"widget\" data-settings=\"{&quot;_animation&quot;:&quot;fadeInUp&quot;,&quot;_animation_delay&quot;:350,&quot;ekit_we_effect_on&quot;:&quot;none&quot;}\" data-widget_type=\"exhibz-title.default\">\n\t\t\t\t<div class=\"elementor-widget-container\">\n\t\t\t\t\t\n    <div class=\"title-section-area\">\n        <h2 class=\"section-title\">\n            <span class=\"sub-title\">Partager mon histoire<\/span>\n\t\t\tConf\u00e9rencier d'honneur : Chantal Petitclerc\n<br>\nLe mardi 30 janvier, 2024, 12:30h - 13:30h HE        <\/h2>\n\t\t\t\t\t<div class=\"title-desc\"><p><span>Chaque ann\u00e9e, des centaines, voire des milliers de personnes ont la chance d\u2019assister \u00e0 l\u2019une des conf\u00e9rences de Chantal Petitclerc.\u202f\u00a0<\/span><span>\u00a0<\/span><\/p><p><span>Chantal \u00e9voque les \u00e9tapes de sa vie, les circonstances qui l\u2019ont amen\u00e9e \u00e0 devenir athl\u00e8te en fauteuil roulant, ses grandes victoires et ses petites d\u00e9ceptions.\u202f\u00a0<\/span><span>\u00a0<\/span><\/p><p><span>Sans sermonner, elle utilise sa propre histoire pour illustrer l\u2019importance de pers\u00e9v\u00e9rer, d\u2019\u00e9tablir une vision et des objectifs ambitieux et, surtout, de poursuivre ses r\u00eaves.\u202f\u00a0<\/span><span>\u00a0<\/span><\/p><\/div>\n\t\t                    <\/div><!-- Section title -->\n    \n    \n\n    \t\t\t\t<\/div>\n\t\t\t\t<\/div>\n\t\t\t\t<div class=\"elementor-element elementor-element-8a7f525 elementor-hidden-desktop elementor-hidden-tablet elementor-hidden-mobile elementor-widget elementor-widget-image\" data-id=\"8a7f525\" data-element_type=\"widget\" data-e-type=\"widget\" data-settings=\"{&quot;ekit_we_effect_on&quot;:&quot;none&quot;}\" data-widget_type=\"image.default\">\n\t\t\t\t<div class=\"elementor-widget-container\">\n\t\t\t\t\t\t\t\t\t\t\t\t\t\t\t\t<a href=\"https:\/\/cannexus.ceric.ca\/partners\">\n\t\t\t\t\t\t\t<img decoding=\"async\" width=\"220\" height=\"110\" src=\"https:\/\/cannexus.ceric.ca\/wp-content\/uploads\/2022\/10\/EN-graphic-magnet-partner-1.png\" class=\"attachment-large size-large wp-image-16378\" alt=\"\" \/>\t\t\t\t\t\t\t\t<\/a>\n\t\t\t\t\t\t\t\t\t\t\t\t\t\t\t<\/div>\n\t\t\t\t<\/div>\n\t\t\t\t\t<\/div>\n\t\t<\/div>\n\t\t\t\t\t<\/div>\n\t\t<\/section>\n\t\t\t\t<\/div>\n\t\t","protected":false},"excerpt":{"rendered":"<p>Partager mon histoire Conf\u00e9rencier d&#8217;honneur : Chantal Petitclerc Le mardi 30 janvier, 2024, 12:30h &#8211; 13:30h HE Chaque ann\u00e9e, des centaines, voire des milliers de personnes ont la chance d\u2019assister \u00e0 l\u2019une des conf\u00e9rences de Chantal Petitclerc.\u202f\u00a0\u00a0 Chantal \u00e9voque les \u00e9tapes de sa vie, les circonstances qui l\u2019ont amen\u00e9e \u00e0 devenir athl\u00e8te en fauteuil roulant, [&hellip;]<\/p>\n","protected":false},"author":9,"featured_media":0,"parent":0,"menu_order":0,"comment_status":"closed","ping_status":"closed","template":"template\/full-width-template.php","meta":{"wp_social_preview_title":"","wp_social_preview_description":"","wp_social_preview_image":0,"footnotes":""},"class_list":["post-21678","page","type-page","status-publish","hentry"],"yoast_head":"<!-- This site is optimized with the Yoast SEO Premium plugin v26.0 (Yoast SEO v26.0) - https:\/\/yoast.com\/wordpress\/plugins\/seo\/ -->\n<title>Partager mon histoire - Cannexus27<\/title>\n<meta name=\"robots\" content=\"index, follow, max-snippet:-1, max-image-preview:large, max-video-preview:-1\" \/>\n<link rel=\"canonical\" href=\"https:\/\/cannexus.ceric.ca\/fr\/partager-mon-histoire\/\" \/>\n<meta property=\"og:locale\" content=\"fr_FR\" \/>\n<meta property=\"og:type\" content=\"article\" \/>\n<meta property=\"og:title\" content=\"Partager mon histoire\" \/>\n<meta property=\"og:description\" content=\"Partager mon histoire Conf\u00e9rencier d&#8217;honneur : Chantal Petitclerc Le mardi 30 janvier, 2024, 12:30h &#8211; 13:30h HE Chaque ann\u00e9e, des centaines, voire des milliers de personnes ont la chance d\u2019assister \u00e0 l\u2019une des conf\u00e9rences de Chantal Petitclerc.\u202f\u00a0\u00a0 Chantal \u00e9voque les \u00e9tapes de sa vie, les circonstances qui l\u2019ont amen\u00e9e \u00e0 devenir athl\u00e8te en fauteuil roulant, [&hellip;]\" \/>\n<meta property=\"og:url\" content=\"https:\/\/cannexus.ceric.ca\/fr\/partager-mon-histoire\/\" \/>\n<meta property=\"og:site_name\" content=\"Cannexus27\" \/>\n<meta property=\"article:modified_time\" content=\"2023-08-11T17:42:19+00:00\" \/>\n<meta property=\"og:image\" content=\"https:\/\/cannexus.ceric.ca\/wp-content\/uploads\/2022\/10\/EN-graphic-magnet-partner-1.png\" \/>\n<meta name=\"twitter:card\" content=\"summary_large_image\" \/>\n<meta name=\"twitter:label1\" content=\"Dur\u00e9e de lecture estim\u00e9e\" \/>\n\t<meta name=\"twitter:data1\" content=\"2 minutes\" \/>\n<script type=\"application\/ld+json\" class=\"yoast-schema-graph\">{\"@context\":\"https:\/\/schema.org\",\"@graph\":[{\"@type\":\"WebPage\",\"@id\":\"https:\/\/cannexus.ceric.ca\/fr\/partager-mon-histoire\/\",\"url\":\"https:\/\/cannexus.ceric.ca\/fr\/partager-mon-histoire\/\",\"name\":\"Partager mon histoire - Cannexus27\",\"isPartOf\":{\"@id\":\"https:\/\/cannexus.ceric.ca\/fr\/#website\"},\"primaryImageOfPage\":{\"@id\":\"https:\/\/cannexus.ceric.ca\/fr\/partager-mon-histoire\/#primaryimage\"},\"image\":{\"@id\":\"https:\/\/cannexus.ceric.ca\/fr\/partager-mon-histoire\/#primaryimage\"},\"thumbnailUrl\":\"https:\/\/cannexus.ceric.ca\/wp-content\/uploads\/2022\/10\/EN-graphic-magnet-partner-1.png\",\"datePublished\":\"2023-08-11T17:38:59+00:00\",\"dateModified\":\"2023-08-11T17:42:19+00:00\",\"breadcrumb\":{\"@id\":\"https:\/\/cannexus.ceric.ca\/fr\/partager-mon-histoire\/#breadcrumb\"},\"inLanguage\":\"fr-FR\",\"potentialAction\":[{\"@type\":\"ReadAction\",\"target\":[\"https:\/\/cannexus.ceric.ca\/fr\/partager-mon-histoire\/\"]}]},{\"@type\":\"ImageObject\",\"inLanguage\":\"fr-FR\",\"@id\":\"https:\/\/cannexus.ceric.ca\/fr\/partager-mon-histoire\/#primaryimage\",\"url\":\"https:\/\/cannexus.ceric.ca\/wp-content\/uploads\/2022\/10\/EN-graphic-magnet-partner-1.png\",\"contentUrl\":\"https:\/\/cannexus.ceric.ca\/wp-content\/uploads\/2022\/10\/EN-graphic-magnet-partner-1.png\"},{\"@type\":\"BreadcrumbList\",\"@id\":\"https:\/\/cannexus.ceric.ca\/fr\/partager-mon-histoire\/#breadcrumb\",\"itemListElement\":[{\"@type\":\"ListItem\",\"position\":1,\"name\":\"Home\",\"item\":\"https:\/\/cannexus.ceric.ca\/fr\/\"},{\"@type\":\"ListItem\",\"position\":2,\"name\":\"Partager mon histoire\"}]},{\"@type\":\"WebSite\",\"@id\":\"https:\/\/cannexus.ceric.ca\/fr\/#website\",\"url\":\"https:\/\/cannexus.ceric.ca\/fr\/\",\"name\":\"Cannexus26: Canada\u2019s Career Development Conference\",\"description\":\"Canada\u2019s Career Development Conference\",\"publisher\":{\"@id\":\"https:\/\/cannexus.ceric.ca\/fr\/#organization\"},\"alternateName\":\"Cannexus26\",\"potentialAction\":[{\"@type\":\"SearchAction\",\"target\":{\"@type\":\"EntryPoint\",\"urlTemplate\":\"https:\/\/cannexus.ceric.ca\/fr\/?s={search_term_string}\"},\"query-input\":{\"@type\":\"PropertyValueSpecification\",\"valueRequired\":true,\"valueName\":\"search_term_string\"}}],\"inLanguage\":\"fr-FR\"},{\"@type\":\"Organization\",\"@id\":\"https:\/\/cannexus.ceric.ca\/fr\/#organization\",\"name\":\"Cannexus26\",\"url\":\"https:\/\/cannexus.ceric.ca\/fr\/\",\"logo\":{\"@type\":\"ImageObject\",\"inLanguage\":\"fr-FR\",\"@id\":\"https:\/\/cannexus.ceric.ca\/fr\/#\/schema\/logo\/image\/\",\"url\":\"https:\/\/cannexus.ceric.ca\/wp-content\/uploads\/2025\/04\/CX-seal.png\",\"contentUrl\":\"https:\/\/cannexus.ceric.ca\/wp-content\/uploads\/2025\/04\/CX-seal.png\",\"width\":2000,\"height\":1574,\"caption\":\"Cannexus26\"},\"image\":{\"@id\":\"https:\/\/cannexus.ceric.ca\/fr\/#\/schema\/logo\/image\/\"}}]}<\/script>\n<!-- \/ Yoast SEO Premium plugin. -->","yoast_head_json":{"title":"Partager mon histoire - Cannexus27","robots":{"index":"index","follow":"follow","max-snippet":"max-snippet:-1","max-image-preview":"max-image-preview:large","max-video-preview":"max-video-preview:-1"},"canonical":"https:\/\/cannexus.ceric.ca\/fr\/partager-mon-histoire\/","og_locale":"fr_FR","og_type":"article","og_title":"Partager mon histoire","og_description":"Partager mon histoire Conf\u00e9rencier d&#8217;honneur : Chantal Petitclerc Le mardi 30 janvier, 2024, 12:30h &#8211; 13:30h HE Chaque ann\u00e9e, des centaines, voire des milliers de personnes ont la chance d\u2019assister \u00e0 l\u2019une des conf\u00e9rences de Chantal Petitclerc.\u202f\u00a0\u00a0 Chantal \u00e9voque les \u00e9tapes de sa vie, les circonstances qui l\u2019ont amen\u00e9e \u00e0 devenir athl\u00e8te en fauteuil roulant, [&hellip;]","og_url":"https:\/\/cannexus.ceric.ca\/fr\/partager-mon-histoire\/","og_site_name":"Cannexus27","article_modified_time":"2023-08-11T17:42:19+00:00","og_image":[{"url":"https:\/\/cannexus.ceric.ca\/wp-content\/uploads\/2022\/10\/EN-graphic-magnet-partner-1.png","type":"","width":"","height":""}],"twitter_card":"summary_large_image","twitter_misc":{"Dur\u00e9e de lecture estim\u00e9e":"2 minutes"},"schema":{"@context":"https:\/\/schema.org","@graph":[{"@type":"WebPage","@id":"https:\/\/cannexus.ceric.ca\/fr\/partager-mon-histoire\/","url":"https:\/\/cannexus.ceric.ca\/fr\/partager-mon-histoire\/","name":"Partager mon histoire - Cannexus27","isPartOf":{"@id":"https:\/\/cannexus.ceric.ca\/fr\/#website"},"primaryImageOfPage":{"@id":"https:\/\/cannexus.ceric.ca\/fr\/partager-mon-histoire\/#primaryimage"},"image":{"@id":"https:\/\/cannexus.ceric.ca\/fr\/partager-mon-histoire\/#primaryimage"},"thumbnailUrl":"https:\/\/cannexus.ceric.ca\/wp-content\/uploads\/2022\/10\/EN-graphic-magnet-partner-1.png","datePublished":"2023-08-11T17:38:59+00:00","dateModified":"2023-08-11T17:42:19+00:00","breadcrumb":{"@id":"https:\/\/cannexus.ceric.ca\/fr\/partager-mon-histoire\/#breadcrumb"},"inLanguage":"fr-FR","potentialAction":[{"@type":"ReadAction","target":["https:\/\/cannexus.ceric.ca\/fr\/partager-mon-histoire\/"]}]},{"@type":"ImageObject","inLanguage":"fr-FR","@id":"https:\/\/cannexus.ceric.ca\/fr\/partager-mon-histoire\/#primaryimage","url":"https:\/\/cannexus.ceric.ca\/wp-content\/uploads\/2022\/10\/EN-graphic-magnet-partner-1.png","contentUrl":"https:\/\/cannexus.ceric.ca\/wp-content\/uploads\/2022\/10\/EN-graphic-magnet-partner-1.png"},{"@type":"BreadcrumbList","@id":"https:\/\/cannexus.ceric.ca\/fr\/partager-mon-histoire\/#breadcrumb","itemListElement":[{"@type":"ListItem","position":1,"name":"Home","item":"https:\/\/cannexus.ceric.ca\/fr\/"},{"@type":"ListItem","position":2,"name":"Partager mon histoire"}]},{"@type":"WebSite","@id":"https:\/\/cannexus.ceric.ca\/fr\/#website","url":"https:\/\/cannexus.ceric.ca\/fr\/","name":"Cannexus26: Canada\u2019s Career Development Conference","description":"Canada\u2019s Career Development Conference","publisher":{"@id":"https:\/\/cannexus.ceric.ca\/fr\/#organization"},"alternateName":"Cannexus26","potentialAction":[{"@type":"SearchAction","target":{"@type":"EntryPoint","urlTemplate":"https:\/\/cannexus.ceric.ca\/fr\/?s={search_term_string}"},"query-input":{"@type":"PropertyValueSpecification","valueRequired":true,"valueName":"search_term_string"}}],"inLanguage":"fr-FR"},{"@type":"Organization","@id":"https:\/\/cannexus.ceric.ca\/fr\/#organization","name":"Cannexus26","url":"https:\/\/cannexus.ceric.ca\/fr\/","logo":{"@type":"ImageObject","inLanguage":"fr-FR","@id":"https:\/\/cannexus.ceric.ca\/fr\/#\/schema\/logo\/image\/","url":"https:\/\/cannexus.ceric.ca\/wp-content\/uploads\/2025\/04\/CX-seal.png","contentUrl":"https:\/\/cannexus.ceric.ca\/wp-content\/uploads\/2025\/04\/CX-seal.png","width":2000,"height":1574,"caption":"Cannexus26"},"image":{"@id":"https:\/\/cannexus.ceric.ca\/fr\/#\/schema\/logo\/image\/"}}]}},"_links":{"self":[{"href":"https:\/\/cannexus.ceric.ca\/fr\/wp-json\/wp\/v2\/pages\/21678","targetHints":{"allow":["GET"]}}],"collection":[{"href":"https:\/\/cannexus.ceric.ca\/fr\/wp-json\/wp\/v2\/pages"}],"about":[{"href":"https:\/\/cannexus.ceric.ca\/fr\/wp-json\/wp\/v2\/types\/page"}],"author":[{"embeddable":true,"href":"https:\/\/cannexus.ceric.ca\/fr\/wp-json\/wp\/v2\/users\/9"}],"replies":[{"embeddable":true,"href":"https:\/\/cannexus.ceric.ca\/fr\/wp-json\/wp\/v2\/comments?post=21678"}],"version-history":[{"count":0,"href":"https:\/\/cannexus.ceric.ca\/fr\/wp-json\/wp\/v2\/pages\/21678\/revisions"}],"wp:attachment":[{"href":"https:\/\/cannexus.ceric.ca\/fr\/wp-json\/wp\/v2\/media?parent=21678"}],"curies":[{"name":"wp","href":"https:\/\/api.w.org\/{rel}","templated":true}]}}