{"id":21658,"date":"2023-08-11T13:03:39","date_gmt":"2023-08-11T17:03:39","guid":{"rendered":"https:\/\/cannexus.ceric.ca\/?page_id=21658"},"modified":"2023-08-11T13:05:46","modified_gmt":"2023-08-11T17:05:46","slug":"le-nouveau-milieu-de-travail-guide-de-la-navigation-en-transformation-continue","status":"publish","type":"page","link":"https:\/\/cannexus.ceric.ca\/fr\/le-nouveau-milieu-de-travail-guide-de-la-navigation-en-transformation-continue\/","title":{"rendered":"Le nouveau milieu de travail : Guide de la navigation en transformation continue"},"content":{"rendered":"\t\t<div data-elementor-type=\"wp-page\" data-elementor-id=\"21658\" class=\"elementor elementor-21658 elementor-21650\" data-elementor-post-type=\"page\">\n\t\t\t\t\t\t<section class=\"elementor-section elementor-top-section elementor-element elementor-element-60f224f elementor-section-boxed elementor-section-height-default elementor-section-height-default\" data-id=\"60f224f\" data-element_type=\"section\" data-e-type=\"section\">\n\t\t\t\t\t\t<div class=\"elementor-container elementor-column-gap-default\">\n\t\t\t\t\t<div class=\"elementor-column elementor-col-100 elementor-top-column elementor-element elementor-element-493a3b8\" data-id=\"493a3b8\" data-element_type=\"column\" data-e-type=\"column\">\n\t\t\t<div class=\"elementor-widget-wrap elementor-element-populated\">\n\t\t\t\t\t\t<div class=\"elementor-element elementor-element-0b330c4 elementor-invisible elementor-widget elementor-widget-exhibz-title\" data-id=\"0b330c4\" data-element_type=\"widget\" data-e-type=\"widget\" data-settings=\"{&quot;_animation&quot;:&quot;fadeInUp&quot;,&quot;_animation_delay&quot;:350,&quot;ekit_we_effect_on&quot;:&quot;none&quot;}\" data-widget_type=\"exhibz-title.default\">\n\t\t\t\t<div class=\"elementor-widget-container\">\n\t\t\t\t\t\n    <div class=\"title-section-area\">\n        <h2 class=\"section-title\">\n            <span class=\"sub-title\">Le nouveau milieu de travail : Guide de la navigation en transformation continue<\/span>\n\t\t\tConf\u00e9rencier d'honneur : Hamza Khan\n<br>\nLe lundi 29 janvier, 2024, 13:00h \u2013 14:00h HE        <\/h2>\n\t\t\t\t\t<div class=\"title-desc\"><p><span class=\"TrackChangeTextInsertion TrackedChange SCXW10634472 BCX0\"><span class=\"TextRun SCXW10634472 BCX0\"><span class=\"NormalTextRun SCXW10634472 BCX0\">Volatilit\u00e9. Incertitude. La complexit\u00e9. Ambigu\u00eft\u00e9. Quatre mots qui ont d\u00e9fini nos vies au cours des derni\u00e8res ann\u00e9es. Aujourd\u2019hui, \u00e9mergeant du chaos, nous faisons face \u00e0 un autre d\u00e9fi : naviguer dans un avenir du travail qui se rapproche rapidement, un \u00ab nouvel anormal \u00bb toujours en mouvement, que caract\u00e9risent un travail hybride, une perturbation technologique persistante et des comportements et des attentes en constante \u00e9volution.\u202fLes organisations doivent r\u00e9duire aujourd\u2019hui leurs plans de cinq \u00e0 deux ans (ou moins) pour prosp\u00e9rer dans le monde en constante \u00e9volution de demain. \u00c0 une \u00e9poque o\u00f9 tout ce qui peut \u00eatre automatis\u00e9 le sera, il est imp\u00e9ratif que les gens changent avant qu\u2019il ne soit trop tard. Pour relever ce d\u00e9fi, les participants \u00e0 cette session dynamique doivent avoir une nouvelle approche audacieuse pour naviguer dans le changement constant; ils doivent s\u2019appuyer sur un ensemble de qualit\u00e9s humaines uniques \u2013 l\u2019\u00e9coute, la (v\u00e9ritable) r\u00e9silience et la cr\u00e9ativit\u00e9 \u2013 qui sont difficiles, voire impossibles, \u00e0 perturber. L\u2019avenir du travail appartient \u00e0 ceux qui peuvent changer avant que le changement ne s\u2019impose.<\/span><\/span><\/span><\/p><\/div>\n\t\t                    <\/div><!-- Section title -->\n    \n    \n\n    \t\t\t\t<\/div>\n\t\t\t\t<\/div>\n\t\t\t\t<div class=\"elementor-element elementor-element-8a7f525 elementor-hidden-desktop elementor-hidden-tablet elementor-hidden-mobile elementor-widget elementor-widget-image\" data-id=\"8a7f525\" data-element_type=\"widget\" data-e-type=\"widget\" data-settings=\"{&quot;ekit_we_effect_on&quot;:&quot;none&quot;}\" data-widget_type=\"image.default\">\n\t\t\t\t<div class=\"elementor-widget-container\">\n\t\t\t\t\t\t\t\t\t\t\t\t\t\t\t\t<a href=\"https:\/\/cannexus.ceric.ca\/partners\">\n\t\t\t\t\t\t\t<img decoding=\"async\" width=\"220\" height=\"110\" src=\"https:\/\/cannexus.ceric.ca\/wp-content\/uploads\/2022\/10\/EN-graphic-magnet-partner-1.png\" class=\"attachment-large size-large wp-image-16378\" alt=\"\" \/>\t\t\t\t\t\t\t\t<\/a>\n\t\t\t\t\t\t\t\t\t\t\t\t\t\t\t<\/div>\n\t\t\t\t<\/div>\n\t\t\t\t\t<\/div>\n\t\t<\/div>\n\t\t\t\t\t<\/div>\n\t\t<\/section>\n\t\t\t\t<\/div>\n\t\t","protected":false},"excerpt":{"rendered":"<p>Le nouveau milieu de travail : Guide de la navigation en transformation continue Conf\u00e9rencier d&#8217;honneur : Hamza Khan Le lundi 29 janvier, 2024, 13:00h \u2013 14:00h HE Volatilit\u00e9. Incertitude. La complexit\u00e9. Ambigu\u00eft\u00e9. Quatre mots qui ont d\u00e9fini nos vies au cours des derni\u00e8res ann\u00e9es. Aujourd\u2019hui, \u00e9mergeant du chaos, nous faisons face \u00e0 un autre d\u00e9fi [&hellip;]<\/p>\n","protected":false},"author":9,"featured_media":0,"parent":0,"menu_order":0,"comment_status":"closed","ping_status":"closed","template":"template\/full-width-template.php","meta":{"wp_social_preview_title":"","wp_social_preview_description":"","wp_social_preview_image":0,"footnotes":""},"class_list":["post-21658","page","type-page","status-publish","hentry"],"yoast_head":"<!-- This site is optimized with the Yoast SEO Premium plugin v26.0 (Yoast SEO v26.0) - https:\/\/yoast.com\/wordpress\/plugins\/seo\/ -->\n<title>Le nouveau milieu de travail : Guide de la navigation en transformation continue - Cannexus26<\/title>\n<meta name=\"robots\" content=\"index, follow, max-snippet:-1, max-image-preview:large, max-video-preview:-1\" \/>\n<link rel=\"canonical\" href=\"https:\/\/cannexus.ceric.ca\/fr\/le-nouveau-milieu-de-travail-guide-de-la-navigation-en-transformation-continue\/\" \/>\n<meta property=\"og:locale\" content=\"fr_FR\" \/>\n<meta property=\"og:type\" content=\"article\" \/>\n<meta property=\"og:title\" content=\"Le nouveau milieu de travail : Guide de la navigation en transformation continue\" \/>\n<meta property=\"og:description\" content=\"Le nouveau milieu de travail : Guide de la navigation en transformation continue Conf\u00e9rencier d&#8217;honneur : Hamza Khan Le lundi 29 janvier, 2024, 13:00h \u2013 14:00h HE Volatilit\u00e9. Incertitude. La complexit\u00e9. Ambigu\u00eft\u00e9. Quatre mots qui ont d\u00e9fini nos vies au cours des derni\u00e8res ann\u00e9es. Aujourd\u2019hui, \u00e9mergeant du chaos, nous faisons face \u00e0 un autre d\u00e9fi [&hellip;]\" \/>\n<meta property=\"og:url\" content=\"https:\/\/cannexus.ceric.ca\/fr\/le-nouveau-milieu-de-travail-guide-de-la-navigation-en-transformation-continue\/\" \/>\n<meta property=\"og:site_name\" content=\"Cannexus26\" \/>\n<meta property=\"article:modified_time\" content=\"2023-08-11T17:05:46+00:00\" \/>\n<meta property=\"og:image\" content=\"https:\/\/cannexus.ceric.ca\/wp-content\/uploads\/2022\/10\/EN-graphic-magnet-partner-1.png\" \/>\n<meta name=\"twitter:card\" content=\"summary_large_image\" \/>\n<meta name=\"twitter:label1\" content=\"Dur\u00e9e de lecture estim\u00e9e\" \/>\n\t<meta name=\"twitter:data1\" content=\"2 minutes\" \/>\n<script type=\"application\/ld+json\" class=\"yoast-schema-graph\">{\"@context\":\"https:\/\/schema.org\",\"@graph\":[{\"@type\":\"WebPage\",\"@id\":\"https:\/\/cannexus.ceric.ca\/fr\/le-nouveau-milieu-de-travail-guide-de-la-navigation-en-transformation-continue\/\",\"url\":\"https:\/\/cannexus.ceric.ca\/fr\/le-nouveau-milieu-de-travail-guide-de-la-navigation-en-transformation-continue\/\",\"name\":\"Le nouveau milieu de travail : Guide de la navigation en transformation continue - Cannexus26\",\"isPartOf\":{\"@id\":\"https:\/\/cannexus.ceric.ca\/fr\/#website\"},\"primaryImageOfPage\":{\"@id\":\"https:\/\/cannexus.ceric.ca\/fr\/le-nouveau-milieu-de-travail-guide-de-la-navigation-en-transformation-continue\/#primaryimage\"},\"image\":{\"@id\":\"https:\/\/cannexus.ceric.ca\/fr\/le-nouveau-milieu-de-travail-guide-de-la-navigation-en-transformation-continue\/#primaryimage\"},\"thumbnailUrl\":\"https:\/\/cannexus.ceric.ca\/wp-content\/uploads\/2022\/10\/EN-graphic-magnet-partner-1.png\",\"datePublished\":\"2023-08-11T17:03:39+00:00\",\"dateModified\":\"2023-08-11T17:05:46+00:00\",\"breadcrumb\":{\"@id\":\"https:\/\/cannexus.ceric.ca\/fr\/le-nouveau-milieu-de-travail-guide-de-la-navigation-en-transformation-continue\/#breadcrumb\"},\"inLanguage\":\"fr-FR\",\"potentialAction\":[{\"@type\":\"ReadAction\",\"target\":[\"https:\/\/cannexus.ceric.ca\/fr\/le-nouveau-milieu-de-travail-guide-de-la-navigation-en-transformation-continue\/\"]}]},{\"@type\":\"ImageObject\",\"inLanguage\":\"fr-FR\",\"@id\":\"https:\/\/cannexus.ceric.ca\/fr\/le-nouveau-milieu-de-travail-guide-de-la-navigation-en-transformation-continue\/#primaryimage\",\"url\":\"https:\/\/cannexus.ceric.ca\/wp-content\/uploads\/2022\/10\/EN-graphic-magnet-partner-1.png\",\"contentUrl\":\"https:\/\/cannexus.ceric.ca\/wp-content\/uploads\/2022\/10\/EN-graphic-magnet-partner-1.png\"},{\"@type\":\"BreadcrumbList\",\"@id\":\"https:\/\/cannexus.ceric.ca\/fr\/le-nouveau-milieu-de-travail-guide-de-la-navigation-en-transformation-continue\/#breadcrumb\",\"itemListElement\":[{\"@type\":\"ListItem\",\"position\":1,\"name\":\"Home\",\"item\":\"https:\/\/cannexus.ceric.ca\/fr\/\"},{\"@type\":\"ListItem\",\"position\":2,\"name\":\"Le nouveau milieu de travail : Guide de la navigation en transformation continue\"}]},{\"@type\":\"WebSite\",\"@id\":\"https:\/\/cannexus.ceric.ca\/fr\/#website\",\"url\":\"https:\/\/cannexus.ceric.ca\/fr\/\",\"name\":\"Cannexus26: Canada\u2019s Career Development Conference\",\"description\":\"Canada\u2019s Career Development Conference\",\"publisher\":{\"@id\":\"https:\/\/cannexus.ceric.ca\/fr\/#organization\"},\"alternateName\":\"Cannexus26\",\"potentialAction\":[{\"@type\":\"SearchAction\",\"target\":{\"@type\":\"EntryPoint\",\"urlTemplate\":\"https:\/\/cannexus.ceric.ca\/fr\/?s={search_term_string}\"},\"query-input\":{\"@type\":\"PropertyValueSpecification\",\"valueRequired\":true,\"valueName\":\"search_term_string\"}}],\"inLanguage\":\"fr-FR\"},{\"@type\":\"Organization\",\"@id\":\"https:\/\/cannexus.ceric.ca\/fr\/#organization\",\"name\":\"Cannexus26\",\"url\":\"https:\/\/cannexus.ceric.ca\/fr\/\",\"logo\":{\"@type\":\"ImageObject\",\"inLanguage\":\"fr-FR\",\"@id\":\"https:\/\/cannexus.ceric.ca\/fr\/#\/schema\/logo\/image\/\",\"url\":\"https:\/\/cannexus.ceric.ca\/wp-content\/uploads\/2025\/04\/CX-seal.png\",\"contentUrl\":\"https:\/\/cannexus.ceric.ca\/wp-content\/uploads\/2025\/04\/CX-seal.png\",\"width\":2000,\"height\":1574,\"caption\":\"Cannexus26\"},\"image\":{\"@id\":\"https:\/\/cannexus.ceric.ca\/fr\/#\/schema\/logo\/image\/\"}}]}<\/script>\n<!-- \/ Yoast SEO Premium plugin. -->","yoast_head_json":{"title":"Le nouveau milieu de travail : Guide de la navigation en transformation continue - Cannexus26","robots":{"index":"index","follow":"follow","max-snippet":"max-snippet:-1","max-image-preview":"max-image-preview:large","max-video-preview":"max-video-preview:-1"},"canonical":"https:\/\/cannexus.ceric.ca\/fr\/le-nouveau-milieu-de-travail-guide-de-la-navigation-en-transformation-continue\/","og_locale":"fr_FR","og_type":"article","og_title":"Le nouveau milieu de travail : Guide de la navigation en transformation continue","og_description":"Le nouveau milieu de travail : Guide de la navigation en transformation continue Conf\u00e9rencier d&#8217;honneur : Hamza Khan Le lundi 29 janvier, 2024, 13:00h \u2013 14:00h HE Volatilit\u00e9. Incertitude. La complexit\u00e9. Ambigu\u00eft\u00e9. Quatre mots qui ont d\u00e9fini nos vies au cours des derni\u00e8res ann\u00e9es. Aujourd\u2019hui, \u00e9mergeant du chaos, nous faisons face \u00e0 un autre d\u00e9fi [&hellip;]","og_url":"https:\/\/cannexus.ceric.ca\/fr\/le-nouveau-milieu-de-travail-guide-de-la-navigation-en-transformation-continue\/","og_site_name":"Cannexus26","article_modified_time":"2023-08-11T17:05:46+00:00","og_image":[{"url":"https:\/\/cannexus.ceric.ca\/wp-content\/uploads\/2022\/10\/EN-graphic-magnet-partner-1.png","type":"","width":"","height":""}],"twitter_card":"summary_large_image","twitter_misc":{"Dur\u00e9e de lecture estim\u00e9e":"2 minutes"},"schema":{"@context":"https:\/\/schema.org","@graph":[{"@type":"WebPage","@id":"https:\/\/cannexus.ceric.ca\/fr\/le-nouveau-milieu-de-travail-guide-de-la-navigation-en-transformation-continue\/","url":"https:\/\/cannexus.ceric.ca\/fr\/le-nouveau-milieu-de-travail-guide-de-la-navigation-en-transformation-continue\/","name":"Le nouveau milieu de travail : Guide de la navigation en transformation continue - Cannexus26","isPartOf":{"@id":"https:\/\/cannexus.ceric.ca\/fr\/#website"},"primaryImageOfPage":{"@id":"https:\/\/cannexus.ceric.ca\/fr\/le-nouveau-milieu-de-travail-guide-de-la-navigation-en-transformation-continue\/#primaryimage"},"image":{"@id":"https:\/\/cannexus.ceric.ca\/fr\/le-nouveau-milieu-de-travail-guide-de-la-navigation-en-transformation-continue\/#primaryimage"},"thumbnailUrl":"https:\/\/cannexus.ceric.ca\/wp-content\/uploads\/2022\/10\/EN-graphic-magnet-partner-1.png","datePublished":"2023-08-11T17:03:39+00:00","dateModified":"2023-08-11T17:05:46+00:00","breadcrumb":{"@id":"https:\/\/cannexus.ceric.ca\/fr\/le-nouveau-milieu-de-travail-guide-de-la-navigation-en-transformation-continue\/#breadcrumb"},"inLanguage":"fr-FR","potentialAction":[{"@type":"ReadAction","target":["https:\/\/cannexus.ceric.ca\/fr\/le-nouveau-milieu-de-travail-guide-de-la-navigation-en-transformation-continue\/"]}]},{"@type":"ImageObject","inLanguage":"fr-FR","@id":"https:\/\/cannexus.ceric.ca\/fr\/le-nouveau-milieu-de-travail-guide-de-la-navigation-en-transformation-continue\/#primaryimage","url":"https:\/\/cannexus.ceric.ca\/wp-content\/uploads\/2022\/10\/EN-graphic-magnet-partner-1.png","contentUrl":"https:\/\/cannexus.ceric.ca\/wp-content\/uploads\/2022\/10\/EN-graphic-magnet-partner-1.png"},{"@type":"BreadcrumbList","@id":"https:\/\/cannexus.ceric.ca\/fr\/le-nouveau-milieu-de-travail-guide-de-la-navigation-en-transformation-continue\/#breadcrumb","itemListElement":[{"@type":"ListItem","position":1,"name":"Home","item":"https:\/\/cannexus.ceric.ca\/fr\/"},{"@type":"ListItem","position":2,"name":"Le nouveau milieu de travail : Guide de la navigation en transformation continue"}]},{"@type":"WebSite","@id":"https:\/\/cannexus.ceric.ca\/fr\/#website","url":"https:\/\/cannexus.ceric.ca\/fr\/","name":"Cannexus26: Canada\u2019s Career Development Conference","description":"Canada\u2019s Career Development Conference","publisher":{"@id":"https:\/\/cannexus.ceric.ca\/fr\/#organization"},"alternateName":"Cannexus26","potentialAction":[{"@type":"SearchAction","target":{"@type":"EntryPoint","urlTemplate":"https:\/\/cannexus.ceric.ca\/fr\/?s={search_term_string}"},"query-input":{"@type":"PropertyValueSpecification","valueRequired":true,"valueName":"search_term_string"}}],"inLanguage":"fr-FR"},{"@type":"Organization","@id":"https:\/\/cannexus.ceric.ca\/fr\/#organization","name":"Cannexus26","url":"https:\/\/cannexus.ceric.ca\/fr\/","logo":{"@type":"ImageObject","inLanguage":"fr-FR","@id":"https:\/\/cannexus.ceric.ca\/fr\/#\/schema\/logo\/image\/","url":"https:\/\/cannexus.ceric.ca\/wp-content\/uploads\/2025\/04\/CX-seal.png","contentUrl":"https:\/\/cannexus.ceric.ca\/wp-content\/uploads\/2025\/04\/CX-seal.png","width":2000,"height":1574,"caption":"Cannexus26"},"image":{"@id":"https:\/\/cannexus.ceric.ca\/fr\/#\/schema\/logo\/image\/"}}]}},"_links":{"self":[{"href":"https:\/\/cannexus.ceric.ca\/fr\/wp-json\/wp\/v2\/pages\/21658","targetHints":{"allow":["GET"]}}],"collection":[{"href":"https:\/\/cannexus.ceric.ca\/fr\/wp-json\/wp\/v2\/pages"}],"about":[{"href":"https:\/\/cannexus.ceric.ca\/fr\/wp-json\/wp\/v2\/types\/page"}],"author":[{"embeddable":true,"href":"https:\/\/cannexus.ceric.ca\/fr\/wp-json\/wp\/v2\/users\/9"}],"replies":[{"embeddable":true,"href":"https:\/\/cannexus.ceric.ca\/fr\/wp-json\/wp\/v2\/comments?post=21658"}],"version-history":[{"count":0,"href":"https:\/\/cannexus.ceric.ca\/fr\/wp-json\/wp\/v2\/pages\/21658\/revisions"}],"wp:attachment":[{"href":"https:\/\/cannexus.ceric.ca\/fr\/wp-json\/wp\/v2\/media?parent=21658"}],"curies":[{"name":"wp","href":"https:\/\/api.w.org\/{rel}","templated":true}]}}