{"id":17549,"date":"2022-12-08T13:09:21","date_gmt":"2022-12-08T18:09:21","guid":{"rendered":"https:\/\/cannexus.ceric.ca\/?page_id=17549"},"modified":"2022-12-08T13:59:43","modified_gmt":"2022-12-08T18:59:43","slug":"cannexus-en-francaiscx20","status":"publish","type":"page","link":"https:\/\/cannexus.ceric.ca\/fr\/cannexus-en-francaiscx20\/","title":{"rendered":"Cannexus en fran\u00e7ais"},"content":{"rendered":"\t\t<div data-elementor-type=\"wp-page\" data-elementor-id=\"17549\" class=\"elementor elementor-17549\" data-elementor-post-type=\"page\">\n\t\t\t\t\t\t<section class=\"elementor-section elementor-top-section elementor-element elementor-element-7b92eb4 elementor-section-boxed elementor-section-height-default elementor-section-height-default\" data-id=\"7b92eb4\" data-element_type=\"section\" data-e-type=\"section\">\n\t\t\t\t\t\t<div class=\"elementor-container elementor-column-gap-default\">\n\t\t\t\t\t<div class=\"elementor-column elementor-col-100 elementor-top-column elementor-element elementor-element-58c23b7\" data-id=\"58c23b7\" data-element_type=\"column\" data-e-type=\"column\">\n\t\t\t<div class=\"elementor-widget-wrap elementor-element-populated\">\n\t\t\t\t\t\t<div class=\"elementor-element elementor-element-9bd3d93 elementor-invisible elementor-widget elementor-widget-exhibz-title\" data-id=\"9bd3d93\" data-element_type=\"widget\" data-e-type=\"widget\" data-settings=\"{&quot;_animation&quot;:&quot;fadeInUp&quot;,&quot;_animation_delay&quot;:350,&quot;ekit_we_effect_on&quot;:&quot;none&quot;}\" data-widget_type=\"exhibz-title.default\">\n\t\t\t\t<div class=\"elementor-widget-container\">\n\t\t\t\t\t\n    <div class=\"title-section-area\">\n        <h2 class=\"section-title\">\n            <span class=\"sub-title\">Cannexus en fran\u00e7ais<\/span>\n\t\t\t        <\/h2>\n\t\t                    <\/div><!-- Section title -->\n    \n    \n\n    \t\t\t\t<\/div>\n\t\t\t\t<\/div>\n\t\t\t\t\t<\/div>\n\t\t<\/div>\n\t\t\t\t\t<\/div>\n\t\t<\/section>\n\t\t\t\t<section class=\"elementor-section elementor-top-section elementor-element elementor-element-4e9ad98 elementor-section-boxed elementor-section-height-default elementor-section-height-default\" data-id=\"4e9ad98\" data-element_type=\"section\" data-e-type=\"section\">\n\t\t\t\t\t\t<div class=\"elementor-container elementor-column-gap-default\">\n\t\t\t\t\t<div class=\"elementor-column elementor-col-100 elementor-top-column elementor-element elementor-element-1852179\" data-id=\"1852179\" data-element_type=\"column\" data-e-type=\"column\">\n\t\t\t<div class=\"elementor-widget-wrap elementor-element-populated\">\n\t\t\t\t\t\t<div class=\"elementor-element elementor-element-ac8aa6a elementor-widget elementor-widget-heading\" data-id=\"ac8aa6a\" data-element_type=\"widget\" data-e-type=\"widget\" data-settings=\"{&quot;ekit_we_effect_on&quot;:&quot;none&quot;}\" data-widget_type=\"heading.default\">\n\t\t\t\t<div class=\"elementor-widget-container\">\n\t\t\t\t\t<h3 class=\"elementor-heading-title elementor-size-default\">Comment Cannexus se d\u00e9marque-t-il des autres congr\u00e8s organis\u00e9s pour les professionnels du d\u00e9veloppement de carri\u00e8re au Qu\u00e9bec?<\/h3>\t\t\t\t<\/div>\n\t\t\t\t<\/div>\n\t\t\t\t<div class=\"elementor-element elementor-element-e235576 elementor-widget elementor-widget-text-editor\" data-id=\"e235576\" data-element_type=\"widget\" data-e-type=\"widget\" data-settings=\"{&quot;ekit_we_effect_on&quot;:&quot;none&quot;}\" data-widget_type=\"text-editor.default\">\n\t\t\t\t<div class=\"elementor-widget-container\">\n\t\t\t\t\t\t\t\t\t<p>L\u2019avantage ind\u00e9niable de Cannexus, et particuli\u00e8rement pour les Qu\u00e9b\u00e9cois, est l\u2019acc\u00e8s \u00e0\u00a0<strong>un r\u00e9seau pancanadien et international<\/strong>\u00a0et la possibilit\u00e9 d\u2019en apprendre davantage sur le\u00a0<strong>domaine du d\u00e9veloppement de carri\u00e8re \u00e0 l\u2019ext\u00e9rieur du Qu\u00e9bec<\/strong>. En effet, la pratique en orientation professionnelle et en d\u00e9veloppement de carri\u00e8re \u00e9volue diff\u00e9remment au Qu\u00e9bec que dans les autres provinces canadiennes, \u00e0 cause, entre autres, de la barri\u00e8re linguistique, de la culture et des profondes diff\u00e9rences en termes de r\u00e9glementation de la profession. Ainsi, le d\u00e9veloppement de carri\u00e8re pr\u00e9sente un visage fort diff\u00e9rent d\u2019une province \u00e0 l\u2019autre. Lors des \u00e9v\u00e9nements similaires au Qu\u00e9bec, il peut \u00eatre difficile d\u2019avoir acc\u00e8s aux meilleures pratiques ou programmes innovateurs qui sont mis en place dans le reste du pays. De m\u00eame, \u00e0 Cannexus vous serez assur\u00e9s de rencontrer des conf\u00e9renciers que vous n\u2019avez pas encore entendus!<\/p><p>Les d\u00e9l\u00e9gu\u00e9s Qu\u00e9b\u00e9cois des ann\u00e9es pass\u00e9es ont soulign\u00e9 \u00e0 quel point il fut enrichissant sur les plans personnel et professionnel d\u2019\u00e9tendre leur r\u00e9seau de contacts \u00e0 l\u2019\u00e9chelle du pays.<\/p>\t\t\t\t\t\t\t\t<\/div>\n\t\t\t\t<\/div>\n\t\t\t\t\t<\/div>\n\t\t<\/div>\n\t\t\t\t\t<\/div>\n\t\t<\/section>\n\t\t\t\t<section class=\"elementor-section elementor-top-section elementor-element elementor-element-4eee59c elementor-section-boxed elementor-section-height-default elementor-section-height-default\" data-id=\"4eee59c\" data-element_type=\"section\" data-e-type=\"section\">\n\t\t\t\t\t\t<div class=\"elementor-container elementor-column-gap-default\">\n\t\t\t\t\t<div class=\"elementor-column elementor-col-100 elementor-top-column elementor-element elementor-element-5a1653b\" data-id=\"5a1653b\" data-element_type=\"column\" data-e-type=\"column\">\n\t\t\t<div class=\"elementor-widget-wrap elementor-element-populated\">\n\t\t\t\t\t\t<div class=\"elementor-element elementor-element-1de9701 elementor-widget elementor-widget-heading\" data-id=\"1de9701\" data-element_type=\"widget\" data-e-type=\"widget\" data-settings=\"{&quot;ekit_we_effect_on&quot;:&quot;none&quot;}\" data-widget_type=\"heading.default\">\n\t\t\t\t<div class=\"elementor-widget-container\">\n\t\t\t\t\t<h3 class=\"elementor-heading-title elementor-size-default\">Quels sont les avantages de Cannexus pour les francophones hors-Qu\u00e9bec?<\/h3>\t\t\t\t<\/div>\n\t\t\t\t<\/div>\n\t\t\t\t<div class=\"elementor-element elementor-element-e67b6f4 elementor-widget elementor-widget-text-editor\" data-id=\"e67b6f4\" data-element_type=\"widget\" data-e-type=\"widget\" data-settings=\"{&quot;ekit_we_effect_on&quot;:&quot;none&quot;}\" data-widget_type=\"text-editor.default\">\n\t\t\t\t<div class=\"elementor-widget-container\">\n\t\t\t\t\t\t\t\t\t<p>Les francophones hors-Qu\u00e9bec sont souvent consid\u00e9r\u00e9s comme \u00e9tant doublement minoritaires. Trouver des ressources en fran\u00e7ais pour leurs clients, ou m\u00eame pour leur propre d\u00e9veloppement, peut \u00eatre un d\u00e9fi pour les professionnels en d\u00e9veloppement de carri\u00e8re.<\/p><p>Les exposants et diverses s\u00e9ances de formation lors du congr\u00e8s peuvent vous venir en aide lorsqu\u2019il s\u2019agit de vous procurer des<strong>\u00a0ressources en fran\u00e7ais pour vos clients<\/strong>\u00a0et qui ne sont pas exclusives au syst\u00e8me qu\u00e9b\u00e9cois. Cannexus offre \u00e9galement aux d\u00e9l\u00e9gu\u00e9s francophones hors-Qu\u00e9bec l\u2019acc\u00e8s \u00e0 des\u00a0<strong>occasions de d\u00e9veloppement professionnel en fran\u00e7ais<\/strong>, ce qui peut \u00eatre plus difficile \u00e0 obtenir pour cette minorit\u00e9 linguistique.<\/p><p>La possibilit\u00e9 de cr\u00e9er des liens avec d\u2019autres professionnels du d\u00e9veloppement de carri\u00e8re francophones \u00e0 l\u2019\u00e9chelle du pays est \u00e9galement une bonne fa\u00e7on de\u00a0<strong>briser l\u2019isolement<\/strong>\u00a0et de promouvoir l\u2019\u00e9change d\u2019id\u00e9es et de ressources entre francophones. Pour les professionnels qu\u00e9b\u00e9cois, il peut \u00eatre enrichissant de cr\u00e9er des liens avec les francophones hors-Qu\u00e9bec pour en apprendre davantage sur leur perspective unique.<\/p>\t\t\t\t\t\t\t\t<\/div>\n\t\t\t\t<\/div>\n\t\t\t\t\t<\/div>\n\t\t<\/div>\n\t\t\t\t\t<\/div>\n\t\t<\/section>\n\t\t\t\t<section class=\"elementor-section elementor-top-section elementor-element elementor-element-deac6db elementor-section-boxed elementor-section-height-default elementor-section-height-default\" data-id=\"deac6db\" data-element_type=\"section\" data-e-type=\"section\">\n\t\t\t\t\t\t<div class=\"elementor-container elementor-column-gap-default\">\n\t\t\t\t\t<div class=\"elementor-column elementor-col-100 elementor-top-column elementor-element elementor-element-61cef2b\" data-id=\"61cef2b\" data-element_type=\"column\" data-e-type=\"column\">\n\t\t\t<div class=\"elementor-widget-wrap elementor-element-populated\">\n\t\t\t\t\t\t<div class=\"elementor-element elementor-element-c12076f elementor-widget elementor-widget-heading\" data-id=\"c12076f\" data-element_type=\"widget\" data-e-type=\"widget\" data-settings=\"{&quot;ekit_we_effect_on&quot;:&quot;none&quot;}\" data-widget_type=\"heading.default\">\n\t\t\t\t<div class=\"elementor-widget-container\">\n\t\t\t\t\t<h3 class=\"elementor-heading-title elementor-size-default\">Est-il n\u00e9cessaire de parler anglais pour participer \u00e0 Cannexus?<\/h3>\t\t\t\t<\/div>\n\t\t\t\t<\/div>\n\t\t\t\t<div class=\"elementor-element elementor-element-6049558 elementor-widget elementor-widget-text-editor\" data-id=\"6049558\" data-element_type=\"widget\" data-e-type=\"widget\" data-settings=\"{&quot;ekit_we_effect_on&quot;:&quot;none&quot;}\" data-widget_type=\"text-editor.default\">\n\t\t\t\t<div class=\"elementor-widget-container\">\n\t\t\t\t\t\t\t\t\t<p>Bien que la majorit\u00e9 des d\u00e9l\u00e9gu\u00e9s \u00e0 Cannexus soient anglophones ou bilingues,\u00a0<strong>il n\u2019est pas n\u00e9cessaire de parler anglais pour assister au congr\u00e8s<\/strong>. Chaque bloc de s\u00e9ances de formation contiendra au moins une s\u00e9ance en fran\u00e7ais ou avec traduction simultan\u00e9e. De plus, les allocutions des conf\u00e9renciers d\u2019honneur et les sessions en salle pleni\u00e8re seront toutes disponibles avec la traduction simultan\u00e9e. Enfin, Cannexus pr\u00e9sentera un \u00e9v\u00e9nement de r\u00e9seautage sp\u00e9cial pour francophones durant notre congr\u00e8s vous permettant de vous connecter avec d\u2019autres d\u00e9l\u00e9gu\u00e9s francophones d\u2019\u00e0 travers le pays.<\/p>\t\t\t\t\t\t\t\t<\/div>\n\t\t\t\t<\/div>\n\t\t\t\t\t<\/div>\n\t\t<\/div>\n\t\t\t\t\t<\/div>\n\t\t<\/section>\n\t\t\t\t<section class=\"elementor-section elementor-top-section elementor-element elementor-element-318c96c elementor-section-boxed elementor-section-height-default elementor-section-height-default\" data-id=\"318c96c\" data-element_type=\"section\" data-e-type=\"section\">\n\t\t\t\t\t\t<div class=\"elementor-container elementor-column-gap-default\">\n\t\t\t\t\t<div class=\"elementor-column elementor-col-50 elementor-top-column elementor-element elementor-element-cca1a13\" data-id=\"cca1a13\" data-element_type=\"column\" data-e-type=\"column\">\n\t\t\t<div class=\"elementor-widget-wrap\">\n\t\t\t\t\t\t\t<\/div>\n\t\t<\/div>\n\t\t\t\t<div class=\"elementor-column elementor-col-50 elementor-top-column elementor-element elementor-element-669bf93\" data-id=\"669bf93\" data-element_type=\"column\" data-e-type=\"column\">\n\t\t\t<div class=\"elementor-widget-wrap\">\n\t\t\t\t\t\t\t<\/div>\n\t\t<\/div>\n\t\t\t\t\t<\/div>\n\t\t<\/section>\n\t\t\t\t<\/div>\n\t\t","protected":false},"excerpt":{"rendered":"<p>Cannexus en fran\u00e7ais Comment Cannexus se d\u00e9marque-t-il des autres congr\u00e8s organis\u00e9s pour les professionnels du d\u00e9veloppement de carri\u00e8re au Qu\u00e9bec? L\u2019avantage ind\u00e9niable de Cannexus, et particuli\u00e8rement pour les Qu\u00e9b\u00e9cois, est l\u2019acc\u00e8s \u00e0\u00a0un r\u00e9seau pancanadien et international\u00a0et la possibilit\u00e9 d\u2019en apprendre davantage sur le\u00a0domaine du d\u00e9veloppement de carri\u00e8re \u00e0 l\u2019ext\u00e9rieur du Qu\u00e9bec. En effet, la pratique [&hellip;]<\/p>\n","protected":false},"author":1,"featured_media":0,"parent":0,"menu_order":0,"comment_status":"closed","ping_status":"closed","template":"template\/full-width-template.php","meta":{"wp_social_preview_title":"","wp_social_preview_description":"","wp_social_preview_image":0,"footnotes":""},"class_list":["post-17549","page","type-page","status-publish","hentry"],"yoast_head":"<!-- This site is optimized with the Yoast SEO Premium plugin v26.0 (Yoast SEO v26.0) - https:\/\/yoast.com\/wordpress\/plugins\/seo\/ -->\n<title>Cannexus en fran\u00e7ais - Cannexus27<\/title>\n<meta name=\"robots\" content=\"index, follow, max-snippet:-1, max-image-preview:large, max-video-preview:-1\" \/>\n<link rel=\"canonical\" href=\"https:\/\/cannexus.ceric.ca\/fr\/cannexus-en-francaiscx20\/\" \/>\n<meta property=\"og:locale\" content=\"fr_FR\" \/>\n<meta property=\"og:type\" content=\"article\" \/>\n<meta property=\"og:title\" content=\"Cannexus en fran\u00e7ais\" \/>\n<meta property=\"og:description\" content=\"Cannexus en fran\u00e7ais Comment Cannexus se d\u00e9marque-t-il des autres congr\u00e8s organis\u00e9s pour les professionnels du d\u00e9veloppement de carri\u00e8re au Qu\u00e9bec? L\u2019avantage ind\u00e9niable de Cannexus, et particuli\u00e8rement pour les Qu\u00e9b\u00e9cois, est l\u2019acc\u00e8s \u00e0\u00a0un r\u00e9seau pancanadien et international\u00a0et la possibilit\u00e9 d\u2019en apprendre davantage sur le\u00a0domaine du d\u00e9veloppement de carri\u00e8re \u00e0 l\u2019ext\u00e9rieur du Qu\u00e9bec. En effet, la pratique [&hellip;]\" \/>\n<meta property=\"og:url\" content=\"https:\/\/cannexus.ceric.ca\/fr\/cannexus-en-francaiscx20\/\" \/>\n<meta property=\"og:site_name\" content=\"Cannexus27\" \/>\n<meta property=\"article:modified_time\" content=\"2022-12-08T18:59:43+00:00\" \/>\n<meta property=\"og:image\" content=\"https:\/\/cannexus.ceric.ca\/wp-content\/uploads\/2024\/04\/CX25-v1-5.png\" \/>\n\t<meta property=\"og:image:width\" content=\"1200\" \/>\n\t<meta property=\"og:image:height\" content=\"300\" \/>\n\t<meta property=\"og:image:type\" content=\"image\/png\" \/>\n<meta name=\"twitter:card\" content=\"summary_large_image\" \/>\n<meta name=\"twitter:label1\" content=\"Dur\u00e9e de lecture estim\u00e9e\" \/>\n\t<meta name=\"twitter:data1\" content=\"3 minutes\" \/>\n<script type=\"application\/ld+json\" class=\"yoast-schema-graph\">{\"@context\":\"https:\/\/schema.org\",\"@graph\":[{\"@type\":\"WebPage\",\"@id\":\"https:\/\/cannexus.ceric.ca\/fr\/cannexus-en-francaiscx20\/\",\"url\":\"https:\/\/cannexus.ceric.ca\/fr\/cannexus-en-francaiscx20\/\",\"name\":\"Cannexus en fran\u00e7ais - Cannexus27\",\"isPartOf\":{\"@id\":\"https:\/\/cannexus.ceric.ca\/fr\/#website\"},\"datePublished\":\"2022-12-08T18:09:21+00:00\",\"dateModified\":\"2022-12-08T18:59:43+00:00\",\"breadcrumb\":{\"@id\":\"https:\/\/cannexus.ceric.ca\/fr\/cannexus-en-francaiscx20\/#breadcrumb\"},\"inLanguage\":\"fr-FR\",\"potentialAction\":[{\"@type\":\"ReadAction\",\"target\":[\"https:\/\/cannexus.ceric.ca\/fr\/cannexus-en-francaiscx20\/\"]}]},{\"@type\":\"BreadcrumbList\",\"@id\":\"https:\/\/cannexus.ceric.ca\/fr\/cannexus-en-francaiscx20\/#breadcrumb\",\"itemListElement\":[{\"@type\":\"ListItem\",\"position\":1,\"name\":\"Home\",\"item\":\"https:\/\/cannexus.ceric.ca\/fr\/\"},{\"@type\":\"ListItem\",\"position\":2,\"name\":\"Cannexus en fran\u00e7ais\"}]},{\"@type\":\"WebSite\",\"@id\":\"https:\/\/cannexus.ceric.ca\/fr\/#website\",\"url\":\"https:\/\/cannexus.ceric.ca\/fr\/\",\"name\":\"Cannexus26: Canada\u2019s Career Development Conference\",\"description\":\"Canada\u2019s Career Development Conference\",\"publisher\":{\"@id\":\"https:\/\/cannexus.ceric.ca\/fr\/#organization\"},\"alternateName\":\"Cannexus26\",\"potentialAction\":[{\"@type\":\"SearchAction\",\"target\":{\"@type\":\"EntryPoint\",\"urlTemplate\":\"https:\/\/cannexus.ceric.ca\/fr\/?s={search_term_string}\"},\"query-input\":{\"@type\":\"PropertyValueSpecification\",\"valueRequired\":true,\"valueName\":\"search_term_string\"}}],\"inLanguage\":\"fr-FR\"},{\"@type\":\"Organization\",\"@id\":\"https:\/\/cannexus.ceric.ca\/fr\/#organization\",\"name\":\"Cannexus26\",\"url\":\"https:\/\/cannexus.ceric.ca\/fr\/\",\"logo\":{\"@type\":\"ImageObject\",\"inLanguage\":\"fr-FR\",\"@id\":\"https:\/\/cannexus.ceric.ca\/fr\/#\/schema\/logo\/image\/\",\"url\":\"https:\/\/cannexus.ceric.ca\/wp-content\/uploads\/2025\/04\/CX-seal.png\",\"contentUrl\":\"https:\/\/cannexus.ceric.ca\/wp-content\/uploads\/2025\/04\/CX-seal.png\",\"width\":2000,\"height\":1574,\"caption\":\"Cannexus26\"},\"image\":{\"@id\":\"https:\/\/cannexus.ceric.ca\/fr\/#\/schema\/logo\/image\/\"}}]}<\/script>\n<!-- \/ Yoast SEO Premium plugin. -->","yoast_head_json":{"title":"Cannexus en fran\u00e7ais - Cannexus27","robots":{"index":"index","follow":"follow","max-snippet":"max-snippet:-1","max-image-preview":"max-image-preview:large","max-video-preview":"max-video-preview:-1"},"canonical":"https:\/\/cannexus.ceric.ca\/fr\/cannexus-en-francaiscx20\/","og_locale":"fr_FR","og_type":"article","og_title":"Cannexus en fran\u00e7ais","og_description":"Cannexus en fran\u00e7ais Comment Cannexus se d\u00e9marque-t-il des autres congr\u00e8s organis\u00e9s pour les professionnels du d\u00e9veloppement de carri\u00e8re au Qu\u00e9bec? L\u2019avantage ind\u00e9niable de Cannexus, et particuli\u00e8rement pour les Qu\u00e9b\u00e9cois, est l\u2019acc\u00e8s \u00e0\u00a0un r\u00e9seau pancanadien et international\u00a0et la possibilit\u00e9 d\u2019en apprendre davantage sur le\u00a0domaine du d\u00e9veloppement de carri\u00e8re \u00e0 l\u2019ext\u00e9rieur du Qu\u00e9bec. En effet, la pratique [&hellip;]","og_url":"https:\/\/cannexus.ceric.ca\/fr\/cannexus-en-francaiscx20\/","og_site_name":"Cannexus27","article_modified_time":"2022-12-08T18:59:43+00:00","og_image":[{"width":1200,"height":300,"url":"https:\/\/cannexus.ceric.ca\/wp-content\/uploads\/2024\/04\/CX25-v1-5.png","type":"image\/png"}],"twitter_card":"summary_large_image","twitter_misc":{"Dur\u00e9e de lecture estim\u00e9e":"3 minutes"},"schema":{"@context":"https:\/\/schema.org","@graph":[{"@type":"WebPage","@id":"https:\/\/cannexus.ceric.ca\/fr\/cannexus-en-francaiscx20\/","url":"https:\/\/cannexus.ceric.ca\/fr\/cannexus-en-francaiscx20\/","name":"Cannexus en fran\u00e7ais - Cannexus27","isPartOf":{"@id":"https:\/\/cannexus.ceric.ca\/fr\/#website"},"datePublished":"2022-12-08T18:09:21+00:00","dateModified":"2022-12-08T18:59:43+00:00","breadcrumb":{"@id":"https:\/\/cannexus.ceric.ca\/fr\/cannexus-en-francaiscx20\/#breadcrumb"},"inLanguage":"fr-FR","potentialAction":[{"@type":"ReadAction","target":["https:\/\/cannexus.ceric.ca\/fr\/cannexus-en-francaiscx20\/"]}]},{"@type":"BreadcrumbList","@id":"https:\/\/cannexus.ceric.ca\/fr\/cannexus-en-francaiscx20\/#breadcrumb","itemListElement":[{"@type":"ListItem","position":1,"name":"Home","item":"https:\/\/cannexus.ceric.ca\/fr\/"},{"@type":"ListItem","position":2,"name":"Cannexus en fran\u00e7ais"}]},{"@type":"WebSite","@id":"https:\/\/cannexus.ceric.ca\/fr\/#website","url":"https:\/\/cannexus.ceric.ca\/fr\/","name":"Cannexus26: Canada\u2019s Career Development Conference","description":"Canada\u2019s Career Development Conference","publisher":{"@id":"https:\/\/cannexus.ceric.ca\/fr\/#organization"},"alternateName":"Cannexus26","potentialAction":[{"@type":"SearchAction","target":{"@type":"EntryPoint","urlTemplate":"https:\/\/cannexus.ceric.ca\/fr\/?s={search_term_string}"},"query-input":{"@type":"PropertyValueSpecification","valueRequired":true,"valueName":"search_term_string"}}],"inLanguage":"fr-FR"},{"@type":"Organization","@id":"https:\/\/cannexus.ceric.ca\/fr\/#organization","name":"Cannexus26","url":"https:\/\/cannexus.ceric.ca\/fr\/","logo":{"@type":"ImageObject","inLanguage":"fr-FR","@id":"https:\/\/cannexus.ceric.ca\/fr\/#\/schema\/logo\/image\/","url":"https:\/\/cannexus.ceric.ca\/wp-content\/uploads\/2025\/04\/CX-seal.png","contentUrl":"https:\/\/cannexus.ceric.ca\/wp-content\/uploads\/2025\/04\/CX-seal.png","width":2000,"height":1574,"caption":"Cannexus26"},"image":{"@id":"https:\/\/cannexus.ceric.ca\/fr\/#\/schema\/logo\/image\/"}}]}},"_links":{"self":[{"href":"https:\/\/cannexus.ceric.ca\/fr\/wp-json\/wp\/v2\/pages\/17549","targetHints":{"allow":["GET"]}}],"collection":[{"href":"https:\/\/cannexus.ceric.ca\/fr\/wp-json\/wp\/v2\/pages"}],"about":[{"href":"https:\/\/cannexus.ceric.ca\/fr\/wp-json\/wp\/v2\/types\/page"}],"author":[{"embeddable":true,"href":"https:\/\/cannexus.ceric.ca\/fr\/wp-json\/wp\/v2\/users\/1"}],"replies":[{"embeddable":true,"href":"https:\/\/cannexus.ceric.ca\/fr\/wp-json\/wp\/v2\/comments?post=17549"}],"version-history":[{"count":0,"href":"https:\/\/cannexus.ceric.ca\/fr\/wp-json\/wp\/v2\/pages\/17549\/revisions"}],"wp:attachment":[{"href":"https:\/\/cannexus.ceric.ca\/fr\/wp-json\/wp\/v2\/media?parent=17549"}],"curies":[{"name":"wp","href":"https:\/\/api.w.org\/{rel}","templated":true}]}}