{"id":16363,"date":"2022-10-03T01:42:04","date_gmt":"2022-10-03T05:42:04","guid":{"rendered":"https:\/\/cannexus.ceric.ca\/?page_id=16363"},"modified":"2022-10-03T12:12:39","modified_gmt":"2022-10-03T16:12:39","slug":"comment-se-preparer-a-evoluer-dans-un-monde-du-travail-redefini","status":"publish","type":"page","link":"https:\/\/cannexus.ceric.ca\/fr\/comment-se-preparer-a-evoluer-dans-un-monde-du-travail-redefini\/","title":{"rendered":"Comment se pr\u00e9parer \u00e0 \u00e9voluer dans un monde du travail red\u00e9fini"},"content":{"rendered":"\t\t<div data-elementor-type=\"wp-page\" data-elementor-id=\"16363\" class=\"elementor elementor-16363 elementor-16355\" data-elementor-post-type=\"page\">\n\t\t\t\t\t\t<section class=\"elementor-section elementor-top-section elementor-element elementor-element-60f224f elementor-section-boxed elementor-section-height-default elementor-section-height-default\" data-id=\"60f224f\" data-element_type=\"section\" data-e-type=\"section\">\n\t\t\t\t\t\t<div class=\"elementor-container elementor-column-gap-default\">\n\t\t\t\t\t<div class=\"elementor-column elementor-col-100 elementor-top-column elementor-element elementor-element-493a3b8\" data-id=\"493a3b8\" data-element_type=\"column\" data-e-type=\"column\">\n\t\t\t<div class=\"elementor-widget-wrap elementor-element-populated\">\n\t\t\t\t\t\t<div class=\"elementor-element elementor-element-0b330c4 elementor-invisible elementor-widget elementor-widget-exhibz-title\" data-id=\"0b330c4\" data-element_type=\"widget\" data-e-type=\"widget\" data-settings=\"{&quot;_animation&quot;:&quot;fadeInUp&quot;,&quot;_animation_delay&quot;:350,&quot;ekit_we_effect_on&quot;:&quot;none&quot;}\" data-widget_type=\"exhibz-title.default\">\n\t\t\t\t<div class=\"elementor-widget-container\">\n\t\t\t\t\t\n    <div class=\"title-section-area\">\n        <h2 class=\"section-title\">\n            <span class=\"sub-title\">Comment se pr\u00e9parer \u00e0 \u00e9voluer dans un monde du travail red\u00e9fini<\/span>\n\t\t\tConf\u00e9renci\u00e8re d\u2019honneur : Linda Nazareth\n<br>\nMardi 24 janvier, 2023, 15 h 00 \u2013 16 h 00 HE        <\/h2>\n\t\t\t\t\t<div class=\"title-desc\"><p>La pand\u00e9mie a boulevers\u00e9 notre \u00e9conomie et nos vies, mais le monde du travail \u00e9galement. Nous pouvons d\u00e9sormais travailler de n\u2019importe o\u00f9 si nous le souhaitons, et il s\u2019agit d\u2019un changement consid\u00e9rable et radical auquel de nombreuses organisations ne sont pas encore pr\u00eates \u00e0 faire face. En outre, une s\u00e9rie de grandes tendances, qui concernent notamment les changements climatiques, la d\u00e9mographie et la quatri\u00e8me r\u00e9volution industrielle, sont sur le point de bouleverser le monde du travail et d\u2019imposer de nouveaux changements. \u00c0 quoi s\u2019attendre et comment se pr\u00e9parer pour l\u2019avenir? Dans cette pr\u00e9sentation fond\u00e9e sur son prochain livre intitul\u00e9\u00a0<em>Working it Out: How to be Ready for the Redefined World of Work<\/em>, l\u2019\u00e9conomiste et futurologue Linda Nazareth pr\u00e9sente un aper\u00e7u de ce qui va suivre et de la meilleure fa\u00e7on de se pr\u00e9parer \u00e0 un avenir du travail qui ne ressemblera gu\u00e8re au pass\u00e9.<\/p><\/div>\n\t\t                    <\/div><!-- Section title -->\n    \n    \n\n    \t\t\t\t<\/div>\n\t\t\t\t<\/div>\n\t\t\t\t<div class=\"elementor-element elementor-element-8a7f525 elementor-hidden-desktop elementor-hidden-tablet elementor-hidden-mobile elementor-widget elementor-widget-image\" data-id=\"8a7f525\" data-element_type=\"widget\" data-e-type=\"widget\" data-settings=\"{&quot;ekit_we_effect_on&quot;:&quot;none&quot;}\" data-widget_type=\"image.default\">\n\t\t\t\t<div class=\"elementor-widget-container\">\n\t\t\t\t\t\t\t\t\t\t\t\t\t\t\t\t<a href=\"https:\/\/cannexus.ceric.ca\/partners\">\n\t\t\t\t\t\t\t<img decoding=\"async\" width=\"220\" height=\"110\" src=\"https:\/\/cannexus.ceric.ca\/wp-content\/uploads\/2022\/08\/Keynote-partner-FSC-3.png\" class=\"attachment-large size-large wp-image-15458\" alt=\"\" \/>\t\t\t\t\t\t\t\t<\/a>\n\t\t\t\t\t\t\t\t\t\t\t\t\t\t\t<\/div>\n\t\t\t\t<\/div>\n\t\t\t\t\t<\/div>\n\t\t<\/div>\n\t\t\t\t\t<\/div>\n\t\t<\/section>\n\t\t\t\t<\/div>\n\t\t","protected":false},"excerpt":{"rendered":"<p>Comment se pr\u00e9parer \u00e0 \u00e9voluer dans un monde du travail red\u00e9fini Conf\u00e9renci\u00e8re d\u2019honneur : Linda Nazareth Mardi 24 janvier, 2023, 15 h 00 \u2013 16 h 00 HE La pand\u00e9mie a boulevers\u00e9 notre \u00e9conomie et nos vies, mais le monde du travail \u00e9galement. Nous pouvons d\u00e9sormais travailler de n\u2019importe o\u00f9 si nous le souhaitons, et [&hellip;]<\/p>\n","protected":false},"author":9,"featured_media":0,"parent":0,"menu_order":0,"comment_status":"closed","ping_status":"closed","template":"template\/full-width-template.php","meta":{"wp_social_preview_title":"","wp_social_preview_description":"","wp_social_preview_image":0,"footnotes":""},"class_list":["post-16363","page","type-page","status-publish","hentry"],"yoast_head":"<!-- This site is optimized with the Yoast SEO Premium plugin v26.0 (Yoast SEO v26.0) - https:\/\/yoast.com\/wordpress\/plugins\/seo\/ -->\n<title>Comment se pr\u00e9parer \u00e0 \u00e9voluer dans un monde du travail red\u00e9fini - Cannexus26<\/title>\n<meta name=\"robots\" content=\"index, follow, max-snippet:-1, max-image-preview:large, max-video-preview:-1\" \/>\n<link rel=\"canonical\" href=\"https:\/\/cannexus.ceric.ca\/fr\/comment-se-preparer-a-evoluer-dans-un-monde-du-travail-redefini\/\" \/>\n<meta property=\"og:locale\" content=\"fr_FR\" \/>\n<meta property=\"og:type\" content=\"article\" \/>\n<meta property=\"og:title\" content=\"Comment se pr\u00e9parer \u00e0 \u00e9voluer dans un monde du travail red\u00e9fini\" \/>\n<meta property=\"og:description\" content=\"Comment se pr\u00e9parer \u00e0 \u00e9voluer dans un monde du travail red\u00e9fini Conf\u00e9renci\u00e8re d\u2019honneur : Linda Nazareth Mardi 24 janvier, 2023, 15 h 00 \u2013 16 h 00 HE La pand\u00e9mie a boulevers\u00e9 notre \u00e9conomie et nos vies, mais le monde du travail \u00e9galement. Nous pouvons d\u00e9sormais travailler de n\u2019importe o\u00f9 si nous le souhaitons, et [&hellip;]\" \/>\n<meta property=\"og:url\" content=\"https:\/\/cannexus.ceric.ca\/fr\/comment-se-preparer-a-evoluer-dans-un-monde-du-travail-redefini\/\" \/>\n<meta property=\"og:site_name\" content=\"Cannexus26\" \/>\n<meta property=\"article:modified_time\" content=\"2022-10-03T16:12:39+00:00\" \/>\n<meta property=\"og:image\" content=\"https:\/\/cannexus.ceric.ca\/wp-content\/uploads\/2022\/08\/Keynote-partner-FSC-3.png\" \/>\n<meta name=\"twitter:card\" content=\"summary_large_image\" \/>\n<meta name=\"twitter:label1\" content=\"Dur\u00e9e de lecture estim\u00e9e\" \/>\n\t<meta name=\"twitter:data1\" content=\"1 minute\" \/>\n<script type=\"application\/ld+json\" class=\"yoast-schema-graph\">{\"@context\":\"https:\/\/schema.org\",\"@graph\":[{\"@type\":\"WebPage\",\"@id\":\"https:\/\/cannexus.ceric.ca\/fr\/comment-se-preparer-a-evoluer-dans-un-monde-du-travail-redefini\/\",\"url\":\"https:\/\/cannexus.ceric.ca\/fr\/comment-se-preparer-a-evoluer-dans-un-monde-du-travail-redefini\/\",\"name\":\"Comment se pr\u00e9parer \u00e0 \u00e9voluer dans un monde du travail red\u00e9fini - Cannexus26\",\"isPartOf\":{\"@id\":\"https:\/\/cannexus.ceric.ca\/fr\/#website\"},\"primaryImageOfPage\":{\"@id\":\"https:\/\/cannexus.ceric.ca\/fr\/comment-se-preparer-a-evoluer-dans-un-monde-du-travail-redefini\/#primaryimage\"},\"image\":{\"@id\":\"https:\/\/cannexus.ceric.ca\/fr\/comment-se-preparer-a-evoluer-dans-un-monde-du-travail-redefini\/#primaryimage\"},\"thumbnailUrl\":\"https:\/\/cannexus.ceric.ca\/wp-content\/uploads\/2022\/08\/Keynote-partner-FSC-3.png\",\"datePublished\":\"2022-10-03T05:42:04+00:00\",\"dateModified\":\"2022-10-03T16:12:39+00:00\",\"breadcrumb\":{\"@id\":\"https:\/\/cannexus.ceric.ca\/fr\/comment-se-preparer-a-evoluer-dans-un-monde-du-travail-redefini\/#breadcrumb\"},\"inLanguage\":\"fr-FR\",\"potentialAction\":[{\"@type\":\"ReadAction\",\"target\":[\"https:\/\/cannexus.ceric.ca\/fr\/comment-se-preparer-a-evoluer-dans-un-monde-du-travail-redefini\/\"]}]},{\"@type\":\"ImageObject\",\"inLanguage\":\"fr-FR\",\"@id\":\"https:\/\/cannexus.ceric.ca\/fr\/comment-se-preparer-a-evoluer-dans-un-monde-du-travail-redefini\/#primaryimage\",\"url\":\"https:\/\/cannexus.ceric.ca\/wp-content\/uploads\/2022\/08\/Keynote-partner-FSC-3.png\",\"contentUrl\":\"https:\/\/cannexus.ceric.ca\/wp-content\/uploads\/2022\/08\/Keynote-partner-FSC-3.png\"},{\"@type\":\"BreadcrumbList\",\"@id\":\"https:\/\/cannexus.ceric.ca\/fr\/comment-se-preparer-a-evoluer-dans-un-monde-du-travail-redefini\/#breadcrumb\",\"itemListElement\":[{\"@type\":\"ListItem\",\"position\":1,\"name\":\"Home\",\"item\":\"https:\/\/cannexus.ceric.ca\/fr\/\"},{\"@type\":\"ListItem\",\"position\":2,\"name\":\"Comment se pr\u00e9parer \u00e0 \u00e9voluer dans un monde du travail red\u00e9fini\"}]},{\"@type\":\"WebSite\",\"@id\":\"https:\/\/cannexus.ceric.ca\/fr\/#website\",\"url\":\"https:\/\/cannexus.ceric.ca\/fr\/\",\"name\":\"Cannexus26: Canada\u2019s Career Development Conference\",\"description\":\"Canada\u2019s Career Development Conference\",\"publisher\":{\"@id\":\"https:\/\/cannexus.ceric.ca\/fr\/#organization\"},\"alternateName\":\"Cannexus26\",\"potentialAction\":[{\"@type\":\"SearchAction\",\"target\":{\"@type\":\"EntryPoint\",\"urlTemplate\":\"https:\/\/cannexus.ceric.ca\/fr\/?s={search_term_string}\"},\"query-input\":{\"@type\":\"PropertyValueSpecification\",\"valueRequired\":true,\"valueName\":\"search_term_string\"}}],\"inLanguage\":\"fr-FR\"},{\"@type\":\"Organization\",\"@id\":\"https:\/\/cannexus.ceric.ca\/fr\/#organization\",\"name\":\"Cannexus26\",\"url\":\"https:\/\/cannexus.ceric.ca\/fr\/\",\"logo\":{\"@type\":\"ImageObject\",\"inLanguage\":\"fr-FR\",\"@id\":\"https:\/\/cannexus.ceric.ca\/fr\/#\/schema\/logo\/image\/\",\"url\":\"https:\/\/cannexus.ceric.ca\/wp-content\/uploads\/2025\/04\/CX-seal.png\",\"contentUrl\":\"https:\/\/cannexus.ceric.ca\/wp-content\/uploads\/2025\/04\/CX-seal.png\",\"width\":2000,\"height\":1574,\"caption\":\"Cannexus26\"},\"image\":{\"@id\":\"https:\/\/cannexus.ceric.ca\/fr\/#\/schema\/logo\/image\/\"}}]}<\/script>\n<!-- \/ Yoast SEO Premium plugin. -->","yoast_head_json":{"title":"Comment se pr\u00e9parer \u00e0 \u00e9voluer dans un monde du travail red\u00e9fini - Cannexus26","robots":{"index":"index","follow":"follow","max-snippet":"max-snippet:-1","max-image-preview":"max-image-preview:large","max-video-preview":"max-video-preview:-1"},"canonical":"https:\/\/cannexus.ceric.ca\/fr\/comment-se-preparer-a-evoluer-dans-un-monde-du-travail-redefini\/","og_locale":"fr_FR","og_type":"article","og_title":"Comment se pr\u00e9parer \u00e0 \u00e9voluer dans un monde du travail red\u00e9fini","og_description":"Comment se pr\u00e9parer \u00e0 \u00e9voluer dans un monde du travail red\u00e9fini Conf\u00e9renci\u00e8re d\u2019honneur : Linda Nazareth Mardi 24 janvier, 2023, 15 h 00 \u2013 16 h 00 HE La pand\u00e9mie a boulevers\u00e9 notre \u00e9conomie et nos vies, mais le monde du travail \u00e9galement. Nous pouvons d\u00e9sormais travailler de n\u2019importe o\u00f9 si nous le souhaitons, et [&hellip;]","og_url":"https:\/\/cannexus.ceric.ca\/fr\/comment-se-preparer-a-evoluer-dans-un-monde-du-travail-redefini\/","og_site_name":"Cannexus26","article_modified_time":"2022-10-03T16:12:39+00:00","og_image":[{"url":"https:\/\/cannexus.ceric.ca\/wp-content\/uploads\/2022\/08\/Keynote-partner-FSC-3.png","type":"","width":"","height":""}],"twitter_card":"summary_large_image","twitter_misc":{"Dur\u00e9e de lecture estim\u00e9e":"1 minute"},"schema":{"@context":"https:\/\/schema.org","@graph":[{"@type":"WebPage","@id":"https:\/\/cannexus.ceric.ca\/fr\/comment-se-preparer-a-evoluer-dans-un-monde-du-travail-redefini\/","url":"https:\/\/cannexus.ceric.ca\/fr\/comment-se-preparer-a-evoluer-dans-un-monde-du-travail-redefini\/","name":"Comment se pr\u00e9parer \u00e0 \u00e9voluer dans un monde du travail red\u00e9fini - Cannexus26","isPartOf":{"@id":"https:\/\/cannexus.ceric.ca\/fr\/#website"},"primaryImageOfPage":{"@id":"https:\/\/cannexus.ceric.ca\/fr\/comment-se-preparer-a-evoluer-dans-un-monde-du-travail-redefini\/#primaryimage"},"image":{"@id":"https:\/\/cannexus.ceric.ca\/fr\/comment-se-preparer-a-evoluer-dans-un-monde-du-travail-redefini\/#primaryimage"},"thumbnailUrl":"https:\/\/cannexus.ceric.ca\/wp-content\/uploads\/2022\/08\/Keynote-partner-FSC-3.png","datePublished":"2022-10-03T05:42:04+00:00","dateModified":"2022-10-03T16:12:39+00:00","breadcrumb":{"@id":"https:\/\/cannexus.ceric.ca\/fr\/comment-se-preparer-a-evoluer-dans-un-monde-du-travail-redefini\/#breadcrumb"},"inLanguage":"fr-FR","potentialAction":[{"@type":"ReadAction","target":["https:\/\/cannexus.ceric.ca\/fr\/comment-se-preparer-a-evoluer-dans-un-monde-du-travail-redefini\/"]}]},{"@type":"ImageObject","inLanguage":"fr-FR","@id":"https:\/\/cannexus.ceric.ca\/fr\/comment-se-preparer-a-evoluer-dans-un-monde-du-travail-redefini\/#primaryimage","url":"https:\/\/cannexus.ceric.ca\/wp-content\/uploads\/2022\/08\/Keynote-partner-FSC-3.png","contentUrl":"https:\/\/cannexus.ceric.ca\/wp-content\/uploads\/2022\/08\/Keynote-partner-FSC-3.png"},{"@type":"BreadcrumbList","@id":"https:\/\/cannexus.ceric.ca\/fr\/comment-se-preparer-a-evoluer-dans-un-monde-du-travail-redefini\/#breadcrumb","itemListElement":[{"@type":"ListItem","position":1,"name":"Home","item":"https:\/\/cannexus.ceric.ca\/fr\/"},{"@type":"ListItem","position":2,"name":"Comment se pr\u00e9parer \u00e0 \u00e9voluer dans un monde du travail red\u00e9fini"}]},{"@type":"WebSite","@id":"https:\/\/cannexus.ceric.ca\/fr\/#website","url":"https:\/\/cannexus.ceric.ca\/fr\/","name":"Cannexus26: Canada\u2019s Career Development Conference","description":"Canada\u2019s Career Development Conference","publisher":{"@id":"https:\/\/cannexus.ceric.ca\/fr\/#organization"},"alternateName":"Cannexus26","potentialAction":[{"@type":"SearchAction","target":{"@type":"EntryPoint","urlTemplate":"https:\/\/cannexus.ceric.ca\/fr\/?s={search_term_string}"},"query-input":{"@type":"PropertyValueSpecification","valueRequired":true,"valueName":"search_term_string"}}],"inLanguage":"fr-FR"},{"@type":"Organization","@id":"https:\/\/cannexus.ceric.ca\/fr\/#organization","name":"Cannexus26","url":"https:\/\/cannexus.ceric.ca\/fr\/","logo":{"@type":"ImageObject","inLanguage":"fr-FR","@id":"https:\/\/cannexus.ceric.ca\/fr\/#\/schema\/logo\/image\/","url":"https:\/\/cannexus.ceric.ca\/wp-content\/uploads\/2025\/04\/CX-seal.png","contentUrl":"https:\/\/cannexus.ceric.ca\/wp-content\/uploads\/2025\/04\/CX-seal.png","width":2000,"height":1574,"caption":"Cannexus26"},"image":{"@id":"https:\/\/cannexus.ceric.ca\/fr\/#\/schema\/logo\/image\/"}}]}},"_links":{"self":[{"href":"https:\/\/cannexus.ceric.ca\/fr\/wp-json\/wp\/v2\/pages\/16363","targetHints":{"allow":["GET"]}}],"collection":[{"href":"https:\/\/cannexus.ceric.ca\/fr\/wp-json\/wp\/v2\/pages"}],"about":[{"href":"https:\/\/cannexus.ceric.ca\/fr\/wp-json\/wp\/v2\/types\/page"}],"author":[{"embeddable":true,"href":"https:\/\/cannexus.ceric.ca\/fr\/wp-json\/wp\/v2\/users\/9"}],"replies":[{"embeddable":true,"href":"https:\/\/cannexus.ceric.ca\/fr\/wp-json\/wp\/v2\/comments?post=16363"}],"version-history":[{"count":0,"href":"https:\/\/cannexus.ceric.ca\/fr\/wp-json\/wp\/v2\/pages\/16363\/revisions"}],"wp:attachment":[{"href":"https:\/\/cannexus.ceric.ca\/fr\/wp-json\/wp\/v2\/media?parent=16363"}],"curies":[{"name":"wp","href":"https:\/\/api.w.org\/{rel}","templated":true}]}}