{"id":15183,"date":"2022-08-11T16:31:21","date_gmt":"2022-08-11T20:31:21","guid":{"rendered":"https:\/\/cannexus.ceric.ca\/?page_id=15183"},"modified":"2025-06-23T07:54:39","modified_gmt":"2025-06-23T11:54:39","slug":"a-propos-dottawa","status":"publish","type":"page","link":"https:\/\/cannexus.ceric.ca\/fr\/a-propos-dottawa\/","title":{"rendered":"\u00c0 propos d\u2019Ottawa"},"content":{"rendered":"\t\t<div data-elementor-type=\"wp-page\" data-elementor-id=\"15183\" class=\"elementor elementor-15183 elementor-14991\" data-elementor-post-type=\"page\">\n\t\t\t\t\t\t<section class=\"elementor-section elementor-top-section elementor-element elementor-element-735e3d4 elementor-section-boxed elementor-section-height-default elementor-section-height-default\" data-id=\"735e3d4\" data-element_type=\"section\" data-e-type=\"section\">\n\t\t\t\t\t\t<div class=\"elementor-container elementor-column-gap-default\">\n\t\t\t\t\t<div class=\"elementor-column elementor-col-100 elementor-top-column elementor-element elementor-element-9d44f8e\" data-id=\"9d44f8e\" data-element_type=\"column\" data-e-type=\"column\">\n\t\t\t<div class=\"elementor-widget-wrap elementor-element-populated\">\n\t\t\t\t\t\t<div class=\"elementor-element elementor-element-8a59677 elementor-invisible elementor-widget elementor-widget-exhibz-title\" data-id=\"8a59677\" data-element_type=\"widget\" data-e-type=\"widget\" data-settings=\"{&quot;_animation&quot;:&quot;fadeInUp&quot;,&quot;_animation_delay&quot;:350,&quot;ekit_we_effect_on&quot;:&quot;none&quot;}\" data-widget_type=\"exhibz-title.default\">\n\t\t\t\t<div class=\"elementor-widget-container\">\n\t\t\t\t\t\n    <div class=\"title-section-area\">\n        <h2 class=\"section-title\">\n            <span class=\"sub-title\">\u00c0 propos d\u2019Ottawa<\/span>\n\t\t\t        <\/h2>\n\t\t\t\t\t<div class=\"title-desc\"><p>Situ\u00e9 dans l\u2019est de l\u2019Ontario, Ottawa est la capitale nationale du Canada et un foyer d\u2019architecture historique, de parcs sc\u00e9niques et de culture canadienne. En hiver, la ville se transforme en un paradis hivernal couvert de neige et abrite la plus longue patinoire du monde.<\/p><\/div>\n\t\t                    <\/div><!-- Section title -->\n    \n    \n\n    \t\t\t\t<\/div>\n\t\t\t\t<\/div>\n\t\t\t\t<div class=\"elementor-element elementor-element-12e9203 elementor-widget elementor-widget-heading\" data-id=\"12e9203\" data-element_type=\"widget\" data-e-type=\"widget\" data-settings=\"{&quot;ekit_we_effect_on&quot;:&quot;none&quot;}\" data-widget_type=\"heading.default\">\n\t\t\t\t<div class=\"elementor-widget-container\">\n\t\t\t\t\t<h2 class=\"elementor-heading-title elementor-size-default\">Ottawa est la quatri\u00e8me plus grande ville du Canada et offre des activit\u00e9s pour tous les go\u00fbts :<\/h2>\t\t\t\t<\/div>\n\t\t\t\t<\/div>\n\t\t\t\t<div class=\"elementor-element elementor-element-4721d02 elementor-widget elementor-widget-text-editor\" data-id=\"4721d02\" data-element_type=\"widget\" data-e-type=\"widget\" data-settings=\"{&quot;ekit_we_effect_on&quot;:&quot;none&quot;}\" data-widget_type=\"text-editor.default\">\n\t\t\t\t<div class=\"elementor-widget-container\">\n\t\t\t\t\t\t\t\t\t<ul><li>Visitez le <a href=\"http:\/\/byward-market.com\/fr\/accueil\/\" target=\"_blank\" rel=\"noopener\">march\u00e9 By<\/a>, l\u2019un des march\u00e9s publics les plus anciens et les plus importants au Canada.<\/li><li>Vous voulez magasiner? Jetez un \u0153il au <a href=\"https:\/\/shops.cadillacfairview.com\/fr-CA\/property\/cf-rideau-centre\" target=\"_blank\" rel=\"noopener\">Centre Rideau<\/a>.<\/li><li>Les gourmets trouveront des sp\u00e9cialit\u00e9s canadiennes \u00e0 Ottawa \u2013 d\u00e9gustez une <a href=\"http:\/\/fr.wikipedia.org\/wiki\/Poutine_%28plat%29\" target=\"_blank\" rel=\"noopener\">poutine<\/a> puis procurez-vous une <a href=\"http:\/\/queuesdecastor.com\/\" target=\"_blank\" rel=\"noopener\">Queue de Castor<\/a> pour le dessert! Ou jetez un \u0153il aux <a href=\"https:\/\/canadas100best.com\/best-restaurants\/?city=Ottawa\" target=\"_blank\" rel=\"noopener\">meilleurs restaurants d\u2019Ottawa<\/a> (en anglais).<\/li><li>Les amateurs de plein air adoreront patiner sur le <a href=\"http:\/\/www.ccn-ncc.gc.ca\/endroits-a-visiter\/patinoire-du-canal-rideau\" target=\"_blank\" rel=\"noopener\">canal Rideau<\/a> ou m\u00eame <a href=\"https:\/\/www.tourismeottawa.ca\/les-coulisses-dottawa\/skier-dans-la-region-dottawa-gatineau\/\" target=\"_blank\" rel=\"noopener\">skier<\/a> \u2013 en plein c\u0153ur d\u2019Ottawa!<\/li><li>Si vous voulez en apprendre davantage sur le Canada, visitez <a href=\"https:\/\/ottawatourism.ca\/fr\/les-coulisses-d-ottawa\/les-sept-musees-nationaux-d-ottawa\" target=\"_blank\" rel=\"noopener\">l\u2019un des nombreux mus\u00e9es<\/a> de la ville, incluant le <a href=\"https:\/\/www.museedelaguerre.ca\/\" target=\"_blank\" rel=\"noopener\">Mus\u00e9e canadien de la guerre<\/a> ou le <a href=\"https:\/\/www.museedelhistoire.ca\/\" target=\"_blank\" rel=\"noopener\">Mus\u00e9e canadien de l\u2019histoire<\/a>, ou alors joignez-vous \u00e0 une visite guid\u00e9e de la <a href=\"https:\/\/www.tourismeottawa.ca\/les-coulisses-dottawa\/colline-du-parlement\/\" target=\"_blank\" rel=\"noopener\">Colline du Parlement<\/a>.<\/li><li>Les fans de hockey peuvent voir notre sport national dans la capitale \u2013 renseignez-vous sur l\u2019horaire des parties des <a href=\"https:\/\/www.nhl.com\/fr\/senators\" target=\"_blank\" rel=\"noopener\">S\u00e9nateurs d\u2019Ottawa<\/a>.<\/li><\/ul>\t\t\t\t\t\t\t\t<\/div>\n\t\t\t\t<\/div>\n\t\t\t\t<div class=\"elementor-element elementor-element-d3e01dc elementor--h-position-center elementor--v-position-middle elementor-arrows-position-inside elementor-pagination-position-inside elementor-widget elementor-widget-slides\" data-id=\"d3e01dc\" data-element_type=\"widget\" data-e-type=\"widget\" data-settings=\"{&quot;navigation&quot;:&quot;both&quot;,&quot;autoplay&quot;:&quot;yes&quot;,&quot;pause_on_hover&quot;:&quot;yes&quot;,&quot;pause_on_interaction&quot;:&quot;yes&quot;,&quot;autoplay_speed&quot;:5000,&quot;infinite&quot;:&quot;yes&quot;,&quot;transition&quot;:&quot;slide&quot;,&quot;transition_speed&quot;:500,&quot;ekit_we_effect_on&quot;:&quot;none&quot;}\" data-widget_type=\"slides.default\">\n\t\t\t\t<div class=\"elementor-widget-container\">\n\t\t\t\t\t\t\t\t\t<div class=\"elementor-swiper\">\n\t\t\t\t\t<div class=\"elementor-slides-wrapper elementor-main-swiper swiper\" role=\"region\" aria-roledescription=\"carousel\" aria-label=\"Slides\" dir=\"ltr\" data-animation=\"fadeInUp\">\n\t\t\t\t<div class=\"swiper-wrapper elementor-slides\">\n\t\t\t\t\t\t\t\t\t\t<div class=\"elementor-repeater-item-afcad06 swiper-slide\" role=\"group\" aria-roledescription=\"slide\"><div class=\"swiper-slide-bg\" role=\"img\" aria-label=\"Rideau Canal Ice Skating Rink in winter, Ottawa, Canada\"><\/div><a class=\"swiper-slide-inner\" href=\"https:\/\/ccn-ncc.gc.ca\/endroits\/patinoire-du-canal-rideau\" target=\"_blank\"><div class=\"swiper-slide-contents\"><div class=\"elementor-slide-heading\">Patiner sur le canal Rideau<\/div><div class=\"elementor-slide-description\">-- en plein c\u0153ur d\u2019Ottawa!<\/div><\/div><\/a><\/div><div class=\"elementor-repeater-item-3e7e2a8 swiper-slide\" role=\"group\" aria-roledescription=\"slide\"><div class=\"swiper-slide-bg\" role=\"img\" aria-label=\"Ottawa, Canada - October 11, 2014: Shoppers at Byward Market in Ottawa during the day. Various fruit and vegetables can be seen.\"><\/div><a class=\"swiper-slide-inner\" href=\"http:\/\/byward-market.com\/fr\/accueil\/\" target=\"_blank\"><div class=\"swiper-slide-contents\"><div class=\"elementor-slide-heading\">Visitez le march\u00e9 By<\/div><div class=\"elementor-slide-description\">l\u2019un des march\u00e9s publics les plus anciens et les plus importants au Canada.<\/div><\/div><\/a><\/div><div class=\"elementor-repeater-item-2b0440e swiper-slide\" role=\"group\" aria-roledescription=\"slide\"><div class=\"swiper-slide-bg\" role=\"img\" aria-label=\"French fries, cheese curds and gravy, a french canadian traditional plate\"><\/div><a class=\"swiper-slide-inner\" href=\"https:\/\/canadas100best.com\/best-restaurants\/?city=Ottawa\" target=\"_blank\"><div class=\"swiper-slide-contents\"><div class=\"elementor-slide-heading\">D\u00e9gustez une poutine<\/div><div class=\"elementor-slide-description\">Ou jetez un \u0153il aux meilleurs restaurants d\u2019Ottawa.<\/div><\/div><\/a><\/div><div class=\"elementor-repeater-item-ff50190 swiper-slide\" role=\"group\" aria-roledescription=\"slide\"><div class=\"swiper-slide-bg\" role=\"img\" aria-label=\"people, friendship, sport and leisure concept - happy friends watching hockey game or figure skating performance on ice rink arena\"><\/div><a class=\"swiper-slide-inner\" href=\"https:\/\/www.nhl.com\/fr\/senators\" target=\"_blank\"><div class=\"swiper-slide-contents\"><div class=\"elementor-slide-heading\">Fan de hockey ?<\/div><div class=\"elementor-slide-description\">Renseignez-vous sur l\u2019horaire des parties des S\u00e9nateurs d\u2019Ottawa.<\/div><\/div><\/a><\/div><div class=\"elementor-repeater-item-cd9296b swiper-slide\" role=\"group\" aria-roledescription=\"slide\"><div class=\"swiper-slide-bg\" role=\"img\" aria-label=\"Young Female Customer Shopping in Clothing Store, Retail Sales Associate Helps with Advice. Diverse People in Fashionable Shop, Choosing Stylish Clothes, Colorful Brand with Sustainable Designs\"><\/div><a class=\"swiper-slide-inner\" href=\"https:\/\/shops.cadillacfairview.com\/property\/cf-rideau-centre\" target=\"_blank\"><div class=\"swiper-slide-contents\"><div class=\"elementor-slide-heading\">Vous voulez magasiner?<\/div><div class=\"elementor-slide-description\">Jetez un \u0153il au Centre Rideau.<\/div><\/div><\/a><\/div>\t\t\t\t<\/div>\n\t\t\t\t\t\t\t\t\t\t\t\t\t\t\t<div class=\"elementor-swiper-button elementor-swiper-button-prev\" role=\"button\" tabindex=\"0\" aria-label=\"Diapositive pr\u00e9c\u00e9dente\">\n\t\t\t\t\t\t\t<svg aria-hidden=\"true\" class=\"e-font-icon-svg e-eicon-chevron-left\" viewBox=\"0 0 1000 1000\" xmlns=\"http:\/\/www.w3.org\/2000\/svg\"><path d=\"M646 125C629 125 613 133 604 142L308 442C296 454 292 471 292 487 292 504 296 521 308 533L604 854C617 867 629 875 646 875 663 875 679 871 692 858 704 846 713 829 713 812 713 796 708 779 692 767L438 487 692 225C700 217 708 204 708 187 708 171 704 154 692 142 675 129 663 125 646 125Z\"><\/path><\/svg>\t\t\t\t\t\t<\/div>\n\t\t\t\t\t\t<div class=\"elementor-swiper-button elementor-swiper-button-next\" role=\"button\" tabindex=\"0\" aria-label=\"Diapositive suivante\">\n\t\t\t\t\t\t\t<svg aria-hidden=\"true\" class=\"e-font-icon-svg e-eicon-chevron-right\" viewBox=\"0 0 1000 1000\" xmlns=\"http:\/\/www.w3.org\/2000\/svg\"><path d=\"M696 533C708 521 713 504 713 487 713 471 708 454 696 446L400 146C388 133 375 125 354 125 338 125 325 129 313 142 300 154 292 171 292 187 292 204 296 221 308 233L563 492 304 771C292 783 288 800 288 817 288 833 296 850 308 863 321 871 338 875 354 875 371 875 388 867 400 854L696 533Z\"><\/path><\/svg>\t\t\t\t\t\t<\/div>\n\t\t\t\t\t\t\t\t\t\t\t\t\t\t\t\t<div class=\"swiper-pagination\"><\/div>\n\t\t\t\t\t\t\t\t\t\t\t\t<\/div>\n\t\t\t\t<\/div>\n\t\t\t\t\t\t\t\t<\/div>\n\t\t\t\t<\/div>\n\t\t\t\t<div class=\"elementor-element elementor-element-f080de2 elementor-widget elementor-widget-exhibz-title\" data-id=\"f080de2\" data-element_type=\"widget\" data-e-type=\"widget\" data-settings=\"{&quot;ekit_we_effect_on&quot;:&quot;none&quot;}\" data-widget_type=\"exhibz-title.default\">\n\t\t\t\t<div class=\"elementor-widget-container\">\n\t\t\t\t\t\n    <div class=\"title-section-area\">\n        <h2 class=\"section-title\">\n            <span class=\"sub-title\"><\/span>\n\t\t\tSi vous voulez en apprendre davantage au sujet d\u2019Ottawa ...        <\/h2>\n\t\t\t\t\t<div class=\"title-desc\"><p>visitez le site Web de <a href=\"http:\/\/www.ottawatourism.ca\/fr\/\" target=\"_blank\" rel=\"noopener\">Tourisme Ottawa<\/a> et voyez la liste compl\u00e8te de ce que la ville a \u00e0 vous offrir.<\/p><\/div>\n\t\t                    <span class=\"title-shape\">\n                  <svg xmlns='http:\/\/www.w3.org\/2000\/svg' xmlns:xlink='http:\/\/www.w3.org\/1999\/xlink' width='71px' height='11px'> <path fill-rule='evenodd' d='M59.669,10.710 L49.164,3.306 L39.428,10.681 L29.714,3.322 L20.006,10.682 L10.295,3.322 L1.185,10.228 L-0.010,8.578 L10.295,0.765 L20.006,8.125 L29.714,0.765 L39.428,8.125 L49.122,0.781 L59.680,8.223 L69.858,1.192 L70.982,2.895 L59.669,10.710 Z'\/><\/svg>\n            <\/span>\n                    <\/div><!-- Section title -->\n    \n    \n\n    \t\t\t\t<\/div>\n\t\t\t\t<\/div>\n\t\t\t\t\t<\/div>\n\t\t<\/div>\n\t\t\t\t\t<\/div>\n\t\t<\/section>\n\t\t<div class=\"elementor-element elementor-element-4c9d3b3 e-flex e-con-boxed e-con e-parent\" data-id=\"4c9d3b3\" data-element_type=\"container\" data-e-type=\"container\">\n\t\t\t\t\t<div class=\"e-con-inner\">\n\t\t<div class=\"elementor-element elementor-element-d14c820 e-flex e-con-boxed e-con e-child\" data-id=\"d14c820\" data-element_type=\"container\" data-e-type=\"container\">\n\t\t\t\t\t<div class=\"e-con-inner\">\n\t\t<div class=\"elementor-element elementor-element-243a197 e-con-full e-flex e-con e-child\" data-id=\"243a197\" data-element_type=\"container\" data-e-type=\"container\">\n\t\t\t\t<div class=\"elementor-element elementor-element-ad97cc2 elementor-widget elementor-widget-exhibz-feature\" data-id=\"ad97cc2\" data-element_type=\"widget\" data-e-type=\"widget\" data-settings=\"{&quot;ekit_we_effect_on&quot;:&quot;none&quot;}\" data-widget_type=\"exhibz-feature.default\">\n\t\t\t\t<div class=\"elementor-widget-container\">\n\t\t\t\t\t\n\t\t            <div class=\"single-intro-text mb-70\">\n\t\t\t\t<svg aria-hidden=\"true\" class=\"e-font-icon-svg e-fas-home\" viewBox=\"0 0 576 512\" xmlns=\"http:\/\/www.w3.org\/2000\/svg\"><path d=\"M280.37 148.26L96 300.11V464a16 16 0 0 0 16 16l112.06-.29a16 16 0 0 0 15.92-16V368a16 16 0 0 1 16-16h64a16 16 0 0 1 16 16v95.64a16 16 0 0 0 16 16.05L464 480a16 16 0 0 0 16-16V300L295.67 148.26a12.19 12.19 0 0 0-15.3 0zM571.6 251.47L488 182.56V44.05a12 12 0 0 0-12-12h-56a12 12 0 0 0-12 12v72.61L318.47 43a48 48 0 0 0-61 0L4.34 251.47a12 12 0 0 0-1.6 16.9l25.5 31A12 12 0 0 0 45.15 301l235.22-193.74a12.19 12.19 0 0 1 15.3 0L530.9 301a12 12 0 0 0 16.9-1.6l25.5-31a12 12 0 0 0-1.7-16.93z\"><\/path><\/svg>                <h3 class=\"ts-title\">Voyage \u00e0 Ottawa\u200b<\/h3>\n                <p>\n\t\t\t\t\tDes tarifs r\u00e9duits pour les participants inscrits sont disponibles pour Air Canada, WestJet, Porter et VIA Rail.\n<br><br>\n<a href=\"https:\/\/cannexus.ceric.ca\/fr\/voyage-a-ottawa\/\">\nPlus\u00a0d\u2019info<\/a>                <\/p>\n                <span class=\"count-number\"><\/span>\n            <\/div><!-- single intro text end-->\n\t\t\n\t\t\n\t\t\n\t\t\n\t\t\n\n\t\t\t\t\t\t<\/div>\n\t\t\t\t<\/div>\n\t\t\t\t<\/div>\n\t\t<div class=\"elementor-element elementor-element-c04f953 e-con-full e-flex e-con e-child\" data-id=\"c04f953\" data-element_type=\"container\" data-e-type=\"container\">\n\t\t\t\t<div class=\"elementor-element elementor-element-7bb20f1 elementor-widget elementor-widget-exhibz-feature\" data-id=\"7bb20f1\" data-element_type=\"widget\" data-e-type=\"widget\" data-settings=\"{&quot;ekit_we_effect_on&quot;:&quot;none&quot;}\" data-widget_type=\"exhibz-feature.default\">\n\t\t\t\t<div class=\"elementor-widget-container\">\n\t\t\t\t\t\n\t\t            <div class=\"single-intro-text mb-70\">\n\t\t\t\t<svg aria-hidden=\"true\" class=\"e-font-icon-svg e-fas-home\" viewBox=\"0 0 576 512\" xmlns=\"http:\/\/www.w3.org\/2000\/svg\"><path d=\"M280.37 148.26L96 300.11V464a16 16 0 0 0 16 16l112.06-.29a16 16 0 0 0 15.92-16V368a16 16 0 0 1 16-16h64a16 16 0 0 1 16 16v95.64a16 16 0 0 0 16 16.05L464 480a16 16 0 0 0 16-16V300L295.67 148.26a12.19 12.19 0 0 0-15.3 0zM571.6 251.47L488 182.56V44.05a12 12 0 0 0-12-12h-56a12 12 0 0 0-12 12v72.61L318.47 43a48 48 0 0 0-61 0L4.34 251.47a12 12 0 0 0-1.6 16.9l25.5 31A12 12 0 0 0 45.15 301l235.22-193.74a12.19 12.19 0 0 1 15.3 0L530.9 301a12 12 0 0 0 16.9-1.6l25.5-31a12 12 0 0 0-1.7-16.93z\"><\/path><\/svg>                <h3 class=\"ts-title\">Stationnement du Centre Rogers Ottawa<\/h3>\n                <p>\n\t\t\t\t\tLe parc de stationnement du Centre Rogers Ottawa est une installation souterraine de 2 \u00e9tages qui compte 730 places.\u00a0\n<BR><BR><a href=\"https:\/\/cannexus.ceric.ca\/fr\/stationnement\/\">\nPlus\u00a0d\u2019info<\/a>                <\/p>\n                <span class=\"count-number\"><\/span>\n            <\/div><!-- single intro text end-->\n\t\t\n\t\t\n\t\t\n\t\t\n\t\t\n\n\t\t\t\t\t\t<\/div>\n\t\t\t\t<\/div>\n\t\t\t\t<\/div>\n\t\t\t\t\t<\/div>\n\t\t\t\t<\/div>\n\t\t\t\t\t<\/div>\n\t\t\t\t<\/div>\n\t\t\t\t<section class=\"elementor-section elementor-top-section elementor-element elementor-element-6b0adba elementor-section-boxed elementor-section-height-default elementor-section-height-default\" data-id=\"6b0adba\" data-element_type=\"section\" data-e-type=\"section\">\n\t\t\t\t\t\t<div class=\"elementor-container elementor-column-gap-default\">\n\t\t\t\t\t<div class=\"elementor-column elementor-col-100 elementor-top-column elementor-element elementor-element-4214cff\" data-id=\"4214cff\" data-element_type=\"column\" data-e-type=\"column\">\n\t\t\t<div class=\"elementor-widget-wrap elementor-element-populated\">\n\t\t\t\t\t\t<div class=\"elementor-element elementor-element-ed6c51d elementor-alert-warning elementor-widget elementor-widget-alert\" data-id=\"ed6c51d\" data-element_type=\"widget\" data-e-type=\"widget\" data-settings=\"{&quot;ekit_we_effect_on&quot;:&quot;none&quot;}\" data-widget_type=\"alert.default\">\n\t\t\t\t<div class=\"elementor-widget-container\">\n\t\t\t\t\t\t\t<div class=\"elementor-alert\" role=\"alert\">\n\n\t\t\t\t\t\t<span class=\"elementor-alert-title\">Vous avez des questions ?<\/span>\n\t\t\t\n\t\t\t\t\t\t<span class=\"elementor-alert-description\">Veuillez contacter <a href=\"mailto:cannexus@ceric.ca\">cannexus@ceric.ca<\/a>.<\/span>\n\t\t\t\n\t\t\t\t\t\t<button type=\"button\" class=\"elementor-alert-dismiss\" aria-label=\"Ignorer cette alerte.\">\n\t\t\t\t\t\t\t\t\t<span aria-hidden=\"true\">&times;<\/span>\n\t\t\t\t\t\t\t<\/button>\n\t\t\t\n\t\t<\/div>\n\t\t\t\t\t\t<\/div>\n\t\t\t\t<\/div>\n\t\t\t\t\t<\/div>\n\t\t<\/div>\n\t\t\t\t\t<\/div>\n\t\t<\/section>\n\t\t\t\t<\/div>\n\t\t","protected":false},"excerpt":{"rendered":"<p>\u00c0 propos d\u2019Ottawa Situ\u00e9 dans l\u2019est de l\u2019Ontario, Ottawa est la capitale nationale du Canada et un foyer d\u2019architecture historique, de parcs sc\u00e9niques et de culture canadienne. En hiver, la ville se transforme en un paradis hivernal couvert de neige et abrite la plus longue patinoire du monde. Ottawa est la quatri\u00e8me plus grande ville [&hellip;]<\/p>\n","protected":false},"author":9,"featured_media":0,"parent":0,"menu_order":0,"comment_status":"closed","ping_status":"closed","template":"elementor_header_footer","meta":{"wp_social_preview_title":"","wp_social_preview_description":"","wp_social_preview_image":0,"footnotes":""},"class_list":["post-15183","page","type-page","status-publish","hentry"],"yoast_head":"<!-- This site is optimized with the Yoast SEO Premium plugin v26.0 (Yoast SEO v26.0) - https:\/\/yoast.com\/wordpress\/plugins\/seo\/ -->\n<title>\u00c0 propos d\u2019Ottawa - Cannexus27<\/title>\n<meta name=\"robots\" content=\"index, follow, max-snippet:-1, max-image-preview:large, max-video-preview:-1\" \/>\n<link rel=\"canonical\" href=\"https:\/\/cannexus.ceric.ca\/fr\/a-propos-dottawa\/\" \/>\n<meta property=\"og:locale\" content=\"fr_FR\" \/>\n<meta property=\"og:type\" content=\"article\" \/>\n<meta property=\"og:title\" content=\"\u00c0 propos d\u2019Ottawa\" \/>\n<meta property=\"og:description\" content=\"\u00c0 propos d\u2019Ottawa Situ\u00e9 dans l\u2019est de l\u2019Ontario, Ottawa est la capitale nationale du Canada et un foyer d\u2019architecture historique, de parcs sc\u00e9niques et de culture canadienne. En hiver, la ville se transforme en un paradis hivernal couvert de neige et abrite la plus longue patinoire du monde. Ottawa est la quatri\u00e8me plus grande ville [&hellip;]\" \/>\n<meta property=\"og:url\" content=\"https:\/\/cannexus.ceric.ca\/fr\/a-propos-dottawa\/\" \/>\n<meta property=\"og:site_name\" content=\"Cannexus27\" \/>\n<meta property=\"article:modified_time\" content=\"2025-06-23T11:54:39+00:00\" \/>\n<meta property=\"og:image\" content=\"https:\/\/cannexus.ceric.ca\/wp-content\/uploads\/2024\/04\/CX25-v1-5.png\" \/>\n\t<meta property=\"og:image:width\" content=\"1200\" \/>\n\t<meta property=\"og:image:height\" content=\"300\" \/>\n\t<meta property=\"og:image:type\" content=\"image\/png\" \/>\n<meta name=\"twitter:card\" content=\"summary_large_image\" \/>\n<meta name=\"twitter:label1\" content=\"Dur\u00e9e de lecture estim\u00e9e\" \/>\n\t<meta name=\"twitter:data1\" content=\"3 minutes\" \/>\n<script type=\"application\/ld+json\" class=\"yoast-schema-graph\">{\"@context\":\"https:\/\/schema.org\",\"@graph\":[{\"@type\":\"WebPage\",\"@id\":\"https:\/\/cannexus.ceric.ca\/fr\/a-propos-dottawa\/\",\"url\":\"https:\/\/cannexus.ceric.ca\/fr\/a-propos-dottawa\/\",\"name\":\"\u00c0 propos d\u2019Ottawa - Cannexus27\",\"isPartOf\":{\"@id\":\"https:\/\/cannexus.ceric.ca\/fr\/#website\"},\"datePublished\":\"2022-08-11T20:31:21+00:00\",\"dateModified\":\"2025-06-23T11:54:39+00:00\",\"breadcrumb\":{\"@id\":\"https:\/\/cannexus.ceric.ca\/fr\/a-propos-dottawa\/#breadcrumb\"},\"inLanguage\":\"fr-FR\",\"potentialAction\":[{\"@type\":\"ReadAction\",\"target\":[\"https:\/\/cannexus.ceric.ca\/fr\/a-propos-dottawa\/\"]}]},{\"@type\":\"BreadcrumbList\",\"@id\":\"https:\/\/cannexus.ceric.ca\/fr\/a-propos-dottawa\/#breadcrumb\",\"itemListElement\":[{\"@type\":\"ListItem\",\"position\":1,\"name\":\"Home\",\"item\":\"https:\/\/cannexus.ceric.ca\/fr\/\"},{\"@type\":\"ListItem\",\"position\":2,\"name\":\"\u00c0 propos d\u2019Ottawa\"}]},{\"@type\":\"WebSite\",\"@id\":\"https:\/\/cannexus.ceric.ca\/fr\/#website\",\"url\":\"https:\/\/cannexus.ceric.ca\/fr\/\",\"name\":\"Cannexus26: Canada\u2019s Career Development Conference\",\"description\":\"Canada\u2019s Career Development Conference\",\"publisher\":{\"@id\":\"https:\/\/cannexus.ceric.ca\/fr\/#organization\"},\"alternateName\":\"Cannexus26\",\"potentialAction\":[{\"@type\":\"SearchAction\",\"target\":{\"@type\":\"EntryPoint\",\"urlTemplate\":\"https:\/\/cannexus.ceric.ca\/fr\/?s={search_term_string}\"},\"query-input\":{\"@type\":\"PropertyValueSpecification\",\"valueRequired\":true,\"valueName\":\"search_term_string\"}}],\"inLanguage\":\"fr-FR\"},{\"@type\":\"Organization\",\"@id\":\"https:\/\/cannexus.ceric.ca\/fr\/#organization\",\"name\":\"Cannexus26\",\"url\":\"https:\/\/cannexus.ceric.ca\/fr\/\",\"logo\":{\"@type\":\"ImageObject\",\"inLanguage\":\"fr-FR\",\"@id\":\"https:\/\/cannexus.ceric.ca\/fr\/#\/schema\/logo\/image\/\",\"url\":\"https:\/\/cannexus.ceric.ca\/wp-content\/uploads\/2025\/04\/CX-seal.png\",\"contentUrl\":\"https:\/\/cannexus.ceric.ca\/wp-content\/uploads\/2025\/04\/CX-seal.png\",\"width\":2000,\"height\":1574,\"caption\":\"Cannexus26\"},\"image\":{\"@id\":\"https:\/\/cannexus.ceric.ca\/fr\/#\/schema\/logo\/image\/\"}}]}<\/script>\n<!-- \/ Yoast SEO Premium plugin. -->","yoast_head_json":{"title":"\u00c0 propos d\u2019Ottawa - Cannexus27","robots":{"index":"index","follow":"follow","max-snippet":"max-snippet:-1","max-image-preview":"max-image-preview:large","max-video-preview":"max-video-preview:-1"},"canonical":"https:\/\/cannexus.ceric.ca\/fr\/a-propos-dottawa\/","og_locale":"fr_FR","og_type":"article","og_title":"\u00c0 propos d\u2019Ottawa","og_description":"\u00c0 propos d\u2019Ottawa Situ\u00e9 dans l\u2019est de l\u2019Ontario, Ottawa est la capitale nationale du Canada et un foyer d\u2019architecture historique, de parcs sc\u00e9niques et de culture canadienne. En hiver, la ville se transforme en un paradis hivernal couvert de neige et abrite la plus longue patinoire du monde. Ottawa est la quatri\u00e8me plus grande ville [&hellip;]","og_url":"https:\/\/cannexus.ceric.ca\/fr\/a-propos-dottawa\/","og_site_name":"Cannexus27","article_modified_time":"2025-06-23T11:54:39+00:00","og_image":[{"width":1200,"height":300,"url":"https:\/\/cannexus.ceric.ca\/wp-content\/uploads\/2024\/04\/CX25-v1-5.png","type":"image\/png"}],"twitter_card":"summary_large_image","twitter_misc":{"Dur\u00e9e de lecture estim\u00e9e":"3 minutes"},"schema":{"@context":"https:\/\/schema.org","@graph":[{"@type":"WebPage","@id":"https:\/\/cannexus.ceric.ca\/fr\/a-propos-dottawa\/","url":"https:\/\/cannexus.ceric.ca\/fr\/a-propos-dottawa\/","name":"\u00c0 propos d\u2019Ottawa - Cannexus27","isPartOf":{"@id":"https:\/\/cannexus.ceric.ca\/fr\/#website"},"datePublished":"2022-08-11T20:31:21+00:00","dateModified":"2025-06-23T11:54:39+00:00","breadcrumb":{"@id":"https:\/\/cannexus.ceric.ca\/fr\/a-propos-dottawa\/#breadcrumb"},"inLanguage":"fr-FR","potentialAction":[{"@type":"ReadAction","target":["https:\/\/cannexus.ceric.ca\/fr\/a-propos-dottawa\/"]}]},{"@type":"BreadcrumbList","@id":"https:\/\/cannexus.ceric.ca\/fr\/a-propos-dottawa\/#breadcrumb","itemListElement":[{"@type":"ListItem","position":1,"name":"Home","item":"https:\/\/cannexus.ceric.ca\/fr\/"},{"@type":"ListItem","position":2,"name":"\u00c0 propos d\u2019Ottawa"}]},{"@type":"WebSite","@id":"https:\/\/cannexus.ceric.ca\/fr\/#website","url":"https:\/\/cannexus.ceric.ca\/fr\/","name":"Cannexus26: Canada\u2019s Career Development Conference","description":"Canada\u2019s Career Development Conference","publisher":{"@id":"https:\/\/cannexus.ceric.ca\/fr\/#organization"},"alternateName":"Cannexus26","potentialAction":[{"@type":"SearchAction","target":{"@type":"EntryPoint","urlTemplate":"https:\/\/cannexus.ceric.ca\/fr\/?s={search_term_string}"},"query-input":{"@type":"PropertyValueSpecification","valueRequired":true,"valueName":"search_term_string"}}],"inLanguage":"fr-FR"},{"@type":"Organization","@id":"https:\/\/cannexus.ceric.ca\/fr\/#organization","name":"Cannexus26","url":"https:\/\/cannexus.ceric.ca\/fr\/","logo":{"@type":"ImageObject","inLanguage":"fr-FR","@id":"https:\/\/cannexus.ceric.ca\/fr\/#\/schema\/logo\/image\/","url":"https:\/\/cannexus.ceric.ca\/wp-content\/uploads\/2025\/04\/CX-seal.png","contentUrl":"https:\/\/cannexus.ceric.ca\/wp-content\/uploads\/2025\/04\/CX-seal.png","width":2000,"height":1574,"caption":"Cannexus26"},"image":{"@id":"https:\/\/cannexus.ceric.ca\/fr\/#\/schema\/logo\/image\/"}}]}},"_links":{"self":[{"href":"https:\/\/cannexus.ceric.ca\/fr\/wp-json\/wp\/v2\/pages\/15183","targetHints":{"allow":["GET"]}}],"collection":[{"href":"https:\/\/cannexus.ceric.ca\/fr\/wp-json\/wp\/v2\/pages"}],"about":[{"href":"https:\/\/cannexus.ceric.ca\/fr\/wp-json\/wp\/v2\/types\/page"}],"author":[{"embeddable":true,"href":"https:\/\/cannexus.ceric.ca\/fr\/wp-json\/wp\/v2\/users\/9"}],"replies":[{"embeddable":true,"href":"https:\/\/cannexus.ceric.ca\/fr\/wp-json\/wp\/v2\/comments?post=15183"}],"version-history":[{"count":0,"href":"https:\/\/cannexus.ceric.ca\/fr\/wp-json\/wp\/v2\/pages\/15183\/revisions"}],"wp:attachment":[{"href":"https:\/\/cannexus.ceric.ca\/fr\/wp-json\/wp\/v2\/media?parent=15183"}],"curies":[{"name":"wp","href":"https:\/\/api.w.org\/{rel}","templated":true}]}}