{"id":11472,"date":"2022-01-18T16:37:18","date_gmt":"2022-01-18T21:37:18","guid":{"rendered":"https:\/\/cannexus.ceric.ca\/?page_id=11472"},"modified":"2025-04-09T11:19:48","modified_gmt":"2025-04-09T15:19:48","slug":"acceder-aux-enregistrements-virtuels","status":"publish","type":"page","link":"https:\/\/cannexus.ceric.ca\/fr\/acceder-aux-enregistrements-virtuels\/","title":{"rendered":"Acc\u00e9der aux enregistrements virtuels"},"content":{"rendered":"\t\t<div data-elementor-type=\"wp-page\" data-elementor-id=\"11472\" class=\"elementor elementor-11472 elementor-11349\" data-elementor-post-type=\"page\">\n\t\t\t\t\t\t<section class=\"elementor-section elementor-top-section elementor-element elementor-element-4e1e008 elementor-section-boxed elementor-section-height-default elementor-section-height-default\" data-id=\"4e1e008\" data-element_type=\"section\" data-e-type=\"section\">\n\t\t\t\t\t\t<div class=\"elementor-container elementor-column-gap-default\">\n\t\t\t\t\t<div class=\"elementor-column elementor-col-100 elementor-top-column elementor-element elementor-element-97c2dd2\" data-id=\"97c2dd2\" data-element_type=\"column\" data-e-type=\"column\">\n\t\t\t<div class=\"elementor-widget-wrap elementor-element-populated\">\n\t\t\t\t\t\t<div class=\"elementor-element elementor-element-d32d2e0 elementor-invisible elementor-widget elementor-widget-exhibz-title\" data-id=\"d32d2e0\" data-element_type=\"widget\" data-e-type=\"widget\" data-settings=\"{&quot;_animation&quot;:&quot;fadeInUp&quot;,&quot;_animation_delay&quot;:350,&quot;ekit_we_effect_on&quot;:&quot;none&quot;}\" data-widget_type=\"exhibz-title.default\">\n\t\t\t\t<div class=\"elementor-widget-container\">\n\t\t\t\t\t\n    <div class=\"title-section-area\">\n        <h2 class=\"section-title\">\n            <span class=\"sub-title\">Acc\u00e9der aux enregistrements virtuels<\/span>\n\t\t\t        <\/h2>\n\t\t                    <\/div><!-- Section title -->\n    \n    \n\n    \t\t\t\t<\/div>\n\t\t\t\t<\/div>\n\t\t\t\t<div class=\"elementor-element elementor-element-1cd60bb elementor-widget elementor-widget-text-editor\" data-id=\"1cd60bb\" data-element_type=\"widget\" data-e-type=\"widget\" data-settings=\"{&quot;ekit_we_effect_on&quot;:&quot;none&quot;}\" data-widget_type=\"text-editor.default\">\n\t\t\t\t<div class=\"elementor-widget-container\">\n\t\t\t\t\t\t\t\t\t<p>D\u00e9l\u00e9gu\u00e9s en pr\u00e9sentiel ou en virtuel, tout est pr\u00eat pour que vous puissiez regarder les enregistrements des s\u00e9ances virtuelles et hybrides de Cannexus25. Cela inclut toutes les allocutions et les s\u00e9ances de la sc\u00e8ne principale qui ont eu lieu \u00e0 Ottawa!<\/p>\n<p>Initialement pr\u00e9vu pour une dur\u00e9e de 3 mois, l\u2019acc\u00e8s aux enregistrements du congr\u00e8s Cannexus25 est d\u00e9sormais prolong\u00e9 jusqu\u2019au 30 mai 2025 \u2014 vous offrant ainsi encore plus d\u2019occasions de continuer \u00e0 apprendre!<\/p>\t\t\t\t\t\t\t\t<\/div>\n\t\t\t\t<\/div>\n\t\t\t\t<div class=\"elementor-element elementor-element-0612b51 elementor-widget elementor-widget-text-editor\" data-id=\"0612b51\" data-element_type=\"widget\" data-e-type=\"widget\" data-settings=\"{&quot;ekit_we_effect_on&quot;:&quot;none&quot;}\" data-widget_type=\"text-editor.default\">\n\t\t\t\t<div class=\"elementor-widget-container\">\n\t\t\t\t\t\t\t\t\t<p><strong>D\u00e9l\u00e9gu\u00e9s en pr\u00e9sentiel<\/strong> : v\u00e9rifiez vos bo\u00eetes de r\u00e9ception pour un courriel envoy\u00e9 le 7 f\u00e9vrier 2025 pour obtenir des instructions sur la mani\u00e8re d&#8217;acc\u00e9der \u00e0 la <a href=\"https:\/\/cannexus.vfairs.ca\/fr\/\" target=\"_blank\" rel=\"noopener\" data-wplink-edit=\"true\">plateforme virtuelle<\/a>.<\/p>\t\t\t\t\t\t\t\t<\/div>\n\t\t\t\t<\/div>\n\t\t\t\t<div class=\"elementor-element elementor-element-a4252d5 elementor-align-center elementor-widget elementor-widget-button\" data-id=\"a4252d5\" data-element_type=\"widget\" data-e-type=\"widget\" data-settings=\"{&quot;ekit_we_effect_on&quot;:&quot;none&quot;}\" data-widget_type=\"button.default\">\n\t\t\t\t<div class=\"elementor-widget-container\">\n\t\t\t\t\t\t\t\t\t<div class=\"elementor-button-wrapper\">\n\t\t\t\t\t<a class=\"elementor-button elementor-button-link elementor-size-lg\" href=\"https:\/\/pheedloop.com\/cannexus25\/login\/auth\/?redirect=\/cannexus25\/virtual\/\">\n\t\t\t\t\t\t<span class=\"elementor-button-content-wrapper\">\n\t\t\t\t\t\t\t\t\t<span class=\"elementor-button-text\"><b>Plateforme virtuelle<\/b><\/span>\n\t\t\t\t\t<\/span>\n\t\t\t\t\t<\/a>\n\t\t\t\t<\/div>\n\t\t\t\t\t\t\t\t<\/div>\n\t\t\t\t<\/div>\n\t\t\t\t\t<\/div>\n\t\t<\/div>\n\t\t\t\t\t<\/div>\n\t\t<\/section>\n\t\t<div class=\"elementor-element elementor-element-1468147 e-flex e-con-boxed e-con e-parent\" data-id=\"1468147\" data-element_type=\"container\" data-e-type=\"container\">\n\t\t\t\t\t<div class=\"e-con-inner\">\n\t\t<div class=\"elementor-element elementor-element-d357139 e-con-full e-flex e-con e-child\" data-id=\"d357139\" data-element_type=\"container\" data-e-type=\"container\">\n\t\t\t\t<div class=\"elementor-element elementor-element-d362e37 elementor-align-center elementor-widget elementor-widget-button\" data-id=\"d362e37\" data-element_type=\"widget\" data-e-type=\"widget\" data-settings=\"{&quot;ekit_we_effect_on&quot;:&quot;none&quot;}\" data-widget_type=\"button.default\">\n\t\t\t\t<div class=\"elementor-widget-container\">\n\t\t\t\t\t\t\t\t\t<div class=\"elementor-button-wrapper\">\n\t\t\t\t\t<a class=\"elementor-button elementor-button-link elementor-size-sm\" href=\"https:\/\/cannexus.ceric.ca\/wp-content\/uploads\/2025\/04\/Cannexus25-Attendee-Guide-FR-pdf.pdf\">\n\t\t\t\t\t\t<span class=\"elementor-button-content-wrapper\">\n\t\t\t\t\t\t\t\t\t<span class=\"elementor-button-text\">Guide des participants virtuels<\/span>\n\t\t\t\t\t<\/span>\n\t\t\t\t\t<\/a>\n\t\t\t\t<\/div>\n\t\t\t\t\t\t\t\t<\/div>\n\t\t\t\t<\/div>\n\t\t\t\t<div class=\"elementor-element elementor-element-418808a elementor-widget elementor-widget-text-editor\" data-id=\"418808a\" data-element_type=\"widget\" data-e-type=\"widget\" data-settings=\"{&quot;ekit_we_effect_on&quot;:&quot;none&quot;}\" data-widget_type=\"text-editor.default\">\n\t\t\t\t<div class=\"elementor-widget-container\">\n\t\t\t\t\t\t\t\t\t<p><strong>REMARQUE : <\/strong>\u00a0<\/p><p>Utilisez seulement les navigateurs Internet suivants :\u00a0<\/p><ul><li>Windows : Chrome v. 30 et plus, Firefox v. 27 et plus<\/li><li>Mac : Chrome v. 30 et plus, Firefox v. 27 et plus ou Safari<\/li><li>Linux : Chrome v. 30 et plus, Firefox v. 27 et plus<\/li><\/ul><p>Profitez de plus d\u2019une centaine de s\u00e9ances virtuelles et hybrides, dont les allocutions et les nombreuses s\u00e9ances de formation explorant des approches innovatrices en mati\u00e8re de carri\u00e8re, d\u2019emploi et de d\u00e9veloppement de la main-d\u2019\u0153uvre.\u00a0<\/p>\t\t\t\t\t\t\t\t<\/div>\n\t\t\t\t<\/div>\n\t\t\t\t<\/div>\n\t\t<div class=\"elementor-element elementor-element-249425c e-con-full e-flex e-con e-child\" data-id=\"249425c\" data-element_type=\"container\" data-e-type=\"container\">\n\t\t\t\t<div class=\"elementor-element elementor-element-c808e9e elementor-widget elementor-widget-image\" data-id=\"c808e9e\" data-element_type=\"widget\" data-e-type=\"widget\" data-settings=\"{&quot;ekit_we_effect_on&quot;:&quot;none&quot;}\" data-widget_type=\"image.default\">\n\t\t\t\t<div class=\"elementor-widget-container\">\n\t\t\t\t\t\t\t\t\t\t\t\t\t\t\t<img fetchpriority=\"high\" decoding=\"async\" width=\"800\" height=\"495\" src=\"https:\/\/cannexus.ceric.ca\/wp-content\/uploads\/2025\/04\/FR-1024x634.png\" class=\"attachment-large size-large wp-image-28045\" alt=\"\" srcset=\"https:\/\/cannexus.ceric.ca\/wp-content\/uploads\/2025\/04\/FR-1024x634.png 1024w, https:\/\/cannexus.ceric.ca\/wp-content\/uploads\/2025\/04\/FR-300x186.png 300w, https:\/\/cannexus.ceric.ca\/wp-content\/uploads\/2025\/04\/FR-768x475.png 768w, https:\/\/cannexus.ceric.ca\/wp-content\/uploads\/2025\/04\/FR-1536x950.png 1536w, https:\/\/cannexus.ceric.ca\/wp-content\/uploads\/2025\/04\/FR-2048x1267.png 2048w, https:\/\/cannexus.ceric.ca\/wp-content\/uploads\/2025\/04\/FR-750x465.png 750w\" sizes=\"(max-width: 800px) 100vw, 800px\" \/>\t\t\t\t\t\t\t\t\t\t\t\t\t\t\t<\/div>\n\t\t\t\t<\/div>\n\t\t\t\t<\/div>\n\t\t\t\t\t<\/div>\n\t\t\t\t<\/div>\n\t\t<div class=\"elementor-element elementor-element-e7e26a9 e-flex e-con-boxed e-con e-parent\" data-id=\"e7e26a9\" data-element_type=\"container\" data-e-type=\"container\">\n\t\t\t\t\t<div class=\"e-con-inner\">\n\t\t\t\t<div class=\"elementor-element elementor-element-14ce333 elementor-alert-warning elementor-widget elementor-widget-alert\" data-id=\"14ce333\" data-element_type=\"widget\" data-e-type=\"widget\" data-settings=\"{&quot;ekit_we_effect_on&quot;:&quot;none&quot;}\" data-widget_type=\"alert.default\">\n\t\t\t\t<div class=\"elementor-widget-container\">\n\t\t\t\t\t\t\t<div class=\"elementor-alert\" role=\"alert\">\n\n\t\t\t\t\t\t<span class=\"elementor-alert-title\">Questions?<\/span>\n\t\t\t\n\t\t\t\t\t\t<span class=\"elementor-alert-description\">Si vous avez besoin d'aide, veuillez contacter <a href=\"mailto:cannexus@ceric.ca\">cannexus@ceric.ca<\/a>.<\/span>\n\t\t\t\n\t\t\t\t\t\t<button type=\"button\" class=\"elementor-alert-dismiss\" aria-label=\"Ignorer cette alerte.\">\n\t\t\t\t\t\t\t\t\t<span aria-hidden=\"true\">&times;<\/span>\n\t\t\t\t\t\t\t<\/button>\n\t\t\t\n\t\t<\/div>\n\t\t\t\t\t\t<\/div>\n\t\t\t\t<\/div>\n\t\t\t\t\t<\/div>\n\t\t\t\t<\/div>\n\t\t\t\t<\/div>\n\t\t","protected":false},"excerpt":{"rendered":"<p>Acc\u00e9der aux enregistrements virtuels D\u00e9l\u00e9gu\u00e9s en pr\u00e9sentiel ou en virtuel, tout est pr\u00eat pour que vous puissiez regarder les enregistrements des s\u00e9ances virtuelles et hybrides de Cannexus25. Cela inclut toutes les allocutions et les s\u00e9ances de la sc\u00e8ne principale qui ont eu lieu \u00e0 Ottawa! Initialement pr\u00e9vu pour une dur\u00e9e de 3 mois, l\u2019acc\u00e8s aux [&hellip;]<\/p>\n","protected":false},"author":9,"featured_media":0,"parent":0,"menu_order":0,"comment_status":"closed","ping_status":"closed","template":"elementor_header_footer","meta":{"wp_social_preview_title":"","wp_social_preview_description":"","wp_social_preview_image":0,"footnotes":""},"class_list":["post-11472","page","type-page","status-publish","hentry"],"yoast_head":"<!-- This site is optimized with the Yoast SEO Premium plugin v26.0 (Yoast SEO v26.0) - https:\/\/yoast.com\/wordpress\/plugins\/seo\/ -->\n<title>Acc\u00e9der aux enregistrements virtuels - Cannexus27<\/title>\n<meta name=\"robots\" content=\"index, follow, max-snippet:-1, max-image-preview:large, max-video-preview:-1\" \/>\n<link rel=\"canonical\" href=\"https:\/\/cannexus.ceric.ca\/fr\/acceder-aux-enregistrements-virtuels\/\" \/>\n<meta property=\"og:locale\" content=\"fr_FR\" \/>\n<meta property=\"og:type\" content=\"article\" \/>\n<meta property=\"og:title\" content=\"Acc\u00e9der aux enregistrements virtuels\" \/>\n<meta property=\"og:description\" content=\"Acc\u00e9der aux enregistrements virtuels D\u00e9l\u00e9gu\u00e9s en pr\u00e9sentiel ou en virtuel, tout est pr\u00eat pour que vous puissiez regarder les enregistrements des s\u00e9ances virtuelles et hybrides de Cannexus25. Cela inclut toutes les allocutions et les s\u00e9ances de la sc\u00e8ne principale qui ont eu lieu \u00e0 Ottawa! Initialement pr\u00e9vu pour une dur\u00e9e de 3 mois, l\u2019acc\u00e8s aux [&hellip;]\" \/>\n<meta property=\"og:url\" content=\"https:\/\/cannexus.ceric.ca\/fr\/acceder-aux-enregistrements-virtuels\/\" \/>\n<meta property=\"og:site_name\" content=\"Cannexus27\" \/>\n<meta property=\"article:modified_time\" content=\"2025-04-09T15:19:48+00:00\" \/>\n<meta property=\"og:image\" content=\"https:\/\/cannexus.ceric.ca\/wp-content\/uploads\/2025\/04\/FR.png\" \/>\n\t<meta property=\"og:image:width\" content=\"2408\" \/>\n\t<meta property=\"og:image:height\" content=\"1490\" \/>\n\t<meta property=\"og:image:type\" content=\"image\/png\" \/>\n<meta name=\"twitter:card\" content=\"summary_large_image\" \/>\n<meta name=\"twitter:label1\" content=\"Dur\u00e9e de lecture estim\u00e9e\" \/>\n\t<meta name=\"twitter:data1\" content=\"2 minutes\" \/>\n<script type=\"application\/ld+json\" class=\"yoast-schema-graph\">{\"@context\":\"https:\/\/schema.org\",\"@graph\":[{\"@type\":\"WebPage\",\"@id\":\"https:\/\/cannexus.ceric.ca\/fr\/acceder-aux-enregistrements-virtuels\/\",\"url\":\"https:\/\/cannexus.ceric.ca\/fr\/acceder-aux-enregistrements-virtuels\/\",\"name\":\"Acc\u00e9der aux enregistrements virtuels - Cannexus27\",\"isPartOf\":{\"@id\":\"https:\/\/cannexus.ceric.ca\/fr\/#website\"},\"primaryImageOfPage\":{\"@id\":\"https:\/\/cannexus.ceric.ca\/fr\/acceder-aux-enregistrements-virtuels\/#primaryimage\"},\"image\":{\"@id\":\"https:\/\/cannexus.ceric.ca\/fr\/acceder-aux-enregistrements-virtuels\/#primaryimage\"},\"thumbnailUrl\":\"https:\/\/cannexus.ceric.ca\/wp-content\/uploads\/2025\/04\/FR-1024x634.png?_t=1744211988\",\"datePublished\":\"2022-01-18T21:37:18+00:00\",\"dateModified\":\"2025-04-09T15:19:48+00:00\",\"breadcrumb\":{\"@id\":\"https:\/\/cannexus.ceric.ca\/fr\/acceder-aux-enregistrements-virtuels\/#breadcrumb\"},\"inLanguage\":\"fr-FR\",\"potentialAction\":[{\"@type\":\"ReadAction\",\"target\":[\"https:\/\/cannexus.ceric.ca\/fr\/acceder-aux-enregistrements-virtuels\/\"]}]},{\"@type\":\"ImageObject\",\"inLanguage\":\"fr-FR\",\"@id\":\"https:\/\/cannexus.ceric.ca\/fr\/acceder-aux-enregistrements-virtuels\/#primaryimage\",\"url\":\"https:\/\/cannexus.ceric.ca\/wp-content\/uploads\/2025\/04\/FR-1024x634.png?_t=1744211988\",\"contentUrl\":\"https:\/\/cannexus.ceric.ca\/wp-content\/uploads\/2025\/04\/FR-1024x634.png?_t=1744211988\"},{\"@type\":\"BreadcrumbList\",\"@id\":\"https:\/\/cannexus.ceric.ca\/fr\/acceder-aux-enregistrements-virtuels\/#breadcrumb\",\"itemListElement\":[{\"@type\":\"ListItem\",\"position\":1,\"name\":\"Home\",\"item\":\"https:\/\/cannexus.ceric.ca\/fr\/\"},{\"@type\":\"ListItem\",\"position\":2,\"name\":\"Acc\u00e9der aux enregistrements virtuels\"}]},{\"@type\":\"WebSite\",\"@id\":\"https:\/\/cannexus.ceric.ca\/fr\/#website\",\"url\":\"https:\/\/cannexus.ceric.ca\/fr\/\",\"name\":\"Cannexus26: Canada\u2019s Career Development Conference\",\"description\":\"Canada\u2019s Career Development Conference\",\"publisher\":{\"@id\":\"https:\/\/cannexus.ceric.ca\/fr\/#organization\"},\"alternateName\":\"Cannexus26\",\"potentialAction\":[{\"@type\":\"SearchAction\",\"target\":{\"@type\":\"EntryPoint\",\"urlTemplate\":\"https:\/\/cannexus.ceric.ca\/fr\/?s={search_term_string}\"},\"query-input\":{\"@type\":\"PropertyValueSpecification\",\"valueRequired\":true,\"valueName\":\"search_term_string\"}}],\"inLanguage\":\"fr-FR\"},{\"@type\":\"Organization\",\"@id\":\"https:\/\/cannexus.ceric.ca\/fr\/#organization\",\"name\":\"Cannexus26\",\"url\":\"https:\/\/cannexus.ceric.ca\/fr\/\",\"logo\":{\"@type\":\"ImageObject\",\"inLanguage\":\"fr-FR\",\"@id\":\"https:\/\/cannexus.ceric.ca\/fr\/#\/schema\/logo\/image\/\",\"url\":\"https:\/\/cannexus.ceric.ca\/wp-content\/uploads\/2025\/04\/CX-seal.png\",\"contentUrl\":\"https:\/\/cannexus.ceric.ca\/wp-content\/uploads\/2025\/04\/CX-seal.png\",\"width\":2000,\"height\":1574,\"caption\":\"Cannexus26\"},\"image\":{\"@id\":\"https:\/\/cannexus.ceric.ca\/fr\/#\/schema\/logo\/image\/\"}}]}<\/script>\n<!-- \/ Yoast SEO Premium plugin. -->","yoast_head_json":{"title":"Acc\u00e9der aux enregistrements virtuels - Cannexus27","robots":{"index":"index","follow":"follow","max-snippet":"max-snippet:-1","max-image-preview":"max-image-preview:large","max-video-preview":"max-video-preview:-1"},"canonical":"https:\/\/cannexus.ceric.ca\/fr\/acceder-aux-enregistrements-virtuels\/","og_locale":"fr_FR","og_type":"article","og_title":"Acc\u00e9der aux enregistrements virtuels","og_description":"Acc\u00e9der aux enregistrements virtuels D\u00e9l\u00e9gu\u00e9s en pr\u00e9sentiel ou en virtuel, tout est pr\u00eat pour que vous puissiez regarder les enregistrements des s\u00e9ances virtuelles et hybrides de Cannexus25. Cela inclut toutes les allocutions et les s\u00e9ances de la sc\u00e8ne principale qui ont eu lieu \u00e0 Ottawa! Initialement pr\u00e9vu pour une dur\u00e9e de 3 mois, l\u2019acc\u00e8s aux [&hellip;]","og_url":"https:\/\/cannexus.ceric.ca\/fr\/acceder-aux-enregistrements-virtuels\/","og_site_name":"Cannexus27","article_modified_time":"2025-04-09T15:19:48+00:00","og_image":[{"width":2408,"height":1490,"url":"https:\/\/cannexus.ceric.ca\/wp-content\/uploads\/2025\/04\/FR.png","type":"image\/png"}],"twitter_card":"summary_large_image","twitter_misc":{"Dur\u00e9e de lecture estim\u00e9e":"2 minutes"},"schema":{"@context":"https:\/\/schema.org","@graph":[{"@type":"WebPage","@id":"https:\/\/cannexus.ceric.ca\/fr\/acceder-aux-enregistrements-virtuels\/","url":"https:\/\/cannexus.ceric.ca\/fr\/acceder-aux-enregistrements-virtuels\/","name":"Acc\u00e9der aux enregistrements virtuels - Cannexus27","isPartOf":{"@id":"https:\/\/cannexus.ceric.ca\/fr\/#website"},"primaryImageOfPage":{"@id":"https:\/\/cannexus.ceric.ca\/fr\/acceder-aux-enregistrements-virtuels\/#primaryimage"},"image":{"@id":"https:\/\/cannexus.ceric.ca\/fr\/acceder-aux-enregistrements-virtuels\/#primaryimage"},"thumbnailUrl":"https:\/\/cannexus.ceric.ca\/wp-content\/uploads\/2025\/04\/FR-1024x634.png?_t=1744211988","datePublished":"2022-01-18T21:37:18+00:00","dateModified":"2025-04-09T15:19:48+00:00","breadcrumb":{"@id":"https:\/\/cannexus.ceric.ca\/fr\/acceder-aux-enregistrements-virtuels\/#breadcrumb"},"inLanguage":"fr-FR","potentialAction":[{"@type":"ReadAction","target":["https:\/\/cannexus.ceric.ca\/fr\/acceder-aux-enregistrements-virtuels\/"]}]},{"@type":"ImageObject","inLanguage":"fr-FR","@id":"https:\/\/cannexus.ceric.ca\/fr\/acceder-aux-enregistrements-virtuels\/#primaryimage","url":"https:\/\/cannexus.ceric.ca\/wp-content\/uploads\/2025\/04\/FR-1024x634.png?_t=1744211988","contentUrl":"https:\/\/cannexus.ceric.ca\/wp-content\/uploads\/2025\/04\/FR-1024x634.png?_t=1744211988"},{"@type":"BreadcrumbList","@id":"https:\/\/cannexus.ceric.ca\/fr\/acceder-aux-enregistrements-virtuels\/#breadcrumb","itemListElement":[{"@type":"ListItem","position":1,"name":"Home","item":"https:\/\/cannexus.ceric.ca\/fr\/"},{"@type":"ListItem","position":2,"name":"Acc\u00e9der aux enregistrements virtuels"}]},{"@type":"WebSite","@id":"https:\/\/cannexus.ceric.ca\/fr\/#website","url":"https:\/\/cannexus.ceric.ca\/fr\/","name":"Cannexus26: Canada\u2019s Career Development Conference","description":"Canada\u2019s Career Development Conference","publisher":{"@id":"https:\/\/cannexus.ceric.ca\/fr\/#organization"},"alternateName":"Cannexus26","potentialAction":[{"@type":"SearchAction","target":{"@type":"EntryPoint","urlTemplate":"https:\/\/cannexus.ceric.ca\/fr\/?s={search_term_string}"},"query-input":{"@type":"PropertyValueSpecification","valueRequired":true,"valueName":"search_term_string"}}],"inLanguage":"fr-FR"},{"@type":"Organization","@id":"https:\/\/cannexus.ceric.ca\/fr\/#organization","name":"Cannexus26","url":"https:\/\/cannexus.ceric.ca\/fr\/","logo":{"@type":"ImageObject","inLanguage":"fr-FR","@id":"https:\/\/cannexus.ceric.ca\/fr\/#\/schema\/logo\/image\/","url":"https:\/\/cannexus.ceric.ca\/wp-content\/uploads\/2025\/04\/CX-seal.png","contentUrl":"https:\/\/cannexus.ceric.ca\/wp-content\/uploads\/2025\/04\/CX-seal.png","width":2000,"height":1574,"caption":"Cannexus26"},"image":{"@id":"https:\/\/cannexus.ceric.ca\/fr\/#\/schema\/logo\/image\/"}}]}},"_links":{"self":[{"href":"https:\/\/cannexus.ceric.ca\/fr\/wp-json\/wp\/v2\/pages\/11472","targetHints":{"allow":["GET"]}}],"collection":[{"href":"https:\/\/cannexus.ceric.ca\/fr\/wp-json\/wp\/v2\/pages"}],"about":[{"href":"https:\/\/cannexus.ceric.ca\/fr\/wp-json\/wp\/v2\/types\/page"}],"author":[{"embeddable":true,"href":"https:\/\/cannexus.ceric.ca\/fr\/wp-json\/wp\/v2\/users\/9"}],"replies":[{"embeddable":true,"href":"https:\/\/cannexus.ceric.ca\/fr\/wp-json\/wp\/v2\/comments?post=11472"}],"version-history":[{"count":0,"href":"https:\/\/cannexus.ceric.ca\/fr\/wp-json\/wp\/v2\/pages\/11472\/revisions"}],"wp:attachment":[{"href":"https:\/\/cannexus.ceric.ca\/fr\/wp-json\/wp\/v2\/media?parent=11472"}],"curies":[{"name":"wp","href":"https:\/\/api.w.org\/{rel}","templated":true}]}}