{"id":11167,"date":"2021-12-17T14:23:56","date_gmt":"2021-12-17T19:23:56","guid":{"rendered":"https:\/\/cannexus.ceric.ca\/?page_id=11167"},"modified":"2021-12-17T14:34:58","modified_gmt":"2021-12-17T19:34:58","slug":"redefinir-la-resilience","status":"publish","type":"page","link":"https:\/\/cannexus.ceric.ca\/fr\/redefinir-la-resilience\/","title":{"rendered":"Red\u00e9finir la r\u00e9silience"},"content":{"rendered":"\t\t<div data-elementor-type=\"wp-page\" data-elementor-id=\"11167\" class=\"elementor elementor-11167 elementor-11160\" data-elementor-post-type=\"page\">\n\t\t\t\t\t\t<section class=\"elementor-section elementor-top-section elementor-element elementor-element-60f224f elementor-section-boxed elementor-section-height-default elementor-section-height-default\" data-id=\"60f224f\" data-element_type=\"section\" data-e-type=\"section\">\n\t\t\t\t\t\t<div class=\"elementor-container elementor-column-gap-default\">\n\t\t\t\t\t<div class=\"elementor-column elementor-col-100 elementor-top-column elementor-element elementor-element-493a3b8\" data-id=\"493a3b8\" data-element_type=\"column\" data-e-type=\"column\">\n\t\t\t<div class=\"elementor-widget-wrap elementor-element-populated\">\n\t\t\t\t\t\t<div class=\"elementor-element elementor-element-0b330c4 elementor-invisible elementor-widget elementor-widget-exhibz-title\" data-id=\"0b330c4\" data-element_type=\"widget\" data-e-type=\"widget\" data-settings=\"{&quot;_animation&quot;:&quot;fadeInUp&quot;,&quot;_animation_delay&quot;:350,&quot;ekit_we_effect_on&quot;:&quot;none&quot;}\" data-widget_type=\"exhibz-title.default\">\n\t\t\t\t<div class=\"elementor-widget-container\">\n\t\t\t\t\t\n    <div class=\"title-section-area\">\n        <h2 class=\"section-title\">\n            <span class=\"sub-title\">Red\u00e9finir la r\u00e9silience<\/span>\n\t\t\tConf\u00e9renci\u00e8re d\u2019honneur : Dr. Rumeet Billan\n<br>\nLe vendredi 4 f\u00e9vrier 2022, 15h - 16h HE \u200b\u200b        <\/h2>\n\t\t\t\t\t<div class=\"title-desc\"><p>La r\u00e9silience est une comp\u00e9tence puissante qui peut \u00eatre d\u00e9velopp\u00e9e. C\u2019est la capacit\u00e9 \u00e0 rebondir apr\u00e8s des difficult\u00e9s et des revers. Elle n\u00e9cessite de d\u00e9velopper des processus d\u2019adaptation positifs pour aider \u00e0 surmonter les d\u00e9fis auxquels nous sommes confront\u00e9s et une r\u00e9flexion intentionnelle pour renforcer la confiance dans nos forces et nos capacit\u00e9s. Elle implique \u00e9galement des interventions qui soutiennent et d\u00e9veloppent le raisonnement objectif, la r\u00e9flexion sur les possibilit\u00e9s, la pers\u00e9v\u00e9rance et la confiance en soi. Cet expos\u00e9 portera non seulement sur la fa\u00e7on de rebondir apr\u00e8s les difficult\u00e9s rencontr\u00e9es, mais aussi sur la fa\u00e7on d\u2019apprendre et de grandir \u00e0 partir de ces difficult\u00e9s pour atteindre des niveaux de performance plus \u00e9lev\u00e9s. La r\u00e9silience nous permet de revenir au niveau de fonctionnalit\u00e9 que nous avions avant d\u2019\u00eatre confront\u00e9s \u00e0 une difficult\u00e9. La red\u00e9finir nous permet de nous \u00e9panouir. C\u2019est ainsi que nous transformons les d\u00e9fis en opportunit\u00e9s.<\/p><\/div>\n\t\t                    <\/div><!-- Section title -->\n    \n    \n\n    \t\t\t\t<\/div>\n\t\t\t\t<\/div>\n\t\t\t\t\t<\/div>\n\t\t<\/div>\n\t\t\t\t\t<\/div>\n\t\t<\/section>\n\t\t\t\t<\/div>\n\t\t","protected":false},"excerpt":{"rendered":"<p>Red\u00e9finir la r\u00e9silience Conf\u00e9renci\u00e8re d\u2019honneur : Dr. Rumeet Billan Le vendredi 4 f\u00e9vrier 2022, 15h &#8211; 16h HE \u200b\u200b La r\u00e9silience est une comp\u00e9tence puissante qui peut \u00eatre d\u00e9velopp\u00e9e. C\u2019est la capacit\u00e9 \u00e0 rebondir apr\u00e8s des difficult\u00e9s et des revers. Elle n\u00e9cessite de d\u00e9velopper des processus d\u2019adaptation positifs pour aider \u00e0 surmonter les d\u00e9fis auxquels [&hellip;]<\/p>\n","protected":false},"author":9,"featured_media":0,"parent":0,"menu_order":0,"comment_status":"closed","ping_status":"closed","template":"template\/full-width-template.php","meta":{"wp_social_preview_title":"","wp_social_preview_description":"","wp_social_preview_image":0,"footnotes":""},"class_list":["post-11167","page","type-page","status-publish","hentry"],"yoast_head":"<!-- This site is optimized with the Yoast SEO Premium plugin v26.0 (Yoast SEO v26.0) - https:\/\/yoast.com\/wordpress\/plugins\/seo\/ -->\n<title>Red\u00e9finir la r\u00e9silience - Cannexus27<\/title>\n<meta name=\"robots\" content=\"index, follow, max-snippet:-1, max-image-preview:large, max-video-preview:-1\" \/>\n<link rel=\"canonical\" href=\"https:\/\/cannexus.ceric.ca\/fr\/redefinir-la-resilience\/\" \/>\n<meta property=\"og:locale\" content=\"fr_FR\" \/>\n<meta property=\"og:type\" content=\"article\" \/>\n<meta property=\"og:title\" content=\"Red\u00e9finir la r\u00e9silience\" \/>\n<meta property=\"og:description\" content=\"Red\u00e9finir la r\u00e9silience Conf\u00e9renci\u00e8re d\u2019honneur : Dr. Rumeet Billan Le vendredi 4 f\u00e9vrier 2022, 15h &#8211; 16h HE \u200b\u200b La r\u00e9silience est une comp\u00e9tence puissante qui peut \u00eatre d\u00e9velopp\u00e9e. C\u2019est la capacit\u00e9 \u00e0 rebondir apr\u00e8s des difficult\u00e9s et des revers. Elle n\u00e9cessite de d\u00e9velopper des processus d\u2019adaptation positifs pour aider \u00e0 surmonter les d\u00e9fis auxquels [&hellip;]\" \/>\n<meta property=\"og:url\" content=\"https:\/\/cannexus.ceric.ca\/fr\/redefinir-la-resilience\/\" \/>\n<meta property=\"og:site_name\" content=\"Cannexus27\" \/>\n<meta property=\"article:modified_time\" content=\"2021-12-17T19:34:58+00:00\" \/>\n<meta property=\"og:image\" content=\"https:\/\/cannexus.ceric.ca\/wp-content\/uploads\/2024\/04\/CX25-v1-5.png\" \/>\n\t<meta property=\"og:image:width\" content=\"1200\" \/>\n\t<meta property=\"og:image:height\" content=\"300\" \/>\n\t<meta property=\"og:image:type\" content=\"image\/png\" \/>\n<meta name=\"twitter:card\" content=\"summary_large_image\" \/>\n<meta name=\"twitter:label1\" content=\"Dur\u00e9e de lecture estim\u00e9e\" \/>\n\t<meta name=\"twitter:data1\" content=\"1 minute\" \/>\n<script type=\"application\/ld+json\" class=\"yoast-schema-graph\">{\"@context\":\"https:\/\/schema.org\",\"@graph\":[{\"@type\":\"WebPage\",\"@id\":\"https:\/\/cannexus.ceric.ca\/fr\/redefinir-la-resilience\/\",\"url\":\"https:\/\/cannexus.ceric.ca\/fr\/redefinir-la-resilience\/\",\"name\":\"Red\u00e9finir la r\u00e9silience - Cannexus27\",\"isPartOf\":{\"@id\":\"https:\/\/cannexus.ceric.ca\/fr\/#website\"},\"datePublished\":\"2021-12-17T19:23:56+00:00\",\"dateModified\":\"2021-12-17T19:34:58+00:00\",\"breadcrumb\":{\"@id\":\"https:\/\/cannexus.ceric.ca\/fr\/redefinir-la-resilience\/#breadcrumb\"},\"inLanguage\":\"fr-FR\",\"potentialAction\":[{\"@type\":\"ReadAction\",\"target\":[\"https:\/\/cannexus.ceric.ca\/fr\/redefinir-la-resilience\/\"]}]},{\"@type\":\"BreadcrumbList\",\"@id\":\"https:\/\/cannexus.ceric.ca\/fr\/redefinir-la-resilience\/#breadcrumb\",\"itemListElement\":[{\"@type\":\"ListItem\",\"position\":1,\"name\":\"Home\",\"item\":\"https:\/\/cannexus.ceric.ca\/fr\/\"},{\"@type\":\"ListItem\",\"position\":2,\"name\":\"Red\u00e9finir la r\u00e9silience\"}]},{\"@type\":\"WebSite\",\"@id\":\"https:\/\/cannexus.ceric.ca\/fr\/#website\",\"url\":\"https:\/\/cannexus.ceric.ca\/fr\/\",\"name\":\"Cannexus26: Canada\u2019s Career Development Conference\",\"description\":\"Canada\u2019s Career Development Conference\",\"publisher\":{\"@id\":\"https:\/\/cannexus.ceric.ca\/fr\/#organization\"},\"alternateName\":\"Cannexus26\",\"potentialAction\":[{\"@type\":\"SearchAction\",\"target\":{\"@type\":\"EntryPoint\",\"urlTemplate\":\"https:\/\/cannexus.ceric.ca\/fr\/?s={search_term_string}\"},\"query-input\":{\"@type\":\"PropertyValueSpecification\",\"valueRequired\":true,\"valueName\":\"search_term_string\"}}],\"inLanguage\":\"fr-FR\"},{\"@type\":\"Organization\",\"@id\":\"https:\/\/cannexus.ceric.ca\/fr\/#organization\",\"name\":\"Cannexus26\",\"url\":\"https:\/\/cannexus.ceric.ca\/fr\/\",\"logo\":{\"@type\":\"ImageObject\",\"inLanguage\":\"fr-FR\",\"@id\":\"https:\/\/cannexus.ceric.ca\/fr\/#\/schema\/logo\/image\/\",\"url\":\"https:\/\/cannexus.ceric.ca\/wp-content\/uploads\/2025\/04\/CX-seal.png\",\"contentUrl\":\"https:\/\/cannexus.ceric.ca\/wp-content\/uploads\/2025\/04\/CX-seal.png\",\"width\":2000,\"height\":1574,\"caption\":\"Cannexus26\"},\"image\":{\"@id\":\"https:\/\/cannexus.ceric.ca\/fr\/#\/schema\/logo\/image\/\"}}]}<\/script>\n<!-- \/ Yoast SEO Premium plugin. -->","yoast_head_json":{"title":"Red\u00e9finir la r\u00e9silience - Cannexus27","robots":{"index":"index","follow":"follow","max-snippet":"max-snippet:-1","max-image-preview":"max-image-preview:large","max-video-preview":"max-video-preview:-1"},"canonical":"https:\/\/cannexus.ceric.ca\/fr\/redefinir-la-resilience\/","og_locale":"fr_FR","og_type":"article","og_title":"Red\u00e9finir la r\u00e9silience","og_description":"Red\u00e9finir la r\u00e9silience Conf\u00e9renci\u00e8re d\u2019honneur : Dr. Rumeet Billan Le vendredi 4 f\u00e9vrier 2022, 15h &#8211; 16h HE \u200b\u200b La r\u00e9silience est une comp\u00e9tence puissante qui peut \u00eatre d\u00e9velopp\u00e9e. C\u2019est la capacit\u00e9 \u00e0 rebondir apr\u00e8s des difficult\u00e9s et des revers. Elle n\u00e9cessite de d\u00e9velopper des processus d\u2019adaptation positifs pour aider \u00e0 surmonter les d\u00e9fis auxquels [&hellip;]","og_url":"https:\/\/cannexus.ceric.ca\/fr\/redefinir-la-resilience\/","og_site_name":"Cannexus27","article_modified_time":"2021-12-17T19:34:58+00:00","og_image":[{"width":1200,"height":300,"url":"https:\/\/cannexus.ceric.ca\/wp-content\/uploads\/2024\/04\/CX25-v1-5.png","type":"image\/png"}],"twitter_card":"summary_large_image","twitter_misc":{"Dur\u00e9e de lecture estim\u00e9e":"1 minute"},"schema":{"@context":"https:\/\/schema.org","@graph":[{"@type":"WebPage","@id":"https:\/\/cannexus.ceric.ca\/fr\/redefinir-la-resilience\/","url":"https:\/\/cannexus.ceric.ca\/fr\/redefinir-la-resilience\/","name":"Red\u00e9finir la r\u00e9silience - Cannexus27","isPartOf":{"@id":"https:\/\/cannexus.ceric.ca\/fr\/#website"},"datePublished":"2021-12-17T19:23:56+00:00","dateModified":"2021-12-17T19:34:58+00:00","breadcrumb":{"@id":"https:\/\/cannexus.ceric.ca\/fr\/redefinir-la-resilience\/#breadcrumb"},"inLanguage":"fr-FR","potentialAction":[{"@type":"ReadAction","target":["https:\/\/cannexus.ceric.ca\/fr\/redefinir-la-resilience\/"]}]},{"@type":"BreadcrumbList","@id":"https:\/\/cannexus.ceric.ca\/fr\/redefinir-la-resilience\/#breadcrumb","itemListElement":[{"@type":"ListItem","position":1,"name":"Home","item":"https:\/\/cannexus.ceric.ca\/fr\/"},{"@type":"ListItem","position":2,"name":"Red\u00e9finir la r\u00e9silience"}]},{"@type":"WebSite","@id":"https:\/\/cannexus.ceric.ca\/fr\/#website","url":"https:\/\/cannexus.ceric.ca\/fr\/","name":"Cannexus26: Canada\u2019s Career Development Conference","description":"Canada\u2019s Career Development Conference","publisher":{"@id":"https:\/\/cannexus.ceric.ca\/fr\/#organization"},"alternateName":"Cannexus26","potentialAction":[{"@type":"SearchAction","target":{"@type":"EntryPoint","urlTemplate":"https:\/\/cannexus.ceric.ca\/fr\/?s={search_term_string}"},"query-input":{"@type":"PropertyValueSpecification","valueRequired":true,"valueName":"search_term_string"}}],"inLanguage":"fr-FR"},{"@type":"Organization","@id":"https:\/\/cannexus.ceric.ca\/fr\/#organization","name":"Cannexus26","url":"https:\/\/cannexus.ceric.ca\/fr\/","logo":{"@type":"ImageObject","inLanguage":"fr-FR","@id":"https:\/\/cannexus.ceric.ca\/fr\/#\/schema\/logo\/image\/","url":"https:\/\/cannexus.ceric.ca\/wp-content\/uploads\/2025\/04\/CX-seal.png","contentUrl":"https:\/\/cannexus.ceric.ca\/wp-content\/uploads\/2025\/04\/CX-seal.png","width":2000,"height":1574,"caption":"Cannexus26"},"image":{"@id":"https:\/\/cannexus.ceric.ca\/fr\/#\/schema\/logo\/image\/"}}]}},"_links":{"self":[{"href":"https:\/\/cannexus.ceric.ca\/fr\/wp-json\/wp\/v2\/pages\/11167","targetHints":{"allow":["GET"]}}],"collection":[{"href":"https:\/\/cannexus.ceric.ca\/fr\/wp-json\/wp\/v2\/pages"}],"about":[{"href":"https:\/\/cannexus.ceric.ca\/fr\/wp-json\/wp\/v2\/types\/page"}],"author":[{"embeddable":true,"href":"https:\/\/cannexus.ceric.ca\/fr\/wp-json\/wp\/v2\/users\/9"}],"replies":[{"embeddable":true,"href":"https:\/\/cannexus.ceric.ca\/fr\/wp-json\/wp\/v2\/comments?post=11167"}],"version-history":[{"count":0,"href":"https:\/\/cannexus.ceric.ca\/fr\/wp-json\/wp\/v2\/pages\/11167\/revisions"}],"wp:attachment":[{"href":"https:\/\/cannexus.ceric.ca\/fr\/wp-json\/wp\/v2\/media?parent=11167"}],"curies":[{"name":"wp","href":"https:\/\/api.w.org\/{rel}","templated":true}]}}