{"id":1055,"date":"2020-04-07T11:31:13","date_gmt":"2020-04-07T15:31:13","guid":{"rendered":"https:\/\/cannexus.org\/?page_id=1055"},"modified":"2026-04-10T10:40:36","modified_gmt":"2026-04-10T14:40:36","slug":"glossaire-cannexus","status":"publish","type":"page","link":"https:\/\/cannexus.ceric.ca\/fr\/glossaire-cannexus\/","title":{"rendered":"Glossaire Cannexus"},"content":{"rendered":"\t\t<div data-elementor-type=\"wp-page\" data-elementor-id=\"1055\" class=\"elementor elementor-1055 elementor-1002\" data-elementor-post-type=\"page\">\n\t\t\t\t\t\t<section class=\"elementor-section elementor-top-section elementor-element elementor-element-735e3d4 elementor-section-boxed elementor-section-height-default elementor-section-height-default\" data-id=\"735e3d4\" data-element_type=\"section\" data-e-type=\"section\">\n\t\t\t\t\t\t<div class=\"elementor-container elementor-column-gap-default\">\n\t\t\t\t\t<div class=\"elementor-column elementor-col-100 elementor-top-column elementor-element elementor-element-9d44f8e\" data-id=\"9d44f8e\" data-element_type=\"column\" data-e-type=\"column\">\n\t\t\t<div class=\"elementor-widget-wrap elementor-element-populated\">\n\t\t\t\t\t\t<div class=\"elementor-element elementor-element-8a59677 elementor-invisible elementor-widget elementor-widget-exhibz-title\" data-id=\"8a59677\" data-element_type=\"widget\" data-e-type=\"widget\" data-settings=\"{&quot;_animation&quot;:&quot;fadeInUp&quot;,&quot;_animation_delay&quot;:350,&quot;ekit_we_effect_on&quot;:&quot;none&quot;}\" data-widget_type=\"exhibz-title.default\">\n\t\t\t\t<div class=\"elementor-widget-container\">\n\t\t\t\t\t\n    <div class=\"title-section-area\">\n        <h2 class=\"section-title\">\n            <span class=\"sub-title\">Glossaire Cannexus<\/span>\n\t\t\tVotre guide pour le jargon du congr\u00e8s        <\/h2>\n\t\t                    <\/div><!-- Section title -->\n    \n    \n\n    \t\t\t\t<\/div>\n\t\t\t\t<\/div>\n\t\t\t\t<section class=\"elementor-section elementor-inner-section elementor-element elementor-element-50684a5 elementor-section-boxed elementor-section-height-default elementor-section-height-default\" data-id=\"50684a5\" data-element_type=\"section\" data-e-type=\"section\">\n\t\t\t\t\t\t<div class=\"elementor-container elementor-column-gap-default\">\n\t\t\t\t\t<div class=\"elementor-column elementor-col-50 elementor-inner-column elementor-element elementor-element-ec753bf\" data-id=\"ec753bf\" data-element_type=\"column\" data-e-type=\"column\">\n\t\t\t<div class=\"elementor-widget-wrap elementor-element-populated\">\n\t\t\t\t\t\t<div class=\"elementor-element elementor-element-45ceaf5 elementor-widget elementor-widget-exhibz-topics\" data-id=\"45ceaf5\" data-element_type=\"widget\" data-e-type=\"widget\" data-settings=\"{&quot;ekit_we_effect_on&quot;:&quot;none&quot;}\" data-widget_type=\"exhibz-topics.default\">\n\t\t\t\t<div class=\"elementor-widget-container\">\n\t\t\t\t\t \n    <div class=\"single-topics\">\n        <h3 class=\"ts-title\">S\u00e9ances autour du monde (virtuel) <\/h3>\n        <p>\n            Des conf\u00e9rencier\u00b7\u00e8re\u00b7s du monde entier pr\u00e9senteront divers sujets d\u2019int\u00e9r\u00eat g\u00e9n\u00e9ral dans diff\u00e9rents fuseaux horaires \u00e0 l\u2019\u00e9chelle de la plan\u00e8te. Ces trois s\u00e9ances auront lieu pendant chaque journ\u00e9e de congr\u00e8s en direct, en pr\u00e9sentiel et en virtuel.        <\/p>\n        <a href=\"\" rel=\"noreferrer\" class=\"topics-link\">\n            <i class=\"icon icon-plus\"><\/i>\n        <\/a>\n    <\/div><!-- single intro text end-->\n    \n    \t\t\t\t<\/div>\n\t\t\t\t<\/div>\n\t\t\t\t<div class=\"elementor-element elementor-element-dcd50f8 elementor-widget elementor-widget-exhibz-topics\" data-id=\"dcd50f8\" data-element_type=\"widget\" data-e-type=\"widget\" data-settings=\"{&quot;ekit_we_effect_on&quot;:&quot;none&quot;}\" data-widget_type=\"exhibz-topics.default\">\n\t\t\t\t<div class=\"elementor-widget-container\">\n\t\t\t\t\t \n    <div class=\"single-topics\">\n        <h3 class=\"ts-title\">Aire d\u2019exposition (virtuel et pr\u00e9sentiel) <\/h3>\n        <p>\n            L\u2019aire d\u2019exposition rassemble des organisations qui pr\u00e9sentent des programmes, produits et des services d\u2019int\u00e9r\u00eat pour les professionnel\u00b7le\u00b7s du d\u00e9veloppement de carri\u00e8re.         <\/p>\n        <a href=\"\" rel=\"noreferrer\" class=\"topics-link\">\n            <i class=\"icon icon-plus\"><\/i>\n        <\/a>\n    <\/div><!-- single intro text end-->\n    \n    \t\t\t\t<\/div>\n\t\t\t\t<\/div>\n\t\t\t\t<div class=\"elementor-element elementor-element-1aab3c2 elementor-widget elementor-widget-exhibz-topics\" data-id=\"1aab3c2\" data-element_type=\"widget\" data-e-type=\"widget\" data-settings=\"{&quot;ekit_we_effect_on&quot;:&quot;none&quot;}\" data-widget_type=\"exhibz-topics.default\">\n\t\t\t\t<div class=\"elementor-widget-container\">\n\t\t\t\t\t \n    <div class=\"single-topics\">\n        <h3 class=\"ts-title\">S\u00e9ances pl\u00e9ni\u00e8res en direct (virtuel et pr\u00e9sentiel) <\/h3>\n        <p>\n            Chaque journ\u00e9e de congr\u00e8s comprendra au moins une s\u00e9ance pl\u00e9ni\u00e8re en direct. Ces  s\u00e9ances pl\u00e9ni\u00e8rse auront lieu dans les salles Canada 1 et 2 du Centre Rogers Ottawa et seront diffus\u00e9es sur la plateforme virtuelle du congr\u00e8s. Toutes les s\u00e9ances d\u2019ouverture seront enti\u00e8rement accessibles, avec interpr\u00e9tation simultan\u00e9e en fran\u00e7ais et en anglais, ainsi que des sous-titrages en direct.        <\/p>\n        <a href=\"\" rel=\"noreferrer\" class=\"topics-link\">\n            <i class=\"icon icon-plus\"><\/i>\n        <\/a>\n    <\/div><!-- single intro text end-->\n    \n    \t\t\t\t<\/div>\n\t\t\t\t<\/div>\n\t\t\t\t<div class=\"elementor-element elementor-element-cfabc53 elementor-widget elementor-widget-exhibz-topics\" data-id=\"cfabc53\" data-element_type=\"widget\" data-e-type=\"widget\" data-settings=\"{&quot;ekit_we_effect_on&quot;:&quot;none&quot;}\" data-widget_type=\"exhibz-topics.default\">\n\t\t\t\t<div class=\"elementor-widget-container\">\n\t\t\t\t\t \n    <div class=\"single-topics\">\n        <h3 class=\"ts-title\">S\u00e9ances principales (virtuel et pr\u00e9sentiel)<\/h3>\n        <p>\n            Une s\u00e9ance simultan\u00e9e choisie dans chaque bloc aura lieu dans les salles Canada 1 et 2 au Centre Rogers d\u2019Ottawa et sera diffus\u00e9e sur la plateforme virtuelle du congr\u00e8s. Ces s\u00e9ances sont enti\u00e8rement accessibles, avec interpr\u00e9tation simultan\u00e9e en fran\u00e7ais et sous-titrage en anglais.        <\/p>\n        <a href=\"\" rel=\"noreferrer\" class=\"topics-link\">\n            <i class=\"icon icon-plus\"><\/i>\n        <\/a>\n    <\/div><!-- single intro text end-->\n    \n    \t\t\t\t<\/div>\n\t\t\t\t<\/div>\n\t\t\t\t<div class=\"elementor-element elementor-element-7a78fc0 elementor-widget elementor-widget-exhibz-topics\" data-id=\"7a78fc0\" data-element_type=\"widget\" data-e-type=\"widget\" data-settings=\"{&quot;ekit_we_effect_on&quot;:&quot;none&quot;}\" data-widget_type=\"exhibz-topics.default\">\n\t\t\t\t<div class=\"elementor-widget-container\">\n\t\t\t\t\t \n    <div class=\"single-topics\">\n        <h3 class=\"ts-title\">S\u00e9ances \u00ab simulive \u00bb (virtuel)<\/h3>\n        <p>\n            Chaque bloc de Cannexus27 virtuel comprendra plusieurs s\u00e9ances pr\u00e9enregistr\u00e9es en plus de s\u00e9ances en direct. Les pr\u00e9sentateur\u00b7rice\u00b7s seront pr\u00e9sents dans la salle de clavardage au moment de la diffusion pour r\u00e9pondre aux questions et interagir avec le public.        <\/p>\n        <a href=\"\" rel=\"noreferrer\" class=\"topics-link\">\n            <i class=\"icon icon-plus\"><\/i>\n        <\/a>\n    <\/div><!-- single intro text end-->\n    \n    \t\t\t\t<\/div>\n\t\t\t\t<\/div>\n\t\t\t\t\t<\/div>\n\t\t<\/div>\n\t\t\t\t<div class=\"elementor-column elementor-col-50 elementor-inner-column elementor-element elementor-element-592e90a\" data-id=\"592e90a\" data-element_type=\"column\" data-e-type=\"column\">\n\t\t\t<div class=\"elementor-widget-wrap elementor-element-populated\">\n\t\t\t\t\t\t<div class=\"elementor-element elementor-element-3a866fd elementor-widget elementor-widget-exhibz-topics\" data-id=\"3a866fd\" data-element_type=\"widget\" data-e-type=\"widget\" data-settings=\"{&quot;ekit_we_effect_on&quot;:&quot;none&quot;}\" data-widget_type=\"exhibz-topics.default\">\n\t\t\t\t<div class=\"elementor-widget-container\">\n\t\t\t\t\t \n    <div class=\"single-topics\">\n        <h3 class=\"ts-title\">S\u00e9ances en carrousel (pr\u00e9sentiel) <\/h3>\n        <p>\n            Les carrousels comprennent deux s\u00e9ances de 25 minutes et offrent une excellente occasion d\u2019apprendre dans un cadre moins formel. Les participants choisissent une table ronde, puis changent de table apr\u00e8s 25 minutes. Chaque table peut accueillir 8-10 personnes.        <\/p>\n        <a href=\"\" rel=\"noreferrer\" class=\"topics-link\">\n            <i class=\"icon icon-plus\"><\/i>\n        <\/a>\n    <\/div><!-- single intro text end-->\n    \n    \t\t\t\t<\/div>\n\t\t\t\t<\/div>\n\t\t\t\t<div class=\"elementor-element elementor-element-7327f66 elementor-widget__width-initial elementor-widget elementor-widget-exhibz-topics\" data-id=\"7327f66\" data-element_type=\"widget\" data-e-type=\"widget\" data-settings=\"{&quot;ekit_we_effect_on&quot;:&quot;none&quot;}\" data-widget_type=\"exhibz-topics.default\">\n\t\t\t\t<div class=\"elementor-widget-container\">\n\t\t\t\t\t \n    <div class=\"single-topics\">\n        <h3 class=\"ts-title\">S\u00e9ances hybrides (virtuel et pr\u00e9sentiel)<\/h3>\n        <p>\n            Chaque journ\u00e9e de congr\u00e8s en direct comprendra plusieurs s\u00e9ances hybrides. Ces s\u00e9ances incluront des allocutions, des pr\u00e9sentations en pl\u00e9ni\u00e8re, des discussions sur la sc\u00e8ne principale, les c\u00e9r\u00e9monies d\u2019ouverture et la remise du prix Wileman. Elles seront diffus\u00e9es en direct de Cannexus en pr\u00e9sentiel du Centre Rogers d\u2019Ottawa vers la plateforme virtuelle. Toutes les s\u00e9ances hybrides seront enti\u00e8rement accessibles, avec interpr\u00e9tation simultan\u00e9e en fran\u00e7ais, ainsi que sous-titrage en anglais.        <\/p>\n        <a href=\"\" rel=\"noreferrer\" class=\"topics-link\">\n            <i class=\"icon icon-plus\"><\/i>\n        <\/a>\n    <\/div><!-- single intro text end-->\n    \n    \t\t\t\t<\/div>\n\t\t\t\t<\/div>\n\t\t\t\t<div class=\"elementor-element elementor-element-62a2477 elementor-widget elementor-widget-exhibz-topics\" data-id=\"62a2477\" data-element_type=\"widget\" data-e-type=\"widget\" data-settings=\"{&quot;ekit_we_effect_on&quot;:&quot;none&quot;}\" data-widget_type=\"exhibz-topics.default\">\n\t\t\t\t<div class=\"elementor-widget-container\">\n\t\t\t\t\t \n    <div class=\"single-topics\">\n        <h3 class=\"ts-title\">S\u00e9ances concomitantes en direct (virtuel et pr\u00e9sentiel) <\/h3>\n        <p>\n            Des pr\u00e9sentations simultan\u00e9es en direct auront lieu pendant chaque journ\u00e9e de congr\u00e8s. Ces s\u00e9ances comprennent une pr\u00e9sentation de 30 minutes ou 45 minutes suivie d\u2019une p\u00e9riode de questions et r\u00e9ponses de 15 minutes. Certaines s\u00e9ances sont anim\u00e9es par un\u00b7e seul\u00b7e conf\u00e9rencier\u00b7\u00e8re, tandis que d\u2019autres r\u00e9unissent plusieurs pan\u00e9listes.        <\/p>\n        <a href=\"\" rel=\"noreferrer\" class=\"topics-link\">\n            <i class=\"icon icon-plus\"><\/i>\n        <\/a>\n    <\/div><!-- single intro text end-->\n    \n    \t\t\t\t<\/div>\n\t\t\t\t<\/div>\n\t\t\t\t<div class=\"elementor-element elementor-element-f4870d0 elementor-widget elementor-widget-exhibz-topics\" data-id=\"f4870d0\" data-element_type=\"widget\" data-e-type=\"widget\" data-settings=\"{&quot;ekit_we_effect_on&quot;:&quot;none&quot;}\" data-widget_type=\"exhibz-topics.default\">\n\t\t\t\t<div class=\"elementor-widget-container\">\n\t\t\t\t\t \n    <div class=\"single-topics\">\n        <h3 class=\"ts-title\">Organisations collaboratives <\/h3>\n        <p>\n            Le CERIC fait \u00e9quipe chaque ann\u00e9e avec un vaste \u00e9ventail d\u2019organisations collaboratives \u0153uvrant dans le domaine du d\u00e9veloppement de carri\u00e8re. Les membres de ces organisations re\u00e7oivent un rabais de 20 % sur l'inscription \u00e0 Cannexus.         <\/p>\n        <a href=\"\" rel=\"noreferrer\" class=\"topics-link\">\n            <i class=\"icon icon-plus\"><\/i>\n        <\/a>\n    <\/div><!-- single intro text end-->\n    \n    \t\t\t\t<\/div>\n\t\t\t\t<\/div>\n\t\t\t\t<div class=\"elementor-element elementor-element-6dd698e elementor-widget__width-initial elementor-hidden-desktop elementor-hidden-tablet elementor-hidden-mobile elementor-widget elementor-widget-exhibz-topics\" data-id=\"6dd698e\" data-element_type=\"widget\" data-e-type=\"widget\" data-settings=\"{&quot;ekit_we_effect_on&quot;:&quot;none&quot;}\" data-widget_type=\"exhibz-topics.default\">\n\t\t\t\t<div class=\"elementor-widget-container\">\n\t\t\t\t\t \n    <div class=\"single-topics\">\n        <h3 class=\"ts-title\">S\u00e9ances Spark! (virtuel et pr\u00e9sentiel)<\/h3>\n        <p>\n            Il s\u2019agit de la version Cannexus des conf\u00e9rences TED. Vous aurez l\u2019occasion d\u2019entendre une allocution qui pourrait vous amener \u00e0 penser diff\u00e9remment \u00e0 votre travail.        <\/p>\n        <a href=\"\" rel=\"noreferrer\" class=\"topics-link\">\n            <i class=\"icon icon-plus\"><\/i>\n        <\/a>\n    <\/div><!-- single intro text end-->\n    \n    \t\t\t\t<\/div>\n\t\t\t\t<\/div>\n\t\t\t\t<div class=\"elementor-element elementor-element-73dc1bf elementor-widget elementor-widget-exhibz-topics\" data-id=\"73dc1bf\" data-element_type=\"widget\" data-e-type=\"widget\" data-settings=\"{&quot;ekit_we_effect_on&quot;:&quot;none&quot;}\" data-widget_type=\"exhibz-topics.default\">\n\t\t\t\t<div class=\"elementor-widget-container\">\n\t\t\t\t\t \n    <div class=\"single-topics\">\n        <h3 class=\"ts-title\">S\u00e9ances des leaders sectoriels (virtuel et pr\u00e9sentiel)<\/h3>\n        <p>\n            Destin\u00e9es aux administrateur\u00b7rice\u00b7s, aux directeur\u00b7rice\u00b7s et aux cadres sup\u00e9rieurs du secteur du d\u00e9veloppement de carri\u00e8re et de la main-d\u2019\u0153uvre, ces s\u00e9ances examinent les changements organisationnels, sectoriels et \u00e9conomiques et ce qu\u2019ils signifient pour les d\u00e9cideurs et les agents de changement dans nos communaut\u00e9s.        <\/p>\n        <a href=\"\" rel=\"noreferrer\" class=\"topics-link\">\n            <i class=\"icon icon-plus\"><\/i>\n        <\/a>\n    <\/div><!-- single intro text end-->\n    \n    \t\t\t\t<\/div>\n\t\t\t\t<\/div>\n\t\t\t\t\t<\/div>\n\t\t<\/div>\n\t\t\t\t\t<\/div>\n\t\t<\/section>\n\t\t\t\t<div class=\"elementor-element elementor-element-4e6b3f3 elementor-widget elementor-widget-spacer\" data-id=\"4e6b3f3\" data-element_type=\"widget\" data-e-type=\"widget\" data-settings=\"{&quot;ekit_we_effect_on&quot;:&quot;none&quot;}\" data-widget_type=\"spacer.default\">\n\t\t\t\t<div class=\"elementor-widget-container\">\n\t\t\t\t\t\t\t<div class=\"elementor-spacer\">\n\t\t\t<div class=\"elementor-spacer-inner\"><\/div>\n\t\t<\/div>\n\t\t\t\t\t\t<\/div>\n\t\t\t\t<\/div>\n\t\t\t\t\t<\/div>\n\t\t<\/div>\n\t\t\t\t\t<\/div>\n\t\t<\/section>\n\t\t\t\t<section class=\"elementor-section elementor-top-section elementor-element elementor-element-1ed5baa elementor-section-boxed elementor-section-height-default elementor-section-height-default\" data-id=\"1ed5baa\" data-element_type=\"section\" data-e-type=\"section\">\n\t\t\t\t\t\t<div class=\"elementor-container elementor-column-gap-default\">\n\t\t\t\t\t<div class=\"elementor-column elementor-col-100 elementor-top-column elementor-element elementor-element-4cadc3a\" data-id=\"4cadc3a\" data-element_type=\"column\" data-e-type=\"column\">\n\t\t\t<div class=\"elementor-widget-wrap elementor-element-populated\">\n\t\t\t\t\t\t<div class=\"elementor-element elementor-element-624e5c8 elementor-invisible elementor-widget elementor-widget-heading\" data-id=\"624e5c8\" data-element_type=\"widget\" data-e-type=\"widget\" data-settings=\"{&quot;_animation&quot;:&quot;fadeIn&quot;,&quot;ekit_we_effect_on&quot;:&quot;none&quot;}\" data-widget_type=\"heading.default\">\n\t\t\t\t<div class=\"elementor-widget-container\">\n\t\t\t\t\t<h6 class=\"elementor-heading-title elementor-size-medium\">* Toutes les s\u00e9ances virtuelles seront enregistr\u00e9es et les participants en pr\u00e9sentiel et en virtuel pourront les visionner sur la plateforme pendant trois mois apr\u00e8s le congr\u00e8s. <\/h6>\t\t\t\t<\/div>\n\t\t\t\t<\/div>\n\t\t\t\t<div class=\"elementor-element elementor-element-1ba97dc elementor-widget elementor-widget-spacer\" data-id=\"1ba97dc\" data-element_type=\"widget\" data-e-type=\"widget\" data-settings=\"{&quot;ekit_we_effect_on&quot;:&quot;none&quot;}\" data-widget_type=\"spacer.default\">\n\t\t\t\t<div class=\"elementor-widget-container\">\n\t\t\t\t\t\t\t<div class=\"elementor-spacer\">\n\t\t\t<div class=\"elementor-spacer-inner\"><\/div>\n\t\t<\/div>\n\t\t\t\t\t\t<\/div>\n\t\t\t\t<\/div>\n\t\t\t\t\t<\/div>\n\t\t<\/div>\n\t\t\t\t\t<\/div>\n\t\t<\/section>\n\t\t\t\t<\/div>\n\t\t","protected":false},"excerpt":{"rendered":"<p>Glossaire Cannexus Votre guide pour le jargon du congr\u00e8s S\u00e9ances autour du monde (virtuel) Des conf\u00e9rencier\u00b7\u00e8re\u00b7s du monde entier pr\u00e9senteront divers sujets d\u2019int\u00e9r\u00eat g\u00e9n\u00e9ral dans diff\u00e9rents fuseaux horaires \u00e0 l\u2019\u00e9chelle de la plan\u00e8te. Ces trois s\u00e9ances auront lieu pendant chaque journ\u00e9e de congr\u00e8s en direct, en pr\u00e9sentiel et en virtuel. Aire d\u2019exposition (virtuel et pr\u00e9sentiel) [&hellip;]<\/p>\n","protected":false},"author":9,"featured_media":0,"parent":0,"menu_order":0,"comment_status":"closed","ping_status":"closed","template":"elementor_header_footer","meta":{"wp_social_preview_title":"","wp_social_preview_description":"","wp_social_preview_image":0,"footnotes":""},"class_list":["post-1055","page","type-page","status-publish","hentry"],"yoast_head":"<!-- This site is optimized with the Yoast SEO Premium plugin v26.0 (Yoast SEO v26.0) - https:\/\/yoast.com\/wordpress\/plugins\/seo\/ -->\n<title>Glossaire Cannexus - Cannexus27<\/title>\n<meta name=\"robots\" content=\"index, follow, max-snippet:-1, max-image-preview:large, max-video-preview:-1\" \/>\n<link rel=\"canonical\" href=\"https:\/\/cannexus.ceric.ca\/fr\/glossaire-cannexus\/\" \/>\n<meta property=\"og:locale\" content=\"fr_FR\" \/>\n<meta property=\"og:type\" content=\"article\" \/>\n<meta property=\"og:title\" content=\"Glossaire Cannexus\" \/>\n<meta property=\"og:description\" content=\"Glossaire Cannexus Votre guide pour le jargon du congr\u00e8s S\u00e9ances autour du monde (virtuel) Des conf\u00e9rencier\u00b7\u00e8re\u00b7s du monde entier pr\u00e9senteront divers sujets d\u2019int\u00e9r\u00eat g\u00e9n\u00e9ral dans diff\u00e9rents fuseaux horaires \u00e0 l\u2019\u00e9chelle de la plan\u00e8te. Ces trois s\u00e9ances auront lieu pendant chaque journ\u00e9e de congr\u00e8s en direct, en pr\u00e9sentiel et en virtuel. Aire d\u2019exposition (virtuel et pr\u00e9sentiel) [&hellip;]\" \/>\n<meta property=\"og:url\" content=\"https:\/\/cannexus.ceric.ca\/fr\/glossaire-cannexus\/\" \/>\n<meta property=\"og:site_name\" content=\"Cannexus27\" \/>\n<meta property=\"article:modified_time\" content=\"2026-04-10T14:40:36+00:00\" \/>\n<meta property=\"og:image\" content=\"https:\/\/cannexus.ceric.ca\/wp-content\/uploads\/2024\/04\/CX25-v1-5.png\" \/>\n\t<meta property=\"og:image:width\" content=\"1200\" \/>\n\t<meta property=\"og:image:height\" content=\"300\" \/>\n\t<meta property=\"og:image:type\" content=\"image\/png\" \/>\n<meta name=\"twitter:card\" content=\"summary_large_image\" \/>\n<script type=\"application\/ld+json\" class=\"yoast-schema-graph\">{\"@context\":\"https:\/\/schema.org\",\"@graph\":[{\"@type\":\"WebPage\",\"@id\":\"https:\/\/cannexus.ceric.ca\/fr\/glossaire-cannexus\/\",\"url\":\"https:\/\/cannexus.ceric.ca\/fr\/glossaire-cannexus\/\",\"name\":\"Glossaire Cannexus - Cannexus27\",\"isPartOf\":{\"@id\":\"https:\/\/cannexus.ceric.ca\/fr\/#website\"},\"datePublished\":\"2020-04-07T15:31:13+00:00\",\"dateModified\":\"2026-04-10T14:40:36+00:00\",\"breadcrumb\":{\"@id\":\"https:\/\/cannexus.ceric.ca\/fr\/glossaire-cannexus\/#breadcrumb\"},\"inLanguage\":\"fr-FR\",\"potentialAction\":[{\"@type\":\"ReadAction\",\"target\":[\"https:\/\/cannexus.ceric.ca\/fr\/glossaire-cannexus\/\"]}]},{\"@type\":\"BreadcrumbList\",\"@id\":\"https:\/\/cannexus.ceric.ca\/fr\/glossaire-cannexus\/#breadcrumb\",\"itemListElement\":[{\"@type\":\"ListItem\",\"position\":1,\"name\":\"Home\",\"item\":\"https:\/\/cannexus.ceric.ca\/fr\/\"},{\"@type\":\"ListItem\",\"position\":2,\"name\":\"Glossaire Cannexus\"}]},{\"@type\":\"WebSite\",\"@id\":\"https:\/\/cannexus.ceric.ca\/fr\/#website\",\"url\":\"https:\/\/cannexus.ceric.ca\/fr\/\",\"name\":\"Cannexus26: Canada\u2019s Career Development Conference\",\"description\":\"Canada\u2019s Career Development Conference\",\"publisher\":{\"@id\":\"https:\/\/cannexus.ceric.ca\/fr\/#organization\"},\"alternateName\":\"Cannexus26\",\"potentialAction\":[{\"@type\":\"SearchAction\",\"target\":{\"@type\":\"EntryPoint\",\"urlTemplate\":\"https:\/\/cannexus.ceric.ca\/fr\/?s={search_term_string}\"},\"query-input\":{\"@type\":\"PropertyValueSpecification\",\"valueRequired\":true,\"valueName\":\"search_term_string\"}}],\"inLanguage\":\"fr-FR\"},{\"@type\":\"Organization\",\"@id\":\"https:\/\/cannexus.ceric.ca\/fr\/#organization\",\"name\":\"Cannexus26\",\"url\":\"https:\/\/cannexus.ceric.ca\/fr\/\",\"logo\":{\"@type\":\"ImageObject\",\"inLanguage\":\"fr-FR\",\"@id\":\"https:\/\/cannexus.ceric.ca\/fr\/#\/schema\/logo\/image\/\",\"url\":\"https:\/\/cannexus.ceric.ca\/wp-content\/uploads\/2025\/04\/CX-seal.png\",\"contentUrl\":\"https:\/\/cannexus.ceric.ca\/wp-content\/uploads\/2025\/04\/CX-seal.png\",\"width\":2000,\"height\":1574,\"caption\":\"Cannexus26\"},\"image\":{\"@id\":\"https:\/\/cannexus.ceric.ca\/fr\/#\/schema\/logo\/image\/\"}}]}<\/script>\n<!-- \/ Yoast SEO Premium plugin. -->","yoast_head_json":{"title":"Glossaire Cannexus - Cannexus27","robots":{"index":"index","follow":"follow","max-snippet":"max-snippet:-1","max-image-preview":"max-image-preview:large","max-video-preview":"max-video-preview:-1"},"canonical":"https:\/\/cannexus.ceric.ca\/fr\/glossaire-cannexus\/","og_locale":"fr_FR","og_type":"article","og_title":"Glossaire Cannexus","og_description":"Glossaire Cannexus Votre guide pour le jargon du congr\u00e8s S\u00e9ances autour du monde (virtuel) Des conf\u00e9rencier\u00b7\u00e8re\u00b7s du monde entier pr\u00e9senteront divers sujets d\u2019int\u00e9r\u00eat g\u00e9n\u00e9ral dans diff\u00e9rents fuseaux horaires \u00e0 l\u2019\u00e9chelle de la plan\u00e8te. Ces trois s\u00e9ances auront lieu pendant chaque journ\u00e9e de congr\u00e8s en direct, en pr\u00e9sentiel et en virtuel. Aire d\u2019exposition (virtuel et pr\u00e9sentiel) [&hellip;]","og_url":"https:\/\/cannexus.ceric.ca\/fr\/glossaire-cannexus\/","og_site_name":"Cannexus27","article_modified_time":"2026-04-10T14:40:36+00:00","og_image":[{"width":1200,"height":300,"url":"https:\/\/cannexus.ceric.ca\/wp-content\/uploads\/2024\/04\/CX25-v1-5.png","type":"image\/png"}],"twitter_card":"summary_large_image","schema":{"@context":"https:\/\/schema.org","@graph":[{"@type":"WebPage","@id":"https:\/\/cannexus.ceric.ca\/fr\/glossaire-cannexus\/","url":"https:\/\/cannexus.ceric.ca\/fr\/glossaire-cannexus\/","name":"Glossaire Cannexus - Cannexus27","isPartOf":{"@id":"https:\/\/cannexus.ceric.ca\/fr\/#website"},"datePublished":"2020-04-07T15:31:13+00:00","dateModified":"2026-04-10T14:40:36+00:00","breadcrumb":{"@id":"https:\/\/cannexus.ceric.ca\/fr\/glossaire-cannexus\/#breadcrumb"},"inLanguage":"fr-FR","potentialAction":[{"@type":"ReadAction","target":["https:\/\/cannexus.ceric.ca\/fr\/glossaire-cannexus\/"]}]},{"@type":"BreadcrumbList","@id":"https:\/\/cannexus.ceric.ca\/fr\/glossaire-cannexus\/#breadcrumb","itemListElement":[{"@type":"ListItem","position":1,"name":"Home","item":"https:\/\/cannexus.ceric.ca\/fr\/"},{"@type":"ListItem","position":2,"name":"Glossaire Cannexus"}]},{"@type":"WebSite","@id":"https:\/\/cannexus.ceric.ca\/fr\/#website","url":"https:\/\/cannexus.ceric.ca\/fr\/","name":"Cannexus26: Canada\u2019s Career Development Conference","description":"Canada\u2019s Career Development Conference","publisher":{"@id":"https:\/\/cannexus.ceric.ca\/fr\/#organization"},"alternateName":"Cannexus26","potentialAction":[{"@type":"SearchAction","target":{"@type":"EntryPoint","urlTemplate":"https:\/\/cannexus.ceric.ca\/fr\/?s={search_term_string}"},"query-input":{"@type":"PropertyValueSpecification","valueRequired":true,"valueName":"search_term_string"}}],"inLanguage":"fr-FR"},{"@type":"Organization","@id":"https:\/\/cannexus.ceric.ca\/fr\/#organization","name":"Cannexus26","url":"https:\/\/cannexus.ceric.ca\/fr\/","logo":{"@type":"ImageObject","inLanguage":"fr-FR","@id":"https:\/\/cannexus.ceric.ca\/fr\/#\/schema\/logo\/image\/","url":"https:\/\/cannexus.ceric.ca\/wp-content\/uploads\/2025\/04\/CX-seal.png","contentUrl":"https:\/\/cannexus.ceric.ca\/wp-content\/uploads\/2025\/04\/CX-seal.png","width":2000,"height":1574,"caption":"Cannexus26"},"image":{"@id":"https:\/\/cannexus.ceric.ca\/fr\/#\/schema\/logo\/image\/"}}]}},"_links":{"self":[{"href":"https:\/\/cannexus.ceric.ca\/fr\/wp-json\/wp\/v2\/pages\/1055","targetHints":{"allow":["GET"]}}],"collection":[{"href":"https:\/\/cannexus.ceric.ca\/fr\/wp-json\/wp\/v2\/pages"}],"about":[{"href":"https:\/\/cannexus.ceric.ca\/fr\/wp-json\/wp\/v2\/types\/page"}],"author":[{"embeddable":true,"href":"https:\/\/cannexus.ceric.ca\/fr\/wp-json\/wp\/v2\/users\/9"}],"replies":[{"embeddable":true,"href":"https:\/\/cannexus.ceric.ca\/fr\/wp-json\/wp\/v2\/comments?post=1055"}],"version-history":[{"count":0,"href":"https:\/\/cannexus.ceric.ca\/fr\/wp-json\/wp\/v2\/pages\/1055\/revisions"}],"wp:attachment":[{"href":"https:\/\/cannexus.ceric.ca\/fr\/wp-json\/wp\/v2\/media?parent=1055"}],"curies":[{"name":"wp","href":"https:\/\/api.w.org\/{rel}","templated":true}]}}